{"id":9993,"date":"2019-03-14T17:31:33","date_gmt":"2019-03-14T10:31:33","guid":{"rendered":"https:\/\/havamall.vn\/?post_type=product&#038;p=9993"},"modified":"2021-07-09T15:34:01","modified_gmt":"2021-07-09T08:34:01","slug":"acafela_vanilla-latte-ca-phe-vanilla-binggrae","status":"publish","type":"product","link":"https:\/\/havamall.vn\/en\/shop\/acafela_vanilla-latte-ca-phe-vanilla-binggrae\/","title":{"rendered":"Acaf\u00e9la Vanilla Latte C\u00e0 ph\u00ea Binggrae"},"content":{"rendered":"<p>Sau s\u1ef1 th\u00e0nh c\u00f4ng vang d\u1ed9i c\u1ee7a s\u1eefa chu\u1ed1i, c\u00f4ng ty Binggrae \u0111\u00e3 &#8220;th\u1eeba th\u1eafng x\u00f4ng l\u00ean&#8221; cho ra \u0111\u1eddi th\u00eam c\u00e1c s\u1ea3n ph\u1ea9m c\u1ef1c hot, n\u1ed5i b\u1eadt nh\u1ea5t trong s\u1ed1 \u0111\u00f3 ph\u1ea3i k\u1ec3 \u0111\u1ebfn Acafela.<\/p>\n<p>C\u00e0 Ph\u00ea S\u1eefa Acafela Vanilla Latte Binggrae &#8211; Chai 240ml (Nh\u1eadp Kh\u1ea9u H\u00e0n Qu\u1ed1c)<\/p>\n<p>H\u01b0\u01a1ng Vanilla Latte th\u01a1m ngon, \u0111em l\u1ea1i tr\u1ea3i nghi\u1ec7m th\u00fa v\u1ecb cho ng\u01b0\u1eddi d\u00f9ng. C\u00e0 ph\u00ea ACafeLa c\u00f3 m\u00f9i th\u01a1m \u0111\u1eb7c tr\u01b0ng,\u00a0\u0110\u01b0\u1ee3c l\u00e0m t\u1eeb h\u1ed7n h\u1ee3p c\u00e0 ph\u00ea h\u1ea3o h\u1ea1ng t\u1eeb Colombia, Brazil v\u00e0 Ethiopia, ACafeLa l\u00e0 s\u1ea3n ph\u1ea9m c\u1ee7a Binggrae.<\/p>\n<p><img fetchpriority=\"high\" decoding=\"async\" class=\"size-full wp-image-10012 aligncenter\" src=\"https:\/\/havamall.vn\/wp-content\/uploads\/2019\/03\/34141634_2153629504871454_6758336090584645632_n.jpg\" alt=\"\" width=\"480\" height=\"480\" srcset=\"https:\/\/havamall.vn\/wp-content\/uploads\/2019\/03\/34141634_2153629504871454_6758336090584645632_n.jpg 480w, https:\/\/havamall.vn\/wp-content\/uploads\/2019\/03\/34141634_2153629504871454_6758336090584645632_n-430x430.jpg 430w, https:\/\/havamall.vn\/wp-content\/uploads\/2019\/03\/34141634_2153629504871454_6758336090584645632_n-150x150.jpg 150w\" sizes=\"(max-width: 480px) 100vw, 480px\" \/><\/p>\n<p>&nbsp;<\/p>\n<p><strong>C\u00e0 ph\u00ea s\u1eefa Acaf\u00e9la v\u1ecb Vanilla Latte Binggrae<\/strong>\u00a0\u0111\u01b0\u1ee3c s\u1ea3n xu\u1ea5t t\u1eeb\u00a0nh\u1eefng h\u1ea1t c\u00e0 ph\u00ea th\u01a1m ngon,\u00a0qua quy tr\u00ecnh ch\u1ebf bi\u1ebfn kh\u00e9p k\u00edn, c\u00f4ng ngh\u1ec7 ti\u00ean ti\u1ebfn, mang \u0111\u1ebfn cho ng\u01b0\u1eddi ti\u00eau d\u00f9ng s\u1ea3n ph\u1ea9m v\u1edbi h\u01b0\u01a1ng v\u1ecb \u0111\u1eadm \u0111\u00e0, th\u01a1m ngon, k\u00edch th\u00edch v\u1ecb gi\u00e1c.<\/p>\n<p><img decoding=\"async\" class=\"wp-image-9998 aligncenter\" src=\"https:\/\/havamall.vn\/wp-content\/uploads\/2019\/03\/IMG_0214.jpg\" alt=\"\" width=\"778\" height=\"519\" srcset=\"https:\/\/havamall.vn\/wp-content\/uploads\/2019\/03\/IMG_0214.jpg 1000w, https:\/\/havamall.vn\/wp-content\/uploads\/2019\/03\/IMG_0214-430x287.jpg 430w, https:\/\/havamall.vn\/wp-content\/uploads\/2019\/03\/IMG_0214-150x100.jpg 150w, https:\/\/havamall.vn\/wp-content\/uploads\/2019\/03\/IMG_0214-700x467.jpg 700w\" sizes=\"(max-width: 778px) 100vw, 778px\" \/><\/p>\n<p>S\u1ea3n ph\u1ea9m thi\u1ebft k\u1ebf \u0111\u00f3ng chai nh\u1ecf g\u1ecdn, c\u00f3 th\u1ec3 mang theo m\u1ecdi l\u00fac m\u1ecdi n\u01a1i \u0111\u1ec3 ti\u1ec7n s\u1eed d\u1ee5ng, th\u00edch h\u1ee3p cho nh\u1eefng ng\u01b0\u1eddi b\u1eadn r\u1ed9n nh\u01b0ng v\u1eabn mu\u1ed1n c\u00f3 ly c\u00e0 ph\u00ea \u0111\u1ec3 th\u01b0\u1edfng th\u1ee9c m\u1ed7i ng\u00e0y.\u00a0<strong>C\u00e0 ph\u00ea s\u1eefa Acaf\u00e9la<\/strong>\u00a0\u0111\u01b0\u1ee3c nh\u1eadp kh\u1ea9u tr\u1ef1c ti\u1ebfp t\u1eeb H\u00e0n Qu\u1ed1c v\u1edbi h\u01b0\u01a1ng v\u1ecb Vanilla Latte th\u01a1m ngon, \u0111em l\u1ea1i tr\u1ea3i nghi\u1ec7m th\u00fa v\u1ecb cho ng\u01b0\u1eddi d\u00f9ng.<\/p>","protected":false},"excerpt":{"rendered":"<div class=\"hover-content more-description\">\n<div class=\"hover-content-inner\">\n<p>N\u1ebfu\u00a0b\u1ea1n l\u00e0 m\u1ed9t fan h\u00e2m m\u1ed9 \u0111\u1eb7c bi\u1ec7t c\u00e1c lo\u1ea1i c\u00e0 ph\u00ea, th\u00ec nay Binggrae \u0111\u00e3 cho ra \u0111\u1eddi Acafela Vanilla Latte m\u1ed9t s\u1ef1 k\u1ebft h\u1ee3p ho\u00e0n h\u1ea3o \u0111\u1ebfn t\u1eeb \u0111\u1ea5t n\u01b0\u1edbc Ch\u00e2u \u00c2u nay \u0111\u00e3 xu\u1ea5t hi\u1ec7n t\u1ea1i Vi\u1ec7t Nam. T\u1eeb nh\u1eefng h\u1ea1t c\u00e0 ph\u00ea\u00a0h\u1ea3o h\u1ea1ng t\u1eeb Colombia, Brazil v\u00e0 Ethiopia nay h\u00f2a quy\u1ec7n c\u00f9ng\u00a0h\u01b0\u01a1ng vanilla \u0111\u00e3 t\u1ea1o n\u00ean s\u1ef1 kh\u00e1c bi\u1ec7t \u0111\u1ebfn t\u1eeb Acafela Vanilla Latte.<\/p>\n<\/div>\n<p><a class=\"more-details-btn\" href=\"https:\/\/havamall.vn\/product-category\/thuc-pham-dong-hop\/#\">more<\/a><\/p>\n<\/div>\n<div class=\"woodmart-buttons\">\n<div class=\"wrap-wishlist-button\">\n<div class=\"yith-wcwl-add-to-wishlist add-to-wishlist-9986\">\n<div class=\"yith-wcwl-add-button show\"><a class=\"add_to_wishlist\" title=\"\" href=\"https:\/\/havamall.vn\/product-category\/thuc-pham-dong-hop\/?add_to_wishlist=9986\" rel=\"nofollow\">Add to Wishlist<\/a><\/div>\n<\/div>\n<\/div>\n<\/div>","protected":false},"featured_media":9997,"comment_status":"open","ping_status":"closed","template":"","meta":[],"product_brand":[],"product_cat":[36,135,143],"product_tag":[],"class_list":{"0":"post-9993","1":"product","2":"type-product","3":"status-publish","4":"has-post-thumbnail","6":"product_cat-thuc-pham-tieu-dung","7":"product_cat-sua-do-uong","8":"product_cat-thuc-pham-dong-hop","9":"pa_brand-binggrae","11":"first","12":"outofstock","13":"sale","14":"shipping-taxable","15":"purchasable","16":"product-type-variable","17":"has-default-attributes"},"_links":{"self":[{"href":"https:\/\/havamall.vn\/en\/wp-json\/wp\/v2\/product\/9993"}],"collection":[{"href":"https:\/\/havamall.vn\/en\/wp-json\/wp\/v2\/product"}],"about":[{"href":"https:\/\/havamall.vn\/en\/wp-json\/wp\/v2\/types\/product"}],"replies":[{"embeddable":true,"href":"https:\/\/havamall.vn\/en\/wp-json\/wp\/v2\/comments?post=9993"}],"version-history":[{"count":0,"href":"https:\/\/havamall.vn\/en\/wp-json\/wp\/v2\/product\/9993\/revisions"}],"wp:featuredmedia":[{"embeddable":true,"href":"https:\/\/havamall.vn\/en\/wp-json\/wp\/v2\/media\/9997"}],"wp:attachment":[{"href":"https:\/\/havamall.vn\/en\/wp-json\/wp\/v2\/media?parent=9993"}],"wp:term":[{"taxonomy":"product_brand","embeddable":true,"href":"https:\/\/havamall.vn\/en\/wp-json\/wp\/v2\/product_brand?post=9993"},{"taxonomy":"product_cat","embeddable":true,"href":"https:\/\/havamall.vn\/en\/wp-json\/wp\/v2\/product_cat?post=9993"},{"taxonomy":"product_tag","embeddable":true,"href":"https:\/\/havamall.vn\/en\/wp-json\/wp\/v2\/product_tag?post=9993"}],"curies":[{"name":"wp","href":"https:\/\/api.w.org\/{rel}","templated":true}]}}