{"id":9986,"date":"2019-03-14T17:16:40","date_gmt":"2019-03-14T10:16:40","guid":{"rendered":"https:\/\/havamall.vn\/?post_type=product&#038;p=9986"},"modified":"2021-06-11T14:57:57","modified_gmt":"2021-06-11T07:57:57","slug":"acafela_mocha-latte-ca-phe-mocha-binggrae","status":"publish","type":"product","link":"https:\/\/havamall.vn\/en\/shop\/acafela_mocha-latte-ca-phe-mocha-binggrae\/","title":{"rendered":"Acaf\u00e9la Mocha Latte C\u00e0 ph\u00ea Binggrae"},"content":{"rendered":"<p>Lattes c\u00f3 ngu\u1ed3n g\u1ed1c \u1edf ch\u00e2u \u00c2u, n\u01a1i ch\u00fang v\u1eabn c\u00f2n l\u00e0 \u0111\u1ed3 u\u1ed1ng ph\u1ed5 bi\u1ebfn, \u0111\u1eb7c bi\u1ec7t l\u00e0 v\u00e0o th\u1eddi \u0111i\u1ec3m \u0103n s\u00e1ng. Qu\u00e1n c\u00e0 ph\u00ea Ph\u00e1p la la l\u00e0 m\u1ed9t th\u1ee9c u\u1ed1ng t\u01b0\u01a1ng t\u1ef1. Lattes b\u1eaft \u0111\u1ea7u ph\u1ed5 bi\u1ebfn \u1edf Hoa K\u1ef3 kho\u1ea3ng gi\u1eefa nh\u1eefng n\u0103m 1900. Latte &#8211; c\u00f2n \u0111\u01b0\u1ee3c g\u1ecdi l\u00e0 Caffe Latte, m\u1ed9t thu\u1eadt ng\u1eef c\u1ee7a \u00dd c\u00f3 ngh\u0129a l\u00e0 &#8220;c\u00e0 ph\u00ea s\u1eefa&#8221; &#8211; t\u1ea5t c\u1ea3 \u0111\u1ec1u l\u00e0 v\u1ec1 vi\u1ec7c c\u00f3 m\u1ed9t b\u1ecdt vi b\u1ecdt m\u1ecbn m\u01b0\u1ee3t.\u00a0C\u00e1c k\u1ebft c\u1ea5u c\u1ee7a b\u1ecdt tr\u00ean m\u1ed9t c\u00e0 ph\u00ea r\u1ea5t quan tr\u1ecdng v\u00ec \u00a0c\u00e1i nh\u00ecn ri\u00eang bi\u1ec7t c\u1ee7a n\u00f3 v\u00e0 c\u1ea3m gi\u00e1c \u1edf mi\u1ec7ng c\u1ee7a b\u1ea1n<\/p>\n<p><img fetchpriority=\"high\" decoding=\"async\" class=\"alignnone wp-image-12577 aligncenter\" src=\"https:\/\/havamall.vn\/wp-content\/uploads\/2019\/03\/592d0a117fa70f5519e84a8515a9bc6f-300x300.jpg\" alt=\"\" width=\"298\" height=\"298\" srcset=\"https:\/\/havamall.vn\/wp-content\/uploads\/2019\/03\/592d0a117fa70f5519e84a8515a9bc6f-300x300.jpg 300w, https:\/\/havamall.vn\/wp-content\/uploads\/2019\/03\/592d0a117fa70f5519e84a8515a9bc6f-430x430.jpg 430w, https:\/\/havamall.vn\/wp-content\/uploads\/2019\/03\/592d0a117fa70f5519e84a8515a9bc6f-150x150.jpg 150w, https:\/\/havamall.vn\/wp-content\/uploads\/2019\/03\/592d0a117fa70f5519e84a8515a9bc6f-700x700.jpg 700w, https:\/\/havamall.vn\/wp-content\/uploads\/2019\/03\/592d0a117fa70f5519e84a8515a9bc6f-768x768.jpg 768w, https:\/\/havamall.vn\/wp-content\/uploads\/2019\/03\/592d0a117fa70f5519e84a8515a9bc6f-1024x1024.jpg 1024w, https:\/\/havamall.vn\/wp-content\/uploads\/2019\/03\/592d0a117fa70f5519e84a8515a9bc6f.jpg 1200w, https:\/\/havamall.vn\/wp-content\/uploads\/2019\/03\/592d0a117fa70f5519e84a8515a9bc6f-600x600.jpg 600w, https:\/\/havamall.vn\/wp-content\/uploads\/2019\/03\/592d0a117fa70f5519e84a8515a9bc6f-100x100.jpg 100w\" sizes=\"(max-width: 298px) 100vw, 298px\" \/><\/p>\n<p>Mocha lo\u1ea1i c\u00e0 ph\u00ea u\u1ed1ng k\u1ebft h\u1ee3p c\u00e0 ph\u00ea espresso v\u1edbi s\u1eefa n\u00f3ng v\u00e0 s\u00f4-c\u00f4-la T\u1ef7 l\u1ec7 pha c\u00e0 ph\u00ea \/ s\u1eefa c\u1ee7a c\u00e0 ph\u00ea mocha t\u01b0\u01a1ng \u0111\u01b0\u01a1ng v\u1edbi c\u00e0 ph\u00ea s\u1eefa, nh\u01b0ng vi\u1ec7c b\u1ed5 sung s\u00f4c\u00f4la tr\u1eafng, s\u1eefa ho\u1eb7c s\u00f4-c\u00f4-la \u0111en v\u00e0o th\u1ee9c u\u1ed1ng l\u00e0 c\u1ea7n thi\u1ebft<\/p>\n<p><img decoding=\"async\" class=\"wp-image-12579 aligncenter\" src=\"https:\/\/havamall.vn\/wp-content\/uploads\/2019\/03\/uid_120e82005b9.580.01-197x300.jpg\" alt=\"\" width=\"211\" height=\"321\" srcset=\"https:\/\/havamall.vn\/wp-content\/uploads\/2019\/03\/uid_120e82005b9.580.01-197x300.jpg 197w, https:\/\/havamall.vn\/wp-content\/uploads\/2019\/03\/uid_120e82005b9.580.01-150x229.jpg 150w, https:\/\/havamall.vn\/wp-content\/uploads\/2019\/03\/uid_120e82005b9.580.01.jpg 420w\" sizes=\"(max-width: 211px) 100vw, 211px\" \/><\/p>\n<p>Binggrae \u0111\u00e3 cho k\u1ebft h\u1ee3p hai h\u01b0\u01a1ng v\u1ecb th\u01a1m ngon \u0111\u1ebfn t\u1eeb \u0111\u1ea5t n\u01b0\u1edbc Ch\u00e2u \u00c2u \u0111\u1ec3 ra \u0111\u1eddi C\u00e0 ph\u00ea s\u1eefa Acafela \u0111\u01b0\u1ee3c l\u00e0m t\u1eeb h\u1ed7n h\u1ee3p c\u00e0 ph\u00ea h\u1ea3o h\u1ea1ng t\u1eeb Colombia, Brazil v\u00e0 Ethiopia.\u00a0MochaLatte l\u00e0 v\u1ecb ch\u1ee7 \u0111\u1ea1o chocolate k\u1ebft h\u1ee3p v\u1edbi v\u1ecb Caf\u00e9 h\u1ea1t Brazil.\u00a0Thi\u1ebft k\u1ebf \u0111\u00f3ng chai 240ml nh\u1ecf g\u1ecdn, c\u00f3 th\u1ec3 mang theo m\u1ecdi l\u00fac, m\u1ecdi n\u01a1i.<\/p>\n<p><img decoding=\"async\" class=\"size-full wp-image-9989 aligncenter\" src=\"https:\/\/havamall.vn\/wp-content\/uploads\/2019\/03\/13525289_1136190963086497_530597049_n.jpg\" alt=\"\" width=\"602\" height=\"602\" srcset=\"https:\/\/havamall.vn\/wp-content\/uploads\/2019\/03\/13525289_1136190963086497_530597049_n.jpg 602w, https:\/\/havamall.vn\/wp-content\/uploads\/2019\/03\/13525289_1136190963086497_530597049_n-430x430.jpg 430w, https:\/\/havamall.vn\/wp-content\/uploads\/2019\/03\/13525289_1136190963086497_530597049_n-150x150.jpg 150w\" sizes=\"(max-width: 602px) 100vw, 602px\" \/><\/p>\n<p>S\u1ea3n ph\u1ea9m ph\u00f9 h\u1ee3p cho nh\u1eefng ng\u01b0\u1eddi b\u1eadn r\u1ed9n kh\u00f4ng c\u00f3 th\u1eddi gian ra qu\u00e1n c\u00e0 ph\u00ea, g\u00f3p ph\u1ea7n \u0111em l\u1ea1i m\u1ed9t bu\u1ed5i s\u00e1ng b\u1eaft \u0111\u1ea7u h\u1ee9ng kh\u1edfi cho b\u1ea1n.<\/p>","protected":false},"excerpt":{"rendered":"<p>N\u1ebfu\u00a0b\u1ea1n l\u00e0 m\u1ed9t fan h\u00e2m m\u1ed9 \u0111\u1eb7c bi\u1ec7t c\u00e1c lo\u1ea1i c\u00e0 ph\u00ea, th\u00ec nay Binggrae \u0111\u00e3 cho ra \u0111\u1eddi Acafela Mocha Latte m\u1ed9t s\u1ef1 k\u1ebft h\u1ee3p ho\u00e0n h\u1ea3o \u0111\u1ebfn t\u1eeb \u0111\u1ea5t n\u01b0\u1edbc Ch\u00e2u \u00c2u nay \u0111\u00e3 xu\u1ea5t hi\u1ec7n t\u1ea1i Vi\u1ec7t Nam. T\u1eeb nh\u1eefng h\u1ea1t c\u00e0 ph\u00ea\u00a0h\u1ea3o h\u1ea1ng t\u1eeb Colombia, Brazil v\u00e0 Ethiopia h\u00f2a quy\u1ec7n c\u00f9ng\u00a0chocolate \u0111\u00e3 t\u1ea1o n\u00ean s\u1ef1 kh\u00e1c bi\u1ec7t \u0111\u1ebfn t\u1eeb Acafela Mocha Latte.<\/p>","protected":false},"featured_media":9990,"comment_status":"open","ping_status":"closed","template":"","meta":[],"product_brand":[],"product_cat":[36,135,143],"product_tag":[],"class_list":{"0":"post-9986","1":"product","2":"type-product","3":"status-publish","4":"has-post-thumbnail","6":"product_cat-thuc-pham-tieu-dung","7":"product_cat-sua-do-uong","8":"product_cat-thuc-pham-dong-hop","10":"first","11":"outofstock","12":"sale","13":"shipping-taxable","14":"purchasable","15":"product-type-simple"},"_links":{"self":[{"href":"https:\/\/havamall.vn\/en\/wp-json\/wp\/v2\/product\/9986"}],"collection":[{"href":"https:\/\/havamall.vn\/en\/wp-json\/wp\/v2\/product"}],"about":[{"href":"https:\/\/havamall.vn\/en\/wp-json\/wp\/v2\/types\/product"}],"replies":[{"embeddable":true,"href":"https:\/\/havamall.vn\/en\/wp-json\/wp\/v2\/comments?post=9986"}],"version-history":[{"count":0,"href":"https:\/\/havamall.vn\/en\/wp-json\/wp\/v2\/product\/9986\/revisions"}],"wp:featuredmedia":[{"embeddable":true,"href":"https:\/\/havamall.vn\/en\/wp-json\/wp\/v2\/media\/9990"}],"wp:attachment":[{"href":"https:\/\/havamall.vn\/en\/wp-json\/wp\/v2\/media?parent=9986"}],"wp:term":[{"taxonomy":"product_brand","embeddable":true,"href":"https:\/\/havamall.vn\/en\/wp-json\/wp\/v2\/product_brand?post=9986"},{"taxonomy":"product_cat","embeddable":true,"href":"https:\/\/havamall.vn\/en\/wp-json\/wp\/v2\/product_cat?post=9986"},{"taxonomy":"product_tag","embeddable":true,"href":"https:\/\/havamall.vn\/en\/wp-json\/wp\/v2\/product_tag?post=9986"}],"curies":[{"name":"wp","href":"https:\/\/api.w.org\/{rel}","templated":true}]}}