{"id":9978,"date":"2019-03-14T16:56:51","date_gmt":"2019-03-14T09:56:51","guid":{"rendered":"https:\/\/havamall.vn\/?post_type=product&#038;p=9978"},"modified":"2022-02-21T11:10:55","modified_gmt":"2022-02-21T04:10:55","slug":"sua-dau-nanh-hanh-nhan-soy-milk-almonds-binggrae","status":"publish","type":"product","link":"https:\/\/havamall.vn\/en\/shop\/sua-dau-nanh-hanh-nhan-soy-milk-almonds-binggrae\/","title":{"rendered":"S\u1eefa \u0110\u1eadu N\u00e0nh H\u1ea1nh Nh\u00e2n Soy Milk Almonds Binggrae"},"content":{"rendered":"<p><strong>S\u1eefa \u0111\u1eadu n\u00e0nh\u00a0<\/strong>l\u00e0 m\u1ed9t trong nh\u1eefng lo\u1ea1i th\u1ee9c u\u1ed1ng gi\u00e0u dinh d\u01b0\u1ee1ng, \u0111\u01b0\u1ee3c nhi\u1ec1u ng\u01b0\u1eddi l\u1ef1a ch\u1ecdn v\u00e0o ng\u00e0y h\u00e8. \u0110\u1eadu n\u00e0nh c\u00f3 ch\u1ee9a nhi\u1ec1u proein, acid b\u00e9o thi\u1ebft y\u1ebfu, kho\u00e1ng ch\u1ea5t, vitamin v\u00e0 ch\u1ea5t x\u01a1. Nh\u1edd \u0111\u00f3, th\u01b0\u1eddng xuy\u00ean u\u1ed1ng s\u1eefa \u0111\u1eadu n\u00e0nh c\u00f3 t\u00e1c d\u1ee5ng gi\u1ea3m nguy c\u01a1 m\u1eafc c\u00e1c b\u1ec7nh tim m\u1ea1ch, ch\u1ed1ng l\u00e3o h\u00f3a, d\u01b0\u1ee1ng da tr\u1eafng \u0111\u1eb9p t\u1ef1 nhi\u00ean, h\u1ed7 tr\u1ee3 gi\u1ea3m c\u00e2n v\u00e0 t\u0103ng c\u01b0\u1eddng s\u1ee9c \u0111\u1ec1 kh\u00e1ng.<\/p>\n<p>\u0110\u1eadu n\u00e0nh nguy\u00ean ch\u1ea5t, \u0111\u01b0\u1eddng, canxi, ph\u1ee9c h\u1ee3p c\u00e1c vitamin, h\u1ea1nh nh\u00e2n. \u0110\u1eb7c bi\u1ec7t, n\u1ebfu k\u1ebft h\u1ee3p th\u00eam h\u1ea1nh nh\u00e2n v\u00e0o s\u1eefa \u0111\u1eadu n\u00e0nh b\u1ea1n s\u1ebd c\u00f3 m\u1ed9t th\u1ee9c u\u1ed1ng b\u1ed5 d\u01b0\u1ee1ng. B\u1edfi h\u1ea1nh nh\u00e2n c\u00f3 t\u00e1c d\u1ee5ng t\u0103ng h\u00e0m l\u01b0\u1ee3ng Cholesterol t\u1ed1t (HDL), b\u1ed5 sung \u00a0Acid folic v\u00e0 Magnesium gi\u00fap \u0111i\u1ec1u h\u00f2a huy\u1ebft \u00e1p,t\u1ed1t cho tim m\u1ea1ch, t\u0103ng kh\u1ea3 n\u0103ng mi\u1ec5n d\u1ecbch v\u00e0 \u0111\u1eb7c bi\u1ec7t h\u1ed7 tr\u1ee3 thai nhi ph\u00e1t tri\u1ec3n b\u00ecnh th\u01b0\u1eddng.<\/p>\n<p><img fetchpriority=\"high\" decoding=\"async\" class=\"wp-image-12138 aligncenter\" src=\"https:\/\/havamall.vn\/wp-content\/uploads\/2019\/03\/thung-sua-dau-nanh-va-hanh-nhan-binggrae-10-chai-200ml_master-300x300.jpg\" alt=\"\" width=\"615\" height=\"615\" srcset=\"https:\/\/havamall.vn\/wp-content\/uploads\/2019\/03\/thung-sua-dau-nanh-va-hanh-nhan-binggrae-10-chai-200ml_master-300x300.jpg 300w, https:\/\/havamall.vn\/wp-content\/uploads\/2019\/03\/thung-sua-dau-nanh-va-hanh-nhan-binggrae-10-chai-200ml_master-430x430.jpg 430w, https:\/\/havamall.vn\/wp-content\/uploads\/2019\/03\/thung-sua-dau-nanh-va-hanh-nhan-binggrae-10-chai-200ml_master-150x150.jpg 150w, https:\/\/havamall.vn\/wp-content\/uploads\/2019\/03\/thung-sua-dau-nanh-va-hanh-nhan-binggrae-10-chai-200ml_master-700x700.jpg 700w, https:\/\/havamall.vn\/wp-content\/uploads\/2019\/03\/thung-sua-dau-nanh-va-hanh-nhan-binggrae-10-chai-200ml_master-768x768.jpg 768w, https:\/\/havamall.vn\/wp-content\/uploads\/2019\/03\/thung-sua-dau-nanh-va-hanh-nhan-binggrae-10-chai-200ml_master-600x600.jpg 600w, https:\/\/havamall.vn\/wp-content\/uploads\/2019\/03\/thung-sua-dau-nanh-va-hanh-nhan-binggrae-10-chai-200ml_master-100x100.jpg 100w, https:\/\/havamall.vn\/wp-content\/uploads\/2019\/03\/thung-sua-dau-nanh-va-hanh-nhan-binggrae-10-chai-200ml_master.jpg 820w\" sizes=\"(max-width: 615px) 100vw, 615px\" \/><\/p>\n<p>S\u1eefa h\u1ea1nh nh\u00e2n, kh\u00f4ng c\u00f3 cholesterol, gi\u1ea3m nguy c\u01a1 m\u1eafc b\u1ec7nh tim, x\u01a1 v\u1eefa \u0111\u1ed9ng m\u1ea1ch.Canxi cao t\u1ed1t h\u01a1n cho x\u01b0\u01a1ng.<\/p>\n<p>H\u00e0m l\u01b0\u1ee3ng Calo th\u1ea5p, gi\u00fap ki\u1ec3m so\u00e1t c\u00e2n n\u1eb7ng. L\u01b0\u1ee3ng Vitamin E cao c\u00f3 t\u00e1c d\u1ee5ng d\u01b0\u1ee1ng da.\u00a0L\u00e0 ngu\u1ed3n cung c\u1ea5p c\u00e1c Vitamin, kho\u00e1ng ch\u1ea5t c\u1ea7n thi\u1ebft. Ch\u1ea5t b\u00e9o c\u00f3 th\u00e0nh ph\u1ea7n t\u1eeb axit b\u00e9o omega-3 v\u00e0 omega-6.<\/p>\n<p>T\u1ea1i c\u00e1c c\u1eeda h\u00e0ng \u00c2u \u2013 M\u1ef9 b\u1ea1n c\u00f3 th\u1ec3 d\u1ec5 d\u00e0ng t\u00ecm th\u1ea5y s\u1eefa h\u1ea1nh nh\u00e2n, t\u1ea1i Vi\u1ec7t Nam s\u1eefa h\u1ea1nh nh\u00e2n ch\u01b0a \u0111\u01b0\u1ee3c b\u00e1n ph\u1ed5 bi\u1ebfn.<\/p>\n<p><img decoding=\"async\" class=\"size-full wp-image-9985 aligncenter\" src=\"https:\/\/havamall.vn\/wp-content\/uploads\/2019\/03\/wwwwwwwwww.jpg\" alt=\"\" width=\"1024\" height=\"750\" srcset=\"https:\/\/havamall.vn\/wp-content\/uploads\/2019\/03\/wwwwwwwwww.jpg 1024w, https:\/\/havamall.vn\/wp-content\/uploads\/2019\/03\/wwwwwwwwww-430x315.jpg 430w, https:\/\/havamall.vn\/wp-content\/uploads\/2019\/03\/wwwwwwwwww-150x110.jpg 150w, https:\/\/havamall.vn\/wp-content\/uploads\/2019\/03\/wwwwwwwwww-700x513.jpg 700w\" sizes=\"(max-width: 1024px) 100vw, 1024px\" \/><\/p>\n<p><em>Nay Havamall h\u00e2n h\u1ea1nh l\u00e0 n\u01a1i ph\u00e2n ph\u1ed1i \u0111\u1ed9c quy\u1ec1n d\u00f2ng S\u1eefa \u0110\u1eadu n\u00e0nh h\u1ea1nh nh\u00e2n Soy Milk c\u1ee7a H\u00e0n Qu\u1ed1c<\/em>.\u00a0<em>H\u00e3y l\u00e0 ng\u01b0\u1eddi ti\u00eau d\u00f9ng th\u00f4ng th\u00e1i \u0111\u1ec3 ch\u1ecdn cho m\u00ecnh s\u1ea3n ph\u1ea9m th\u00edch v\u00e0 s\u1eed d\u1ee5ng ch\u00fang m\u1ed9t c\u00e1ch \u0111\u00fang nh\u1ea5t.\u00a0<\/em><\/p>","protected":false},"excerpt":{"rendered":"<p>S\u1eefa \u0110\u1eadu N\u00e0nh H\u1ea1nh Nh\u00e2n\u00a0\u0111\u01b0\u1ee3c ch\u1ebf bi\u1ebfn theo quy tr\u00ecnh c\u00f4ng ngh\u1ec7 hi\u1ec7n \u0111\u1ea1i, \u0111\u00e1p \u1ee9ng \u0111\u1ea7y \u0111\u1ee7 ti\u00eau chu\u1ea9n an to\u00e0n v\u1ec7 sinh th\u1ef1c ph\u1ea9m.\u00a0S\u1ea3n ph\u1ea9m c\u00f3 h\u01b0\u01a1ng v\u1ecb th\u01a1m ngon c\u1ee7a nh\u1eefng nguy\u00ean li\u1ec7u t\u1ef1 nhi\u00ean \u0111\u01b0\u1ee3c ch\u1ecdn l\u1ecdc k\u1ef9 c\u00e0ng, s\u1ebd mang l\u1ea1i cho b\u1ea1n nh\u1eefng ph\u00fat gi\u1ea3i tr\u00ed v\u00e0 th\u01b0\u1edfng th\u1ee9c th\u1eadt tuy\u1ec7t v\u1eddi b\u00ean c\u1ea1nh b\u1ea1n b\u00e8 ho\u1eb7c ng\u01b0\u1eddi th\u00e2n.<\/p>","protected":false},"featured_media":9981,"comment_status":"open","ping_status":"closed","template":"","meta":[],"product_brand":[],"product_cat":[36,135,143],"product_tag":[],"class_list":{"0":"post-9978","1":"product","2":"type-product","3":"status-publish","4":"has-post-thumbnail","6":"product_cat-thuc-pham-tieu-dung","7":"product_cat-sua-do-uong","8":"product_cat-thuc-pham-dong-hop","9":"pa_brand-binggrae","11":"first","12":"outofstock","13":"sale","14":"shipping-taxable","15":"purchasable","16":"product-type-simple"},"_links":{"self":[{"href":"https:\/\/havamall.vn\/en\/wp-json\/wp\/v2\/product\/9978"}],"collection":[{"href":"https:\/\/havamall.vn\/en\/wp-json\/wp\/v2\/product"}],"about":[{"href":"https:\/\/havamall.vn\/en\/wp-json\/wp\/v2\/types\/product"}],"replies":[{"embeddable":true,"href":"https:\/\/havamall.vn\/en\/wp-json\/wp\/v2\/comments?post=9978"}],"version-history":[{"count":0,"href":"https:\/\/havamall.vn\/en\/wp-json\/wp\/v2\/product\/9978\/revisions"}],"wp:featuredmedia":[{"embeddable":true,"href":"https:\/\/havamall.vn\/en\/wp-json\/wp\/v2\/media\/9981"}],"wp:attachment":[{"href":"https:\/\/havamall.vn\/en\/wp-json\/wp\/v2\/media?parent=9978"}],"wp:term":[{"taxonomy":"product_brand","embeddable":true,"href":"https:\/\/havamall.vn\/en\/wp-json\/wp\/v2\/product_brand?post=9978"},{"taxonomy":"product_cat","embeddable":true,"href":"https:\/\/havamall.vn\/en\/wp-json\/wp\/v2\/product_cat?post=9978"},{"taxonomy":"product_tag","embeddable":true,"href":"https:\/\/havamall.vn\/en\/wp-json\/wp\/v2\/product_tag?post=9978"}],"curies":[{"name":"wp","href":"https:\/\/api.w.org\/{rel}","templated":true}]}}