{"id":9969,"date":"2019-03-14T16:34:32","date_gmt":"2019-03-14T09:34:32","guid":{"rendered":"https:\/\/havamall.vn\/?post_type=product&#038;p=9969"},"modified":"2022-02-21T11:10:52","modified_gmt":"2022-02-21T04:10:52","slug":"soy-milk-black-binggrae","status":"publish","type":"product","link":"https:\/\/havamall.vn\/en\/shop\/soy-milk-black-binggrae\/","title":{"rendered":"S\u1eefa \u0110\u1eadu N\u00e0nh \u0110\u1eadu \u0110en Soy Milk Black Binggrae"},"content":{"rendered":"<p>\u0110\u1eadu \u0111en t\u1eeb l\u00e2u \u0111\u01b0\u1ee3c bi\u1ebft \u0111\u1ebfn l\u00e0 m\u1ed9t lo\u1ea1i th\u1ef1c ph\u1ea9m c\u00f3 t\u00ednh thanh nhi\u1ec7t, gi\u1ea3i \u0111\u1ed9c v\u00e0 gi\u00e0u ch\u1ea5t dinh d\u01b0\u1ee1ng t\u1ed1t cho s\u1ee9c kh\u1ecfe con ng\u01b0\u1eddi. \u0110\u1eadu \u0111en \u0111\u01b0\u1ee3c coi nh\u01b0 m\u1ed9t lo\u1ea1i th\u1ef1c ph\u1ea9m c\u1ee7a thi\u00ean nhi\u00ean kh\u00f4ng nh\u1eefng t\u1ed1t cho c\u01a1 th\u1ec3 m\u00e0 c\u00f2n c\u00f3 t\u00e1c d\u1ee5ng l\u00e0m \u0111\u1eb9p. Nay Binggrae \u0111\u00e3 cho ra \u0111\u1eddi d\u00f2ng s\u1eefa Soy Milk Black \u0111\u1ec3 k\u1ebft h\u1ee3p nh\u1eefng y\u1ebfu t\u1ed1 tr\u00ean.<\/p>\n<p><img fetchpriority=\"high\" decoding=\"async\" class=\"wp-image-9972 aligncenter\" src=\"https:\/\/havamall.vn\/wp-content\/uploads\/2019\/03\/325-Is-Soy-Healthy-.png\" alt=\"\" width=\"806\" height=\"538\" srcset=\"https:\/\/havamall.vn\/wp-content\/uploads\/2019\/03\/325-Is-Soy-Healthy-.png 1200w, https:\/\/havamall.vn\/wp-content\/uploads\/2019\/03\/325-Is-Soy-Healthy--430x287.png 430w, https:\/\/havamall.vn\/wp-content\/uploads\/2019\/03\/325-Is-Soy-Healthy--150x100.png 150w, https:\/\/havamall.vn\/wp-content\/uploads\/2019\/03\/325-Is-Soy-Healthy--700x467.png 700w\" sizes=\"(max-width: 806px) 100vw, 806px\" \/><\/p>\n<p>S\u1eefa \u0111\u1eadu \u0111en th\u1ee9c u\u1ed1ng ngon m\u00e0 l\u1ea1i r\u1ea5t t\u1ed1t cho s\u1ee9c kh\u1ecfe.<br \/>\nChi\u1ebft xu\u1ea5t c\u00f3 kh\u1ea3 n\u0103ng l\u00e0m t\u0103ng n\u0103ng l\u01b0\u1ee3ng v\u00e0 h\u1ed3i ph\u1ee5c h\u00e0m l\u01b0\u1ee3ng s\u1eaft cho c\u01a1 th\u1ec3 v\u00e0 r\u1ea5t h\u1eefu \u00edch cho nh\u00f3m ng\u01b0\u1eddi b\u1ecb m\u1ea5t m\u00e1u b\u1edfi ch\u1ea5n th\u01b0\u01a1ng, ho\u1eb7c cho ph\u1ee5 n\u1eef giai \u0111o\u1ea1n h\u00e0nh kinh c\u0169ng nh\u01b0 cho nh\u00f3m ng\u01b0\u1eddi tu\u1ed5i v\u1ecb th\u00e0nh ni\u00ean \u0111ang trong giai \u0111o\u1ea1n ph\u00e1t tri\u1ec3n.<\/p>\n<p>S\u1eefa \u0111\u1eadu \u0111en c\u00f3 th\u1ec3 l\u00e0m gi\u1ea3m m\u1ee1 \u1edf ph\u1ea7n b\u1ee5ng, gi\u1ea3m b\u1edbt l\u01b0\u1ee3ng cholesterol trong c\u01a1 th\u1ec3.<br \/>\n\u0110\u1eadu \u0111en c\u0169ng c\u00f3 t\u00e1c d\u1ee5ng gi\u00fap c\u01a1 th\u1ec3 th\u1ea3i b\u1ecf \u0111\u1ed9c t\u1ed1, ph\u00f2ng ng\u1eeba b\u1ec7nh ung th\u01b0. \u0110\u00e2y \u0111\u01b0\u1ee3c coi l\u00e0 lo\u1ea1i th\u1ea7n d\u01b0\u1ee3c \u0111\u1eb7c bi\u1ec7t d\u00e0nh ri\u00eang cho ph\u1ee5 n\u1eef v\u00ec gi\u00fap ch\u1ed1ng l\u00e3o h\u00f3a r\u1ea5t t\u1ed1t.<\/p>\n<p>&nbsp;<\/p>","protected":false},"excerpt":{"rendered":"<p>S\u1eefa \u0111\u1eadu n\u00e0nh t\u1eeb H\u00e0n Qu\u1ed1c Binggrae\u00a0l\u00e0 m\u1ed9t th\u1ee9c u\u1ed1ng r\u1ea5t b\u1ed5 d\u01b0\u1ee1ng g\u1ed3m c\u00e1c axit b\u00e9o thi\u1ebft y\u1ebfu, protein, ch\u1ea5t x\u01a1, vitamin v\u00e0 kho\u00e1ng ch\u1ea5t. Nh\u1eefng ch\u1ea5t dinh d\u01b0\u1ee1ng cung c\u1ea5p n\u0103ng l\u01b0\u1ee3ng v\u00e0 gi\u1eef cho c\u01a1 th\u1ec3 c\u1ee7a b\u1ea1n ho\u1ea1t \u0111\u1ed9ng \u1edf m\u1ee9c t\u1ed1i \u01b0u.<\/p>\n<p>&nbsp;<\/p>","protected":false},"featured_media":9973,"comment_status":"open","ping_status":"closed","template":"","meta":[],"product_brand":[],"product_cat":[36,135,143],"product_tag":[],"class_list":{"0":"post-9969","1":"product","2":"type-product","3":"status-publish","4":"has-post-thumbnail","6":"product_cat-thuc-pham-tieu-dung","7":"product_cat-sua-do-uong","8":"product_cat-thuc-pham-dong-hop","9":"pa_brand-binggrae","11":"first","12":"outofstock","13":"sale","14":"shipping-taxable","15":"purchasable","16":"product-type-simple"},"_links":{"self":[{"href":"https:\/\/havamall.vn\/en\/wp-json\/wp\/v2\/product\/9969"}],"collection":[{"href":"https:\/\/havamall.vn\/en\/wp-json\/wp\/v2\/product"}],"about":[{"href":"https:\/\/havamall.vn\/en\/wp-json\/wp\/v2\/types\/product"}],"replies":[{"embeddable":true,"href":"https:\/\/havamall.vn\/en\/wp-json\/wp\/v2\/comments?post=9969"}],"version-history":[{"count":0,"href":"https:\/\/havamall.vn\/en\/wp-json\/wp\/v2\/product\/9969\/revisions"}],"wp:featuredmedia":[{"embeddable":true,"href":"https:\/\/havamall.vn\/en\/wp-json\/wp\/v2\/media\/9973"}],"wp:attachment":[{"href":"https:\/\/havamall.vn\/en\/wp-json\/wp\/v2\/media?parent=9969"}],"wp:term":[{"taxonomy":"product_brand","embeddable":true,"href":"https:\/\/havamall.vn\/en\/wp-json\/wp\/v2\/product_brand?post=9969"},{"taxonomy":"product_cat","embeddable":true,"href":"https:\/\/havamall.vn\/en\/wp-json\/wp\/v2\/product_cat?post=9969"},{"taxonomy":"product_tag","embeddable":true,"href":"https:\/\/havamall.vn\/en\/wp-json\/wp\/v2\/product_tag?post=9969"}],"curies":[{"name":"wp","href":"https:\/\/api.w.org\/{rel}","templated":true}]}}