{"id":9960,"date":"2019-03-14T16:14:59","date_gmt":"2019-03-14T09:14:59","guid":{"rendered":"https:\/\/havamall.vn\/?post_type=product&#038;p=9960"},"modified":"2022-05-24T17:22:44","modified_gmt":"2022-05-24T10:22:44","slug":"sua-tiet-trung-nguyen-kem-35-madeta","status":"publish","type":"product","link":"https:\/\/havamall.vn\/en\/shop\/sua-tiet-trung-nguyen-kem-35-madeta\/","title":{"rendered":"S\u1eeeA TI\u1ec6T TR\u00d9NG NGUY\u00caN KEM 3,5% MADETA 1 L\u00cdT"},"content":{"rendered":"<p>C\u00e1c s\u1ea3n ph\u1ea9m c\u1ee7a Madeta lu\u00f4n \u0111\u01b0\u1ee3c cam k\u1ebft v\u1ec1 ch\u1ea5t l\u01b0\u1ee3ng c\u0169ng nh\u01b0 kh\u00f4ng s\u1eed d\u1ee5ng ch\u1ea5t b\u1ea3o qu\u1ea3n, ch\u1ea5t t\u1ea1o m\u00e0u, h\u01b0\u01a1ng v\u1ecb ho\u00e0n to\u00e0n t\u1ef1 nhi\u00ean s\u1ebd l\u00e0 s\u1ef1 l\u1ef1a ch\u1ecdn ho\u00e0n h\u1ea3o \u0111\u1ec3 ch\u0103m s\u00f3c s\u1ee9c kh\u1ecfe gia \u0111\u00ecnh b\u1ea1n. B\u00ean c\u1ea1nh \u0111\u00f3, s\u1eefa Madeta \u0111\u00f3ng vai tr\u00f2 h\u1eefu d\u1ee5ng nh\u01b0 m\u1ed9t lo\u1ea1i ph\u1ee5 li\u1ec7u trong n\u1ea5u \u0103n, l\u00e0m b\u00e1nh, l\u00e0m c\u00e1c m\u00f3n tr\u00e1ng mi\u1ec7ng.<br \/>\n<img fetchpriority=\"high\" decoding=\"async\" class=\"aligncenter\" src=\"https:\/\/havamall.vn\/wp-content\/uploads\/2019\/03\/6-hop-sua-tuoi-madeta-tiet-trung-nguyen-kem-nk-sec.jpg\" alt=\"H\u00c3\u00acnh \u00e1\u00ba\u00a3nh c\u00c3\u00b3 li\u00c3\u00aan quan\" width=\"594\" height=\"593\" \/><\/p>\n<p>S\u1eefa ti\u1ec7t tr\u00f9ng nguy\u00ean kem 3,5% MadetaV\u1edbi th\u00e0nh ph\u1ea7n t\u1eeb 100% s\u1eefa b\u00f2 t\u01b0\u01a1i nguy\u00ean ch\u1ea5t ti\u1ec7t tr\u00f9ng, s\u1ea3n ph\u1ea9m an to\u00e0n tuy\u1ec7t \u0111\u1ed1i cho ng\u01b0\u1eddi ti\u00eau d\u00f9ng.<br \/>\nTh\u00edch h\u1ee3p d\u00f9ng cho b\u00e9 v\u00e0 c\u1ea3 gia \u0111\u00ecnh, s\u1eefa ti\u1ec7t tr\u00f9ng t\u00e1ch b\u00e9o Madeta gi\u00fap cung c\u1ea5p n\u0103ng l\u01b0\u1ee3ng v\u00e0 b\u1ed5 sung dinh d\u01b0\u1ee1ng cho c\u1ea3 gia \u0111\u00ecnh.<\/p>\n<p><img decoding=\"async\" class=\"aligncenter\" src=\"https:\/\/havamall.vn\/wp-content\/uploads\/2019\/03\/696186733-H.jpg\" alt=\"K\u00e1\u00ba\u00bft qu\u00e1\u00ba\u00a3 h\u00c3\u00acnh \u00e1\u00ba\u00a3nh cho kid drink milk\" width=\"597\" height=\"408\" \/><\/p>\n<p>C\u00e1c s\u1ea3n ph\u1ea9m c\u1ee7a Madeta lu\u00f4n \u0111\u01b0\u1ee3c cam k\u1ebft v\u1ec1 ch\u1ea5t l\u01b0\u1ee3ng c\u0169ng nh\u01b0 kh\u00f4ng s\u1eed d\u1ee5ng ch\u1ea5t b\u1ea3o qu\u1ea3n, ch\u1ea5t t\u1ea1o m\u00e0u, h\u01b0\u01a1ng v\u1ecb ho\u00e0n to\u00e0n t\u1ef1 nhi\u00ean s\u1ebd l\u00e0 s\u1ef1 l\u1ef1a ch\u1ecdn ho\u00e0n h\u1ea3o \u0111\u1ec3 ch\u0103m s\u00f3c s\u1ee9c kh\u1ecfe gia \u0111\u00ecnh b\u1ea1n. B\u00ean c\u1ea1nh \u0111\u00f3, s\u1eefa Madeta \u0111\u00f3ng vai tr\u00f2 h\u1eefu d\u1ee5ng nh\u01b0 m\u1ed9t lo\u1ea1i ph\u1ee5 li\u1ec7u trong n\u1ea5u \u0103n, l\u00e0m b\u00e1nh, l\u00e0m c\u00e1c m\u00f3n tr\u00e1ng mi\u1ec7ng.<br \/>\nC\u00e1ch d\u00f9ng: U\u1ed1ng tr\u1ef1c ti\u1ebfp. Sau khi m\u1edf n\u1eafp b\u1ea3o qu\u1ea3n trong t\u1ee7 l\u1ea1nh v\u00e0 s\u1eed d\u1ee5ng t\u1ed1t nh\u1ea5t trong 3-4 ng\u00e0y<br \/>\nB\u1ea3o qu\u1ea3n: N\u01a1i kh\u00f4 r\u00e1o, tho\u00e1ng m\u00e1t, tr\u00e1nh \u00e1nh n\u1eafng tr\u1ef1c ti\u1ebfp<br \/>\nTh\u1ec3 t\u00edch: 1 l\u00edt<br \/>\nXu\u1ea5t x\u1ee9: C\u1ed9ng H\u00f2a S\u00e9c<br \/>\nTh\u01b0\u01a1ng hi\u1ec7u: Madeta<\/p>","protected":false},"excerpt":{"rendered":"<p>S\u1eefa t\u01b0\u01a1i Madeta l\u00e0 th\u1ee9c u\u1ed1ng truy\u1ec1n th\u1ed1ng qu\u00fd b\u00e1u c\u1ee7a x\u1ee9 Bohemia thu\u1ed9c CH S\u00e9c, s\u1eefa mang \u0111\u1eadm h\u01b0\u01a1ng v\u1ecb t\u01b0\u01a1i ngon t\u1ef1 nhi\u00ean, an to\u00e0n kh\u00f4ng s\u1eed d\u1ee5ng ch\u1ea5t b\u1ea3o qu\u1ea3n, ch\u1ea5t t\u1ea1o m\u00e0u. S\u1eefa Madeta \u0111\u00e3 c\u00f3 m\u1eb7t tr\u00ean t\u1ea5t c\u1ea3 c\u00e1c qu\u1ed1c gia Ch\u00e2u \u00e2u, mi\u1ec1n B\u1eafc v\u00e0 Nam n\u01b0\u1edbc M\u1ef9.<\/p>","protected":false},"featured_media":23826,"comment_status":"open","ping_status":"closed","template":"","meta":[],"product_brand":[],"product_cat":[36,135],"product_tag":[],"class_list":{"0":"post-9960","1":"product","2":"type-product","3":"status-publish","4":"has-post-thumbnail","6":"product_cat-thuc-pham-tieu-dung","7":"product_cat-sua-do-uong","9":"first","10":"outofstock","11":"sale","12":"shipping-taxable","13":"purchasable","14":"product-type-simple"},"_links":{"self":[{"href":"https:\/\/havamall.vn\/en\/wp-json\/wp\/v2\/product\/9960"}],"collection":[{"href":"https:\/\/havamall.vn\/en\/wp-json\/wp\/v2\/product"}],"about":[{"href":"https:\/\/havamall.vn\/en\/wp-json\/wp\/v2\/types\/product"}],"replies":[{"embeddable":true,"href":"https:\/\/havamall.vn\/en\/wp-json\/wp\/v2\/comments?post=9960"}],"version-history":[{"count":0,"href":"https:\/\/havamall.vn\/en\/wp-json\/wp\/v2\/product\/9960\/revisions"}],"wp:featuredmedia":[{"embeddable":true,"href":"https:\/\/havamall.vn\/en\/wp-json\/wp\/v2\/media\/23826"}],"wp:attachment":[{"href":"https:\/\/havamall.vn\/en\/wp-json\/wp\/v2\/media?parent=9960"}],"wp:term":[{"taxonomy":"product_brand","embeddable":true,"href":"https:\/\/havamall.vn\/en\/wp-json\/wp\/v2\/product_brand?post=9960"},{"taxonomy":"product_cat","embeddable":true,"href":"https:\/\/havamall.vn\/en\/wp-json\/wp\/v2\/product_cat?post=9960"},{"taxonomy":"product_tag","embeddable":true,"href":"https:\/\/havamall.vn\/en\/wp-json\/wp\/v2\/product_tag?post=9960"}],"curies":[{"name":"wp","href":"https:\/\/api.w.org\/{rel}","templated":true}]}}