{"id":9953,"date":"2019-03-14T15:48:38","date_gmt":"2019-03-14T08:48:38","guid":{"rendered":"https:\/\/havamall.vn\/?post_type=product&#038;p=9953"},"modified":"2025-09-29T10:59:41","modified_gmt":"2025-09-29T03:59:41","slug":"sua-tuoi-tiet-trung-mlekovita","status":"publish","type":"product","link":"https:\/\/havamall.vn\/en\/shop\/sua-tuoi-tiet-trung-mlekovita\/","title":{"rendered":"S\u1eefa T\u01b0\u01a1i Ti\u1ec7t Tr\u00f9ng Mlekovita 3,5% Fat 1 L\u00edt"},"content":{"rendered":"<h3><strong>TH\u00d4NG TIN S\u1ea2N PH\u1ea8M:<\/strong><\/h3>\n<table>\n<tbody>\n<tr>\n<td>Th\u01b0\u01a1ng hi\u1ec7u<\/td>\n<td>Mlekovita<\/td>\n<\/tr>\n<tr>\n<td>Xu\u1ea5t x\u1ee9<\/td>\n<td>Ba Lan<\/td>\n<\/tr>\n<tr>\n<td>Th\u00e0nh ph\u1ea7n<\/td>\n<td>S\u1eefa t\u01b0\u01a1i ti\u1ec7t tr\u00f9ng<\/td>\n<\/tr>\n<tr>\n<td>H\u1ea1n s\u1eed d\u1ee5ng<\/td>\n<td>12 th\u00e1ng k\u1ec3 t\u1eeb ng\u00e0y s\u1ea3n xu\u1ea5t.<\/td>\n<\/tr>\n<tr>\n<td>B\u1ea3o qu\u1ea3n<\/td>\n<td>B\u1ea3o qu\u1ea3n \u1edf nhi\u1ec7t \u0111\u1ed9 m\u00e1t t\u1eeb 5-25*C<\/td>\n<\/tr>\n<tr>\n<td>Th\u1ec3 t\u00edch<\/td>\n<td>1l\u00edt<\/td>\n<\/tr>\n<\/tbody>\n<\/table>\n<p><img fetchpriority=\"high\" decoding=\"async\" class=\"wp-image-21900 aligncenter\" src=\"https:\/\/havamall.com\/wp-content\/uploads\/2025\/09\/10495430-234x300.png\" alt=\"\" width=\"615\" height=\"789\" \/><\/p>\n<p>MLEKOVITA l\u00e0 m\u1ed9t trong nh\u1eefng h\u00e3ng s\u1eefa h\u00e0ng \u0111\u1ea7u Ch\u00e2u \u00c2u t\u1ea1i Ba Lan, s\u1ea3n ph\u1ea9m s\u1eefa v\u00e0 c\u00e1c s\u1ea3n ph\u1ea9m t\u1eeb s\u1eefa c\u1ee7a MLEKOVITA \u0111\u00e3 \u0111\u01b0\u1ee3c xu\u1ea5t kh\u1ea9u sang 141 qu\u1ed1c gia tr\u00ean th\u1ebf gi\u1edbi, ngo\u00e0i xu\u1ea5t kh\u1ea9u sang 28 n\u01b0\u1edbc thu\u1ed9c EU c\u00f2n \u0111\u01b0\u1ee3c xu\u1ea5t \u0111\u1ebfn c\u00e1c qu\u1ed1c gia t\u1ea1i ch\u00e2u \u00c2u, ch\u00e2u M\u1ef9, ch\u00e2u \u00c1 v\u00e0 \u00dac. Ba Lan \u0111\u01b0\u1ee3c bi\u1ebft \u0111\u1ebfn l\u00e0 m\u1ed9t qu\u1ed1c gia ph\u00e1t tri\u1ec3n m\u1ea1nh ng\u00e0nh ch\u0103n nu\u00f4i \u0111\u1eb7c bi\u1ec7t l\u00e0 b\u00f2 s\u1eefa. V\u1edbi th\u1ea3o nguy\u00ean bao la, kh\u00ed h\u1eadu \u00f4n \u0111\u1edbi ph\u00f9 h\u1ee3p ch\u0103n nu\u00f4i b\u00f2 c\u00f9ng vi\u1ec7c s\u1eed d\u1ee5ng c\u00f4ng ngh\u1ec7 ti\u00ean ti\u1ebfn nh\u1ea5t trong ch\u1ebf bi\u1ebfn n\u00ean s\u1ea3n ph\u1ea9m s\u1eefa MLEKOVITTA lu\u00f4n \u0111\u1ea1t chu\u1ea9n ch\u1ea5t l\u01b0\u1ee3ng cao nh\u1ea5t t\u1ea1i th\u1ecb tr\u01b0\u1eddng ch\u00e2u \u00c2u.<\/p>\n<p><img decoding=\"async\" class=\"wp-image-21902 aligncenter\" src=\"https:\/\/havamall.com\/wp-content\/uploads\/2025\/09\/gjg-300x200.png\" alt=\"\" width=\"628\" height=\"418\" \/><\/p>\n<p>Ngay khi ra m\u1eaft d\u00f2ng s\u1eefa I Love Milk,\u00a0Mlekovita\u00a0\u0111\u01b0\u1ee3c \u0111\u00f3n nh\u1eadn m\u1ea1nh m\u1ebb c\u1ee7a c\u1ed9ng \u0111\u1ed3ng ti\u00eau d\u00f9ng qu\u1ed1c t\u1ebf. Ngo\u00e0i l\u00fd do \u0111\u00e2y l\u00e0 s\u1ea3n ph\u1ea9m s\u1eefa t\u01b0\u01a1i ti\u1ec7t tr\u00f9ng v\u1edbi \u0111\u1ed9 b\u00e9o c\u1ef1c cao 3,5%. S\u1eefa Mlekovita c\u00f2n \u0111\u01b0\u1ee3c \u0111\u00e1nh gi\u00e1 cao nh\u1edd v\u00e0o m\u1ea9u m\u00e3 bao b\u00ec sang tr\u1ecdng. V\u00e0 \u0111\u1eb7c bi\u1ec7t h\u01a1n t\u1ea5t c\u1ea3 l\u00e0 n\u00f3 h\u1ed7 tr\u1ee3 t\u0103ng c\u01b0\u1eddng s\u1ee9c kh\u1ecfe v\u00e0 \u0111\u1ec1 kh\u00e1ng. S\u1eefa t\u01b0\u01a1i Mlekovita v\u1ed1n \u0111\u01b0\u1ee3c bi\u1ebft \u0111\u1ebfn l\u00e0 ngu\u1ed3n s\u1eefa cao c\u1ea5p 100% thi\u00ean nhi\u00ean. \u0110\u00e2y l\u00e0 d\u00f2ng s\u1eefa duy nh\u1ea5t c\u00f3 t\u00e1c d\u1ee5ng t\u00edch c\u1ef1c trong vi\u1ec7c b\u1ed3i b\u1ed5, t\u0103ng c\u01b0\u1eddng s\u1ee9c kh\u1ecfe cho tr\u1ebb. M\u1eb7t kh\u00e1c n\u00f3 c\u00f2n l\u00e0 th\u1ef1c ph\u1ea9m gi\u00e0u dinh d\u01b0\u1ee1ng, ti\u1ec7n l\u1ee3i v\u00e0 \u0111\u00e3 quen thu\u1ed9c v\u1edbi h\u00e0ng tri\u1ec7u gia \u0111\u00ecnh Vi\u1ec7t Nam.<\/p>\n<p><img decoding=\"async\" class=\"aligncenter\" src=\"https:\/\/havamall.com\/wp-content\/uploads\/2025\/09\/sua-tuoi-nguyen-kem-ba-lan-mlekovita-h-vollmilch-hop-1l-10.jpg\" alt=\"S\u1eefa t\u01b0\u01a1i nguy\u00ean kem Ba Lan Mlekovita 1L 305k\/th - suachobeyeu.vn\" \/><\/p>\n<p>S\u1eed d\u1ee5ng s\u1eefa t\u01b0\u01a1i Ba Lan n\u00f3 s\u1ebd gi\u00fap x\u01b0\u01a1ng c\u00e1c b\u00e9 h\u1ea5p th\u1ee5 canxi t\u1ed1t h\u01a1n. N\u00f3 \u0111\u1ea3m b\u1ea3o duy tr\u00ec h\u1ec7 x\u01b0\u01a1ng ch\u1eafc kh\u1ecfe cho c\u00e1c b\u00e9 trong \u0111\u1ed9 tu\u1ed5i ph\u00e1t tri\u1ec3n v\u00e0 c\u1ea3 ng\u01b0\u1eddi tr\u01b0\u1edfng th\u00e0nh. T\u1ed5 h\u1ee3p Vitamin h\u1ed7 tr\u1ee3 t\u0103ng c\u01b0\u1eddng s\u1ee9c \u0111\u1ec1 kh\u00e1ng cho c\u00e1c b\u00e9. Kh\u00f4ng nh\u1eefng th\u1ebf n\u00f3 c\u00f2n gi\u00fap c\u1ea3 gia \u0111\u00ecnh kh\u1ecfe m\u1ea1nh. \u0110\u1eb7c bi\u1ec7t n\u00f3 l\u00e0 m\u00f3n dinh d\u01b0\u1ee1ng t\u1ed1t nh\u1ea5t trong giai \u0111o\u1ea1n chuy\u1ec3n m\u00f9a hay d\u1ecbch b\u1ec7nh.<\/p>\n<p><img decoding=\"async\" class=\"wp-image-21082 aligncenter\" src=\"https:\/\/havamall.com\/wp-content\/uploads\/2025\/09\/Hinh_4-1-300x200.jpg\" alt=\"\" width=\"612\" height=\"407\" \/><\/p>\n<p>S\u1eefa t\u01b0\u01a1i I Love Milk thu\u1ed9c ph\u00e2n kh\u00fac cao c\u1ea5p nh\u1ea5t c\u1ee7a Mlekvita. S\u1eefa kh\u00f4ng ch\u1ec9 t\u1ed1t cho tr\u1ebb m\u00e0 c\u00f2n ph\u00f9 h\u1ee3p cho m\u1ecdi th\u00e0nh vi\u00ean trong gia \u0111\u00ecnh. S\u1eefa t\u01b0\u01a1i I Love Milk v\u1edbi bao b\u00ec m\u1edbi l\u1ea7n \u0111\u1ea7u ti\u00ean xu\u1ea5t hi\u1ec7n t\u1ea1i Vi\u1ec7t Nam. S\u1eefa do c\u00f4ng ty TNHH Guta Food nh\u1eadp kh\u1ea9u v\u00e0 ph\u00e2n ph\u1ed1i ch\u1ecbu tr\u00e1ch nhi\u1ec7m to\u00e0n qu\u1ed1c. \u0110\u00e2y ch\u00ednh l\u00e0 m\u00f3n qu\u00e0 s\u1ee9c kh\u1ecfe m\u00e0 Mlekovita mong mu\u1ed1n d\u00e0nh t\u1eb7ng \u0111\u1ebfn cho c\u00e1c b\u00e9 Vi\u1ec7t Nam.<\/p>\n<p><img decoding=\"async\" class=\"aligncenter\" src=\"https:\/\/havamall.com\/wp-content\/uploads\/2025\/09\/723bd5597080cb149408eddb3c93ae11.jpg\" alt=\"H\u1ed9p S\u1eefa T\u01b0\u01a1i Ba Lan Ti\u1ec7t tr\u00f9ng Mlekovita Full Cream I Love Milk 1L - S\u1eefa Kem | Coopm.art\" \/><\/p>\n<h3><strong>H\u01b0\u1edbng d\u1eabn s\u1eed d\u1ee5ng:<\/strong><\/h3>\n<p>&#8211; L\u00e0m b\u00e1nh plan, l\u00e0m s\u1eefa ch\u01b0a, l\u00e0m b\u00e1nh kem, l\u00e0m c\u00e1c b\u00e1nh t\u1eeb s\u1eefa, pha ch\u1ebf tr\u00e0 s\u1eefa, pha ch\u1ebf c\u00e1c th\u1ee9c u\u1ed1ng li\u00ean quan \u0111\u1ebfn s\u1eefa,<\/p>\n<p>&#8211; L\u00e0m th\u1ee9c u\u1ed1ng b\u1ed5 d\u01b0\u1ee1ng m\u1ed7i ng\u00e0y<\/p>\n<p>S\u1ea3n ph\u1ea9m hi\u1ec7n \u0111\u00e3 c\u00f3 m\u1eb7t t\u1ea1i Havamall.<\/p>\n<p><img loading=\"lazy\" decoding=\"async\" class=\"wp-image-21901 aligncenter\" src=\"https:\/\/havamall.com\/wp-content\/uploads\/2025\/09\/woman-pouring-fresh-milk-into-a-glass-on-green-background_rsylqpkdl_thumbnail-full07-300x186.png\" alt=\"\" width=\"642\" height=\"397\" \/><\/p>","protected":false},"excerpt":{"rendered":"<p>S\u1eefa t\u01b0\u01a1i ti\u1ec7t tr\u00f9ng \u0111\u01b0\u1ee3c s\u1ea3n xu\u1ea5t t\u1ea1i Ch\u00e2u \u00c2u v\u00e0 nh\u1eadp kh\u1ea9u nguy\u00ean h\u1ed9p v\u1ec1 Vi\u1ec7t Nam.<\/p>","protected":false},"featured_media":21903,"comment_status":"open","ping_status":"closed","template":"","meta":[],"product_brand":[],"product_cat":[36,135],"product_tag":[],"class_list":{"0":"post-9953","1":"product","2":"type-product","3":"status-publish","4":"has-post-thumbnail","6":"product_cat-thuc-pham-tieu-dung","7":"product_cat-sua-do-uong","9":"first","10":"instock","11":"sale","12":"shipping-taxable","13":"purchasable","14":"product-type-simple"},"_links":{"self":[{"href":"https:\/\/havamall.vn\/en\/wp-json\/wp\/v2\/product\/9953"}],"collection":[{"href":"https:\/\/havamall.vn\/en\/wp-json\/wp\/v2\/product"}],"about":[{"href":"https:\/\/havamall.vn\/en\/wp-json\/wp\/v2\/types\/product"}],"replies":[{"embeddable":true,"href":"https:\/\/havamall.vn\/en\/wp-json\/wp\/v2\/comments?post=9953"}],"version-history":[{"count":0,"href":"https:\/\/havamall.vn\/en\/wp-json\/wp\/v2\/product\/9953\/revisions"}],"wp:featuredmedia":[{"embeddable":true,"href":"https:\/\/havamall.vn\/en\/wp-json\/wp\/v2\/media\/21903"}],"wp:attachment":[{"href":"https:\/\/havamall.vn\/en\/wp-json\/wp\/v2\/media?parent=9953"}],"wp:term":[{"taxonomy":"product_brand","embeddable":true,"href":"https:\/\/havamall.vn\/en\/wp-json\/wp\/v2\/product_brand?post=9953"},{"taxonomy":"product_cat","embeddable":true,"href":"https:\/\/havamall.vn\/en\/wp-json\/wp\/v2\/product_cat?post=9953"},{"taxonomy":"product_tag","embeddable":true,"href":"https:\/\/havamall.vn\/en\/wp-json\/wp\/v2\/product_tag?post=9953"}],"curies":[{"name":"wp","href":"https:\/\/api.w.org\/{rel}","templated":true}]}}