{"id":9943,"date":"2019-03-14T15:21:11","date_gmt":"2019-03-14T08:21:11","guid":{"rendered":"https:\/\/havamall.vn\/?post_type=product&#038;p=9943"},"modified":"2019-12-03T15:16:07","modified_gmt":"2019-12-03T08:16:07","slug":"sua-tuoi-tiet-trung-lalavita-mleko","status":"publish","type":"product","link":"https:\/\/havamall.vn\/en\/shop\/sua-tuoi-tiet-trung-lalavita-mleko\/","title":{"rendered":"S\u1eeeA T\u01af\u01a0I TI\u1ec6T TR\u00d9NG LALAVITA MLEKO UHT 3,5% (1 L\u00cdT)"},"content":{"rendered":"<p>C\u00f3 r\u1ea5t nhi\u1ec1u nghi\u00ean c\u1ee9u c\u1ee7a nh\u1eefng nh\u00e0 dinh d\u01b0\u1ee1ng h\u1ecdc v\u1ec1 l\u00fd do t\u1ea1i sao mu\u1ed1n duy tr\u00ec s\u1ee9c kh\u1ecfe t\u1ed1t ph\u1ea3i u\u1ed1ng s\u1eefa t\u01b0\u01a1i m\u1ed7i ng\u00e0y. C\u00e1c chuy\u00ean gia cho r\u1eb1ng n\u1ebfu b\u1ea1n duy tr\u00ec vi\u1ec7c u\u1ed1ng s\u1eefa th\u01b0\u1eddng xuy\u00ean s\u1ebd gi\u00fap cho h\u1ec7 x\u01b0\u01a1ng \u0111\u01b0\u1ee3c c\u1ea3i thi\u1ec7n m\u1ed7i ng\u00e0y, th\u00eam v\u00e0o \u0111\u00f3 s\u1eefa t\u01b0\u01a1i c\u00f2n ch\u1ee9a c\u00e1c lo\u1ea1i d\u01b0\u1ee1ng ch\u1ea5t kh\u00e1c gi\u00fap ph\u00e1t tri\u1ec3n v\u00e0 ho\u00e0n thi\u1ec7n s\u1ee9c kh\u1ecfe \u1edf m\u1ecdi \u0111\u1ed9 tu\u1ed5i. Th\u00eam m\u1ed9t chi ti\u1ebft th\u00fa v\u1ecb l\u00e0 u\u1ed1ng s\u1eefa c\u00f2n gi\u00fap ch\u00fang ta s\u1ed1ng th\u1ecd h\u01a1n.<\/p>\n<p>S\u1eefa T\u01b0\u01a1i Nguy\u00ean Ch\u1ea5t Ti\u1ec7t Tr\u00f9ng LALAVITA \u0111\u1ec3 \u0111\u01b0\u1ee3c l\u00e2u nh\u1edd qu\u00e1 tr\u00ecnh kh\u1eed tr\u00f9ng theo ph\u01b0\u01a1ng ph\u00e1p UHT, theo \u0111\u00f3 s\u1eefa t\u01b0\u01a1i \u0111\u01b0\u1ee3c l\u00e0m n\u00f3ng trong v\u00f2ng 1-2 gi\u00e2y \u1edf nhi\u1ec7t \u0111\u1ed9 cao 135-150 \u0111\u1ed9 C v\u00e0 ngay sau \u0111\u00f3 l\u00e0m m\u00e1t \u0111\u1ed9t ng\u1ed9t \u0111\u1ebfn nhi\u1ec7t \u0111\u1ed9 ph\u00f2ng. To\u00e0n b\u1ed9 qu\u00e1 tr\u00ecnh n\u00e0y ch\u1ec9 m\u1ea5t 4-5 gi\u00e2y, \u0111\u1ea3m b\u1ea3o ti\u00eau di\u1ec7t c\u00e1c vi khu\u1ea9n c\u00f3 h\u1ea1i m\u00e0 kh\u00f4ng thay \u0111\u1ed5i m\u00f9i v\u1ecb hay l\u00e0m m\u1ea5t \u0111i c\u00e1c d\u01b0\u1ee1ng ch\u1ea5t qu\u00fd b\u00e1u c\u1ee7a s\u1ea3n ph\u1ea9m. S\u1eefa T\u01b0\u01a1i Nguy\u00ean Ch\u1ea5t Ti\u1ec7t Tr\u00f9ng LALAVITA c\u00f2n \u0111\u01b0\u1ee3c \u0111\u00f3ng g\u00f3i trong h\u1ed9p Tetra Pak, lo\u1ea1i h\u1ed9p v\u1edbi c\u00f4ng ngh\u1ec7 \u0111\u1eb7c bi\u1ec7t, r\u1ea5t v\u1ec7 sinh, gi\u00fap ng\u0103n ng\u1eeba vi khu\u1ea9n v\u00e0 s\u1ef1 l\u1ecdt s\u00e1ng, nh\u1edd v\u1eady c\u00f3 th\u1ec3 \u0111\u01b0\u1ee3c b\u1ea3o qu\u1ea3n an to\u00e0n trong th\u1eddi gian d\u00e0i.<\/p>\n<p><img fetchpriority=\"high\" decoding=\"async\" class=\"wp-image-9946 aligncenter\" src=\"https:\/\/havamall.vn\/wp-content\/uploads\/2019\/03\/20180519_153531.jpg\" alt=\"\" width=\"714\" height=\"951\" srcset=\"https:\/\/havamall.vn\/wp-content\/uploads\/2019\/03\/20180519_153531.jpg 1000w, https:\/\/havamall.vn\/wp-content\/uploads\/2019\/03\/20180519_153531-430x573.jpg 430w, https:\/\/havamall.vn\/wp-content\/uploads\/2019\/03\/20180519_153531-150x200.jpg 150w, https:\/\/havamall.vn\/wp-content\/uploads\/2019\/03\/20180519_153531-700x933.jpg 700w\" sizes=\"(max-width: 714px) 100vw, 714px\" \/><\/p>\n<p>S\u1eeeA T\u01af\u01a0I NGUY\u00caN CH\u1ea4T TI\u1ec6T TR\u00d9NG \u2013 UHT 3.5% FAT HI\u1ec6U MLEKO LALAVITA<br \/>\nOKR\u0118GOWA SP\u00d3\u0141DZIELNIA MLECZARSKA W \u0141OWICZU \u0111\u01b0\u1ee3c bi\u1ebft \u0111\u1ebfn l\u00e0 nh\u00e0 m\u00e1y s\u1eefa ti\u00ean ti\u1ebfn nh\u1ea5t c\u1ee7a \u0111\u1ea5t n\u01b0\u1edbc Ba Lan, k\u1ebft h\u1ee3p \u0111\u01b0\u1ee3c c\u1ea3 c\u00f4ng ngh\u1ec7 truy\u1ec1n th\u1ed1ng &#8211; hi\u1ec7n \u0111\u1ea1i trong s\u1ea3n xu\u1ea5t \u0111\u00e1p \u1ee9ng t\u1ea5t c\u1ea3 c\u00e1c ti\u00eau chu\u1ea9n nghi\u00eam ng\u1eb7t c\u1ee7a ch\u00e2u \u00c2u c\u0169ng nh\u01b0 \u0111\u1ea1t \u0111\u01b0\u1ee3c r\u1ea5t nhi\u1ec1u c\u00e1c gi\u1ea3i th\u01b0\u1edfng l\u1edbn.<\/p>\n<ol>\n<li><strong>Gi\u1ea3m kh\u1ea3 n\u0103ng m\u1eafc b\u1ec7nh c\u1ee7a b\u1ec7nh tim<\/strong><\/li>\n<li><strong>X\u01b0\u01a1ng tr\u1edf n\u00ean ch\u1eafc kh\u1ecfe h\u01a1n<\/strong><\/li>\n<li><strong>Gi\u1ea5c ng\u1ee7 tr\u1edf n\u00ean ngon v\u00e0 s\u00e2u gi\u1ea5c h\u01a1n<\/strong><\/li>\n<li><strong>T\u0103ng c\u01b0\u1eddng s\u1ef1 h\u1ea5p th\u1ee5 c\u00e1c d\u01b0\u1ee1ng ch\u1ea5t kh\u00e1c<\/strong><\/li>\n<li><strong>Gi\u00fap gi\u1ea3m c\u0103ng th\u1eb3ng m\u1ec7t m\u1ecfi<\/strong><\/li>\n<li><strong>T\u00e1c d\u1ee5ng kh\u00f4ng ng\u1edd \u0111\u1ebfn c\u1ee7a s\u1eefa t\u01b0\u01a1i l\u00e0 kh\u1ea3 n\u0103ng gi\u1ea3m c\u00e2n\u00a0<\/strong><\/li>\n<\/ol>\n<p><img decoding=\"async\" class=\"wp-image-9948 aligncenter\" src=\"https:\/\/havamall.vn\/wp-content\/uploads\/2019\/03\/woman-pouring-fresh-milk-into-a-glass-on-green-background_rsylqpkdl_thumbnail-full07.jpg\" alt=\"\" width=\"793\" height=\"492\" srcset=\"https:\/\/havamall.vn\/wp-content\/uploads\/2019\/03\/woman-pouring-fresh-milk-into-a-glass-on-green-background_rsylqpkdl_thumbnail-full07.jpg 1741w, https:\/\/havamall.vn\/wp-content\/uploads\/2019\/03\/woman-pouring-fresh-milk-into-a-glass-on-green-background_rsylqpkdl_thumbnail-full07-430x267.jpg 430w, https:\/\/havamall.vn\/wp-content\/uploads\/2019\/03\/woman-pouring-fresh-milk-into-a-glass-on-green-background_rsylqpkdl_thumbnail-full07-150x93.jpg 150w, https:\/\/havamall.vn\/wp-content\/uploads\/2019\/03\/woman-pouring-fresh-milk-into-a-glass-on-green-background_rsylqpkdl_thumbnail-full07-700x434.jpg 700w\" sizes=\"(max-width: 793px) 100vw, 793px\" \/><\/p>\n<p>Th\u00e0nh ph\u1ea7n: S\u1eefa t\u01b0\u01a1i ti\u1ec7t tr\u00f9ng Mleko UHT \u0111\u01b0\u1ee3c l\u00e0m 100% t\u1eeb s\u1eefa b\u00f2 t\u01b0\u01a1i nguy\u00ean ch\u1ea5t, kh\u00f4ng c\u00f3 ch\u1ea5t b\u1ea3o qu\u1ea3n (3.5% ch\u1ea5t b\u00e9o).<\/p>\n<p>N\u01b0\u1edbc s\u1ea3n xu\u1ea5t: BA LAN<br \/>\nH\u1ea1n s\u1eed d\u1ee5ng: 12 th\u00e1ng k\u1ec3 t\u1eeb ng\u00e0y s\u1ea3n xu\u1ea5t.<br \/>\nB\u1ea3o qu\u1ea3n: B\u1ea3o qu\u1ea3n \u1edf nhi\u1ec7t \u0111\u1ed9 th\u01b0\u1eddng.U\u1ed1ng ngay sau khi m\u1edf n\u1eafp, n\u1ebfu kh\u00f4ng s\u1eed d\u1ee5ng h\u1ebft n\u00ean b\u1ea3o qu\u1ea3n trong ng\u0103n m\u00e1t t\u1ee7 l\u1ea1nh, kh\u00f4ng \u0111\u1ec3 qu\u00e1 48 gi\u1edd sau khi m\u1edf n\u1eafp.<\/p>","protected":false},"excerpt":{"rendered":"<p>Th\u01b0\u01a1ng hi\u1ec7u \u0141owicz &#8211; m\u1ed9t trong nh\u1eefng th\u01b0\u01a1ng hi\u1ec7u n\u1ed5i ti\u1ebfng c\u1ee7a Ba Lan &#8211; \u0111\u00e3 \u0111\u01b0\u1ee3c trao danh hi\u1ec7u th\u01b0\u01a1ng hi\u1ec7u s\u1eefa n\u1ed5i ti\u1ebfng nh\u1ea5t c\u1ee7a Ba Lan nay \u0111\u00e3 c\u00f3 m\u1eb7t t\u1ea1i th\u1ecb tr\u01b0\u1eddng Vi\u1ec7t Nam. \u0110\u00f3 l\u00e0 s\u1ea3n ph\u1ea9m s\u1eefa ti\u1ec7t tr\u00f9ng MLEKO LALAVITA 3,5% .MLEKO LALAVITA c\u00f3 th\u00e0nh ph\u1ea7n ho\u00e0n to\u00e0n 100% s\u1eefa b\u00f2 v\u1edbi h\u00e0m l\u01b0\u1ee3ng dinh d\u01b0\u1ee1ng bao g\u1ed3m ch\u1ea5t b\u00e9o, \u0111\u01b0\u1eddng, protein, mu\u1ed1i&#8230; v\u1edbi h\u00e0m l\u01b0\u1ee3ng ch\u1ea5t b\u00e9o kh\u00e1c nhau ph\u00f9 h\u1ee3p v\u1edbi t\u1eebng nhu c\u1ea7u c\u1ee7a ng\u01b0\u1eddi ti\u00eau d\u00f9ng t\u1ea1i Vi\u1ec7t Nam.<\/p>","protected":false},"featured_media":9947,"comment_status":"open","ping_status":"closed","template":"","meta":[],"product_brand":[],"product_cat":[36,135],"product_tag":[],"class_list":{"0":"post-9943","1":"product","2":"type-product","3":"status-publish","4":"has-post-thumbnail","6":"product_cat-thuc-pham-tieu-dung","7":"product_cat-sua-do-uong","9":"first","10":"outofstock","11":"sale","12":"shipping-taxable","13":"purchasable","14":"product-type-simple"},"_links":{"self":[{"href":"https:\/\/havamall.vn\/en\/wp-json\/wp\/v2\/product\/9943"}],"collection":[{"href":"https:\/\/havamall.vn\/en\/wp-json\/wp\/v2\/product"}],"about":[{"href":"https:\/\/havamall.vn\/en\/wp-json\/wp\/v2\/types\/product"}],"replies":[{"embeddable":true,"href":"https:\/\/havamall.vn\/en\/wp-json\/wp\/v2\/comments?post=9943"}],"version-history":[{"count":0,"href":"https:\/\/havamall.vn\/en\/wp-json\/wp\/v2\/product\/9943\/revisions"}],"wp:featuredmedia":[{"embeddable":true,"href":"https:\/\/havamall.vn\/en\/wp-json\/wp\/v2\/media\/9947"}],"wp:attachment":[{"href":"https:\/\/havamall.vn\/en\/wp-json\/wp\/v2\/media?parent=9943"}],"wp:term":[{"taxonomy":"product_brand","embeddable":true,"href":"https:\/\/havamall.vn\/en\/wp-json\/wp\/v2\/product_brand?post=9943"},{"taxonomy":"product_cat","embeddable":true,"href":"https:\/\/havamall.vn\/en\/wp-json\/wp\/v2\/product_cat?post=9943"},{"taxonomy":"product_tag","embeddable":true,"href":"https:\/\/havamall.vn\/en\/wp-json\/wp\/v2\/product_tag?post=9943"}],"curies":[{"name":"wp","href":"https:\/\/api.w.org\/{rel}","templated":true}]}}