{"id":9929,"date":"2019-03-14T14:51:36","date_gmt":"2019-03-14T07:51:36","guid":{"rendered":"https:\/\/havamall.vn\/?post_type=product&#038;p=9929"},"modified":"2023-02-03T09:31:17","modified_gmt":"2023-02-03T02:31:17","slug":"sua-dac-koneri","status":"publish","type":"product","link":"https:\/\/havamall.vn\/en\/shop\/sua-dac-koneri\/","title":{"rendered":"S\u1eeeA \u0110\u1eb6C KONERI 1000gr"},"content":{"rendered":"<p>S\u1eefa \u0111\u1eb7c Koneri l\u00e0 s\u1ea3n ph\u1ea9m c\u00f3 xu\u1ea5t x\u1ee9 t\u1eeb Malaysia. \u0110\u01b0\u1ee3c s\u1ea3n xu\u1ea5t nh\u1eb1m m\u1ee5c \u0111\u00edch h\u1ed7 tr\u1ee3 dinh d\u01b0\u1ee1ng v\u00ec c\u01a1 th\u1ec3 ch\u00fang ta c\u00f3 th\u00e0nh ph\u1ea7n kh\u00f4ng gi\u00e0u dinh d\u01b0\u1ee1ng, c\u0169ng nh\u01b0 kh\u00f4ng c\u00e2n \u0111\u1ed1i. L\u00e0 th\u00e0nh ph\u1ea7n kh\u00f4ng th\u1ec3 thi\u1ebfu trong c\u00e1c lo\u1ea1i b\u00e1nh v\u00e0 \u0111\u1eb7c bi\u1ec7t trong n\u01b0\u1edbc u\u1ed1ng c\u1ee7a ch\u00fang ta.\u00a0S\u1eefa \u0111\u1eb7c c\u00f3 \u0111\u01b0\u1eddng Koneri v\u1edbi <strong>100% nguy\u00ean ch\u1ea5t<\/strong>,\u00a0<strong>ti\u1ec7n l\u1ee3i<\/strong>\u00a0c\u00f3 s\u1eb5n nh\u01b0ng v\u1eabn mang\u00a0<strong>tr\u1ecdn v\u1eb9n gi\u00e1 tr\u1ecb dinh d\u01b0\u1ee1ng<\/strong>\u00a0t\u1eeb t\u1ef1 nhi\u00ean t\u1edbi kh\u00e1ch h\u00e0ng.\u00a0 S\u1ea3n ph\u1ea9m \u0111\u1ea1t ti\u00eau chu\u1ea9n v\u1ec7 sinh an to\u00e0n th\u1ef1c ph\u1ea9m c\u1ee7a B\u1ed9 Y t\u1ebf.<\/p>\n<p><img fetchpriority=\"high\" decoding=\"async\" class=\"wp-image-9935 aligncenter\" src=\"https:\/\/havamall.vn\/wp-content\/uploads\/2019\/03\/koneri1.png\" alt=\"\" width=\"422\" height=\"577\" srcset=\"https:\/\/havamall.vn\/wp-content\/uploads\/2019\/03\/koneri1.png 640w, https:\/\/havamall.vn\/wp-content\/uploads\/2019\/03\/koneri1-430x587.png 430w, https:\/\/havamall.vn\/wp-content\/uploads\/2019\/03\/koneri1-150x205.png 150w\" sizes=\"(max-width: 422px) 100vw, 422px\" \/><\/p>\n<p>S\u1eefa \u0111\u1eb7c c\u00f3 \u0111\u01b0\u1eddng KONERI l\u00e0 s\u1eefa \u0111\u1eb7c c\u00f3 v\u1ecb ng\u1ecdt s\u1ed1 1 tr\u00ean th\u1ebf gi\u1edbi. Ch\u1ec9 c\u1ea7n c\u00f3 KONERI, b\u1ea1n s\u1ebd nu\u00f4ng chi\u1ec1u gia \u0111\u00ecnh m\u00ecnh v\u1edbi c\u00e1c m\u00f3n tr\u00e1ng mi\u1ec7ng ngon. B\u1ea1n d\u1ec5 d\u00e0ng v\u00e0 nhanh ch\u00f3ng th\u1ef1c hi\u1ec7n.\u00a0S\u1eefa \u0111\u1eb7c c\u00f3 \u0111\u01b0\u1eddng KONERI c\u1ee7a Malaysia kh\u00f4ng \u0111\u01a1n thu\u1ea7n l\u00e0 lo\u1ea1i s\u1eefa \u0111\u1eb7c pha u\u1ed1ng b\u00ecnh th\u01b0\u1eddng. B\u1ea1n ch\u1eafc ch\u1eafn c\u00f3 th\u1ec3 t\u1ea1o ra m\u00f3n tr\u00e1ng mi\u1ec7ng v\u00e0 \u0111\u1ed3 u\u1ed1ng y\u00eau th\u00edch ch\u1ec9 v\u1edbi KONERI. B\u1ea1n s\u1ebd c\u1ea7n th\u1ee9 g\u00ec \u0111\u00f3 nhanh ch\u00f3ng, d\u1ec5 d\u00e0ng, th\u01a1m ngon \u0111\u1ec3 th\u00eam v\u00e0o t\u00f4 tr\u00e1i c\u00e2y c\u1ee7a b\u1ea1n. KONERI s\u1eefa \u0111\u1eb7c c\u00f3 \u0111\u01b0\u1eddng l\u00e0 l\u1ef1a ch\u1ecdn ho\u00e0n h\u1ea3o.<\/p>\n<p><img decoding=\"async\" class=\"wp-image-9936 aligncenter\" src=\"https:\/\/havamall.vn\/wp-content\/uploads\/2019\/03\/koneri.png\" alt=\"\" width=\"821\" height=\"548\" srcset=\"https:\/\/havamall.vn\/wp-content\/uploads\/2019\/03\/koneri.png 1200w, https:\/\/havamall.vn\/wp-content\/uploads\/2019\/03\/koneri-430x287.png 430w, https:\/\/havamall.vn\/wp-content\/uploads\/2019\/03\/koneri-150x100.png 150w, https:\/\/havamall.vn\/wp-content\/uploads\/2019\/03\/koneri-700x467.png 700w\" sizes=\"(max-width: 821px) 100vw, 821px\" \/><\/p>\n<p>&nbsp;<\/p>\n<p>\u0110\u1eb7c \u0111i\u1ec3m c\u1ee7a s\u1eefa \u0111\u1eb7c c\u00f3 \u0111\u01b0\u1eddng KONERI<br \/>\n\u2013 S\u1eefa \u0111\u1eb7c KONERI d\u1ea1ng lon 1kg. KONERI l\u00e0 s\u1ea3n ph\u1ea9m \u0111\u00f3ng h\u1ed9p, nh\u1ecf g\u1ecdn. Ti\u1ec7n l\u1ee3i khi mang \u0111i du l\u1ecbch ho\u1eb7c di chuy\u1ec3n ra ngo\u00e0i.<br \/>\n\u2013 Th\u00e0nh ph\u1ea7n s\u1eefa v\u00e0 \u0111\u01b0\u1eddng v\u1edbi \u0111\u1ed9 kem m\u1ecbn b\u00e9o cung c\u1ea5p ngu\u1ed3n canxi t\u1ed1t. H\u01b0\u01a1ng v\u1ecb ng\u1ecdt d\u1ecbu, kh\u00f4ng g\u1eaft, h\u1ea5p d\u1eabn.<br \/>\n\u2013 D\u1ea1ng \u0111\u00f3ng h\u1ed9p n\u00ean khi m\u1edf s\u1ea3n ph\u1ea9m c\u1ea7n c\u00f4ng c\u1ee5 chuy\u00ean d\u1ee5ng \u0111\u1ec3 m\u1edf. S\u1ea3n ph\u1ea9m c\u00f3 bao b\u00ec m\u1edbi nh\u01b0ng h\u01b0\u01a1ng v\u1ecb v\u1eabn gi\u1eef nguy\u00ean.<br \/>\n\u2013 V\u1edbi s\u1eefa \u0111\u1eb7c c\u00f3 \u0111\u01b0\u1eddng, b\u1ea1n d\u1ec5 d\u00e0ng t\u1ea1o ra c\u00e1c m\u00f3n b\u00e1nh, \u0111\u1ed3 u\u1ed1ng y\u00eau th\u00edch cho gia \u0111\u00ecnh. T\u1ea5t c\u1ea3 ch\u1ec9 v\u1edbi v\u1ecb ng\u1ecdt b\u00e9o t\u1eeb s\u1eefa \u0111\u1eb7c c\u00f3 \u0111\u01b0\u1eddng KONERI.<br \/>\n\u2013 D\u00f9ng h\u00e0ng ng\u00e0y, \u0103n s\u00e1ng, mang theo \u0111i l\u00e0m. \u0110i ch\u01a1i, du l\u1ecbch \u0111\u1ec1u c\u00f3 th\u1ec3 mang theo. H\u01b0\u01a1ng v\u1ecb b\u00e9o ng\u1eady nh\u01b0 kem h\u1ea5p d\u1eabn nhi\u1ec1u h\u01a1n.<br \/>\nTh\u1eadm ch\u00ed b\u1ea1n c\u00f3 th\u1ec3 d\u00f9ng s\u1eefa \u0111\u1eb7c KONERI cho c\u00e0 ph\u00ea bu\u1ed5i s\u00e1ng. H\u01b0\u01a1ng v\u1ecb \u0111em \u0111\u1ebfn c\u1ea3m gi\u00e1c nh\u01b0 c\u00e0 ph\u00ea Vi\u1ec7t Nam. D\u00f9 b\u1ea1n ch\u1ebf bi\u1ebfn n\u00f3 nh\u01b0 th\u1ebf n\u00e0o, s\u1ea3n ph\u1ea9m v\u1eabn \u0111\u1ea3m b\u1ea3o ch\u1ea5t l\u01b0\u1ee3ng tuy\u1ec7t v\u1eddi.<\/p>\n<p>\u2013 S\u1eefa \u0111\u1eb7c KONERI kh\u00f4ng ch\u1ee9a b\u1ea5t k\u1ef3 ch\u1ea5t g\u00e2y d\u1ecb \u1ee9ng ch\u00ednh n\u00e0o trong s\u1ed1 8 ch\u1ea5t g\u00e2y d\u1ecb \u1ee9ng ch\u00ednh.<\/p>\n<p><img decoding=\"async\" class=\"wp-image-12511 aligncenter\" src=\"https:\/\/havamall.vn\/wp-content\/uploads\/2019\/03\/co-nen-luoc-sua-dac-truoc-khi-uong-khong-1_800x400-300x150.jpg\" alt=\"\" width=\"428\" height=\"214\" srcset=\"https:\/\/havamall.vn\/wp-content\/uploads\/2019\/03\/co-nen-luoc-sua-dac-truoc-khi-uong-khong-1_800x400-300x150.jpg 300w, https:\/\/havamall.vn\/wp-content\/uploads\/2019\/03\/co-nen-luoc-sua-dac-truoc-khi-uong-khong-1_800x400-430x215.jpg 430w, https:\/\/havamall.vn\/wp-content\/uploads\/2019\/03\/co-nen-luoc-sua-dac-truoc-khi-uong-khong-1_800x400-150x75.jpg 150w, https:\/\/havamall.vn\/wp-content\/uploads\/2019\/03\/co-nen-luoc-sua-dac-truoc-khi-uong-khong-1_800x400-700x350.jpg 700w, https:\/\/havamall.vn\/wp-content\/uploads\/2019\/03\/co-nen-luoc-sua-dac-truoc-khi-uong-khong-1_800x400-768x384.jpg 768w, https:\/\/havamall.vn\/wp-content\/uploads\/2019\/03\/co-nen-luoc-sua-dac-truoc-khi-uong-khong-1_800x400-600x300.jpg 600w, https:\/\/havamall.vn\/wp-content\/uploads\/2019\/03\/co-nen-luoc-sua-dac-truoc-khi-uong-khong-1_800x400.jpg 800w\" sizes=\"(max-width: 428px) 100vw, 428px\" \/><\/p>\n<p>H\u01b0\u1edbng d\u1eabn s\u1eed d\u1ee5ng s\u1eefa \u0111\u1eb7c c\u00f3 \u0111\u01b0\u1eddng KONERI<br \/>\n\u2013 KONERI Sweetened Condensed Milk l\u00e0m th\u1ee9c u\u1ed1ng v\u00e0 c\u00e1c m\u00f3n b\u00e1nh th\u00eam h\u1ea5p d\u1eabn.<br \/>\n\u2013 C\u00f3 th\u1ec3 s\u1eed d\u1ee5ng s\u1ea3n ph\u1ea9m tr\u1ef1c ti\u1ebfp, v\u00ed d\u1ee5 tr\u1ef1c ti\u1ebfp ch\u1ea5m b\u00e1nh m\u1ef3. Pha s\u1ea3n ph\u1ea9m v\u1edbi n\u01b0\u1edbc n\u00f3ng u\u1ed1ng. D\u00f9ng v\u1edbi c\u00e1c lo\u1ea1i tr\u00e1i c\u00e2y t\u01b0\u01a1i l\u00e0m th\u00e0nh sinh t\u1ed1 c\u1ef1c ngon.<br \/>\n\u2013 C\u00f3 th\u1ec3 l\u00e0m m\u00f3n hortacha, kem v\u00e0 c\u00e1c m\u00f3n kh\u00e1c.<br \/>\n\u2013 \u0110\u1eb7c bi\u1ec7t kh\u00f4ng \u0111\u01b0\u1ee3c l\u00e0m n\u00f3ng s\u1ea3n ph\u1ea9m.<br \/>\n\u2013 B\u1ea3o qu\u1ea3n n\u01a1i kh\u00f4 r\u00e1o, tho\u00e1ng m\u00e1t<br \/>\n\u2013 Sau khi m\u1edf h\u1ed9p n\u00ean \u0111\u1eady k\u00edn, b\u1ea3o qu\u1ea3n trong t\u1ee7 l\u1ea1nh. S\u1eed d\u1ee5ng h\u1ebft c\u00e0ng s\u1edbm c\u00e0ng t\u1ed1t sau khi \u0111\u00e3 m\u1edf s\u1ea3n ph\u1ea9m.<br \/>\nS\u1eefa \u0111\u1eb7c c\u00f3 \u0111\u01b0\u1eddng KONERI l\u00e0 s\u1ef1 l\u1ef1a ch\u1ecdn ho\u00e0n h\u1ea3o cho m\u1ed7i gia \u0111\u00ecnh. N\u1ebfu b\u1ea1n th\u00edch h\u01b0\u01a1ng v\u1ecb b\u00e9o ng\u1eady c\u1ee7a s\u1eefa \u0111\u1eb7c nh\u01b0ng e d\u00e8 \u0111\u1ed9 ng\u1ecdt qu\u00e1 g\u1eaft, g\u00e2y kh\u00f3 ch\u1ecbu. KONERI s\u1ebd gi\u1ea3i quy\u1ebft v\u1ea5n \u0111\u1ec1 cho b\u1ea1n.<\/p>","protected":false},"excerpt":{"rendered":"<p>B\u1ea1n l\u00e0 ng\u01b0\u1eddi th\u00edch u\u1ed1ng c\u00e0 ph\u00ea s\u1eefa, sinh t\u1ed1 hay th\u00edch l\u00e0m b\u00e1nh th\u00ec s\u1eefa \u0111\u1eb7c Koneri l\u00e0 l\u1ef1a ch\u1ecdn ho\u00e0n h\u1ea3o nh\u1ea5t, l\u00e0m cho th\u1ee9c u\u1ed1ng &amp; b\u00e1nh c\u1ee7a b\u1ea1n c\u00f3 m\u00f9i v\u1ecb th\u01a1m ngon tuy\u1ec7t v\u1eddi !!!<\/p>","protected":false},"featured_media":9949,"comment_status":"open","ping_status":"closed","template":"","meta":[],"product_brand":[],"product_cat":[36,135,143],"product_tag":[],"class_list":{"0":"post-9929","1":"product","2":"type-product","3":"status-publish","4":"has-post-thumbnail","6":"product_cat-thuc-pham-tieu-dung","7":"product_cat-sua-do-uong","8":"product_cat-thuc-pham-dong-hop","10":"first","11":"instock","12":"sale","13":"shipping-taxable","14":"purchasable","15":"product-type-simple"},"_links":{"self":[{"href":"https:\/\/havamall.vn\/en\/wp-json\/wp\/v2\/product\/9929"}],"collection":[{"href":"https:\/\/havamall.vn\/en\/wp-json\/wp\/v2\/product"}],"about":[{"href":"https:\/\/havamall.vn\/en\/wp-json\/wp\/v2\/types\/product"}],"replies":[{"embeddable":true,"href":"https:\/\/havamall.vn\/en\/wp-json\/wp\/v2\/comments?post=9929"}],"version-history":[{"count":0,"href":"https:\/\/havamall.vn\/en\/wp-json\/wp\/v2\/product\/9929\/revisions"}],"wp:featuredmedia":[{"embeddable":true,"href":"https:\/\/havamall.vn\/en\/wp-json\/wp\/v2\/media\/9949"}],"wp:attachment":[{"href":"https:\/\/havamall.vn\/en\/wp-json\/wp\/v2\/media?parent=9929"}],"wp:term":[{"taxonomy":"product_brand","embeddable":true,"href":"https:\/\/havamall.vn\/en\/wp-json\/wp\/v2\/product_brand?post=9929"},{"taxonomy":"product_cat","embeddable":true,"href":"https:\/\/havamall.vn\/en\/wp-json\/wp\/v2\/product_cat?post=9929"},{"taxonomy":"product_tag","embeddable":true,"href":"https:\/\/havamall.vn\/en\/wp-json\/wp\/v2\/product_tag?post=9929"}],"curies":[{"name":"wp","href":"https:\/\/api.w.org\/{rel}","templated":true}]}}