{"id":9903,"date":"2019-01-29T14:44:27","date_gmt":"2019-01-29T07:44:27","guid":{"rendered":"https:\/\/havamall.vn\/?post_type=product&#038;p=9903"},"modified":"2026-03-02T08:28:44","modified_gmt":"2026-03-02T01:28:44","slug":"hat-huong-duong-martin-hieu-con-vit-nga","status":"publish","type":"product","link":"https:\/\/havamall.vn\/en\/shop\/hat-huong-duong-martin-hieu-con-vit-nga\/","title":{"rendered":"H\u1ea1t h\u01b0\u1edbng d\u01b0\u01a1ng MARTIN hi\u1ec7u con v\u1ecbt Nga"},"content":{"rendered":"<p>H\u1ea1t h\u01b0\u1edbng d\u01b0\u01a1ng Martin l\u00e0 m\u1ed9t s\u1ea3n ph\u1ea9m truy\u1ec1n th\u1ed1ng c\u1ee7a Nga. H\u1ea1t h\u01b0\u1edbng d\u01b0\u01a1ng Martin \u0111\u01b0\u1ee3c s\u1ea3n xu\u1ea5t v\u00e0 \u0111\u00f3ng g\u00f3i theo d\u00e2y chuy\u1ec1n c\u00f4ng ngh\u1ec7 hi\u1ec7n \u0111\u1ea1i. \u0110\u1ea3m b\u1ea3o h\u01b0\u01a1ng v\u1ecb th\u01a1m ngon c\u00f9ng v\u1edbi \u0111\u1ed9 gi\u00f2n cao s\u1ebd mang \u0111\u1ebfn cho b\u1ea1n s\u1ef1 c\u1ea3m nh\u1eadn c\u0169ng nh\u01b0 m\u00f9i v\u1ecb kh\u00e1c bi\u1ec7t v\u00e0 ho\u00e0n h\u1ea3o. H\u1ea1t nh\u1ecf th\u01a1m, m\u1ea9y v\u00e0 \u0111\u1ea7y, kh\u00f4ng b\u1ecb l\u00e9p, \u0103n nhi\u1ec1u kh\u00f4ng b\u1ecb ho nh\u01b0 h\u1ea1t h\u01b0\u1edbng d\u01b0\u01a1ng th\u00f4ng th\u01b0\u1eddng. S\u1ea3n ph\u1ea9m kh\u00f4ng d\u00f9ng ch\u1ea5t b\u1ea3o qu\u1ea3n, \u0111\u1ea3m b\u1ea3o an to\u00e0n v\u1ec7 sinh th\u1ef1c ph\u1ea9m.<\/p>\n<p><img fetchpriority=\"high\" decoding=\"async\" class=\"wp-image-25790 aligncenter\" src=\"https:\/\/havamall.vn\/wp-content\/uploads\/2019\/01\/z3249726086812_a8db5846b9911cd66812b50c7517f71c-1-283x300.jpg\" alt=\"\" width=\"576\" height=\"611\" srcset=\"https:\/\/havamall.vn\/wp-content\/uploads\/2019\/01\/z3249726086812_a8db5846b9911cd66812b50c7517f71c-1-283x300.jpg 283w, https:\/\/havamall.vn\/wp-content\/uploads\/2019\/01\/z3249726086812_a8db5846b9911cd66812b50c7517f71c-1-430x455.jpg 430w, https:\/\/havamall.vn\/wp-content\/uploads\/2019\/01\/z3249726086812_a8db5846b9911cd66812b50c7517f71c-1-150x159.jpg 150w, https:\/\/havamall.vn\/wp-content\/uploads\/2019\/01\/z3249726086812_a8db5846b9911cd66812b50c7517f71c-1-700x741.jpg 700w, https:\/\/havamall.vn\/wp-content\/uploads\/2019\/01\/z3249726086812_a8db5846b9911cd66812b50c7517f71c-1-768x813.jpg 768w, https:\/\/havamall.vn\/wp-content\/uploads\/2019\/01\/z3249726086812_a8db5846b9911cd66812b50c7517f71c-1-1200x1270.jpg 1200w, https:\/\/havamall.vn\/wp-content\/uploads\/2019\/01\/z3249726086812_a8db5846b9911cd66812b50c7517f71c-1-600x635.jpg 600w, https:\/\/havamall.vn\/wp-content\/uploads\/2019\/01\/z3249726086812_a8db5846b9911cd66812b50c7517f71c-1.jpg 1920w\" sizes=\"(max-width: 576px) 100vw, 576px\" \/><\/p>\n<p>H\u1ea1t h\u01b0\u1edbng d\u01b0\u01a1ng t\u1ed1t cho h\u1ec7 th\u1ea7n kinh, c\u00f3 hi\u1ec7u qu\u1ea3 cho nh\u1eefng ng\u01b0\u1eddi b\u1ecf thu\u1ed1c l\u00e1. C\u00f3 ch\u1ee9a vitamin A, E, D, v\u00ec v\u1eady \u0111\u01b0\u1ee3c v\u00ed nh\u01b0 l\u00e0 thu\u1ed1c tr\u01b0\u1eddng ni\u00ean, c\u00f3 t\u00e1c d\u1ee5ng t\u1ed1t cho da, s\u1ea3n ph\u1ea9m l\u00e0nh m\u1ea1nh v\u00e0 b\u1ed5 d\u01b0\u1ee1ng, b\u00ecnh th\u01b0\u1eddng h\u00f3a s\u1ef1 c\u00e2n b\u1eb1ng axit-ki\u1ec1m. Ngo\u00e0i ra, h\u1ea1t h\u01b0\u1edbng d\u01b0\u01a1ng c\u00f2n ch\u1ee9a kali, canxi, ch\u1ea5t x\u01a1, ph\u1ed1t pho v\u00e0 kh\u00f4ng b\u00e3o h\u00f2a \u0111a ch\u1ea5t b\u00e9o \u0111\u1ec3 l\u00e0m gi\u1ea3m cholesterol.<\/p>\n<p>H\u1ea1t h\u01b0\u1edbng d\u01b0\u01a1ng c\u00f3 gi\u00e1 tr\u1ecb dinh d\u01b0\u1ee1ng cao, gi\u00fap t\u0103ng c\u01b0\u1eddng tr\u00ed nh\u1edb, ng\u0103n ng\u1eeba l\u00e3o h\u00f3a, gi\u00fap b\u1ea1n k\u00e9o d\u00e0i s\u1ee9c kh\u1ecfe v\u00e0 tu\u1ed5i thanh xu\u00e2n, \u0111\u1eb7c bi\u1ec7t g\u00f3p ph\u1ea7n ph\u00f2ng ng\u1eeba c\u00e1c b\u1ec7nh m\u1ee1 trong m\u00e1u cao.<\/p>\n<p>H\u1ea1t h\u01b0\u1edbng d\u01b0\u01a1ng r\u1ea5t ph\u00f9 h\u1ee3p v\u1edbi c\u00e1c \u0111\u00e1m c\u01b0\u1edbi v\u00e0 c\u00e1c nghi l\u1ec5 quan tr\u1ecdng nh\u01b0ng c\u1ea7n s\u1ef1 sang tr\u1ecdng, l\u00e0m qu\u00e0 bi\u1ebfu ho\u1eb7c c\u00f3 th\u1ec3 d\u00f9ng \u0111\u1ec3 nh\u00e2m nhi h\u00e0ng ng\u00e0y v\u00e0 ng\u00e0y T\u1ebft.<\/p>\n<p><img decoding=\"async\" class=\"wp-image-25787 aligncenter\" src=\"https:\/\/havamall.vn\/wp-content\/uploads\/2020\/11\/z3249726187196_351ad94b66740ad20dbd3a71f90d86a3-1-264x300.jpg\" alt=\"\" width=\"556\" height=\"631\" srcset=\"https:\/\/havamall.vn\/wp-content\/uploads\/2020\/11\/z3249726187196_351ad94b66740ad20dbd3a71f90d86a3-1-264x300.jpg 264w, https:\/\/havamall.vn\/wp-content\/uploads\/2020\/11\/z3249726187196_351ad94b66740ad20dbd3a71f90d86a3-1-430x488.jpg 430w, https:\/\/havamall.vn\/wp-content\/uploads\/2020\/11\/z3249726187196_351ad94b66740ad20dbd3a71f90d86a3-1-150x170.jpg 150w, https:\/\/havamall.vn\/wp-content\/uploads\/2020\/11\/z3249726187196_351ad94b66740ad20dbd3a71f90d86a3-1-700x794.jpg 700w, https:\/\/havamall.vn\/wp-content\/uploads\/2020\/11\/z3249726187196_351ad94b66740ad20dbd3a71f90d86a3-1-768x872.jpg 768w, https:\/\/havamall.vn\/wp-content\/uploads\/2020\/11\/z3249726187196_351ad94b66740ad20dbd3a71f90d86a3-1-902x1024.jpg 902w, https:\/\/havamall.vn\/wp-content\/uploads\/2020\/11\/z3249726187196_351ad94b66740ad20dbd3a71f90d86a3-1-1200x1362.jpg 1200w, https:\/\/havamall.vn\/wp-content\/uploads\/2020\/11\/z3249726187196_351ad94b66740ad20dbd3a71f90d86a3-1-600x681.jpg 600w, https:\/\/havamall.vn\/wp-content\/uploads\/2020\/11\/z3249726187196_351ad94b66740ad20dbd3a71f90d86a3-1.jpg 1920w\" sizes=\"(max-width: 556px) 100vw, 556px\" \/><\/p>\n<p><strong>C\u00f4ng d\u1ee5ng:<\/strong><br \/>\n\u2013\u00a0H\u1ea1t h\u01b0\u1edbng d\u01b0\u01a1ng c\u00f3 gi\u00e1 tr\u1ecb dinh d\u01b0\u1ee1ng kh\u00e1 cao, ch\u1ee9a d\u1ea7u b\u00e9o, protein, caroten, canxi, s\u1eaft, phospho v\u00e0 nhi\u1ec1u lo\u1ea1i vitamin. Vi\u1ec7c m\u1ed7i ng\u00e0y \u0103n m\u1ed9t n\u1eafm h\u1ea1t h\u01b0\u1edbng d\u01b0\u01a1ng s\u1ebd gi\u00fap t\u0103ng c\u01b0\u1eddng tr\u00ed nh\u1edb, ng\u0103n ng\u1eeba l\u00e3o h\u00f3a, gi\u00fap b\u1ea1n k\u00e9o d\u00e0i s\u1ee9c kh\u1ecfe v\u00e0 tu\u1ed5i thanh xu\u00e2n.<br \/>\n\u2013 H\u1ea1t h\u01b0\u1edbng d\u01b0\u01a1ng g\u00f3p ph\u1ea7n ph\u00f2ng ng\u1eeba c\u00e1c b\u1ec7nh m\u1ee1 trong m\u00e1u cao nh\u1edd t\u00e1c d\u1ee5ng l\u00e0m gi\u1ea3m cholesterol.<br \/>\n\u2013 Tr\u00ean th\u1ebf gi\u1edbi \u0111\u00e3 c\u00f3 nhi\u1ec1u nghi\u00ean c\u1ee9u v\u1ec1 t\u00e1c d\u1ee5ng c\u1ee7a h\u1ea1t h\u01b0\u1edbng d\u01b0\u01a1ng. Theo \u0111\u00f3, c\u00e1c th\u00e0nh ph\u1ea7n trong lo\u1ea1i h\u1ea1t n\u00e0y c\u00f3 th\u1ec3 th\u00fac \u0111\u1ea9y qu\u00e1 tr\u00ecnh t\u00e1i sinh t\u1ebf b\u00e0o, b\u01b0\u1edbc \u0111\u1ea7u thu \u0111\u01b0\u1ee3c hi\u1ec7u qu\u1ea3 trong tr\u1ecb li\u1ec7u th\u1ea7n kinh suy nh\u01b0\u1ee3c, m\u1ea5t ng\u1ee7\u2026<\/p>\n<p><strong>B\u1ea3o qu\u1ea3n:<br \/>\n<\/strong>\u2013 B\u1ea3o qu\u1ea3n n\u01a1i kh\u00f4 r\u00e1o, tho\u00e1ng m\u00e1t, nhi\u1ec7t \u0111\u1ed9 \u1edf 25<sup>o<\/sup>C, \u0111\u1ed9 \u1ea9m kh\u00f4ng qu\u00e1 75%.<\/p>","protected":false},"excerpt":{"rendered":"<p>H\u1ea1t h\u01b0\u1edbng d\u01b0\u01a1ng Martin l\u00e0 m\u1ed9t s\u1ea3n ph\u1ea9m truy\u1ec1n th\u1ed1ng c\u1ee7a Nga. H\u1ea1t h\u01b0\u1edbng d\u01b0\u01a1ng Martin \u0111\u01b0\u1ee3c s\u1ea3n xu\u1ea5t v\u00e0 \u0111\u00f3ng g\u00f3i theo d\u00e2y chuy\u1ec1n c\u00f4ng ngh\u1ec7 hi\u1ec7n \u0111\u1ea1i. H\u1ea1t nh\u1ecf th\u01a1m, m\u1ea9y v\u00e0 \u0111\u1ea7y, kh\u00f4ng b\u1ecb l\u00e9p, \u0103n nhi\u1ec1u kh\u00f4ng b\u1ecb ho nh\u01b0 h\u1ea1t h\u01b0\u1edbng d\u01b0\u01a1ng th\u00f4ng th\u01b0\u1eddng. S\u1ea3n ph\u1ea9m kh\u00f4ng d\u00f9ng ch\u1ea5t b\u1ea3o qu\u1ea3n, \u0111\u1ea3m b\u1ea3o an to\u00e0n v\u1ec7 sinh th\u1ef1c ph\u1ea9m.<\/p>","protected":false},"featured_media":9906,"comment_status":"open","ping_status":"closed","template":"","meta":[],"product_brand":[],"product_cat":[36,134],"product_tag":[],"class_list":{"0":"post-9903","1":"product","2":"type-product","3":"status-publish","4":"has-post-thumbnail","6":"product_cat-thuc-pham-tieu-dung","7":"product_cat-thucpham-saykho","9":"first","10":"outofstock","11":"sale","12":"shipping-taxable","13":"purchasable","14":"product-type-variable"},"_links":{"self":[{"href":"https:\/\/havamall.vn\/en\/wp-json\/wp\/v2\/product\/9903"}],"collection":[{"href":"https:\/\/havamall.vn\/en\/wp-json\/wp\/v2\/product"}],"about":[{"href":"https:\/\/havamall.vn\/en\/wp-json\/wp\/v2\/types\/product"}],"replies":[{"embeddable":true,"href":"https:\/\/havamall.vn\/en\/wp-json\/wp\/v2\/comments?post=9903"}],"version-history":[{"count":0,"href":"https:\/\/havamall.vn\/en\/wp-json\/wp\/v2\/product\/9903\/revisions"}],"wp:featuredmedia":[{"embeddable":true,"href":"https:\/\/havamall.vn\/en\/wp-json\/wp\/v2\/media\/9906"}],"wp:attachment":[{"href":"https:\/\/havamall.vn\/en\/wp-json\/wp\/v2\/media?parent=9903"}],"wp:term":[{"taxonomy":"product_brand","embeddable":true,"href":"https:\/\/havamall.vn\/en\/wp-json\/wp\/v2\/product_brand?post=9903"},{"taxonomy":"product_cat","embeddable":true,"href":"https:\/\/havamall.vn\/en\/wp-json\/wp\/v2\/product_cat?post=9903"},{"taxonomy":"product_tag","embeddable":true,"href":"https:\/\/havamall.vn\/en\/wp-json\/wp\/v2\/product_tag?post=9903"}],"curies":[{"name":"wp","href":"https:\/\/api.w.org\/{rel}","templated":true}]}}