{"id":9890,"date":"2019-01-24T12:42:05","date_gmt":"2019-01-24T05:42:05","guid":{"rendered":"https:\/\/havamall.vn\/?post_type=product&#038;p=9890"},"modified":"2025-03-18T14:27:10","modified_gmt":"2025-03-18T07:27:10","slug":"dau-bo-trang-fagioli-divella","status":"publish","type":"product","link":"https:\/\/havamall.vn\/en\/shop\/dau-bo-trang-fagioli-divella\/","title":{"rendered":"\u0110\u1eadu B\u01a1 Tr\u1eafng Fagioli Divella"},"content":{"rendered":"<p><strong>\u0110\u1eadu b\u01a1 tr\u1eafng Fagioli hay c\u00f2n g\u1ecdi \u0111\u1eadu T\u00e2y Ban Nha<\/strong>, l\u00e0 m\u1ed9t lo\u1ea1i th\u1ef1c ph\u1ea9m gi\u00e0u dinh d\u01b0\u1ee1ng c\u00f3 ch\u1ee9a m\u1ed9t l\u01b0\u1ee3ng cao ch\u1ea5t x\u01a1 v\u00e0 protein r\u1ea5t cao, nh\u01b0ng c\u00f3 l\u01b0\u1ee3ng calo th\u1ea5p. \u0110\u1eadu tr\u1eafng c\u00f3 ch\u1ee9a m\u1ed9t h\u1ee3p ch\u1ea5t c\u00f3 t\u00e1c d\u1ee5ng nh\u01b0 ch\u1eb7n acid amin amylase g\u00e2y \u1ee9c ch\u1ebf s\u1ef1 h\u1ea5p thu carbonhydrate, h\u1ea1n ch\u1ebf \u0111\u01b0\u1ee3c qu\u00e1 tr\u00ecnh h\u00ecnh th\u00e0nh ch\u1ea5t b\u00e9o.<\/p>\n<p>Ngo\u00e0i ra, \u0111\u1eadu tr\u1eafng c\u00f2n cung c\u1ea5p cho c\u01a1 th\u1ec3 nhi\u1ec1u Vitamin nh\u00f3m B, Kali, r\u1ea5t nhi\u1ec1u ch\u1ea5t x\u01a1. C\u00f3 th\u1ec3 th\u1ea5y gi\u00e1 tr\u1ecb dinh d\u01b0\u1ee1ng c\u1ee7a \u0111\u1eadu tr\u1eafng kh\u00f4ng h\u1ec1 thua k\u00e9m nh\u1eefng th\u1ef1c ph\u1ea9m nh\u01b0 th\u1ecbt, c\u00e1, tr\u1ee9ng,&#8230;<strong><img fetchpriority=\"high\" decoding=\"async\" class=\"wp-image-9884 aligncenter\" src=\"https:\/\/havamall.vn\/wp-content\/uploads\/2025\/03\/1000009805978_i1_1200.jpg\" alt=\"\" width=\"708\" height=\"374\" \/><\/strong><\/p>\n<p>\u00cdt ch\u1ea5t b\u00e9o v\u00e0 gi\u00e0u carbohydrates ph\u1ee9c h\u1ee3p, kho\u00e1ng ch\u1ea5t, protein v\u00e0 vitamin, \u0111\u1eadu th\u1eadn c\u00f3 li\u00ean quan \u0111\u1ebfn vi\u1ec7c gi\u1ea3m nguy c\u01a1 m\u1eafc c\u00e1c b\u1ec7nh ung th\u01b0, b\u1ec7nh tim v\u00e0 ti\u1ec3u \u0111\u01b0\u1eddng v\u00e0 h\u1ed7 tr\u1ee3 gi\u1ea3m c\u00e2n hi\u1ec7u qu\u1ea3.<\/p>\n<p><strong>\u0110\u1eadu b\u01a1 tr\u1eafng Fagioli<\/strong>\u00a0\u0111\u01b0\u1ee3c l\u00e0m t\u1eeb c\u00e1c nguy\u00ean li\u1ec7u t\u1ef1 nhi\u00ean cao c\u1ea5p, \u0111\u01b0\u1ee3c ch\u1ecdn l\u1ecdc k\u0129 c\u00e0ng \u0111\u1ea3m b\u1ea3o mang \u0111\u1ebfn cho s\u1ea3n ph\u1ea9m ch\u1ea5t l\u01b0\u1ee3ng tuy\u1ec7t h\u1ea3o nh\u1ea5t.\u00a0<strong>\u0110\u1eadu b\u01a1 tr\u1eafng Fagioli<\/strong> l\u00e0 m\u1ed9t lo\u1ea1i th\u1ef1c ph\u1ea9m r\u1ea5t gi\u00e0u ch\u1ea5t dinh d\u01b0\u1ee1ng v\u00e0 gi\u00fap ng\u0103n ng\u1eeba nhi\u1ec1u lo\u1ea1i b\u1ec7nh. \u0110\u1eadu gi\u00e0u d\u01b0\u1ee1ng ch\u1ea5t t\u1ed1t cho s\u1ee9c kh\u1ecfe, gi\u00fap tr\u00e1nh kh\u1ecfi c\u00e1c cholesterol x\u1ea5u, ch\u1eefa tr\u1ecb b\u1ec7nh t\u00e1o b\u00f3n, ph\u00f2ng ng\u1eeba b\u1ec7nh tim, \u0111i\u1ec1u h\u00f2a l\u01b0\u1ee3ng \u0111\u01b0\u1eddng trong m\u00e1u,\u2026 \u0110\u1eadu \u0111\u00f3ng h\u1ed9p v\u1edbi th\u00e0nh ph\u1ea7n \u0111\u1eadu b\u01a1, n\u01b0\u1edbc, mu\u1ed1i,\u2026 \u0111\u01b0\u1ee3c ch\u1ebf bi\u1ebfn s\u1eb5n s\u1ebd mang l\u1ea1i cho ng\u01b0\u1eddi d\u00f9ng m\u1ed9t th\u1ef1c ph\u1ea9m v\u1eeba ti\u1ec7n \u00edch cho vi\u1ec7c n\u1ea5u n\u01b0\u1edbng, v\u1eeba cung c\u1ea5p nhi\u1ec1u ch\u1ea5t dinh d\u01b0\u1ee1ng.<\/p>\n<p><strong><img decoding=\"async\" class=\"aligncenter\" src=\"https:\/\/havamall.vn\/wp-content\/uploads\/2025\/03\/e046d192ce4ff57ac9460b1f11660bcf.jpg\" alt=\"K\u00e1\u00ba\u00bft qu\u00e1\u00ba\u00a3 h\u00c3\u00acnh \u00e1\u00ba\u00a3nh cho \u00c4\u0091\u00e1\u00ba\u00adu b\u00c6\u00a1 tr\u00e1\u00ba\u00afng \u00c4\u0091\u00c3\u00b3ng h\u00e1\u00bb\u0099p\" width=\"484\" height=\"484\" \/><\/strong><\/p>\n<p><strong>\u0110\u1eadu b\u01a1 tr\u1eafng Fagioli<\/strong> \u0111\u01b0\u1ee3c s\u1ea3n xu\u1ea5t theo c\u00f4ng ngh\u1ec7 hi\u1ec7n \u0111\u1ea1i, m\u1ecdi kh\u00e2u t\u1eeb tuy\u1ec3n ch\u1ecdn nguy\u00ean li\u1ec7u t\u1edbi ch\u1ebf bi\u1ebfn, \u0111\u00f3ng bao b\u00ec \u0111\u1ec1u di\u1ec5n ra kh\u00e9p k\u00edn d\u01b0\u1edbi s\u1ef1 gi\u00e1m s\u00e1t v\u00e0 ki\u1ec3m tra nghi\u00eam ng\u1eb7t. S\u1ea3n ph\u1ea9m kh\u00f4ng ch\u1ee9a h\u00f3a ch\u1ea5t, ch\u1ea5t b\u1ea3o qu\u1ea3n \u0111\u1ed9c h\u1ea1i, \u0111\u1ea3m b\u1ea3o an to\u00e0n cho s\u1ee9c kh\u1ecfe ng\u01b0\u1eddi ti\u00eau d\u00f9ng. S\u1ea3n ph\u1ea9m c\u00f3 h\u01b0\u01a1ng v\u1ecb th\u01a1m ngon c\u1ee7a nh\u1eefng nguy\u00ean li\u1ec7u t\u1ef1 nhi\u00ean \u0111\u01b0\u1ee3c ch\u1ecdn l\u1ecdc k\u1ef9 c\u00e0ng.<\/p>\n<p>S\u1ea3n ph\u1ea9m \u0111\u01b0\u1ee3c \u0111\u00f3ng g\u00f3i ti\u1ec7n d\u1ee5ng cho b\u1ea1n s\u1eed d\u1ee5ng c\u0169ng nh\u01b0 b\u1ea3o qu\u1ea3n, v\u1ecf \u0111\u1ef1ng s\u1ea3n ph\u1ea9m l\u00e0m t\u1eeb nguy\u00ean li\u1ec7u s\u1ea1ch, kh\u00f4ng l\u1eabn t\u1ea1p ch\u1ea5t h\u00f3a h\u1ecdc \u0111\u1ed9c h\u1ea1i.<\/p>\n<p><strong>\u0110\u1eadu b\u01a1 tr\u1eafng Fagioli\u00a0<\/strong>\u0111\u01b0\u1ee3c nh\u1eadp kh\u1ea9u ch\u00ednh h\u00e3ng t\u1eeb \u00dd. S\u1ea3n ph\u1ea9m \u0111\u1ea1t ti\u00eau chu\u1ea9n ch\u1ea5t l\u01b0\u1ee3ng cao v\u00e0 r\u1ea5t ti\u1ec7n d\u1ee5ng.<\/p>\n<p><b><img decoding=\"async\" class=\"wp-image-9891 aligncenter\" src=\"https:\/\/havamall.vn\/wp-content\/uploads\/2025\/03\/Easy-Canned-Butter-Beans-The-Live-In-Kitchen-1.jpg\" alt=\"\" width=\"527\" height=\"351\" \/>Th\u00f4ng tin th\u00eam v\u1ec1 th\u01b0\u01a1ng hi\u1ec7u:<br \/>\n<\/b><\/p>\n<p>Divella\u00a0l\u00e0 c\u00f4ng ty c\u00f3 l\u1ecbch s\u1eed h\u01a1n 130 n\u0103m trong ng\u00e0nh ch\u1ebf bi\u1ebfn m\u1ef3 pastase molina t\u1eeb b\u1ed9t m\u00ec durum. N\u0103m 1890, \u00f4ng Francesco Divella \u0111\u00e3 x\u00e2y d\u1ef1ng nh\u00e0 m\u00e1y b\u1ed9t m\u00ec \u0111\u1ea7u ti\u00ean t\u1ea1i Rutigliano \u1edf mi\u1ec1n \u0110\u00f4ng Nam n\u01b0\u1edbc \u00dd, tr\u00e1i tim c\u1ee7a v\u00f9ng \u0111\u1ed3ng b\u1eb1ng Apulian, n\u1ed5i ti\u1ebfng l\u00e0 n\u01a1i c\u00f3 ch\u1ea5t l\u01b0\u1ee3ng b\u1ed9t m\u00ec t\u1ed1t nh\u1ea5t n\u01b0\u1edbc.<\/p>\n<p>V\u1edbi truy\u1ec1n th\u1ed1ng, kinh nghi\u1ec7m v\u00e0 k\u1ef9 thu\u1eadt, Divella lu\u00f4n cho ra \u0111\u1eddi c\u00e1c s\u1ea3n ph\u1ea9m ch\u1ea5t l\u01b0\u1ee3ng \u0111\u01b0\u1ee3c kh\u1eb3ng \u0111\u1ecbnh t\u1eeb vi\u1ec7c l\u1ef1a ch\u1ecdn nguy\u00ean li\u1ec7u, ph\u01b0\u01a1ng th\u1ee9c s\u1ea3n xu\u1ea5t \u0111\u1ebfn vi\u1ec7c \u0111\u00f3ng g\u00f3i s\u1ea3n ph\u1ea9m.<\/p>\n<p>Hi\u1ec7n Divella \u0111ang \u0111\u01b0\u1ee3c xu\u1ea5t kh\u1ea9u \u0111i h\u01a1n 100 n\u01b0\u1edbc v\u00e0 \u0111\u00e3 \u0111ang chi\u1ebfm v\u1ecb tr\u00ed s\u1ed1 1 t\u1ea1i th\u1ecb tr\u01b0\u1eddng nhi\u1ec1u n\u01b0\u1edbc tr\u00ean th\u1ebf gi\u1edbi.<\/p>\n<p>&nbsp;<\/p>\n<p>&nbsp;<\/p>","protected":false},"excerpt":{"rendered":"<p>\u0110\u1eadu b\u01a1 tr\u1eafng Fagioli hay c\u00f2n g\u1ecdi \u0111\u1eadu T\u00e2y Ban Nha, l\u00e0 m\u1ed9t lo\u1ea1i th\u1ef1c ph\u1ea9m gi\u00e0u dinh d\u01b0\u1ee1ng c\u00f3<\/p>","protected":false},"featured_media":9893,"comment_status":"open","ping_status":"closed","template":"","meta":[],"product_brand":[],"product_cat":[672,36,143],"product_tag":[],"class_list":{"0":"post-9890","1":"product","2":"type-product","3":"status-publish","4":"has-post-thumbnail","6":"product_cat-nhap-khau-y","7":"product_cat-thuc-pham-tieu-dung","8":"product_cat-thuc-pham-dong-hop","9":"pa_brand-divella","11":"first","12":"instock","13":"sale","14":"shipping-taxable","15":"purchasable","16":"product-type-simple"},"_links":{"self":[{"href":"https:\/\/havamall.vn\/en\/wp-json\/wp\/v2\/product\/9890"}],"collection":[{"href":"https:\/\/havamall.vn\/en\/wp-json\/wp\/v2\/product"}],"about":[{"href":"https:\/\/havamall.vn\/en\/wp-json\/wp\/v2\/types\/product"}],"replies":[{"embeddable":true,"href":"https:\/\/havamall.vn\/en\/wp-json\/wp\/v2\/comments?post=9890"}],"version-history":[{"count":0,"href":"https:\/\/havamall.vn\/en\/wp-json\/wp\/v2\/product\/9890\/revisions"}],"wp:featuredmedia":[{"embeddable":true,"href":"https:\/\/havamall.vn\/en\/wp-json\/wp\/v2\/media\/9893"}],"wp:attachment":[{"href":"https:\/\/havamall.vn\/en\/wp-json\/wp\/v2\/media?parent=9890"}],"wp:term":[{"taxonomy":"product_brand","embeddable":true,"href":"https:\/\/havamall.vn\/en\/wp-json\/wp\/v2\/product_brand?post=9890"},{"taxonomy":"product_cat","embeddable":true,"href":"https:\/\/havamall.vn\/en\/wp-json\/wp\/v2\/product_cat?post=9890"},{"taxonomy":"product_tag","embeddable":true,"href":"https:\/\/havamall.vn\/en\/wp-json\/wp\/v2\/product_tag?post=9890"}],"curies":[{"name":"wp","href":"https:\/\/api.w.org\/{rel}","templated":true}]}}