{"id":9883,"date":"2019-01-24T11:42:52","date_gmt":"2019-01-24T04:42:52","guid":{"rendered":"https:\/\/havamall.vn\/?post_type=product&#038;p=9883"},"modified":"2025-10-09T15:14:08","modified_gmt":"2025-10-09T08:14:08","slug":"dau-do-dong-hop-red-kidney-fagioli-400gr","status":"publish","type":"product","link":"https:\/\/havamall.vn\/en\/shop\/dau-do-dong-hop-red-kidney-fagioli-400gr\/","title":{"rendered":"\u0110\u1eadu \u0110\u1ecf \u0110\u00f3ng H\u1ed9p Red Kidney Fagioli 400gr"},"content":{"rendered":"<p><strong>\u0110\u1eadu \u0111\u1ecf Red Kidney Fagioli<\/strong> hay c\u00f2n g\u1ecdi l\u00e0 \u0111\u1eadu th\u1eadn. M\u00e0u c\u1ee7a \u0111\u1eadu ph\u1ee5 thu\u1ed9c v\u00e0o gi\u1ed1ng. \u0110\u1eadu \u0111\u1ecf c\u00f3 m\u00e0u \u0111\u1ecf \u0111\u1eadm, k\u1ebft c\u1ea5u ch\u1eafc ch\u1eafn v\u00e0 da b\u00f3ng, l\u00e0m cho ch\u00fang tr\u1edf th\u00e0nh lo\u1ea1i \u0111\u1eadu ph\u1ed5 bi\u1ebfn nh\u1ea5t \u1edf c\u00e1c n\u01b0\u1edbc T\u00e2y \u00c2u \u0111\u01b0\u1ee3c s\u1eed d\u1ee5ng c\u00f9ng \u1edbt, m\u00f3n h\u1ea7m, s\u00fap v\u00e0 c\u00e1c m\u00f3n \u0103n kh\u00e1c.<\/p>\n<p><strong><img fetchpriority=\"high\" decoding=\"async\" class=\"wp-image-9884 aligncenter\" src=\"https:\/\/havamall.com\/wp-content\/uploads\/2025\/10\/1000009805978_i1_1200.jpg\" alt=\"\" width=\"708\" height=\"374\" \/><\/strong><\/p>\n<p>\u00cdt ch\u1ea5t b\u00e9o v\u00e0 gi\u00e0u carbohydrates ph\u1ee9c h\u1ee3p, kho\u00e1ng ch\u1ea5t, protein v\u00e0 vitamin, \u0111\u1eadu th\u1eadn c\u00f3 li\u00ean quan \u0111\u1ebfn vi\u1ec7c gi\u1ea3m nguy c\u01a1 m\u1eafc c\u00e1c b\u1ec7nh ung th\u01b0, b\u1ec7nh tim v\u00e0 ti\u1ec3u \u0111\u01b0\u1eddng v\u00e0 h\u1ed7 tr\u1ee3 gi\u1ea3m c\u00e2n hi\u1ec7u qu\u1ea3.<\/p>\n<p><strong>\u0110\u1eadu \u0111\u1ecf Red Kidney Fagioli<\/strong>\u00a0\u0111\u01b0\u1ee3c l\u00e0m t\u1eeb c\u00e1c nguy\u00ean li\u1ec7u t\u1ef1 nhi\u00ean cao c\u1ea5p, \u0111\u01b0\u1ee3c ch\u1ecdn l\u1ecdc k\u0129 c\u00e0ng \u0111\u1ea3m b\u1ea3o mang \u0111\u1ebfn cho s\u1ea3n ph\u1ea9m ch\u1ea5t l\u01b0\u1ee3ng tuy\u1ec7t h\u1ea3o nh\u1ea5t.\u00a0<strong>\u0110\u1eadu \u0111\u1ecf\u00a0Red Kidney Fagioli<\/strong>\u00a0l\u00e0 m\u1ed9t lo\u1ea1i th\u1ef1c ph\u1ea9m r\u1ea5t gi\u00e0u ch\u1ea5t dinh d\u01b0\u1ee1ng v\u00e0 gi\u00fap ng\u0103n ng\u1eeba nhi\u1ec1u lo\u1ea1i b\u1ec7nh. \u0110\u1eadu \u0111\u1ecf gi\u00e0u d\u01b0\u1ee1ng ch\u1ea5t t\u1ed1t cho s\u1ee9c kh\u1ecfe, gi\u00fap tr\u00e1nh kh\u1ecfi c\u00e1c cholesterol x\u1ea5u, ch\u1eefa tr\u1ecb b\u1ec7nh t\u00e1o b\u00f3n, ph\u00f2ng ng\u1eeba b\u1ec7nh tim, \u0111i\u1ec1u h\u00f2a l\u01b0\u1ee3ng \u0111\u01b0\u1eddng trong m\u00e1u,\u2026 \u0110\u1eadu \u0111\u1ecf \u0111\u00f3ng h\u1ed9p v\u1edbi th\u00e0nh ph\u1ea7n \u0111\u1eadu \u0111\u1ecf, n\u01b0\u1edbc, mu\u1ed1i,\u2026 \u0111\u01b0\u1ee3c ch\u1ebf bi\u1ebfn s\u1eb5n s\u1ebd mang l\u1ea1i cho ng\u01b0\u1eddi d\u00f9ng m\u1ed9t th\u1ef1c ph\u1ea9m v\u1eeba ti\u1ec7n \u00edch cho vi\u1ec7c n\u1ea5u n\u01b0\u1edbng, v\u1eeba cung c\u1ea5p nhi\u1ec1u ch\u1ea5t dinh d\u01b0\u1ee1ng.<\/p>\n<p>&nbsp;<\/p>\n<p><strong>\u0110\u1eadu \u0111\u1ecf Red Kidney Fagioli<\/strong>\u00a0\u0111\u01b0\u1ee3c s\u1ea3n xu\u1ea5t theo c\u00f4ng ngh\u1ec7 hi\u1ec7n \u0111\u1ea1i, m\u1ecdi kh\u00e2u t\u1eeb tuy\u1ec3n ch\u1ecdn nguy\u00ean li\u1ec7u t\u1edbi ch\u1ebf bi\u1ebfn, \u0111\u00f3ng bao b\u00ec \u0111\u1ec1u di\u1ec5n ra kh\u00e9p k\u00edn d\u01b0\u1edbi s\u1ef1 gi\u00e1m s\u00e1t v\u00e0 ki\u1ec3m tra nghi\u00eam ng\u1eb7t. S\u1ea3n ph\u1ea9m kh\u00f4ng ch\u1ee9a h\u00f3a ch\u1ea5t, ch\u1ea5t b\u1ea3o qu\u1ea3n \u0111\u1ed9c h\u1ea1i, \u0111\u1ea3m b\u1ea3o an to\u00e0n cho s\u1ee9c kh\u1ecfe ng\u01b0\u1eddi ti\u00eau d\u00f9ng. S\u1ea3n ph\u1ea9m c\u00f3 h\u01b0\u01a1ng v\u1ecb th\u01a1m ngon c\u1ee7a nh\u1eefng nguy\u00ean li\u1ec7u t\u1ef1 nhi\u00ean \u0111\u01b0\u1ee3c ch\u1ecdn l\u1ecdc k\u1ef9 c\u00e0ng.<\/p>\n<p>S\u1ea3n ph\u1ea9m \u0111\u01b0\u1ee3c \u0111\u00f3ng g\u00f3i ti\u1ec7n d\u1ee5ng cho b\u1ea1n s\u1eed d\u1ee5ng c\u0169ng nh\u01b0 b\u1ea3o qu\u1ea3n, v\u1ecf \u0111\u1ef1ng s\u1ea3n ph\u1ea9m l\u00e0m t\u1eeb nguy\u00ean li\u1ec7u s\u1ea1ch, kh\u00f4ng l\u1eabn t\u1ea1p ch\u1ea5t h\u00f3a h\u1ecdc \u0111\u1ed9c h\u1ea1i.<\/p>\n<p><strong>\u0110\u1eadu \u0111\u1ecf Red Kidney Fagioli<\/strong>\u00a0\u0111\u01b0\u1ee3c nh\u1eadp kh\u1ea9u ch\u00ednh h\u00e3ng t\u1eeb \u00dd. S\u1ea3n ph\u1ea9m \u0111\u1ea1t ti\u00eau chu\u1ea9n ch\u1ea5t l\u01b0\u1ee3ng cao v\u00e0 r\u1ea5t ti\u1ec7n d\u1ee5ng.<\/p>\n<p><img decoding=\"async\" class=\"wp-image-12491 aligncenter\" src=\"https:\/\/havamall.com\/wp-content\/uploads\/2025\/10\/9ffc7cb5083b16087d04eb09cccc6f25-300x200.jpg\" alt=\"\" width=\"578\" height=\"385\" \/><\/p>\n<p>&nbsp;<\/p>\n<p><b>Th\u00f4ng tin th\u00eam v\u1ec1 th\u01b0\u01a1ng hi\u1ec7u:<br \/>\n<\/b><\/p>\n<p>Divella\u00a0l\u00e0 c\u00f4ng ty c\u00f3 l\u1ecbch s\u1eed h\u01a1n 130 n\u0103m trong ng\u00e0nh ch\u1ebf bi\u1ebfn m\u1ef3 pastase molina t\u1eeb b\u1ed9t m\u00ec durum. N\u0103m 1890, \u00f4ng Francesco Divella \u0111\u00e3 x\u00e2y d\u1ef1ng nh\u00e0 m\u00e1y b\u1ed9t m\u00ec \u0111\u1ea7u ti\u00ean t\u1ea1i Rutigliano \u1edf mi\u1ec1n \u0110\u00f4ng Nam n\u01b0\u1edbc \u00dd, tr\u00e1i tim c\u1ee7a v\u00f9ng \u0111\u1ed3ng b\u1eb1ng Apulian, n\u1ed5i ti\u1ebfng l\u00e0 n\u01a1i c\u00f3 ch\u1ea5t l\u01b0\u1ee3ng b\u1ed9t m\u00ec t\u1ed1t nh\u1ea5t n\u01b0\u1edbc.<\/p>\n<p>V\u1edbi truy\u1ec1n th\u1ed1ng, kinh nghi\u1ec7m v\u00e0 k\u1ef9 thu\u1eadt, Divella lu\u00f4n cho ra \u0111\u1eddi c\u00e1c s\u1ea3n ph\u1ea9m ch\u1ea5t l\u01b0\u1ee3ng \u0111\u01b0\u1ee3c kh\u1eb3ng \u0111\u1ecbnh t\u1eeb vi\u1ec7c l\u1ef1a ch\u1ecdn nguy\u00ean li\u1ec7u, ph\u01b0\u01a1ng th\u1ee9c s\u1ea3n xu\u1ea5t \u0111\u1ebfn vi\u1ec7c \u0111\u00f3ng g\u00f3i s\u1ea3n ph\u1ea9m.<\/p>\n<p>Hi\u1ec7n Divella \u0111ang \u0111\u01b0\u1ee3c xu\u1ea5t kh\u1ea9u \u0111i h\u01a1n 100 n\u01b0\u1edbc v\u00e0 \u0111\u00e3 \u0111ang chi\u1ebfm v\u1ecb tr\u00ed s\u1ed1 1 t\u1ea1i th\u1ecb tr\u01b0\u1eddng nhi\u1ec1u n\u01b0\u1edbc tr\u00ean th\u1ebf gi\u1edbi.<\/p>\n<p>&nbsp;<\/p>\n<p>&nbsp;<\/p>\n<p>&nbsp;<\/p>\n<p>&nbsp;<\/p>","protected":false},"excerpt":{"rendered":"<p>\u0110\u1eadu \u0111\u1ecf Red Kidney Fagioli hay c\u00f2n g\u1ecdi l\u00e0 \u0111\u1eadu th\u1eadn. M\u00e0u c\u1ee7a \u0111\u1eadu ph\u1ee5 thu\u1ed9c v\u00e0o gi\u1ed1ng. \u0110\u1eadu \u0111\u1ecf<\/p>","protected":false},"featured_media":9886,"comment_status":"open","ping_status":"closed","template":"","meta":[],"product_brand":[],"product_cat":[672,36,143],"product_tag":[],"class_list":{"0":"post-9883","1":"product","2":"type-product","3":"status-publish","4":"has-post-thumbnail","6":"product_cat-nhap-khau-y","7":"product_cat-thuc-pham-tieu-dung","8":"product_cat-thuc-pham-dong-hop","9":"pa_brand-divella","11":"first","12":"outofstock","13":"sale","14":"shipping-taxable","15":"purchasable","16":"product-type-simple"},"_links":{"self":[{"href":"https:\/\/havamall.vn\/en\/wp-json\/wp\/v2\/product\/9883"}],"collection":[{"href":"https:\/\/havamall.vn\/en\/wp-json\/wp\/v2\/product"}],"about":[{"href":"https:\/\/havamall.vn\/en\/wp-json\/wp\/v2\/types\/product"}],"replies":[{"embeddable":true,"href":"https:\/\/havamall.vn\/en\/wp-json\/wp\/v2\/comments?post=9883"}],"version-history":[{"count":0,"href":"https:\/\/havamall.vn\/en\/wp-json\/wp\/v2\/product\/9883\/revisions"}],"wp:featuredmedia":[{"embeddable":true,"href":"https:\/\/havamall.vn\/en\/wp-json\/wp\/v2\/media\/9886"}],"wp:attachment":[{"href":"https:\/\/havamall.vn\/en\/wp-json\/wp\/v2\/media?parent=9883"}],"wp:term":[{"taxonomy":"product_brand","embeddable":true,"href":"https:\/\/havamall.vn\/en\/wp-json\/wp\/v2\/product_brand?post=9883"},{"taxonomy":"product_cat","embeddable":true,"href":"https:\/\/havamall.vn\/en\/wp-json\/wp\/v2\/product_cat?post=9883"},{"taxonomy":"product_tag","embeddable":true,"href":"https:\/\/havamall.vn\/en\/wp-json\/wp\/v2\/product_tag?post=9883"}],"curies":[{"name":"wp","href":"https:\/\/api.w.org\/{rel}","templated":true}]}}