{"id":9878,"date":"2019-01-23T17:51:49","date_gmt":"2019-01-23T10:51:49","guid":{"rendered":"https:\/\/havamall.vn\/?post_type=product&#038;p=9878"},"modified":"2024-08-12T11:54:35","modified_gmt":"2024-08-12T04:54:35","slug":"dau-olive-nguyen-chat-extra-virgin-olive-500ml","status":"publish","type":"product","link":"https:\/\/havamall.vn\/en\/shop\/dau-olive-nguyen-chat-extra-virgin-olive-500ml\/","title":{"rendered":"D\u1ea7u Olive Nguy\u00ean Ch\u1ea5t &#8211; Extra Virgin Olive 500ml"},"content":{"rendered":"<p><strong>D\u1ea7u Olive nguy\u00ean ch\u1ea5t\u00a0<\/strong>( Extra Virgin Olive) l\u00e0\u00a0<strong>lo\u1ea1i d\u1ea7u t\u1ed1t nh\u1ea5t<\/strong>, \u0111\u01b0\u1ee3c thu t\u1eeb\u00a0<strong>l\u1ea7n \u00e9p \u0111\u1ea7u ti\u00ean c\u1ee7a qu\u1ea3 Olive<\/strong>\u00a0n\u00ean m\u00e0u s\u1ebd \u0111\u1eadm h\u01a1n, \u00edt b\u1ecb can thi\u1ec7p nh\u1ea5t v\u00e0 \u0111\u01b0\u1ee3c ng\u01b0\u1eddi ti\u00eau d\u00f9ng\u00a0<strong>l\u1ef1a ch\u1ecdn h\u00e0ng \u0111\u1ea7u<\/strong>.<strong>\u00a0Extra Virgin Olive Oil<\/strong>\u00a0c\u1ee7a\u00a0<strong>th\u01b0\u01a1ng hi\u1ec7u Divella<\/strong>\u00a0l\u00e0 m\u1ed9t trong s\u1ed1 \u0111\u00f3.<\/p>\n<p>S\u1ea3n ph\u1ea9m \u0111\u01b0\u1ee3c chi\u1ebft xu\u1ea5t 100% nguy\u00ean ch\u1ea5t t\u1eeb tr\u00e1i Olive, l\u00e0 n\u01b0\u1edbc \u00e9p ngu\u1ed9i \u0111\u1ea7u ti\u00ean c\u1ee7a qu\u1ea3 Olive\u00a0n\u00ean lu\u00f4n gi\u1eef\u00a0<strong>m\u00f9i v\u1ecb t\u1ef1 nhi\u00ean ho\u00e0n h\u1ea3o<\/strong>\u00a0v\u00e0 gi\u1eef \u0111\u01b0\u1ee3c\u00a0<strong>h\u00e0m l\u01b0\u1ee3ng ch\u1ea5t dinh d\u01b0\u1ee1ng cao, ch\u1ea5t b\u00e9o kh\u00f4ng b\u00e3o h\u00f2a\u00a0<\/strong>r\u1ea5t t\u1ed1t cho c\u01a1 th\u1ec3.<\/p>\n<p>&nbsp;<\/p>\n<p>D\u1ea7u oliu nguy\u00ean ch\u1ea5t c\u00f3 th\u1ec3 s\u1eed d\u1ee5ng tr\u1ef1c ti\u1ebfp m\u00e0 kh\u00f4ng c\u1ea7n qua c\u00f4ng \u0111o\u1ea1n ch\u1ebf bi\u1ebfn n\u00e0o. D\u1ea1ng Olive Extra virgin nguy\u00ean ch\u1ea5t b\u1ea1n kh\u00f4ng n\u00ean d\u00f9ng \u1edf nhi\u1ec7t \u0111\u1ed9 cao v\u00ec s\u1ebd bi\u1ebfn t\u00ednh g\u00e2y \u1ea3nh h\u01b0\u1edfng \u0111\u1ebfn ch\u1ea5t l\u01b0\u1ee3ng c\u1ee7a s\u1ea3n ph\u1ea9m.<\/p>\n<p><img fetchpriority=\"high\" decoding=\"async\" class=\"wp-image-12489 aligncenter\" src=\"https:\/\/havamall.vn\/wp-content\/uploads\/2019\/01\/d\u1ea7u-oliu-300x211.jpg\" alt=\"\" width=\"481\" height=\"338\" srcset=\"https:\/\/havamall.vn\/wp-content\/uploads\/2019\/01\/d\u1ea7u-oliu-300x211.jpg 300w, https:\/\/havamall.vn\/wp-content\/uploads\/2019\/01\/d\u1ea7u-oliu-430x303.jpg 430w, https:\/\/havamall.vn\/wp-content\/uploads\/2019\/01\/d\u1ea7u-oliu-150x106.jpg 150w, https:\/\/havamall.vn\/wp-content\/uploads\/2019\/01\/d\u1ea7u-oliu-220x154.jpg 220w, https:\/\/havamall.vn\/wp-content\/uploads\/2019\/01\/d\u1ea7u-oliu-600x423.jpg 600w, https:\/\/havamall.vn\/wp-content\/uploads\/2019\/01\/d\u1ea7u-oliu.jpg 700w\" sizes=\"(max-width: 481px) 100vw, 481px\" \/><\/p>\n<p><b>\u01afu \u0111i\u1ec3m:<\/b><\/p>\n<p>\u2013 S\u1ea3n ph\u1ea9m \u0111\u01b0\u1ee3c chi\u1ebft xu\u1ea5t t\u1eeb tr\u00e1i Oliu 100% nguy\u00ean ch\u1ea5t, l\u00e0 n\u01b0\u1edbc \u00e9p ngu\u1ed9i \u0111\u1ea7u ti\u00ean c\u1ee7a qu\u1ea3 \u00d4liu\u00a0n\u00ean lu\u00f4n gi\u1eef m\u00f9i v\u1ecb t\u1ef1 nhi\u00ean ho\u00e0n h\u1ea3o v\u00e0 gi\u1eef \u0111\u01b0\u1ee3c h\u00e0m l\u01b0\u1ee3ng ch\u1ea5t dinh d\u01b0\u1ee1ng cao nh\u01b0 ch\u1ea5t b\u00e9o kh\u00f4ng b\u00e3o h\u00f2a r\u1ea5t t\u1ed1t cho c\u01a1 th\u1ec3.<\/p>\n<p>\u2013\u00a0S\u1ea3n ph\u1ea9m \u0111\u01b0\u1ee3c \u0111\u00f3ng chai th\u1ee7y tinh ti\u1ec7n d\u1ee5ng, s\u1ea1ch s\u1ebd.<\/p>\n<p>\u2013 Sa\u0309n ph\u00e2\u0309m Olive Extra Virgin Divella \u0111\u01b0\u1ee3c s\u1ea3n xu\u1ea5t theo c\u00f4ng ngh\u1ec7 hi\u1ec7n \u0111\u1ea1i. M\u1ecdi kh\u00e2u t\u1eeb tuy\u1ec3n ch\u1ecdn nguy\u00ean li\u1ec7u t\u1edbi ch\u1ebf bi\u1ebfn, \u0111\u00f3ng chai \u0111\u1ec1u di\u1ec5n ra kh\u00e9p k\u00edn d\u01b0\u1edbi s\u1ef1 gi\u00e1m s\u00e1t v\u00e0 ki\u1ec3m tra nghi\u00eam ng\u1eb7t c\u1ee7a c\u00e1c chuy\u00ean gia th\u1ef1c ph\u1ea9m h\u00e0ng \u0111\u1ea7u, theo \u0111\u00f3 s\u1ea3n ph\u1ea9m kh\u00f4ng ch\u1ee9a h\u00f3a ch\u1ea5t, ch\u1ea5t b\u1ea3o qu\u1ea3n \u0111\u1ed9c h\u1ea1i, \u0111\u1ea3m b\u1ea3o an to\u00e0n cho s\u1ee9c kh\u1ecfe ng\u01b0\u1eddi ti\u00eau d\u00f9ng.<\/p>\n<p><strong>C\u00f4ng d\u1ee5ng:<\/strong><\/p>\n<p>\u2013\u00a0D\u1ea7u Olive Extra Virgin Divella ch\u1ee9 nhi\u1ec1u nh\u00f3m ch\u1ea5t dinh d\u01b0\u1ee1ng r\u1ea5t quan tr\u1ecdng, \u0111\u1eb7c bi\u1ec7t l\u00e0 c\u00e1c ch\u1ea5t b\u00e9o kh\u00f4ng b\u00e3o h\u00f2a nh\u01b0 Omega 3 &#8211; lo\u1ea1i ch\u1ea5t chi\u1ebfm 60% ch\u1ea5t c\u1ea7n thi\u1ebft cho n\u00e3o b\u1ed9, t\u0103ng c\u01b0\u1eddng tr\u00ed nh\u1edb v\u00e0 nh\u1eadn th\u1ee9c, \u00a0gi\u00fap cho c\u01a1 th\u1ec3 h\u1ea5p thu c\u00e1c vitamin quan tr\u1ecdng t\u1eeb th\u1ee9c \u0103n nh\u01b0: vitamin A, D, E, K\u2026 \u0111\u01b0\u1ee3c t\u1ed1t h\u01a1n.<\/p>\n<p>\u2013 Ngo\u00e0i ra, b\u1ea1n c\u00f3 th\u1ec3 s\u1eed d\u1ee5ng d\u1ea7u\u00a0<strong>Divella Extra Virgin Olive Oil<\/strong>\u00a0\u00a0nh\u01b0 m\u1ed9t lo\u1ea1i m\u1ef9 ph\u1ea9m t\u1ef1 nhi\u00ean, gi\u00fap l\u00e0m ch\u1eadm qu\u00e1 tr\u00ecnh l\u00e3o h\u00f3a, l\u00e0m \u0111\u1eb9p da hi\u1ec7u qu\u1ea3, t\u1ea9y trang v\u00e0 d\u01b0\u1ee1ng t\u00f3c.<\/p>\n<p><strong>C\u00e1ch s\u1eed d\u1ee5ng:<\/strong><\/p>\n<p>C\u00f3 th\u1ec3 d\u00f9ng \u0111\u1ec3 n\u1ea5u c\u00e1c m\u00f3n pasta, n\u1ea5u ch\u00e1o\/b\u1ed9t cho b\u00e9 hay tr\u1ed9n c\u00e1c m\u00f3n sa-l\u00e1t ho\u1eb7c c\u00f3 th\u1ec3 d\u00f9ng \u0111\u1ec3 ch\u0103m s\u00f3c s\u1eafc \u0111\u1eb9p cho ch\u1ecb em ph\u1ee5 n\u1eef, nh\u01b0: massage da m\u1eb7t v\u00e0 d\u01b0\u1ee1ng m\u00f3ng, t\u00f3c.<img decoding=\"async\" class=\"wp-image-9880 aligncenter\" src=\"https:\/\/havamall.vn\/wp-content\/uploads\/2019\/01\/14379704_1784212978492610_2384624038214436611_o.png\" alt=\"\" width=\"736\" height=\"490\" srcset=\"https:\/\/havamall.vn\/wp-content\/uploads\/2019\/01\/14379704_1784212978492610_2384624038214436611_o.png 1400w, https:\/\/havamall.vn\/wp-content\/uploads\/2019\/01\/14379704_1784212978492610_2384624038214436611_o-430x287.png 430w, https:\/\/havamall.vn\/wp-content\/uploads\/2019\/01\/14379704_1784212978492610_2384624038214436611_o-150x100.png 150w, https:\/\/havamall.vn\/wp-content\/uploads\/2019\/01\/14379704_1784212978492610_2384624038214436611_o-700x467.png 700w\" sizes=\"(max-width: 736px) 100vw, 736px\" \/><\/p>\n<p><strong>L\u01b0u \u00fd v\u1ec1 c\u00e1ch b\u1ea3o qu\u1ea3n:<\/strong><\/p>\n<p>\u2013 Kh\u00f4ng n\u00ean \u0111\u1ec3 d\u1ea7u ti\u1ebfp x\u00fac tr\u1ef1c ti\u1ebfp v\u1edbi \u00e1nh n\u1eafng m\u1eb7t tr\u1eddi v\u00e0 nhi\u1ec7t \u0111\u1ed9 cao. V\u00ec c\u00e1c b\u1ee9c x\u1ea1 nhi\u1ec7t s\u1ebd ph\u00e2n h\u1ee7y c\u00e1c ch\u1ea5t ch\u1ed1ng oxy h\u00f3a v\u00e0 ch\u1ea5t c\u00f3 l\u1ee3i cho s\u1ee9c kh\u1ecfe c\u00f3 trong d\u1ea7u.<\/p>\n<p>\u2013 Khi \u0111\u00e3 m\u1edf n\u1eafp l\u1ecd d\u1ea7u \u00f4liu n\u00ean s\u1eed d\u1ee5ng trong v\u00f2ng 3 th\u00e1ng, n\u00ean \u0111\u1ef1ng trong chai th\u1ee7y tinh s\u1eadm m\u00e0u, gi\u1eef l\u1ea1nh v\u00e0 tr\u00e1nh \u00e1nh s\u00e1ng. Gi\u00e1 tr\u1ecb dinh d\u01b0\u1ee1ng hay l\u00e0m \u0111\u1eb9p c\u1ee7a d\u1ea7u kh\u00f4ng c\u00f2n nh\u01b0 tr\u01b0\u1edbc, n\u1ebfu b\u1ea1n b\u1ea3o qu\u1ea3n kh\u00f4ng t\u1ed1t ho\u1eb7c \u0111\u1ec3 qu\u00e1 th\u1eddi gian th\u00ec ch\u1ea5t l\u01b0\u1ee3ng d\u1ea7u gi\u1ea3m \u0111i (d\u00f9 l\u00e0 lo\u1ea1i t\u1ed1t nh\u1ea5t).<\/p>\n<p><b>Th\u00f4ng tin th\u00eam v\u1ec1 th\u01b0\u01a1ng hi\u1ec7u:<br \/>\n<\/b><\/p>\n<p>Divella\u00a0l\u00e0 c\u00f4ng ty c\u00f3 l\u1ecbch s\u1eed h\u01a1n 130 n\u0103m trong ng\u00e0nh ch\u1ebf bi\u1ebfn m\u1ef3 pastase molina t\u1eeb b\u1ed9t m\u00ec durum. N\u0103m 1890, \u00f4ng Francesco Divella \u0111\u00e3 x\u00e2y d\u1ef1ng nh\u00e0 m\u00e1y b\u1ed9t m\u00ec \u0111\u1ea7u ti\u00ean t\u1ea1i Rutigliano \u1edf mi\u1ec1n \u0110\u00f4ng Nam n\u01b0\u1edbc \u00dd, tr\u00e1i tim c\u1ee7a v\u00f9ng \u0111\u1ed3ng b\u1eb1ng Apulian, n\u1ed5i ti\u1ebfng l\u00e0 n\u01a1i c\u00f3 ch\u1ea5t l\u01b0\u1ee3ng b\u1ed9t m\u00ec t\u1ed1t nh\u1ea5t n\u01b0\u1edbc.<\/p>\n<p>V\u1edbi truy\u1ec1n th\u1ed1ng, kinh nghi\u1ec7m v\u00e0 k\u1ef9 thu\u1eadt, Divella lu\u00f4n cho ra \u0111\u1eddi c\u00e1c s\u1ea3n ph\u1ea9m ch\u1ea5t l\u01b0\u1ee3ng \u0111\u01b0\u1ee3c kh\u1eb3ng \u0111\u1ecbnh t\u1eeb vi\u1ec7c l\u1ef1a ch\u1ecdn nguy\u00ean li\u1ec7u, ph\u01b0\u01a1ng th\u1ee9c s\u1ea3n xu\u1ea5t \u0111\u1ebfn vi\u1ec7c \u0111\u00f3ng g\u00f3i s\u1ea3n ph\u1ea9m.<\/p>\n<p>Hi\u1ec7n Divella \u0111ang \u0111\u01b0\u1ee3c xu\u1ea5t kh\u1ea9u \u0111i h\u01a1n 100 n\u01b0\u1edbc v\u00e0 \u0111\u00e3 \u0111ang chi\u1ebfm v\u1ecb tr\u00ed s\u1ed1 1 t\u1ea1i th\u1ecb tr\u01b0\u1eddng nhi\u1ec1u n\u01b0\u1edbc tr\u00ean th\u1ebf gi\u1edbi.<\/p>\n<p>&nbsp;<\/p>\n<p>&nbsp;<\/p>","protected":false},"excerpt":{"rendered":"<p>D\u1ea7u Olive nguy\u00ean ch\u1ea5t\u00a0( Extra Virgin Olive) l\u00e0\u00a0lo\u1ea1i d\u1ea7u t\u1ed1t nh\u1ea5t, \u0111\u01b0\u1ee3c thu t\u1eeb\u00a0l\u1ea7n \u00e9p \u0111\u1ea7u ti\u00ean c\u1ee7a qu\u1ea3 Olive\u00a0n\u00ean<\/p>","protected":false},"featured_media":30871,"comment_status":"open","ping_status":"closed","template":"","meta":[],"product_brand":[],"product_cat":[130,36,143],"product_tag":[],"class_list":{"0":"post-9878","1":"product","2":"type-product","3":"status-publish","4":"has-post-thumbnail","6":"product_cat-khuyen-mai","7":"product_cat-thuc-pham-tieu-dung","8":"product_cat-thuc-pham-dong-hop","9":"pa_brand-divella","11":"first","12":"instock","13":"sale","14":"shipping-taxable","15":"purchasable","16":"product-type-simple"},"_links":{"self":[{"href":"https:\/\/havamall.vn\/en\/wp-json\/wp\/v2\/product\/9878"}],"collection":[{"href":"https:\/\/havamall.vn\/en\/wp-json\/wp\/v2\/product"}],"about":[{"href":"https:\/\/havamall.vn\/en\/wp-json\/wp\/v2\/types\/product"}],"replies":[{"embeddable":true,"href":"https:\/\/havamall.vn\/en\/wp-json\/wp\/v2\/comments?post=9878"}],"version-history":[{"count":0,"href":"https:\/\/havamall.vn\/en\/wp-json\/wp\/v2\/product\/9878\/revisions"}],"wp:featuredmedia":[{"embeddable":true,"href":"https:\/\/havamall.vn\/en\/wp-json\/wp\/v2\/media\/30871"}],"wp:attachment":[{"href":"https:\/\/havamall.vn\/en\/wp-json\/wp\/v2\/media?parent=9878"}],"wp:term":[{"taxonomy":"product_brand","embeddable":true,"href":"https:\/\/havamall.vn\/en\/wp-json\/wp\/v2\/product_brand?post=9878"},{"taxonomy":"product_cat","embeddable":true,"href":"https:\/\/havamall.vn\/en\/wp-json\/wp\/v2\/product_cat?post=9878"},{"taxonomy":"product_tag","embeddable":true,"href":"https:\/\/havamall.vn\/en\/wp-json\/wp\/v2\/product_tag?post=9878"}],"curies":[{"name":"wp","href":"https:\/\/api.w.org\/{rel}","templated":true}]}}