{"id":9871,"date":"2019-01-23T16:27:57","date_gmt":"2019-01-23T09:27:57","guid":{"rendered":"https:\/\/havamall.vn\/?post_type=product&#038;p=9871"},"modified":"2025-03-18T14:43:30","modified_gmt":"2025-03-18T07:43:30","slug":"mi-la-divella-lasagne-so-109-hop-xanh-khong-trung-500g","status":"publish","type":"product","link":"https:\/\/havamall.vn\/en\/shop\/mi-la-divella-lasagne-so-109-hop-xanh-khong-trung-500g\/","title":{"rendered":"M\u00ec l\u00e1 Divella Lasagne s\u1ed1 109 \u2013 h\u1ed9p xanh kh\u00f4ng tr\u1ee9ng 500g"},"content":{"rendered":"<p>Divella l\u00e0 c\u00f4ng ty c\u00f3 l\u1ecbch s\u1eed h\u01a1n 130 n\u0103m trong ng\u00e0nh ch\u1ebf bi\u1ebfn m\u1ef3 pastase molina t\u1eeb b\u1ed9t m\u00ec durum. N\u0103m 1890, \u00f4ng Francesco Divella \u0111\u00e3 x\u00e2y d\u1ef1ng nh\u00e0 m\u00e1y b\u1ed9t m\u00ec \u0111\u1ea7u ti\u00ean t\u1ea1i Rutigliano \u1edf mi\u1ec1n \u0110\u00f4ng Nam n\u01b0\u1edbc \u00dd, tr\u00e1i tim c\u1ee7a v\u00f9ng \u0111\u1ed3ng b\u1eb1ng Apulian, n\u1ed5i ti\u1ebfng l\u00e0 n\u01a1i c\u00f3 ch\u1ea5t l\u01b0\u1ee3ng b\u1ed9t m\u00ec t\u1ed1t nh\u1ea5t n\u01b0\u1edbc.<\/p>\n<p>Hi\u1ec7n Divella \u0111ang \u0111\u01b0\u1ee3c xu\u1ea5t kh\u1ea9u \u0111i h\u01a1n 100 n\u01b0\u1edbc v\u00e0 \u0111\u00e3 \u0111ang chi\u1ebfm v\u1ecb tr\u00ed s\u1ed1 1 t\u1ea1i th\u1ecb tr\u01b0\u1eddng nhi\u1ec1u n\u01b0\u1edbc tr\u00ean th\u1ebf gi\u1edbi.<\/p>\n<p><img fetchpriority=\"high\" decoding=\"async\" class=\"wp-image-9861 aligncenter\" src=\"https:\/\/havamall.vn\/wp-content\/uploads\/2025\/03\/1200x630.jpg\" alt=\"\" width=\"699\" height=\"367\" \/><\/p>\n<p>Lasagna l\u00e0 m\u1ed9t d\u1ea1ng m\u1ef3 \u00dd d\u1ea1ng t\u1ea5m ho\u1eb7c l\u00e1 v\u00e0 c\u0169ng l\u00e0 t\u00ean g\u1ecdi c\u1ee7a m\u1ed9t m\u00f3n Pasta lo\u1ea1i n\u01b0\u1edbng g\u1ed3m c\u00e1c nguy\u00ean li\u1ec7u ch\u00ednh l\u00e0 th\u1ecbt, x\u1ed1t, ph\u00f4 mai v\u00e0 kh\u00f4ng th\u1ec3 thi\u1ebfu l\u00e1 Lasagna. Lasagna c\u00f3 v\u1ecb b\u00e9o ng\u1eady \u0111\u1eb7c tr\u01b0ng c\u1ee7a c\u00e1c lo\u1ea1i pho m\u00e1t, v\u1ecb chua d\u1ecbu c\u1ee7a c\u00e0 chua, v\u1ecb ng\u1ecdt c\u1ee7a s\u1eefa t\u01b0\u01a1i v\u00e0 c\u00e1c lo\u1ea1i th\u1ecbt k\u1ebft h\u1ee3p s\u1ebd tr\u1edf th\u00e0nh m\u00f3n \u0103n m\u1edbi l\u1ea1 cho c\u1ea3 nh\u00e0 th\u01b0\u1edfng th\u1ee9c. Lasagna c\u00f3 nhi\u1ec1u bi\u1ebfn th\u1ec3 kh\u00e1c nhau nh\u01b0ng ph\u1ed5 bi\u1ebfn nh\u1ea5t v\u1eabn l\u00e0 Lasagna v\u1edbi s\u1ed1t Bolognese. \u0110\u00e2y ch\u00ednh l\u00e0 m\u00f3n kho\u00e1i kh\u1ea9u c\u1ee7a nhi\u1ec1u gia \u0111\u00ecnh. V\u00ec v\u1eady, n\u1ebfu ch\u1ee7 nh\u1eadt tu\u1ea7n n\u00e0y b\u1ea1n v\u1eabn ch\u01b0a bi\u1ebft l\u00e0m m\u00f3n g\u00ec \u0111\u1ec3 \u0111\u1ed5i m\u00f3n cho c\u1ea3 gia d\u00ecnh th\u00ec h\u00e3y th\u1eed ngay c\u00e1ch l\u00e0m m\u00f3n Lasagna \u0111\u1eb7c bi\u1ec7t th\u01a1m ngon t\u1eeb n\u01b0\u1edbc \u00dd n\u00e0y v\u1edbi Lasagna c\u1ee7a Divella nh\u00e9!<\/p>\n<p><img decoding=\"async\" class=\"wp-image-9873 aligncenter\" src=\"https:\/\/havamall.vn\/wp-content\/uploads\/2025\/03\/73762743-raw-lasagne-sheets-on-white-table-copy.jpg\" alt=\"\" width=\"686\" height=\"457\" \/><\/p>\n<p>Lasagne\u00a0\u0111\u1ebfn t\u1eeb b\u1eafc-trung t\u00e2m \u00dd, \u0111\u1eb7c bi\u1ec7t l\u00e0 t\u1eeb v\u00f9ng Emilia, n\u01a1i x\u00e1c th\u1ef1c m\u00ec tr\u1ee9ng \u0111\u01b0\u1ee3c sinh ra. Lasagne l\u00e0 h\u00ecnh ch\u1eef nh\u1eadt d\u00e0i v\u1edbi l\u1edbp th\u00f4 v\u00e0 x\u1ed1p c\u1ee7a m\u00ec \u1ed1ng. \u0110\u1eb7c t\u00ednh n\u00e0y l\u00e0m cho ch\u00fang tuy\u1ec7t v\u1eddi cho c\u00e1c n\u01b0\u1edbc s\u1ed1t truy\u1ec1n th\u1ed1ng c\u00f3 h\u01b0\u01a1ng v\u1ecb nh\u1ea5t, m\u00e0 c\u00f2n ph\u00f9 h\u1ee3p v\u1edbi nh\u1eefng lo\u1ea1i n\u01b0\u1edbc s\u1ed1t s\u00e1ng t\u1ea1o nh\u1ea5t.<\/p>\n<p><img decoding=\"async\" class=\"wp-image-25792 aligncenter\" src=\"https:\/\/havamall.vn\/wp-content\/uploads\/2025\/03\/z3249726026407_9a663d98096faaa7d013f34f05a27da6-1-273x300.jpg\" alt=\"\" width=\"689\" height=\"757\" \/><\/p>\n<p>M\u1ef3 l\u00e1 Divella Lasagne: l\u00e0 m\u1ed9t m\u00f3n \u0103n c\u1ed5 \u0111i\u1ec3n trong \u1ea9m th\u1ef1c \u00dd, d\u1ec5 ch\u1ebf bi\u1ebfn, ch\u1ec9 vi\u1ec7c l\u00e0m \u0111\u1ea7y t\u1ea5t c\u1ea3 nh\u1eefng nguy\u00ean li\u1ec7u b\u1ea1n mu\u1ed1n v\u00e0o t\u1eebng l\u1edbp l\u00e1 Lasagne, b\u1ecf l\u00f2 n\u01b0\u1edbng t\u1ea5t c\u1ea3 sau 15-20 ph\u00fat t\u00f9y nhi\u1ec7t \u0111\u1ed9, v\u00e0 b\u1ea1n s\u1ebd th\u01b0\u1edfng th\u1ee9c t\u1ea5t c\u1ea3 nh\u1eefng g\u00ec tinh t\u00fay nh\u1ea5t c\u1ee7a pasta .<\/p>\n<p><img loading=\"lazy\" decoding=\"async\" class=\"aligncenter\" src=\"https:\/\/havamall.vn\/wp-content\/uploads\/2025\/03\/2-1.jpg\" alt=\"M\u00ec l\u00e1 Divella Lasagne s\u1ed1 109 \u2013 h\u1ed9p xanh kh\u00f4ng tr\u1ee9ng 500g - HavaMall - Si\u00eau Th\u1ecb H\u00e0ng Nh\u1eadp Kh\u1ea9u Uy T\u00edn\" width=\"677\" height=\"677\" \/><\/p>\n<h3><strong>H\u01b0\u1edbng d\u1eabn ch\u1ebf bi\u1ebfn:<\/strong><\/h3>\n<ul>\n<li>Ng\u00e2m l\u00e1 Lasagna v\u00e0o\u00a0n\u01b0\u1edbc n\u00f3ng trong kho\u1ea3ng 15 &#8211; 20 ph\u00fat.<\/li>\n<li>T\u00f9y theo lo\u1ea1i khu\u00f4n m\u00e0 b\u1ea1n s\u1eed d\u1ee5ng m\u00e0 d\u00f9ng s\u1ed1 l\u00e1 th\u00edch h\u1ee3p. D\u1ec5 \u01b0\u1edbc l\u01b0\u1ee3ng nh\u1ea5t l\u00e0 s\u1eed d\u1ee5ng khu\u00f4n vu\u00f4ng ho\u1eb7c h\u00ecnh ch\u1eef nh\u1eadt.<\/li>\n<li>Sau khi ng\u00e2m l\u00e1 Lasagna \u0111\u01b0\u1ee3c 20 ph\u00fat th\u00ec b\u1ea1n l\u1ea5y l\u00e1 ra v\u00e0 \u0111\u1ec3 l\u00ean chi\u1ebfc kh\u0103n kh\u00f4, d\u00f9ng tay \u1ea5n nh\u1eb9 cho l\u00e1 m\u00ec kh\u00f4, l\u00e0m t\u01b0\u01a1ng t\u1ef1 v\u1edbi m\u1eb7t c\u00f2n l\u1ea1i. Ch\u00fa \u00fd th\u1eadt nh\u1eb9 tay nh\u00e9.<\/li>\n<li>Chu\u1ea9n b\u1ecb m\u1ed9t c\u00e1i khu\u00f4n, x\u1ebfp l\u00e1 m\u00ec cho k\u00edn \u0111\u00e1y khu\u00f4n. Cho x\u1ed1t th\u1ecbt b\u00f2 l\u00ean tr\u00ean l\u1edbp l\u00e1, d\u00f9ng th\u00eca d\u00e0n \u0111\u1ec1u. R\u1eafc ph\u00f4 mai b\u1ed9t l\u00ean Parmesan l\u00ean m\u1eb7t. Ti\u1ebfp t\u1ee5c x\u1ebfp m\u00ec, th\u1ecbt v\u00e0 x\u1ed1t cho t\u1edbi khi h\u1ebft.<\/li>\n<li>\u0110em n\u01b0\u1edbng 30 ph\u00fat \u1edf 200 \u0111\u1ed9 C. Sau kho\u1ea3ng 30 ph\u00fat n\u01b0\u1edbng \u1edf 200 \u0111\u1ed9 C, b\u1ea1n s\u1ebd c\u00f3 ngay m\u1ed9t t\u00f4 Lasagna c\u00f3 m\u00e0u v\u00e0ng \u0111\u1eb9p m\u1eaft c\u1ef1c k\u1ef3 h\u1ea5p d\u1eabn v\u00e0 b\u1ea1n s\u1ebd \u0111\u01b0\u1ee3c th\u01b0\u1edfng th\u1ee9c t\u1ea5t c\u1ea3 nh\u1eefng g\u00ec tinh t\u00fay nh\u1ea5t c\u1ee7a pasta .<\/li>\n<\/ul>\n<p><strong>B\u1ea3o qu\u1ea3n:<\/strong>\u00a0N\u01a1i kh\u00f4 r\u00e1o, tho\u00e1ng m\u00e1t.<\/p>\n<p>S\u1ea3n ph\u1ea9m hi\u1ec7n \u0111\u00e3 c\u00f3 m\u1eb7t t\u1ea1i Havamall.<\/p>\n<p><img loading=\"lazy\" decoding=\"async\" class=\"wp-image-22720 aligncenter\" src=\"https:\/\/havamall.vn\/wp-content\/uploads\/2025\/03\/73214911_423260631541421_4699273913559941120_n-300x200.jpg\" alt=\"\" width=\"687\" height=\"458\" \/><\/p>","protected":false},"excerpt":{"rendered":"<ul class=\"\">\n<li class=\"\">M\u00ec l\u00e1 Divella Lasagne l\u00e0 m\u1ed9t m\u00f3n \u0103n c\u1ed5 \u0111i\u1ec3n trong \u1ea9m th\u1ef1c \u00dd, d\u1ec5 ch\u1ebf bi\u1ebfn v\u1edbi c\u00e1c nguy\u00ean li\u1ec7u t\u1ef1 nhi\u00ean nh\u1ea5t.<\/li>\n<li class=\"\">M\u00ec l\u00e1 Divella Lasagne mang \u0111\u1ebfn cho b\u1ea1n \u0111\u1ea7y \u0111\u1ee7 v\u1ecb th\u01a1m, dai h\u1ea5p d\u1eabn c\u1ee7a t\u1ea5t c\u1ea3 nh\u1eefng g\u00ec tinh t\u00fay nh\u1ea5t c\u1ee7a pasta.<\/li>\n<li class=\"\">Lasagne \u0111i k\u00e8m c\u00f3 v\u1ecb b\u00e9o ng\u1eady \u0111\u1eb7c tr\u01b0ng c\u1ee7a c\u00e1c lo\u1ea1i pho m\u00e1t, v\u1ecb chua d\u1ecbu c\u1ee7a c\u00e0 chua, v\u1ecb ng\u1ecdt c\u1ee7a s\u1eefa t\u01b0\u01a1i v\u00e0 c\u00e1c lo\u1ea1i th\u1ecbt k\u1ebft h\u1ee3p s\u1ebd tr\u1edf th\u00e0nh m\u00f3n \u0103n m\u1edbi l\u1ea1 cho c\u1ea3 nh\u00e0 th\u01b0\u1edfng th\u1ee9c<\/li>\n<\/ul>","protected":false},"featured_media":9877,"comment_status":"open","ping_status":"closed","template":"","meta":[],"product_brand":[],"product_cat":[672,36,134,143],"product_tag":[],"class_list":{"0":"post-9871","1":"product","2":"type-product","3":"status-publish","4":"has-post-thumbnail","6":"product_cat-nhap-khau-y","7":"product_cat-thuc-pham-tieu-dung","8":"product_cat-thucpham-saykho","9":"product_cat-thuc-pham-dong-hop","10":"pa_brand-divella","12":"first","13":"instock","14":"sale","15":"shipping-taxable","16":"purchasable","17":"product-type-simple"},"_links":{"self":[{"href":"https:\/\/havamall.vn\/en\/wp-json\/wp\/v2\/product\/9871"}],"collection":[{"href":"https:\/\/havamall.vn\/en\/wp-json\/wp\/v2\/product"}],"about":[{"href":"https:\/\/havamall.vn\/en\/wp-json\/wp\/v2\/types\/product"}],"replies":[{"embeddable":true,"href":"https:\/\/havamall.vn\/en\/wp-json\/wp\/v2\/comments?post=9871"}],"version-history":[{"count":0,"href":"https:\/\/havamall.vn\/en\/wp-json\/wp\/v2\/product\/9871\/revisions"}],"wp:featuredmedia":[{"embeddable":true,"href":"https:\/\/havamall.vn\/en\/wp-json\/wp\/v2\/media\/9877"}],"wp:attachment":[{"href":"https:\/\/havamall.vn\/en\/wp-json\/wp\/v2\/media?parent=9871"}],"wp:term":[{"taxonomy":"product_brand","embeddable":true,"href":"https:\/\/havamall.vn\/en\/wp-json\/wp\/v2\/product_brand?post=9871"},{"taxonomy":"product_cat","embeddable":true,"href":"https:\/\/havamall.vn\/en\/wp-json\/wp\/v2\/product_cat?post=9871"},{"taxonomy":"product_tag","embeddable":true,"href":"https:\/\/havamall.vn\/en\/wp-json\/wp\/v2\/product_tag?post=9871"}],"curies":[{"name":"wp","href":"https:\/\/api.w.org\/{rel}","templated":true}]}}