{"id":9863,"date":"2019-01-23T14:36:54","date_gmt":"2019-01-23T07:36:54","guid":{"rendered":"https:\/\/havamall.vn\/?post_type=product&#038;p=9863"},"modified":"2025-03-18T14:44:45","modified_gmt":"2025-03-18T07:44:45","slug":"mi-y-soi-tron-spaghetti-so-8-divella-500g","status":"publish","type":"product","link":"https:\/\/havamall.vn\/en\/shop\/mi-y-soi-tron-spaghetti-so-8-divella-500g\/","title":{"rendered":"M\u00ec \u00dd s\u1ee3i tr\u00f2n Spaghetti s\u1ed1 8 Divella &#8211; 500g"},"content":{"rendered":"<p>Divella\u00a0l\u00e0 c\u00f4ng ty c\u00f3 l\u1ecbch s\u1eed h\u01a1n 130 n\u0103m trong ng\u00e0nh ch\u1ebf bi\u1ebfn m\u1ef3 pastase molina t\u1eeb b\u1ed9t m\u00ec durum. N\u0103m 1890, \u00f4ng Francesco Divella \u0111\u00e3 x\u00e2y d\u1ef1ng nh\u00e0 m\u00e1y b\u1ed9t m\u00ec \u0111\u1ea7u ti\u00ean t\u1ea1i Rutigliano \u1edf mi\u1ec1n \u0110\u00f4ng Nam n\u01b0\u1edbc \u00dd, tr\u00e1i tim c\u1ee7a v\u00f9ng \u0111\u1ed3ng b\u1eb1ng Apulian, n\u1ed5i ti\u1ebfng l\u00e0 n\u01a1i c\u00f3 ch\u1ea5t l\u01b0\u1ee3ng b\u1ed9t m\u00ec t\u1ed1t nh\u1ea5t n\u01b0\u1edbc.<\/p>\n<p>V\u1edbi truy\u1ec1n th\u1ed1ng, kinh nghi\u1ec7m v\u00e0 k\u1ef9 thu\u1eadt, Divella lu\u00f4n cho ra \u0111\u1eddi c\u00e1c s\u1ea3n ph\u1ea9m ch\u1ea5t l\u01b0\u1ee3ng \u0111\u01b0\u1ee3c kh\u1eb3ng \u0111\u1ecbnh t\u1eeb vi\u1ec7c l\u1ef1a ch\u1ecdn nguy\u00ean li\u1ec7u, ph\u01b0\u01a1ng th\u1ee9c s\u1ea3n xu\u1ea5t \u0111\u1ebfn vi\u1ec7c \u0111\u00f3ng g\u00f3i s\u1ea3n ph\u1ea9m. Nh\u1eefng y\u00eau c\u1ea7u kh\u1eaft khe nh\u1ea5t \u0111\u01b0\u1ee3c \u00e1p d\u1ee5ng \u0111\u1ec3 \u0111\u1ea3m b\u1ea3o 100% nh\u1eefng quy \u0111\u1ecbnh v\u1ec1 an to\u00e0n v\u1ec7 sinh th\u1ef1c ph\u1ea9m. \u0110\u1ed3ng th\u1eddi t\u0103ng s\u1ef1 h\u00e0i l\u00f2ng c\u1ee7a kh\u00e1ch h\u00e0ng h\u01a1n n\u1eefa, Divella \u0111\u00e3 \u0111\u1ea1t \u0111\u01b0\u1ee3c ti\u00eau chu\u1ea9 ISO 9001: 2008 v\u00e0 Gi\u1ea5y ch\u1ee9ng nh\u1eadn \u0111\u1ea1t chu\u1ea9n th\u00e2n thi\u1ec7n v\u1edbi m\u00f4i tr\u01b0\u1eddng UNI EN ISO 14001:200.<\/p>\n<p>Hi\u1ec7n Divella \u0111ang \u0111\u01b0\u1ee3c xu\u1ea5t kh\u1ea9u \u0111i h\u01a1n 100 n\u01b0\u1edbc v\u00e0 \u0111\u00e3 \u0111ang chi\u1ebfm v\u1ecb tr\u00ed s\u1ed1 1 t\u1ea1i th\u1ecb tr\u01b0\u1eddng nhi\u1ec1u n\u01b0\u1edbc tr\u00ean th\u1ebf gi\u1edbi.<\/p>\n<p><img fetchpriority=\"high\" decoding=\"async\" class=\"wp-image-9864 aligncenter\" src=\"https:\/\/havamall.vn\/wp-content\/uploads\/2024\/09\/Screen-Shot-2019-01-23-at-2.08.27-PM.jpg\" alt=\"\" width=\"608\" height=\"621\" \/><\/p>\n<p>\u2013 \u0110\u01b0\u1ee3c s\u1ea3n xu\u1ea5t tr\u00ean quy tr\u00ecnh c\u00f4ng ngh\u1ec7 hi\u1ec7n \u0111\u1ea1i, kh\u00e9p k\u00edn c\u1ee7a th\u01b0\u01a1ng hi\u1ec7u m\u00ec s\u1ee3i n\u1ed5i ti\u1ebfng \u2013 Divella, m\u00ec \u00dd Spaghetti Divella s\u1ed1 8 cam k\u1ebft\u00a0\u0111\u1ea3m b\u1ea3o v\u1ec7 sinh an to\u00e0n th\u1ef1c ph\u1ea9m tuy\u1ec7t \u0111\u1ed1i cho m\u1ecdi kh\u00e1ch h\u00e0ng.<\/p>\n<p>\u2013 V\u1edbi th\u00e0nh ph\u1ea7n 100% b\u1ed9t l\u00faa m\u00ec nguy\u00ean ch\u1ea5t, gi\u00fap s\u1ee3i m\u00ec c\u00f3 \u0111\u1ed9 dai ngon ho\u00e0n h\u1ea3o, \u0111\u1ea3m b\u1ea3o gi\u1eef \u0111\u01b0\u1ee3c h\u01b0\u01a1ng v\u1ecb th\u01a1m ngon t\u1ef1 nhi\u00ean cho m\u00f3n m\u00ec.chu\u1ea9n v\u1ecb \u00dd, gi\u00fap cho c\u00e1c m\u00f3n \u0103n c\u1ee7a b\u1ea1n th\u00eam ph\u1ea7n th\u01a1m ngon h\u1ea5p d\u1eabn, h\u1ec7t nh\u01b0 \u0111i \u0103n t\u1ea1i nh\u1eefng nh\u00e0 h\u00e0ng \u0111\u1eaft ti\u1ec1n.<\/p>\n<p>\u2013 Th\u01a1m ngon,\u00a0chu\u1ea9n v\u1ecb \u00dd, gi\u00fap cho c\u00e1c m\u00f3n \u0103n c\u1ee7a b\u1ea1n th\u00eam ph\u1ea7n th\u01a1m ngon h\u1ea5p d\u1eabn, h\u1ec7t nh\u01b0 \u0111i \u0103n t\u1ea1i nh\u1eefng nh\u00e0 h\u00e0ng \u0111\u1eaft ti\u1ec1n.<\/p>\n<p>\u2013 D\u1ea1ng m\u1ef3 kh\u00f4, c\u00f3 th\u1ec3 d\u00f9ng x\u00e0o, n\u1ea5u v\u00e0 k\u1ebft h\u1ee3p v\u1edbi nhi\u1ec1u lo\u1ea1i n\u01b0\u1edbc s\u1ed1t kh\u00e1c nhau t\u00f9y s\u1edf th\u00edch.<\/p>\n<p>\u2013 D\u1ec5 ch\u1ebf bi\u1ebfn v\u00e0 b\u1ea3o qu\u1ea3n.<\/p>\n<p><img decoding=\"async\" class=\"wp-image-12500 aligncenter\" src=\"https:\/\/havamall.vn\/wp-content\/uploads\/2024\/09\/sot-mi-spaghetti-300x254.jpg\" alt=\"\" width=\"589\" height=\"500\" \/><\/p>\n<p>&nbsp;<\/p>\n<p><strong>C\u00e1ch ch\u1ebf bi\u1ebfn m\u1ef3 \u00dd\u00a0Divella Spaghetti S\u1ed1 8<\/strong><\/p>\n<p><em><strong>B\u01b0\u1edbc 1:\u00a0Lu\u1ed9c m\u1ef3<\/strong><\/em><\/p>\n<p>&#8211;\u00a0B\u1ea1n \u0111ong n\u01b0\u1edbc theo t\u1ec9 l\u1ec7: c\u1ee9\u00a0100 g m\u1ef3 th\u00ec d\u00f9ng 1L n\u01b0\u1edbc. \u0110un n\u01b0\u1edbc cho \u0111\u1ebfn khi s\u00f4i, b\u1ea1n ti\u1ebfn h\u00e0nh b\u1ecf mu\u1ed1i v\u00e0o theo t\u1ec9 l\u1ec7: c\u1ee9 1L n\u01b0\u1edbc th\u00ec t\u01b0\u01a1ng \u1ee9ng\u00a05g mu\u1ed1i. Mu\u1ed1i tan, b\u1eadt l\u1eeda to \u0111\u1ec3 n\u01b0\u1edbc s\u00f4i b\u00f9ng l\u00ean r\u1ed3i th\u1ea3 m\u1ef3 v\u00e0o.<\/p>\n<p>&#8211; Khi n\u00e0o s\u1ee3i m\u1ef3 c\u1eafn v\u00e0o th\u1ea5y h\u01a1i d\u1ebbo, kh\u00f4ng b\u1ecb s\u01b0\u1ee3ng l\u00e0 \u0111\u00e3 ch\u00edn t\u1edbi. B\u1ea1n v\u1edbt ra \u0111\u1ec3 r\u00e1o.<\/p>\n<p><strong><em>B\u01b0\u1edbc 2: Ch\u1ebf bi\u1ebfn n\u01b0\u1edbc s\u1ed1t<\/em><\/strong><\/p>\n<p>T\u00f9y theo kh\u1ea9u v\u1ecb c\u1ee7a gia \u0111\u00ecnh, c\u00e1c b\u1ea1n c\u00f3 th\u1ec3 pha ch\u1ebf c\u00e1c lo\u1ea1i s\u1ed1t m\u1ef3 \u00dd quen thu\u1ed9c nh\u01b0: s\u1ed1t b\u00f2 b\u0103m, s\u1ed1t kem, s\u1ed1t h\u1ea3i s\u1ea3n,&#8230; tr\u1ed9n l\u00ean v\u1edbi\u00a0M\u1ef3 \u00dd Divella Spaghetti S\u1ed1 8 \u0111\u00e3 lu\u1ed9c \u1edf tr\u00ean l\u00e0 \u0111\u00e3 ho\u00e0n th\u00e0nh m\u00f3n m\u1ef3 \u00dd ngon \u0111\u00fang chu\u1ea9n r\u1ed3i \u0111\u00f3.<\/p>\n<p><img decoding=\"async\" class=\"wp-image-25797 aligncenter\" src=\"https:\/\/havamall.vn\/wp-content\/uploads\/2024\/09\/z3249726379516_ec96e71296d5ead06b2c2f7aa9216316-300x300.jpg\" alt=\"\" width=\"584\" height=\"583\" \/><\/p>\n<p><strong>L\u01b0u \u00fd khi ch\u1ebf bi\u1ebfn m\u1ef3 \u00dd<\/strong><\/p>\n<p><strong>&#8211;\u00a0<\/strong>Sau khi m\u1ef3 \u0111\u1ec3 r\u00e1o n\u01b0\u1edbc, b\u1ea1n c\u00f3 th\u1ec3 tr\u1ed9n m\u1ef3 v\u1edbi m\u1ed9t \u00edt d\u1ea7u\u00a0\u00f4 liu ho\u1eb7c \u1ee7 m\u1ef3 v\u1edbi m\u1ed9t ch\u00fat\u00a0b\u01a1, s\u1ee3i m\u1ef3 s\u1ebd r\u00e1o h\u01a1n, th\u01a1m h\u01a1n.<\/p>\n<p>&#8211; N\u1ebfu kh\u00f4ng may lu\u1ed9c m\u1ef3 qu\u00e1 k\u0129, b\u1ea1n c\u00f3 th\u1ec3 d\u1ed9i m\u1ef3 qua n\u01b0\u1edbc l\u1ea1nh, s\u1ee3i m\u1ef3 s\u1ebd c\u1ee9ng h\u01a1n.<\/p>\n<p>&#8211; Ngo\u00e0i ra,M\u1ef3 \u00dd Divella Spaghetti S\u1ed1 8 &#8211; 500g\u00a0c\u00f3 \u0111\u1ed9 n\u1edf kh\u00e1 l\u1edbn n\u00ean\u00a0c\u1ea7n \u0111\u1ecbnh l\u01b0\u1ee3ng k\u0129 l\u01b0\u1ee3ng c\u1ea7n n\u1ea5u t\u00f9y theo s\u1ee9c \u0103n c\u1ee7a m\u1ed7i ng\u01b0\u1eddi \u0111\u1ec3 b\u1ecb th\u1eeba, b\u1ecf ph\u00ed.<\/p>\n<p>Kinh nghi\u1ec7m \u0111\u1ed1i v\u1edbi\u00a0ch\u00e2u \u00c1, m\u1ed7i ng\u01b0\u1eddi c\u00f3 th\u1ec3 ti\u00eau th\u1ee5 \u0111\u01b0\u1ee3c\u00a0kho\u1ea3ng 80g m\u1ef3\/b\u1eefa\u00a0trong khi v\u1edbi ng\u01b0\u1eddi Ch\u00e2u \u00c2u &#8211; M\u1ef9 con s\u1ed1 n\u00e0y v\u00e0o\u00a0kho\u1ea3ng 120g. \u0110\u00e2y l\u00e0 kh\u1ed1i l\u01b0\u1ee3ng m\u1ef3 kh\u00f4, b\u1ea1n c\u00f3 th\u1ec3\u00a0c\u00e2n tr\u01b0\u1edbc khi n\u1ea5u.<\/p>\n<p>&#8211; V\u1edbi tr\u1ebb nh\u1ecf, n\u00ean \u0111un s\u1ee3i m\u1ef3 k\u0129 h\u01a1n b\u00ecnh th\u01b0\u1eddng \u0111\u1ec3 m\u1ef3 m\u1ec1m h\u01a1n, d\u1ec5 \u0103n h\u01a1n v\u1edbi tr\u1ebb.<\/p>\n<p><img loading=\"lazy\" decoding=\"async\" class=\"wp-image-25799 aligncenter\" src=\"https:\/\/havamall.vn\/wp-content\/uploads\/2024\/09\/z3249726229592_0f1d12e393803650e67103815fcfaa3f-1-300x252.jpg\" alt=\"\" width=\"592\" height=\"497\" \/><\/p>","protected":false},"excerpt":{"rendered":"<p>Divella\u00a0l\u00e0 c\u00f4ng ty c\u00f3 l\u1ecbch s\u1eed h\u01a1n 130 n\u0103m trong ng\u00e0nh ch\u1ebf bi\u1ebfn m\u1ef3 pastase molina t\u1eeb b\u1ed9t m\u00ec durum.<\/p>","protected":false},"featured_media":35384,"comment_status":"open","ping_status":"closed","template":"","meta":[],"product_brand":[],"product_cat":[672,36,134],"product_tag":[],"class_list":{"0":"post-9863","1":"product","2":"type-product","3":"status-publish","4":"has-post-thumbnail","6":"product_cat-nhap-khau-y","7":"product_cat-thuc-pham-tieu-dung","8":"product_cat-thucpham-saykho","9":"pa_brand-divella","11":"first","12":"instock","13":"sale","14":"shipping-taxable","15":"purchasable","16":"product-type-simple"},"_links":{"self":[{"href":"https:\/\/havamall.vn\/en\/wp-json\/wp\/v2\/product\/9863"}],"collection":[{"href":"https:\/\/havamall.vn\/en\/wp-json\/wp\/v2\/product"}],"about":[{"href":"https:\/\/havamall.vn\/en\/wp-json\/wp\/v2\/types\/product"}],"replies":[{"embeddable":true,"href":"https:\/\/havamall.vn\/en\/wp-json\/wp\/v2\/comments?post=9863"}],"version-history":[{"count":0,"href":"https:\/\/havamall.vn\/en\/wp-json\/wp\/v2\/product\/9863\/revisions"}],"wp:featuredmedia":[{"embeddable":true,"href":"https:\/\/havamall.vn\/en\/wp-json\/wp\/v2\/media\/35384"}],"wp:attachment":[{"href":"https:\/\/havamall.vn\/en\/wp-json\/wp\/v2\/media?parent=9863"}],"wp:term":[{"taxonomy":"product_brand","embeddable":true,"href":"https:\/\/havamall.vn\/en\/wp-json\/wp\/v2\/product_brand?post=9863"},{"taxonomy":"product_cat","embeddable":true,"href":"https:\/\/havamall.vn\/en\/wp-json\/wp\/v2\/product_cat?post=9863"},{"taxonomy":"product_tag","embeddable":true,"href":"https:\/\/havamall.vn\/en\/wp-json\/wp\/v2\/product_tag?post=9863"}],"curies":[{"name":"wp","href":"https:\/\/api.w.org\/{rel}","templated":true}]}}