{"id":9856,"date":"2019-01-23T11:35:07","date_gmt":"2019-01-23T04:35:07","guid":{"rendered":"https:\/\/havamall.vn\/?post_type=product&#038;p=9856"},"modified":"2025-03-18T14:42:35","modified_gmt":"2025-03-18T07:42:35","slug":"mi-soi-det-divella-linguine-so-14-goi-500g","status":"publish","type":"product","link":"https:\/\/havamall.vn\/en\/shop\/mi-soi-det-divella-linguine-so-14-goi-500g\/","title":{"rendered":"M\u00ec s\u1ee3i d\u1eb9t Divella Linguine s\u1ed1 14 \u2013 g\u00f3i 500g"},"content":{"rendered":"<p>Divella\u00a0l\u00e0 c\u00f4ng ty c\u00f3 l\u1ecbch s\u1eed h\u01a1n 130 n\u0103m trong ng\u00e0nh ch\u1ebf bi\u1ebfn m\u1ef3 pastase molina t\u1eeb b\u1ed9t m\u00ec durum. N\u0103m 1890, \u00f4ng Francesco Divella \u0111\u00e3 x\u00e2y d\u1ef1ng nh\u00e0 m\u00e1y b\u1ed9t m\u00ec \u0111\u1ea7u ti\u00ean t\u1ea1i Rutigliano \u1edf mi\u1ec1n \u0110\u00f4ng Nam n\u01b0\u1edbc \u00dd, tr\u00e1i tim c\u1ee7a v\u00f9ng \u0111\u1ed3ng b\u1eb1ng Apulian, n\u1ed5i ti\u1ebfng l\u00e0 n\u01a1i c\u00f3 ch\u1ea5t l\u01b0\u1ee3ng b\u1ed9t m\u00ec t\u1ed1t nh\u1ea5t n\u01b0\u1edbc.<\/p>\n<p><img decoding=\"async\" src=\"https:\/\/havamall.vn\/wp-content\/uploads\/2025\/03\/d32e9f8b24a5044fc886731604729f2b.jpg\" alt=\"K\u00e1\u00ba\u00bft qu\u00e1\u00ba\u00a3 h\u00c3\u00acnh \u00e1\u00ba\u00a3nh cho m\u00c3\u00ac s\u00e1\u00bb\u00a3i d\u00e1\u00ba\u00b9t divella\" \/><\/p>\n<p>V\u1edbi truy\u1ec1n th\u1ed1ng, kinh nghi\u1ec7m v\u00e0 k\u1ef9 thu\u1eadt, Divella lu\u00f4n cho ra \u0111\u1eddi c\u00e1c s\u1ea3n ph\u1ea9m ch\u1ea5t l\u01b0\u1ee3ng \u0111\u01b0\u1ee3c kh\u1eb3ng \u0111\u1ecbnh t\u1eeb vi\u1ec7c l\u1ef1a ch\u1ecdn nguy\u00ean li\u1ec7u, ph\u01b0\u01a1ng th\u1ee9c s\u1ea3n xu\u1ea5t \u0111\u1ebfn vi\u1ec7c \u0111\u00f3ng g\u00f3i s\u1ea3n ph\u1ea9m. Nh\u1eefng y\u00eau c\u1ea7u kh\u1eaft khe nh\u1ea5t \u0111\u01b0\u1ee3c \u00e1p d\u1ee5ng \u0111\u1ec3 \u0111\u1ea3m b\u1ea3o 100% nh\u1eefng quy \u0111\u1ecbnh v\u1ec1 an to\u00e0n v\u1ec7 sinh th\u1ef1c ph\u1ea9m. \u0110\u1ed3ng th\u1eddi t\u0103ng s\u1ef1 h\u00e0i l\u00f2ng c\u1ee7a kh\u00e1ch h\u00e0ng h\u01a1n n\u1eefa, Divella \u0111\u00e3 \u0111\u1ea1t \u0111\u01b0\u1ee3c ti\u00eau chu\u1ea9 ISO 9001: 2008 v\u00e0 Gi\u1ea5y ch\u1ee9ng nh\u1eadn \u0111\u1ea1t chu\u1ea9n th\u00e2n thi\u1ec7n v\u1edbi m\u00f4i tr\u01b0\u1eddng UNI EN ISO 14001:200.<\/p>\n<p>Hi\u1ec7n Divella \u0111ang \u0111\u01b0\u1ee3c xu\u1ea5t kh\u1ea9u \u0111i h\u01a1n 100 n\u01b0\u1edbc v\u00e0 \u0111\u00e3 \u0111ang chi\u1ebfm v\u1ecb tr\u00ed s\u1ed1 1 t\u1ea1i th\u1ecb tr\u01b0\u1eddng nhi\u1ec1u n\u01b0\u1edbc tr\u00ean th\u1ebf gi\u1edbi.<\/p>\n<p><img fetchpriority=\"high\" decoding=\"async\" class=\"aligncenter\" src=\"https:\/\/havamall.vn\/wp-content\/uploads\/2025\/03\/Linguine-Pasta.jpg\" width=\"615\" height=\"415\" \/><\/p>\n<p>Trong ti\u1ebfng \u00dd, Linguine ngh\u0129a l\u00e0 C\u00e1i L\u01b0\u1ee1i Nh\u1ecf \u2013 \u0110\u00e2y l\u00e0 1 lo\u1ea1i m\u00ec c\u00f3 s\u1ee3i d\u1eb9t (ch\u1ee9 kh\u00f4ng tr\u00f2n nh\u01b0 s\u1ee3i c\u1ee7a m\u1ef3 Spaghetti), tuy nhi\u00ean n\u00f3 l\u1ea1i kh\u00f4ng d\u1eb9t m\u1ecfng v\u00e0 r\u1ed9ng nh\u01b0 m\u1ef3 Fettuccine.<\/p>\n<p><img decoding=\"async\" class=\"wp-image-9857 aligncenter\" src=\"https:\/\/havamall.vn\/wp-content\/uploads\/2025\/03\/DmUnsv5WsAE2e6B.jpg\" alt=\"\" width=\"613\" height=\"491\" \/><\/p>\n<p><strong>Th\u00e0nh ph\u1ea7n:<\/strong> 100% l\u00faa m\u00ec c\u1ee9ng semolina. H20 12.5% max Protein 12% min Lipid 1.7% (of which 0.9%saturated. Ashes 0.85% max, Carbohydrates \u2013 73.00%.Cellulose 0.40%)<\/p>\n<p><strong>H\u01b0\u1edbng d\u1eabn s\u1eed d\u1ee5ng:<\/strong> Cho m\u00ec\/nui v\u00e0o lu\u1ed9c v\u1edbi n\u01b0\u1edbc, th\u00eam m\u1ed9t \u00edt mu\u1ed1i. Sau \u0111\u00f3 v\u1edbt ra v\u00e0 x\u00e0 v\u1edbi n\u01b0\u1edbc l\u1ea1nh, ch\u1ebf bi\u1ebfn m\u00f3n \u0103n theo s\u1edf th\u00edch. Th\u1eddi gian n\u1ea5u khuy\u1ebfn kh\u00edch t\u1eeb 9 \u0111\u1ebfn 12 ph\u00fat<\/p>\n<p><strong>B\u1ea3o qu\u1ea3n:\u00a0<\/strong>N\u01a1i kh\u00f4 r\u00e1o, tho\u00e1ng m\u00e1t.<\/p>\n<p>&nbsp;<\/p>","protected":false},"excerpt":{"rendered":"<p>Divella\u00a0l\u00e0 c\u00f4ng ty c\u00f3 l\u1ecbch s\u1eed h\u01a1n 130 n\u0103m trong ng\u00e0nh ch\u1ebf bi\u1ebfn m\u1ef3 pastase molina t\u1eeb b\u1ed9t m\u00ec durum.<\/p>","protected":false},"featured_media":9860,"comment_status":"open","ping_status":"closed","template":"","meta":[],"product_brand":[],"product_cat":[672,36,134],"product_tag":[],"class_list":{"0":"post-9856","1":"product","2":"type-product","3":"status-publish","4":"has-post-thumbnail","6":"product_cat-nhap-khau-y","7":"product_cat-thuc-pham-tieu-dung","8":"product_cat-thucpham-saykho","9":"pa_brand-divella","11":"first","12":"instock","13":"sale","14":"shipping-taxable","15":"purchasable","16":"product-type-simple"},"_links":{"self":[{"href":"https:\/\/havamall.vn\/en\/wp-json\/wp\/v2\/product\/9856"}],"collection":[{"href":"https:\/\/havamall.vn\/en\/wp-json\/wp\/v2\/product"}],"about":[{"href":"https:\/\/havamall.vn\/en\/wp-json\/wp\/v2\/types\/product"}],"replies":[{"embeddable":true,"href":"https:\/\/havamall.vn\/en\/wp-json\/wp\/v2\/comments?post=9856"}],"version-history":[{"count":0,"href":"https:\/\/havamall.vn\/en\/wp-json\/wp\/v2\/product\/9856\/revisions"}],"wp:featuredmedia":[{"embeddable":true,"href":"https:\/\/havamall.vn\/en\/wp-json\/wp\/v2\/media\/9860"}],"wp:attachment":[{"href":"https:\/\/havamall.vn\/en\/wp-json\/wp\/v2\/media?parent=9856"}],"wp:term":[{"taxonomy":"product_brand","embeddable":true,"href":"https:\/\/havamall.vn\/en\/wp-json\/wp\/v2\/product_brand?post=9856"},{"taxonomy":"product_cat","embeddable":true,"href":"https:\/\/havamall.vn\/en\/wp-json\/wp\/v2\/product_cat?post=9856"},{"taxonomy":"product_tag","embeddable":true,"href":"https:\/\/havamall.vn\/en\/wp-json\/wp\/v2\/product_tag?post=9856"}],"curies":[{"name":"wp","href":"https:\/\/api.w.org\/{rel}","templated":true}]}}