{"id":9853,"date":"2019-01-22T18:03:40","date_gmt":"2019-01-22T11:03:40","guid":{"rendered":"https:\/\/havamall.vn\/?post_type=product&#038;p=9853"},"modified":"2025-03-18T14:04:12","modified_gmt":"2025-03-18T07:04:12","slug":"banh-quy-divella-tu-bap-ottmini-biscotti-con-riso-e-mais","status":"publish","type":"product","link":"https:\/\/havamall.vn\/en\/shop\/banh-quy-divella-tu-bap-ottmini-biscotti-con-riso-e-mais\/","title":{"rendered":"B\u00e1nh Quy Divella T\u1eeb B\u1eafp Ottmini Biscotti Con Riso E Mais"},"content":{"rendered":"<p><strong>B\u00e1nh Quy Dinh D\u01b0\u1ee1ng Divella H\u00e0ng Nh\u1eadp Kh\u1ea9u Italia<\/strong>\u00a0\u0111\u01b0\u1ee3c l\u00e0m t\u1eeb nh\u1eefng nguy\u00ean li\u1ec7u\u00a0ho\u00e0n to\u00e0n t\u1ef1 nhi\u00ean,\u0111\u01b0\u1ee3c l\u1ef1a ch\u1ecdn t\u1eeb nh\u1eefng th\u00e0nh ph\u1ea7n t\u1ed1t nh\u1ea5t c\u1ee7a h\u1ea1t l\u00faa m\u00ec c\u1ee9ng nguy\u00ean ch\u1ea5t, gi\u00e0u ch\u1ea5t x\u01a1, cung c\u1ea5p nhi\u1ec1u n\u0103ng l\u01b0\u1ee3ng, kho\u00e1ng ch\u1ea5t v\u00e0 c\u00e1cvitamin ch\u00ednh nu\u00f4i c\u01a1 th\u1ec3.\u00a0<strong>B\u00e1nh quy Bordeaux\u200b<\/strong>\u00a0v\u1edbi v\u1ecb ng\u1ecdt h\u00e0i h\u00f2a, s\u1ea3n ph\u1ea9m ch\u00ednh l\u00e0 c\u1ea7u n\u1ed1i gi\u00fap b\u1ea1n chia s\u1ebb nh\u1eefng kho\u1ea3nh kh\u1eafc ng\u1ecdt ng\u00e0o c\u00f9ng nh\u1eefng ng\u01b0\u1eddi th\u00e2n y\u00eau.Th\u01b0\u01a1ng hi\u1ec7u\u00a0<b><i>Divella<\/i><\/b>\u00a0n\u1ed5i ti\u1ebfng t\u1eeb \u0111\u1ea5t n\u01b0\u1edbc Italia v\u1edbi b\u1ec1 d\u00e0y h\u01a1n 120 n\u0103m qua, \u0111\u00e3 ph\u1ee7 r\u1ed9ng tr\u00ean to\u00e0n th\u1ebf gi\u1edbi v\u00e0 hi\u1ec7n \u0111\u00e3 c\u00f3 m\u1eb7t t\u1ea1i th\u1ecb tr\u01b0\u1eddng Vi\u1ec7t Nam v\u1edbi nhi\u1ec1u d\u00f2ng s\u1ea3n ph\u1ea9m \u0111a d\u1ea1ng v\u1ec1 h\u01b0\u01a1ng v\u1ecb v\u00e0 h\u00ecnh d\u00e1ng c\u00f9ng ch\u1ea5t l\u01b0\u1ee3ng tuy\u1ec7t h\u1ea3o, \u0111\u01b0\u1ee3c ng\u01b0\u1eddi ti\u00eau d\u00f9ng tr\u00ean kh\u1eafp th\u1ebf gi\u1edbi tin t\u01b0\u1edfng l\u1ef1a ch\u1ecdn.<\/p>\n<p><img fetchpriority=\"high\" decoding=\"async\" class=\"size-full wp-image-9845 aligncenter\" src=\"https:\/\/havamall.vn\/wp-content\/uploads\/2025\/03\/phpThumb_generated_thumbnail.jpg\" alt=\"\" width=\"900\" height=\"450\" \/><\/p>\n<p><strong>Divella \u2013 hi\u1ec7n \u0111\u00e3 c\u00f3 m\u1eb7t v\u1edbi 3 d\u00f2ng S\u1ea3n Ph\u1ea9m ch\u00ednh:<\/strong><br \/>\n<strong>-Divella Ottimini Biscotti Classici \u2013 Ottimini truy\u1ec1n th\u1ed1ng<\/strong><br \/>\n<strong>-Divella Ottimni Biscotti al Cacao \u2013 Ottimini S\u00f4c\u00f4la<\/strong><br \/>\n<strong>-Divella Ottmini Biscotti con Riso e Mais \u2013 Ottimini t\u1eeb g\u1ea1o v\u00e0 ng\u00f4<\/strong><\/p>\n<p>B\u00e1nh quy Divella Ottimini Integrali \u2013 Xu\u1ea5t x\u1ee9 Italia (B\u00e1nh Quy Divella T\u1ed5ng H\u1ee3p) th\u01b0\u1edfng th\u1ee9c ngon h\u01a1n, th\u01a1m h\u01a1n khi k\u1ebft h\u1ee3p c\u00f9ng s\u1eefa, c\u00e0 ph\u00ea. B\u1ea1n c\u0169ng c\u00f3 th\u1ec3 trang tr\u00ed l\u00ean nh\u1eefng ly kem t\u01b0\u01a1i m\u00e1t, th\u1eadt ti\u1ec7n l\u1ee3i cho nh\u1eefng l\u1ea7n \u0111i xa.<\/p>\n<p><strong>Th\u00e0nh ph\u1ea7n:<\/strong>\u00a0B\u1ed9t l\u00faa m\u1ef3, d\u1ea7u th\u1ef1c v\u1eadt kh\u00f4ng hydro h\u00f3a, 5,4% socola , cacao (\u0111\u01b0\u1eddng, cocoa paste, b\u01a1 cacao, lecithin \u0111\u1eadu n\u00e0nh, h\u01b0\u01a1ng th\u1ef1c ph\u1ea9m), 7,4% tr\u1ee9ng t\u01b0\u01a1i, 2,4% b\u1ed9t cacao (b\u1ed9t cacao, kali carbonat, vani), t\u0103ng c\u01b0\u1eddng ch\u1ea5t (sodium hydrogen carbonate, ammonium hydrogen carbonate, axit sodium pyrophosphate),protein s\u1eefa, h\u01b0\u01a1ng th\u1ef1c ph\u1ea9m, mu\u1ed1i, \u0111\u01b0\u1eddng<\/p>\n<p><strong>H\u01b0\u1edbng d\u1eabn s\u1eed d\u1ee5ng:<\/strong>\u00a0\u0102n tr\u1ef1c ti\u1ebfp, sau khi khui b\u00e1nh b\u1ea3o qu\u1ea3n trong h\u1ed9p k\u00edn.<\/p>\n<p><strong>H\u01b0\u1edbng d\u1eabn l\u00e0m \u0103n d\u0103\u0323m cho b\u00e9:<\/strong>\u00a0co\u0301 th\u00ea\u0309 du\u0300ng nh\u01b0 m\u00f4\u0323t loa\u0323i th\u01b0\u0301c \u0103n nhanh, khi kh\u00f4ng co\u0301 th\u01a1\u0300i gian ch\u00ea\u0301 bi\u00ea\u0301n. Cho tre\u0309 \u0103n b\u0103\u0300ng ca\u0301ch ng\u00e2m ba\u0301nh trong n\u01b0\u01a1\u0301c \u00e2\u0301m, qu\u00e2\u0323y \u0111\u00ea\u0300u cho tan va\u0300 s\u00ea\u0323t d\u00e2\u0300n. L\u00e2\u0300n \u0111\u00e2\u0300u cho \u0103n m\u00f4\u0323t va\u0300i mu\u00f4\u0303ng \u0111\u00ea\u0309 tre\u0309 ca\u0309m nh\u00e2\u0323n va\u0300 quen d\u00e2\u0300n \u2013\u00a0<span class=\"text_exposed_show\">th\u00edch h\u1ee3p cho c\u00e1c b\u00e9 t\u1eeb 6 th\u00e1ng tr\u1edf l\u00ean.\u00a0<\/span><\/p>","protected":false},"excerpt":{"rendered":"<p>B\u00e1nh Quy Dinh D\u01b0\u1ee1ng Divella H\u00e0ng Nh\u1eadp Kh\u1ea9u Italia\u00a0\u0111\u01b0\u1ee3c l\u00e0m t\u1eeb nh\u1eefng nguy\u00ean li\u1ec7u\u00a0ho\u00e0n to\u00e0n t\u1ef1 nhi\u00ean,\u0111\u01b0\u1ee3c l\u1ef1a ch\u1ecdn t\u1eeb<\/p>","protected":false},"featured_media":9854,"comment_status":"open","ping_status":"closed","template":"","meta":[],"product_brand":[],"product_cat":[672,36,133],"product_tag":[],"class_list":{"0":"post-9853","1":"product","2":"type-product","3":"status-publish","4":"has-post-thumbnail","6":"product_cat-nhap-khau-y","7":"product_cat-thuc-pham-tieu-dung","8":"product_cat-banh-keo-chocolate","9":"pa_brand-divella","11":"first","12":"outofstock","13":"sale","14":"shipping-taxable","15":"purchasable","16":"product-type-simple"},"_links":{"self":[{"href":"https:\/\/havamall.vn\/en\/wp-json\/wp\/v2\/product\/9853"}],"collection":[{"href":"https:\/\/havamall.vn\/en\/wp-json\/wp\/v2\/product"}],"about":[{"href":"https:\/\/havamall.vn\/en\/wp-json\/wp\/v2\/types\/product"}],"replies":[{"embeddable":true,"href":"https:\/\/havamall.vn\/en\/wp-json\/wp\/v2\/comments?post=9853"}],"version-history":[{"count":0,"href":"https:\/\/havamall.vn\/en\/wp-json\/wp\/v2\/product\/9853\/revisions"}],"wp:featuredmedia":[{"embeddable":true,"href":"https:\/\/havamall.vn\/en\/wp-json\/wp\/v2\/media\/9854"}],"wp:attachment":[{"href":"https:\/\/havamall.vn\/en\/wp-json\/wp\/v2\/media?parent=9853"}],"wp:term":[{"taxonomy":"product_brand","embeddable":true,"href":"https:\/\/havamall.vn\/en\/wp-json\/wp\/v2\/product_brand?post=9853"},{"taxonomy":"product_cat","embeddable":true,"href":"https:\/\/havamall.vn\/en\/wp-json\/wp\/v2\/product_cat?post=9853"},{"taxonomy":"product_tag","embeddable":true,"href":"https:\/\/havamall.vn\/en\/wp-json\/wp\/v2\/product_tag?post=9853"}],"curies":[{"name":"wp","href":"https:\/\/api.w.org\/{rel}","templated":true}]}}