{"id":9840,"date":"2019-01-22T16:47:44","date_gmt":"2019-01-22T09:47:44","guid":{"rendered":"https:\/\/havamall.vn\/?post_type=product&#038;p=9840"},"modified":"2025-06-20T16:15:39","modified_gmt":"2025-06-20T09:15:39","slug":"bot-lua-mi-chuyen-lam-pasta-semola-1000gr","status":"publish","type":"product","link":"https:\/\/havamall.vn\/en\/shop\/bot-lua-mi-chuyen-lam-pasta-semola-1000gr\/","title":{"rendered":"B\u1ed9t L\u00faa M\u00ec Chuy\u00ean L\u00e0m Pasta Semola 1000gr"},"content":{"rendered":"<div class=\"product__description rte\">\n<p>Semolina l\u00e0 m\u1ed9t lo\u1ea1i b\u1ed9t l\u00e0m t\u1eeb l\u00faa m\u00ec c\u1ee9ng (durum wheat). Semolina l\u00e0 nguy\u00ean li\u1ec7u ch\u00ednh d\u00f9ng \u0111\u1ec3 t\u1ea1o ra c\u00e1c lo\u1ea1i m\u00ec c\u00f3 c\u00e1c m\u00e0u nh\u01b0: xanh, v\u00e0ng, \u0111\u1ecf, \u0111en&#8230; B\u1ed9t semolina l\u00e0 lo\u1ea1i b\u1ed9t c\u00f3 h\u00e0m l\u01b0\u1ee3ng protein cao nh\u1ea5t v\u00e0 ch\u1ee9a r\u1ea5t nhi\u1ec1u dinh d\u01b0\u1ee1ng kh\u00e1c \u0111\u01b0\u1ee3c cho l\u00e0 r\u1ea5t l\u00ed t\u01b0\u1edfng \u0111\u1ec3 ch\u1ebf bi\u1ebfn c\u00e1c m\u00f3n \u0103n \u0111\u1eb7c s\u1ea3n c\u1ee7a \u00dd nh\u01b0 m\u00ec pasta, nui.. ngo\u00e0i ra Semolina r\u1ea5t gi\u00e0u gluten n\u00ean n\u00f3 c\u0169ng \u0111\u01b0\u1ee3c ng\u01b0\u1eddi ta s\u1eed d\u1ee5ng trong c\u00e1c b\u1ebfp \u0103n \u0111\u1ec3 l\u00e0m m\u1ed9t s\u1ed1 lo\u1ea1i b\u00e1nh m\u1eb7n v\u00e0 ng\u1ecdt.<\/p>\n<p><img fetchpriority=\"high\" decoding=\"async\" class=\"wp-image-9841 aligncenter\" src=\"https:\/\/havamall.com\/wp-content\/uploads\/2025\/06\/Semolarimacinata7-copy.jpg\" alt=\"\" width=\"728\" height=\"498\" \/><\/p>\n<p>\u0110\u1ec3 l\u00e0m Semolina, ng\u01b0\u1eddi ta ph\u1ea3i nghi\u1ec1n xay th\u00f4 c\u00e1c lo\u1ea1i h\u1ea1t ng\u0169 c\u1ed1c (trong \u0111\u00f3 nhi\u1ec1u nh\u1ea5t ch\u00ednh l\u00e0 l\u00faa m\u00ec c\u1ee9ng), ti\u1ebfp theo l\u00e0 s\u1ea5y kh\u00f4 v\u00e0 s\u00e0ng l\u1ecdc th\u1eadt k\u1ef9 \u0111\u1ec3 k\u1ebft qu\u1ea3 thu \u0111\u01b0\u1ee3c kh\u00f4ng ch\u1ee9a l\u1eabn c\u00e1m hay m\u1ea7m.<\/p>\n<p>S\u1ed1 l\u01b0\u1ee3ng protein cao v\u00e0 k\u1ebft c\u1ea5u c\u1ee7a n\u00f3 cho ph\u00e9p lo\u1ea1i b\u1ed9t n\u00e0y ph\u00e1t tri\u1ec3n \u0111\u1ebfn m\u1ee9c \u0111\u1ea7y \u0111\u1ee7 c\u00e1c ph\u1ea9m ch\u1ea5t v\u1ec1 gi\u00e1c quan nh\u01b0 h\u01b0\u01a1ng v\u1ecb v\u00e0 h\u01b0\u01a1ng th\u01a1m trong s\u1ea3n ph\u1ea9m cu\u1ed1i c\u00f9ng. Trong nh\u1eefng n\u0103m qua, C\u00f4ng ty \u0111\u00e3 t\u1ea1o ra c\u00e1c lo\u1ea1i b\u1ed9t kh\u00e1c nhau cho c\u00e1c ph\u1ea1m vi s\u1ea3n xu\u1ea5t kh\u00e1c nhau; nh\u1eefng lo\u1ea1i n\u00e0y \u0111\u1ec1u kh\u00e1c xa nhau v\u1ec1 k\u1ebft c\u1ea5u, kho\u00e1ng ch\u1ea5t v\u00e0 c\u00e1c ch\u1ea5t nit\u01a1 c\u00f3 li\u00ean quan.<span id=\"cong-dung-cua-bot-semolina\"><\/span><\/p>\n<h2>Ch\u1ec9 s\u1ed1 dinh d\u01b0\u1ee1ng:<\/h2>\n<p><strong>L\u01b0\u1ee3ng Proteins<\/strong>\u00a0(\u1edf d\u1ea1ng kh\u00f4): 12%<br \/>\n<strong>L\u01b0\u1ee3ng ch\u1ea5t \u0111\u1ea1m<\/strong>\u00a0(\u1edf d\u1ea1ng kh\u00f4): 10.5%<br \/>\n<strong>Gluten index (ch\u1ec9 s\u1ed1 ch\u1ea5t \u0111\u1ea1m)<\/strong>: 75<br \/>\n<strong>ASH<\/strong>\u00a0(\u1edf d\u1ea1ng kh\u00f4): 0,60%<br \/>\n<strong>Ch\u1ec9 s\u1ed1 Yellow (Yellow Index)<\/strong>\u00a0(b Minolta): 27 min<br \/>\n<strong>Granulometry (\u0111\u1ed9 xay)<\/strong>:\u00a0Th\u00f4<\/p>\n<p><img decoding=\"async\" class=\"wp-image-25791 aligncenter\" src=\"https:\/\/havamall.com\/wp-content\/uploads\/2025\/06\/z3249725980442_cfa2827c25270bfe8284659f6009eddf-291x300.jpg\" alt=\"\" width=\"718\" height=\"740\" \/><\/p>\n<\/div>\n<h3><span id=\"cong-dung-cua-bot-semolina\"><strong>C\u00f4ng d\u1ee5ng c\u1ee7a b\u1ed9t semolina<\/strong><\/span><\/h3>\n<p>Semolina c\u00f3 h\u00e0m l\u01b0\u1ee3ng protein cao nh\u1ea5t trong m\u1ed9t s\u1ed1 lo\u1ea1i b\u1ed9t m\u00ec, lo\u1ea1i b\u1ed9t m\u00ec n\u00e0y \u0111\u01b0\u1ee3c xem l\u00e0 kh\u00e1 l\u00ed t\u01b0\u1edfng d\u00f9ng \u0111\u1ec3 l\u00e0m m\u1ef3 pasta v\u00e0 l\u00e0m m\u1ed9t s\u1ed1 m\u00f3n pudding c\u1ee7a n\u01b0\u1edbc \u00dd. Semolina r\u1ea5t gi\u00e0u gluten do v\u1eady lo\u1ea1i b\u1ed9t n\u00e0y c\u0169ng \u0111\u01b0\u1ee3c d\u00f9ng trong ch\u1ebf\u00a0 bi\u1ebfn m\u1ed9t s\u1ed1 m\u00f3n \u0103n v\u00e0 m\u1ed9t s\u1ed1 lo\u1ea1i b\u00e1nh kh\u00e1c nh\u01b0 semoule (g\u00e2teaux de semoule), s\u00fap (potage), couscous, c\u00e1c lo\u1ea1i nui spaghetti, m\u00ec \u1ed1ng\u2026<\/p>\n<p>C\u00e1c m\u00f3n b\u00e1nh hay c\u00e1c m\u00f3n m\u00ec \u0111\u01b0\u1ee3c l\u00e0m t\u1eeb semolina th\u01b0\u1eddng c\u00f3 k\u1ebft c\u1ea5u kh\u00e1 \u0111\u1eb7c, khi \u0103n v\u1eabn c\u00f2n c\u1ea3m nh\u1eadn \u0111\u01b0\u1ee3c r\u1ea5t r\u00f5 v\u1ecb c\u1ee7a l\u00faa m\u00ec v\u00e0 ch\u1ee9a r\u1ea5t nhi\u1ec1u protein c\u0169ng nh\u01b0 nhi\u1ec1u d\u01b0\u1ee1ng ch\u1ea5t c\u00f3 l\u1ee3i cho s\u1ee9c kh\u1ecfe. Khi \u0111\u01b0\u1ee3c th\u00eam v\u00e0o s\u00fap, semolina t\u1ea1o cho m\u00f3n s\u00fap h\u01b0\u01a1ng v\u1ecb kh\u00e1 \u0111\u1eb7c bi\u1ec7t c\u00f9ng v\u1edbi \u0111\u1ed9 s\u1ec7t ho\u00e0n h\u1ea3o.<\/p>\n<p>Ngo\u00e0i c\u00e1c m\u00f3n tr\u00ean, semolina c\u0169ng \u0111\u01b0\u1ee3c s\u1eed d\u1ee5ng \u0111\u1ec3 n\u1ea5u ch\u00e1o \u0103n d\u1eb7m cho c\u00e1c b\u00e9. V\u1edbi h\u00e0m l\u01b0\u1ee3ng protein c\u00f9ng nh\u1eefng kho\u00e1ng ch\u1ea5t m\u00e0 lo\u1ea1i b\u1ed9t n\u00e0y c\u00f3 \u0111\u01b0\u1ee3c, \u0111\u00e2y ch\u00ednh l\u00e0 m\u1ed9t trong nh\u1eefng l\u1ef1a ch\u1ecdn l\u00fd t\u01b0\u1edfng cho c\u00e1c m\u1eb9 khi ch\u1ecdn b\u1ed9t \u0103n d\u1eb7m cho con.<\/p>\n<p><img decoding=\"async\" class=\"aligncenter\" src=\"https:\/\/havamall.com\/wp-content\/uploads\/2025\/06\/b2b2bf085188c8ff0d8fbd4bc60f4a88.jpg\" alt=\"B\u1ed9t M\u00ec Semolina Semola Hi\u1ec7u Divella 1Kg - TP.H\u1ed3 Ch\u00ed Minh - Five.vn\" width=\"720\" height=\"345\" \/><\/p>\n<h3><span id=\"bot-semolina-mua-o-dau-gia-bao-nhieu-tien\"><strong>B\u1ed9t semolina mua \u1edf \u0111\u00e2u, gi\u00e1 bao nhi\u00eau ti\u1ec1n?<\/strong><\/span><\/h3>\n<p>B\u1ed9t semolina \u0111\u01b0\u1ee3c d\u00f9ng kh\u00e1 th\u00f4ng d\u1ee5ng v\u00e0 \u0111\u01b0\u1ee3c d\u00f9ng \u0111\u1ec3 ch\u1ebf bi\u1ebfn kh\u00e1 nhi\u1ec1u lo\u1ea1i th\u1ef1c ph\u1ea9m, do v\u1eady b\u1ea1n c\u00f3 th\u1ec3 mua \u0111\u01b0\u1ee3c b\u1ed9t semolina \u1edf c\u00e1c c\u1eeda h\u00e0ng t\u1ea1p h\u00f3a, si\u00eau th\u1ecb l\u1edbn, c\u00e1c c\u1eeda h\u00e0ng nguy\u00ean v\u1eadt li\u1ec7u ho\u1eb7c t\u1ea1i <strong>Havamall<\/strong> v\u1edbi gi\u00e1 r\u1ebb nh\u1ea5t. Semolina c\u00f3 nhi\u1ec1u lo\u1ea1i kh\u00e1c nhau v\u1edbi nhi\u1ec1u m\u1ee9c gi\u00e1 t\u00f9y theo lo\u1ea1i b\u1ed9t m\u00e0 b\u1ea1n l\u1ef1a ch\u1ecdn. Gi\u00e1 c\u1ee7a semolina th\u01b0\u1eddng dao \u0111\u1ed9ng t\u1eeb kho\u1ea3ng 70 \u2013 100 ng\u00e0n \u0111\u1ed3ng\/t\u00fai 500 gram.<\/p>","protected":false},"excerpt":{"rendered":"<p>Semolina l\u00e0 m\u1ed9t lo\u1ea1i b\u1ed9t l\u00e0m t\u1eeb l\u00faa m\u00ec c\u1ee9ng (durum wheat). Semolina l\u00e0 nguy\u00ean li\u1ec7u ch\u00ednh d\u00f9ng \u0111\u1ec3 t\u1ea1o<\/p>","protected":false},"featured_media":32707,"comment_status":"open","ping_status":"closed","template":"","meta":[],"product_brand":[],"product_cat":[255,672,130,36,134],"product_tag":[],"class_list":{"0":"post-9840","1":"product","2":"type-product","3":"status-publish","4":"has-post-thumbnail","6":"product_cat-nguyen-lieu-lam-banh","7":"product_cat-nhap-khau-y","8":"product_cat-khuyen-mai","9":"product_cat-thuc-pham-tieu-dung","10":"product_cat-thucpham-saykho","11":"pa_brand-divella","13":"first","14":"instock","15":"sale","16":"shipping-taxable","17":"purchasable","18":"product-type-simple"},"_links":{"self":[{"href":"https:\/\/havamall.vn\/en\/wp-json\/wp\/v2\/product\/9840"}],"collection":[{"href":"https:\/\/havamall.vn\/en\/wp-json\/wp\/v2\/product"}],"about":[{"href":"https:\/\/havamall.vn\/en\/wp-json\/wp\/v2\/types\/product"}],"replies":[{"embeddable":true,"href":"https:\/\/havamall.vn\/en\/wp-json\/wp\/v2\/comments?post=9840"}],"version-history":[{"count":0,"href":"https:\/\/havamall.vn\/en\/wp-json\/wp\/v2\/product\/9840\/revisions"}],"wp:featuredmedia":[{"embeddable":true,"href":"https:\/\/havamall.vn\/en\/wp-json\/wp\/v2\/media\/32707"}],"wp:attachment":[{"href":"https:\/\/havamall.vn\/en\/wp-json\/wp\/v2\/media?parent=9840"}],"wp:term":[{"taxonomy":"product_brand","embeddable":true,"href":"https:\/\/havamall.vn\/en\/wp-json\/wp\/v2\/product_brand?post=9840"},{"taxonomy":"product_cat","embeddable":true,"href":"https:\/\/havamall.vn\/en\/wp-json\/wp\/v2\/product_cat?post=9840"},{"taxonomy":"product_tag","embeddable":true,"href":"https:\/\/havamall.vn\/en\/wp-json\/wp\/v2\/product_tag?post=9840"}],"curies":[{"name":"wp","href":"https:\/\/api.w.org\/{rel}","templated":true}]}}