{"id":9834,"date":"2019-01-22T16:14:19","date_gmt":"2019-01-22T09:14:19","guid":{"rendered":"https:\/\/havamall.vn\/?post_type=product&#038;p=9834"},"modified":"2025-03-18T14:24:30","modified_gmt":"2025-03-18T07:24:30","slug":"ca-chua-xay-dang-set-passata-di-pomodoro-680gr","status":"publish","type":"product","link":"https:\/\/havamall.vn\/en\/shop\/ca-chua-xay-dang-set-passata-di-pomodoro-680gr\/","title":{"rendered":"C\u00e0 Chua Xay D\u1ea1ng S\u1ec7t Passata Di Pomodoro 680gr"},"content":{"rendered":"<div class=\"info_product\">\n<div class=\"infoRight\"><\/div>\n<\/div>\n<div class=\"tab_wrapper tab_responsive\">\n<div class=\"clear\">\u0110\u1ec3 l\u00e0m c\u00e1c m\u00f3n \u00dd, nguy\u00ean li\u1ec7u kh\u00f4ng th\u1ec3 thi\u1ebfu ch\u00ednh l\u00e0\u00a0<strong>s\u1ed1t c\u00e0 chua t\u01b0\u01a1i<\/strong>. Tuy nhi\u00ean, \u0111\u1ec3 l\u00e0m \u0111\u01b0\u1ee3c\u00a0<strong>s\u1ed1t c\u00e0 chua chu\u1ea9n v\u1ecb<\/strong>\u00a0l\u1ea1i l\u00e0 \u0111i\u1ec1u kh\u00f4ng h\u1ec1 \u0111\u01a1n gi\u1ea3n, nh\u1ea5t l\u00e0 trong nh\u1ecbp s\u1ed1ng hi\u1ec7n \u0111\u1ea1i hi\u1ec7n nay, nhi\u1ec1u b\u00e0 n\u1ed9i tr\u1ee3 kh\u00f4ng c\u00f3 nhi\u1ec1u th\u1eddi gian \u0111\u1ec3 chu\u1ea9n b\u1ecb cho b\u1eefa c\u01a1m gia \u0111\u00ecnh. V\u1edbi mong mu\u1ed1n gi\u00fap c\u00e1c b\u1ea1n c\u00f3 th\u1ec3\u00a0<strong>ti\u1ebft ki\u1ec7m \u0111\u01b0\u1ee3c th\u1eddi gian, c\u00f4ng s\u1ee9c<\/strong>\u00a0v\u00e0 c\u00f3 \u0111\u01b0\u1ee3c nh\u1eefng m\u00f3n \u0103n chu\u1ea9n h\u01b0\u01a1ng v\u1ecb \u0111\u1ebfn t\u1eeb n\u01b0\u1edbc \u00dd, Divella gi\u1edbi thi\u1ec7u t\u1edbi b\u1ea1n s\u1ea3n ph\u1ea9m\u00a0<strong>C\u00e0 chua xay Passata Di Pomodoro Divella<\/strong>.<\/div>\n<div id=\"tab_1\" class=\"tab_content\">\n<p><strong><img fetchpriority=\"high\" decoding=\"async\" class=\"wp-image-9835 aligncenter\" src=\"https:\/\/havamall.vn\/wp-content\/uploads\/2025\/03\/Divella-Passata2-1170x592-1.jpg\" alt=\"\" width=\"873\" height=\"442\" \/><br \/>\n<\/strong><\/p>\n<p>C\u00e0 chua xay Passata Di Pomodoro Divella l\u00e0 s\u1ea3n ph\u1ea9m \u0111\u01b0\u1ee3c\u00a0<strong>nh\u1eadp kh\u1ea9u tr\u1ef1c ti\u1ebfp t\u1eeb \u0111\u1ea5t n\u01b0\u1edbc \u00a0\u00dd<\/strong>\u00a0xinh \u0111\u1eb9p. \u0110\u01b0\u1ee3c s\u1ea3n xu\u1ea5t theo nh\u1eefng y\u00eau c\u1ea7u kh\u1eafc khe c\u1ee7a ch\u00e2u \u00c2u, \u0111\u1ea3m b\u1ea3o\u00a0an to\u00e0n v\u1ec7 sinh th\u1ef1c ph\u1ea9m. V\u1edbi th\u00e0nh ph\u1ea7n\u00a0<strong>100% c\u00e0 chua \u00dd t\u01b0\u01a1i \u0111\u00e3 \u0111\u01b0\u1ee3c b\u00f3c v\u1ecf, t\u00e1ch h\u1ea1t, xay nhuy\u1ec5n<\/strong>\u00a0v\u00e0 ch\u1ebf bi\u1ebfn theo c\u00f4ng th\u1ee9c truy\u1ec1n th\u1ed1ng \u0111\u1ed9c quy\u1ec1n c\u1ee7a Divella. C\u00e0 chua xay Passata Di Pomodoro Divella c\u00f3<strong>\u00a0h\u01b0\u01a1ng v\u1ecb v\u00f4 c\u00f9ng t\u01b0\u01a1i ngon, chu\u1ea9n v\u1ecb \u00dd<\/strong>, gi\u00fap cho c\u00e1c m\u00f3n \u0103n c\u1ee7a b\u1ea1n th\u00eam ph\u1ea7n th\u01a1m ngon h\u1ea5p d\u1eabn, h\u1ec7t nh\u01b0 \u0111i \u0103n t\u1ea1i nh\u1eefng nh\u00e0 h\u00e0ng \u0111\u1eaft ti\u1ec1n.<\/p>\n<p>\u0110\u1eb7c \u0111i\u1ec3m n\u1ed5i b\u1eadt c\u1ee7a s\u1ea3n ph\u1ea9m<\/p>\n<p>\u2013 Nguy\u00ean li\u1ec7u t\u1ef1 nhi\u00ean, an to\u00e0n khi s\u1eed d\u1ee5ng<\/p>\n<p>\u2013 H\u01b0\u01a1ng v\u1ecb th\u01a1m ngon, b\u1ed5 d\u01b0\u1ee1ng<\/p>\n<p>\u2013 \u0110\u00f3ng l\u1ecd th\u1ee7y tinh \u0111\u00e3 qua x\u1eed l\u00fd h\u00fat ch\u00e2n kh\u00f4ng, ti\u1ec7n l\u1ee3i b\u1ea3o qu\u1ea3n \u1edf nhi\u1ec7t \u0111\u1ed9 th\u01b0\u1eddng (khi ch\u01b0a m\u1edf n\u1eafp)<\/p>\n<p><strong><img decoding=\"async\" class=\"wp-image-9836 aligncenter\" src=\"https:\/\/havamall.vn\/wp-content\/uploads\/2025\/03\/1.jpg\" alt=\"\" width=\"878\" height=\"366\" \/><br \/>\n<\/strong><\/p>\n<p>M\u1ed9t s\u1ea3n ph\u1ea9m v\u00f4 c\u00f9ng ti\u1ec7n d\u1ee5ng, th\u01a1m ngon v\u00e0 nhi\u1ec1u gi\u00e1 tr\u1ecb dinh d\u01b0\u1ee1ng\u00a0n\u00ean ng\u01b0\u1eddi ti\u00eau d\u00f9ng ho\u00e0n to\u00e0n c\u00f3 th\u1ec3 y\u00ean t\u00e2m l\u1ef1a ch\u1ecdn v\u00e0 s\u1eed d\u1ee5ng cho nh\u1eefng b\u1eefa \u0103n c\u1ee7a gia \u0111\u00ecnh nh\u1ecf c\u1ee7a m\u00ecnh.<\/p>\n<p><strong>Quy c\u00e1ch s\u1ea3n ph\u1ea9m:<\/strong><\/p>\n<p>+ M\u00f4 t\u1ea3:\u00a0C\u00e0 chua b\u00f3c v\u1ecf b\u1ecf h\u1ea1t nghi\u1ec1n nhuy\u1ec5n, th\u01a1m m\u00f9i \u0111\u1eb7c tr\u01b0ng c\u1ee7a c\u00e0 chua.<\/p>\n<p>+ Quy c\u00e1ch \u0111\u00f3ng g\u00f3i: 680 g<\/p>\n<p>+ Bao b\u00ec: chai th\u1ee7y tinh<br \/>\n+ Th\u00e0nh ph\u1ea7n: C\u00e0 chua, mu\u1ed1i.<\/p>\n<p>+ S\u1ea3n xu\u1ea5t t\u1ea1i: \u00dd<br \/>\n+ H\u00e3ng s\u1ea3n xu\u1ea5t: Divella<br \/>\n+ Th\u1eddi h\u1ea1n s\u1eed d\u1ee5ng: 3 n\u0103m k\u1ec3 t\u1eeb ng\u00e0y S\u1ea3n xu\u1ea5t<\/p>\n<p><img decoding=\"async\" class=\"wp-image-9837 aligncenter\" src=\"https:\/\/havamall.vn\/wp-content\/uploads\/2025\/03\/pomodoro-polpa.jpg\" alt=\"\" width=\"880\" height=\"586\" \/><\/p>\n<p>+ H\u01b0\u1edbng d\u1eabn s\u1eed d\u1ee5ng:\u00a0D\u00f9ng tr\u1ef1c ti\u1ebfp ho\u1eb7c ch\u1ebf bi\u1ebfn c\u00e1c m\u00f3n \u0103n<br \/>\n+ B\u1ea3o qu\u1ea3n: B\u1ea3o qu\u1ea3n n\u01a1i kh\u00f4 r\u00e1o, tho\u00e1ng m\u00e1t, tr\u00e1nh nhi\u1ec7t \u0111\u1ed9 cao qu\u00e1 20<strong>\u00b0<\/strong>C. Sau khi m\u1edf n\u1eafp th\u00ec n\u00ean b\u1ea3o qu\u1ea3n trong t\u1ee7 l\u1ea1nh v\u00e0 s\u1eed d\u1ee5ng h\u1ebft trong 3 ng\u00e0y.<\/p>\n<\/div>\n<\/div>","protected":false},"excerpt":{"rendered":"<p>\u0110\u1ec3 l\u00e0m c\u00e1c m\u00f3n \u00dd, nguy\u00ean li\u1ec7u kh\u00f4ng th\u1ec3 thi\u1ebfu ch\u00ednh l\u00e0\u00a0s\u1ed1t c\u00e0 chua t\u01b0\u01a1i. Tuy nhi\u00ean, \u0111\u1ec3 l\u00e0m \u0111\u01b0\u1ee3c\u00a0s\u1ed1t<\/p>","protected":false},"featured_media":24593,"comment_status":"open","ping_status":"closed","template":"","meta":[],"product_brand":[],"product_cat":[672,130,36,143],"product_tag":[],"class_list":{"0":"post-9834","1":"product","2":"type-product","3":"status-publish","4":"has-post-thumbnail","6":"product_cat-nhap-khau-y","7":"product_cat-khuyen-mai","8":"product_cat-thuc-pham-tieu-dung","9":"product_cat-thuc-pham-dong-hop","10":"pa_brand-divella","12":"first","13":"instock","14":"sale","15":"shipping-taxable","16":"purchasable","17":"product-type-simple"},"_links":{"self":[{"href":"https:\/\/havamall.vn\/en\/wp-json\/wp\/v2\/product\/9834"}],"collection":[{"href":"https:\/\/havamall.vn\/en\/wp-json\/wp\/v2\/product"}],"about":[{"href":"https:\/\/havamall.vn\/en\/wp-json\/wp\/v2\/types\/product"}],"replies":[{"embeddable":true,"href":"https:\/\/havamall.vn\/en\/wp-json\/wp\/v2\/comments?post=9834"}],"version-history":[{"count":0,"href":"https:\/\/havamall.vn\/en\/wp-json\/wp\/v2\/product\/9834\/revisions"}],"wp:featuredmedia":[{"embeddable":true,"href":"https:\/\/havamall.vn\/en\/wp-json\/wp\/v2\/media\/24593"}],"wp:attachment":[{"href":"https:\/\/havamall.vn\/en\/wp-json\/wp\/v2\/media?parent=9834"}],"wp:term":[{"taxonomy":"product_brand","embeddable":true,"href":"https:\/\/havamall.vn\/en\/wp-json\/wp\/v2\/product_brand?post=9834"},{"taxonomy":"product_cat","embeddable":true,"href":"https:\/\/havamall.vn\/en\/wp-json\/wp\/v2\/product_cat?post=9834"},{"taxonomy":"product_tag","embeddable":true,"href":"https:\/\/havamall.vn\/en\/wp-json\/wp\/v2\/product_tag?post=9834"}],"curies":[{"name":"wp","href":"https:\/\/api.w.org\/{rel}","templated":true}]}}