{"id":9829,"date":"2019-01-22T16:06:18","date_gmt":"2019-01-22T09:06:18","guid":{"rendered":"https:\/\/havamall.vn\/?post_type=product&#038;p=9829"},"modified":"2025-03-18T14:29:25","modified_gmt":"2025-03-18T07:29:25","slug":"ca-chua-boc-vo-hieu-divella-hop-thiec-400g","status":"publish","type":"product","link":"https:\/\/havamall.vn\/en\/shop\/ca-chua-boc-vo-hieu-divella-hop-thiec-400g\/","title":{"rendered":"C\u00e0 Chua B\u00f3c V\u1ecf Hi\u1ec7u Divella \u2013 400gr"},"content":{"rendered":"<p>&nbsp;<\/p>\n<table>\n<tbody>\n<tr>\n<td><span style=\"font-weight: 400\">Th\u01b0\u01a1ng hi\u1ec7u<\/span><\/td>\n<td><span style=\"font-weight: 400\">Divella<\/span><\/td>\n<\/tr>\n<tr>\n<td><span style=\"font-weight: 400\">Xu\u1ea5t x\u1ee9<\/span><\/td>\n<td><span style=\"font-weight: 400\">\u00dd<\/span><\/td>\n<\/tr>\n<tr>\n<td><span style=\"font-weight: 400\">Th\u00e0nh ph\u1ea7n<\/span><\/td>\n<td><span style=\"font-weight: 400\">C\u00e0 chua \u00dd g\u1ecdt v\u1ecf, n\u01b0\u1edbc \u00e9p c\u00e0 chua, ch\u1ea5t \u0111i\u1ec1u ch\u1ec9nh \u0111\u1ed9 axit: axit citric, mu\u1ed1i.<\/span><\/td>\n<\/tr>\n<tr>\n<td><span style=\"font-weight: 400\">H\u1ea1n s\u1eed d\u1ee5ng<\/span><\/td>\n<td><span style=\"font-weight: 400\">3 n\u0103m k\u1ec3 t\u1eeb ng\u00e0y s\u1ea3n xu\u1ea5t.<\/span><\/td>\n<\/tr>\n<tr>\n<td><span style=\"font-weight: 400\">B\u1ea3o qu\u1ea3n<\/span><\/td>\n<td><span style=\"font-weight: 400\">\u0110\u1ec3 n\u01a1i kh\u00f4 r\u00e1o, tho\u00e1ng m\u00e1t, tr\u00e1nh \u00e1nh n\u1eafng tr\u1ef1c ti\u1ebfp<\/span><\/td>\n<\/tr>\n<tr>\n<td><span style=\"font-weight: 400\">Kh\u1ed1i l\u01b0\u1ee3ng t\u1ecbnh<\/span><\/td>\n<td><span style=\"font-weight: 400\">400g<\/span><\/td>\n<\/tr>\n<\/tbody>\n<\/table>\n<p><span style=\"font-weight: 400\">C\u00e0 chua b\u00f3c v\u1ecf Divella mang \u0111\u1ebfn nh\u1eefng tr\u00e1i c\u00e0 chua t\u01b0\u01a1i ng\u1ecdt, \u0111\u1ecf m\u1ecdng t\u1eeb n\u01b0\u1edbc \u00dd xa x\u00f4i \u0111\u1ebfn v\u1edbi b\u1eefa \u0103n dinh d\u01b0\u1ee1ng c\u1ee7a ng\u01b0\u1eddi Vi\u1ec7t. S\u1ea3n ph\u1ea9m C\u00e0 chua \u00dd b\u00f3c v\u1ecf Divella Pomodori Pelati &#8211; v\u1edbi nh\u1eefng tr\u00e1i c\u00e0 chua to \u0111\u1ecf m\u1ecdng \u0111\u00e3 \u0111\u01b0\u1ee3c b\u00f3c v\u1ecf s\u1eb5n, b\u1ea1n ch\u1ec9 c\u1ea7n nghi\u1ec1n nh\u1ecf v\u00e0 ch\u1ebf bi\u1ebfn m\u00f3n \u0103n theo nhu c\u1ea7u c\u1ee7a b\u1ea1n. R\u1ea5t nhanh ch\u00f3ng v\u00e0 ti\u1ec7n l\u1ee3i, ti\u1ebft ki\u1ec7m th\u1eddi gian t\u1ed1i \u0111a cho ng\u01b0\u1eddi n\u1ea5u.<\/span><\/p>\n<p><img fetchpriority=\"high\" decoding=\"async\" class=\"aligncenter\" src=\"https:\/\/havamall.vn\/wp-content\/uploads\/2025\/03\/divellapom.png\" alt=\"DIVELLA SALCE POMODORI PELATI THERMO 400GR \u2013 Eco Market\" width=\"672\" height=\"672\" \/><\/p>\n<p><span style=\"font-weight: 400\">C\u00e0 chua l\u00e0 nguy\u00ean li\u1ec7u quen thu\u1ed9c v\u1edbi c\u00e1c m\u00f3n \u0103n, v\u1edbi m\u00e0u \u0111\u1ecf t\u1ef1 nhi\u00ean c\u1ee7a h\u00e0m l\u01b0\u1ee3ng vitamin A trung b\u00ecnh 100g c\u00e0 chua ch\u00edn t\u01b0\u01a1i s\u1ebd \u0111\u00e1p \u1ee9ng \u0111\u01b0\u1ee3c 13% nhu c\u1ea7u h\u1eb1ng ng\u00e0y v\u1ec1 vitamin A, vitamin B6, vitamin C, ngo\u00e0i ra c\u00f2n c\u00f3 vitamin B1, B2 gi\u00fap ng\u0103n ng\u1eeba b\u1ec7nh qu\u00e1ng g\u00e0 v\u00e0 t\u0103ng th\u1ecb l\u1ef1c cho \u0111\u00f4i m\u1eaft c\u1ee7a b\u1ea1n.<\/span><\/p>\n<p><span style=\"font-weight: 400\">V\u1edbi h\u01b0\u01a1ng v\u1ecb t\u1ef1 nhi\u00ean c\u1ee7a ca\u0300 chua nguy\u00ean ch\u00e2\u0301t, ca\u0300 chua \u0111\u00f3ng h\u1ed9p c\u00f3 th\u1ec3 d\u00f9ng ch\u00ea\u0301 bi\u00ea\u0301n \u0111\u01b0\u01a1\u0323c nhi\u00ea\u0300u mo\u0301n \u0103n, mang \u0111\u1ebfn h\u01b0\u01a1ng v\u1ecb \u0111\u1eadm \u0111\u00e0, th\u01a1m ngon. Khi c\u00e0 chua \u0111\u01b0\u1ee3c \u0111\u00f3ng h\u1ed9p h\u00e0m l\u01b0\u1ee3ng vitamin C \u00edt h\u01a1n trong c\u00e0 chua t\u01b0\u01a1i, nh\u01b0ng h\u00e0m l\u01b0\u1ee3ng vitamin E kh\u00f4ng thay \u0111\u1ed5i.<\/span><\/p>\n<p><img decoding=\"async\" class=\"aligncenter\" src=\"https:\/\/scontent.fvca1-1.fna.fbcdn.net\/v\/t1.0-9\/67417411_2265346226853965_7721842154389110784_o.jpg?_nc_cat=102&amp;ccb=3&amp;_nc_sid=730e14&amp;_nc_ohc=XV5zwGvVd7wAX_f7Mao&amp;_nc_ht=scontent.fvca1-1.fna&amp;oh=a4caeb6301f6c047f5d1f2a080d4c714&amp;oe=605B6259\" alt=\"Kh\u00f4ng c\u00f3 m\u00f4 t\u1ea3 \u1ea3nh.\" width=\"672\" height=\"450\" \/><\/p>\n<p><span style=\"font-weight: 400\">C\u00e0 chua \u00dd b\u00f3c v\u1ecf Divella Pomodori Pelati &#8211; v\u1edbi nh\u1eefng tr\u00e1i c\u00e0 chua to \u0111\u1ecf m\u1ecdng t\u1eeb \u0111\u1ea5t n\u01b0\u1edbc Italia. S\u1ebd r\u1ea5t nhanh ch\u00f3ng v\u00e0 ti\u1ec7n l\u1ee3i, ti\u1ebft ki\u1ec7m th\u1eddi gian t\u1ed1i \u0111a th\u1eddi gian khi v\u00e0o b\u1ebfp.<\/span><\/p>\n<p><span style=\"font-weight: 400\">Th\u00e0nh ph\u1ea7n 100% c\u00e0 chua nguy\u00ean ch\u1ea5t, mang tr\u1ecdn v\u1eb9n gi\u00e1 tr\u1ecb dinh d\u01b0\u1ee1ng t\u1eeb t\u1ef1 nhi\u00ean. S\u1ea3n ph\u1ea9m \u0111\u1ea1t ti\u00eau chu\u1ea9n v\u1ec7 sinh an to\u00e0n th\u1ef1c ph\u1ea9m c\u1ee7a B\u1ed9 Y t\u1ebf.<\/span><\/p>\n<p><img decoding=\"async\" class=\"aligncenter\" src=\"https:\/\/havamall.vn\/wp-content\/uploads\/2025\/03\/bc5dae7694fe0efd42fc1bd67558650f.jpg\" alt=\"C\u00e0 chua \u00dd h\u1eefu c\u01a1 B\u00f3c v\u1ecf Sottolestelle 400g Organic Peeled Tomatoes | Tiki\" width=\"680\" height=\"453\" \/><\/p>\n<p><span style=\"font-weight: 400\">B\u1ea1n c\u00f3 th\u1ec3 d\u00f9ng s\u1ea3n ph\u1ea9m n\u00e0y \u0111\u1ec3 n\u1ea5u s\u00fap, l\u00e0m c\u00e1c lo\u1ea1i s\u1ed1t ho\u1eb7c ch\u1ebf bi\u1ebfn nhi\u1ec1u m\u00f3n \u0103n th\u01a1m ngon kh\u00e1c nhau. Ph\u00f9 h\u1ee3p cho c\u1ea3 m\u00f3n \u0103n Vi\u1ec7t Nam v\u00e0 m\u00f3n \u0103n Ch\u00e2u \u00c2u.<\/span><\/p>\n<p><span style=\"font-weight: 400\">C\u00e0 chua l\u1ed9t v\u1ecf nguy\u00ean tr\u00e1i Divella \u0111\u01b0\u1ee3c s\u1ea3n xu\u1ea5t theo c\u00f4ng ngh\u1ec7 hi\u1ec7n \u0111\u1ea1i, m\u1ecdi kh\u00e2u t\u1eeb tuy\u1ec3n ch\u1ecdn nguy\u00ean li\u1ec7u t\u1edbi ch\u1ebf bi\u1ebfn, \u0111\u00f3ng bao b\u00ec \u0111\u1ec1u di\u1ec5n ra kh\u00e9p k\u00edn d\u01b0\u1edbi s\u1ef1 gi\u00e1m s\u00e1t v\u00e0 ki\u1ec3m tra nghi\u00eam ng\u1eb7t. S\u1ea3n ph\u1ea9m kh\u00f4ng ch\u1ee9a h\u00f3a ch\u1ea5t, ch\u1ea5t b\u1ea3o qu\u1ea3n \u0111\u1ed9c h\u1ea1i, \u0111\u1ea3m b\u1ea3o an to\u00e0n cho s\u1ee9c kh\u1ecfe ng\u01b0\u1eddi ti\u00eau d\u00f9ng. S\u1ea3n ph\u1ea9m c\u00f3 h\u01b0\u01a1ng v\u1ecb th\u01a1m ngon c\u1ee7a nh\u1eefng nguy\u00ean li\u1ec7u t\u1ef1 nhi\u00ean \u0111\u01b0\u1ee3c ch\u1ecdn l\u1ecdc k\u1ef9 c\u00e0ng.<\/span><\/p>\n<p><img loading=\"lazy\" decoding=\"async\" class=\"aligncenter\" src=\"https:\/\/scontent.fvca1-2.fna.fbcdn.net\/v\/t1.0-9\/64327348_2205194532869135_8091014388984578048_o.jpg?_nc_cat=101&amp;ccb=3&amp;_nc_sid=730e14&amp;_nc_ohc=3zmhEvOCHAsAX9qbnw9&amp;_nc_ht=scontent.fvca1-2.fna&amp;oh=0f52806b03f94ea4ae07b4ee201bb11c&amp;oe=605AD26C\" alt=\"Kh\u00f4ng c\u00f3 m\u00f4 t\u1ea3 \u1ea3nh.\" width=\"672\" height=\"448\" \/><\/p>\n<p><span style=\"font-weight: 400\">C\u00e0 chua l\u1ed9t v\u1ecf nguy\u00ean tr\u00e1i c\u1ee7a th\u01b0\u01a1ng hi\u1ec7u Divella \u0111\u01b0\u1ee3c nh\u1eadp kh\u1ea9u t\u1eeb \u00dd \u0111\u1ea1t c\u00e1c ti\u00eau chu\u1ea9n kh\u1eaft khe v\u1ec1 ch\u1ea5t l\u01b0\u1ee3ng n\u00ean ng\u01b0\u1eddi ti\u00eau d\u00f9ng c\u00f3 th\u1ec3 ho\u00e0n to\u00e0n y\u00ean t\u00e2m l\u1ef1a ch\u1ecdn v\u00e0 s\u1eed d\u1ee5ng. S\u1ea3n ph\u1ea9m \u0111\u01b0\u1ee3c \u0111\u00f3ng h\u1ed9p ti\u1ec7n d\u1ee5ng cho b\u1ea1n s\u1eed d\u1ee5ng c\u0169ng nh\u01b0 b\u1ea3o qu\u1ea3n, v\u1ecf \u0111\u1ef1ng s\u1ea3n ph\u1ea9m l\u00e0m t\u1eeb nguy\u00ean li\u1ec7u s\u1ea1ch, kh\u00f4ng l\u1eabn t\u1ea1p ch\u1ea5t h\u00f3a h\u1ecdc \u0111\u1ed9c h\u1ea1i.\u00a0<\/span><\/p>\n<p><span style=\"font-weight: 400\">S\u1ea3n ph\u1ea9m \u0111\u01b0\u1ee3c s\u01a1 ch\u1ebf l\u1ea5y t\u1eeb nh\u1eefng qu\u1ea3 c\u00e0 chua t\u01b0\u01a1i ngon, b\u00f3c v\u1ecf \u0111\u1ec3 nguy\u00ean qu\u1ea3 v\u00e0 c\u00f9ng k\u00e8m cho ra nh\u1eefng tinh ch\u1ea5t n\u01b0\u1edbc \u00e9p c\u00e0 chua. Th\u00e0nh ph\u1ea7n ho\u00e0n to\u00e0n t\u1eeb nguy\u00ean li\u1ec7u t\u1ef1 nhi\u00ean c\u00f3 h\u01b0\u01a1ng v\u1ecb ng\u1ecdt m\u00e1t, b\u1ed5 d\u01b0\u1ee1ng v\u00e0 m\u00e0u s\u1eafc t\u01b0\u01a1i t\u1eafn, \u0111\u1eb9p m\u1eaft. C\u00e0 chua b\u00f3c v\u1ecf Annalisa \u0111\u01b0\u1ee3c \u0111\u00f3ng g\u00f3i trong h\u1ed9p thi\u1ebfc v\u1edbi kh\u1ed1i l\u01b0\u1ee3ng 400g d\u1ec5 b\u1ea3o qu\u1ea3n v\u00e0 ti\u1ec7n l\u1ee3i.\u00a0<\/span><\/p>\n<p><span style=\"font-weight: 400\">B\u1ea1n c\u00f3 th\u1ec3 d\u00f9ng s\u1ea3n ph\u1ea9m n\u00e0y \u0111\u1ec3 n\u1ea5u s\u00fap, l\u00e0m c\u00e1c lo\u1ea1i s\u1ed1t ho\u1eb7c ch\u1ebf bi\u1ebfn nhi\u1ec1u m\u00f3n \u0103n th\u01a1m ngon kh\u00e1c nhau c\u1ea7n d\u00f9ng \u0111\u1ebfn c\u00e0 chua t\u01b0\u01a1i.<\/span><\/p>\n<p><img loading=\"lazy\" decoding=\"async\" class=\"aligncenter\" src=\"https:\/\/havamall.vn\/wp-content\/uploads\/2025\/03\/c9aa18053f5a20d40c7e1e6769c08f7b.jpg\" alt=\"H\u00e0ng nh\u1eadp kh\u1ea9u] C\u00e0 chua b\u00f3c v\u1ecf hi\u1ec7u Divella h\u1ed9p 400g | Shopee Vi\u1ec7t Nam\" width=\"668\" height=\"668\" \/><\/p>\n<h4><strong>C\u00f4ng d\u1ee5ng tuy\u1ec7t v\u1eddi c\u1ee7a c\u00e0 chua:<\/strong><\/h4>\n<p><span style=\"font-weight: 400\">&#8211;\u00a0 C\u1ea3i thi\u1ec7n thi\u0323 l\u01b0\u0323c<\/span><\/p>\n<p><span style=\"font-weight: 400\">&#8211; Pho\u0300ng ch\u1ed1ng ung th\u01b0<\/span><\/p>\n<p><span style=\"font-weight: 400\">&#8211; La\u0300m sa\u0301ng da<\/span><\/p>\n<p><span style=\"font-weight: 400\">&#8211; Gi\u1ea3m l\u01b0\u1ee3ng \u0111\u01b0\u1eddng trong m\u00e1u<\/span><\/p>\n<p><span style=\"font-weight: 400\">&#8211; Th\u00fac \u0111\u1ea9y gi\u1ea5c ng\u1ee7 ngon<\/span><\/p>\n<p><span style=\"font-weight: 400\">&#8211; Gi\u1eef x\u01b0\u01a1ng ch\u0103\u0301c kh\u1ecfe.<\/span><\/p>\n<p><span style=\"font-weight: 400\">&#8211; T\u1ed1t cho m\u00e1i t\u00f3c c\u1ee7a b\u1ea1n<\/span><\/p>\n<p><span style=\"font-weight: 400\">&#8211; Gi\u00fap gi\u1ea3m c\u00e2n<\/span><\/p>\n<p><img loading=\"lazy\" decoding=\"async\" class=\"aligncenter\" src=\"http:\/\/thucphamplaza.com\/tpplaza_content\/uploads\/products_img\/Ca-chua-boc-vo-2.jpg\" alt=\"C\u00e0 chua b\u00f3c v\u1ecf hi\u1ec7u Divella - h\u1ed9p thi\u1ebfc 2.5kg - thucphamplaza.com\" width=\"669\" height=\"484\" \/><\/p>\n<h4><strong>\u0110\u1eb7c \u0111i\u1ec3m:<\/strong><\/h4>\n<p><span style=\"font-weight: 400\">\u2013 Nguy\u00ean li\u1ec7u t\u1ef1 nhi\u00ean, an to\u00e0n khi s\u1eed d\u1ee5ng<\/span><\/p>\n<p><span style=\"font-weight: 400\">\u2013 H\u01b0\u01a1ng v\u1ecb th\u01a1m ngon, b\u1ed5 d\u01b0\u1ee1ng<\/span><\/p>\n<p><span style=\"font-weight: 400\">\u2013 \u0110\u00f3ng h\u1ed9p \u0111\u00e3 qua x\u1eed l\u00fd h\u00fat ch\u00e2n kh\u00f4ng, ti\u1ec7n l\u1ee3i b\u1ea3o qu\u1ea3n \u1edf nhi\u1ec7t \u0111\u1ed9 th\u01b0\u1eddng (khi ch\u01b0a m\u1edf n\u1eafp)<\/span><\/p>\n<h4><strong>H\u01b0\u1edbng d\u1eabn b\u1ea3o qu\u1ea3n:<\/strong><\/h4>\n<p><span style=\"font-weight: 400\">&#8211; B\u1ea3o qu\u1ea3n n\u01a1i kh\u00f4 r\u00e1o, tho\u00e1ng m\u00e1t, tr\u00e1nh nhi\u1ec7t \u0111\u1ed9 cao qu\u00e1 20\u00b0C.\u00a0<\/span><\/p>\n<p><span style=\"font-weight: 400\">&#8211; Sau khi m\u1edf n\u1eafp th\u00ec n\u00ean b\u1ea3o qu\u1ea3n trong t\u1ee7 l\u1ea1nh v\u00e0 s\u1eed d\u1ee5ng h\u1ebft trong 3 ng\u00e0y.<\/span><\/p>\n<p>S\u1ea3n ph\u1ea9m hi\u1ec7n \u0111\u00e3 c\u00f3 m\u1eb7t t\u1ea1i Havamall.<\/p>","protected":false},"excerpt":{"rendered":"<p>&nbsp; Th\u01b0\u01a1ng hi\u1ec7u Divella Xu\u1ea5t x\u1ee9 \u00dd Th\u00e0nh ph\u1ea7n C\u00e0 chua \u00dd g\u1ecdt v\u1ecf, n\u01b0\u1edbc \u00e9p c\u00e0 chua, ch\u1ea5t \u0111i\u1ec1u<\/p>","protected":false},"featured_media":9832,"comment_status":"open","ping_status":"closed","template":"","meta":[],"product_brand":[],"product_cat":[672,36,143],"product_tag":[],"class_list":{"0":"post-9829","1":"product","2":"type-product","3":"status-publish","4":"has-post-thumbnail","6":"product_cat-nhap-khau-y","7":"product_cat-thuc-pham-tieu-dung","8":"product_cat-thuc-pham-dong-hop","9":"pa_brand-divella","11":"first","12":"instock","13":"sale","14":"shipping-taxable","15":"purchasable","16":"product-type-simple"},"_links":{"self":[{"href":"https:\/\/havamall.vn\/en\/wp-json\/wp\/v2\/product\/9829"}],"collection":[{"href":"https:\/\/havamall.vn\/en\/wp-json\/wp\/v2\/product"}],"about":[{"href":"https:\/\/havamall.vn\/en\/wp-json\/wp\/v2\/types\/product"}],"replies":[{"embeddable":true,"href":"https:\/\/havamall.vn\/en\/wp-json\/wp\/v2\/comments?post=9829"}],"version-history":[{"count":0,"href":"https:\/\/havamall.vn\/en\/wp-json\/wp\/v2\/product\/9829\/revisions"}],"wp:featuredmedia":[{"embeddable":true,"href":"https:\/\/havamall.vn\/en\/wp-json\/wp\/v2\/media\/9832"}],"wp:attachment":[{"href":"https:\/\/havamall.vn\/en\/wp-json\/wp\/v2\/media?parent=9829"}],"wp:term":[{"taxonomy":"product_brand","embeddable":true,"href":"https:\/\/havamall.vn\/en\/wp-json\/wp\/v2\/product_brand?post=9829"},{"taxonomy":"product_cat","embeddable":true,"href":"https:\/\/havamall.vn\/en\/wp-json\/wp\/v2\/product_cat?post=9829"},{"taxonomy":"product_tag","embeddable":true,"href":"https:\/\/havamall.vn\/en\/wp-json\/wp\/v2\/product_tag?post=9829"}],"curies":[{"name":"wp","href":"https:\/\/api.w.org\/{rel}","templated":true}]}}