{"id":9817,"date":"2018-12-31T16:30:51","date_gmt":"2018-12-31T09:30:51","guid":{"rendered":"https:\/\/havamall.vn\/?post_type=product&#038;p=9817"},"modified":"2023-09-21T10:51:57","modified_gmt":"2023-09-21T03:51:57","slug":"ca-phe-nguyen-hat-la-viet-rich-vi-so-co-la-den-manh-dam-250g","status":"publish","type":"product","link":"https:\/\/havamall.vn\/en\/shop\/ca-phe-nguyen-hat-la-viet-rich-vi-so-co-la-den-manh-dam-250g\/","title":{"rendered":"C\u00e0 ph\u00ea nguy\u00ean h\u1ea1t L\u00c0 VI\u1ec6T &#8211; RICH V\u1ecb S\u00f4 c\u00f4 la \u0111en, m\u1ea1nh, \u0111\u1eadm 250g"},"content":{"rendered":"<p class=\"intro__text__headline\">Kh\u00f4ng c\u00f3 b\u00ed quy\u1ebft n\u00e0o \u0111\u1ec3 c\u00f3 c\u00e0 ph\u00ea ngon\u2026<\/p>\n<p class=\"intro__text__content\">\u2026ngo\u00e0i vi\u1ec7c t\u1eebng b\u01b0\u1edbc trong quy tr\u00ecnh t\u1eeb h\u1ea1t gi\u1ed1ng \u0111\u1ebfn t\u00e1ch c\u00e0 ph\u00ea c\u1ea7n \u0111\u01b0\u1ee3c th\u1ef1c hi\u1ec7n v\u1edbi k\u1ef9 thu\u1eadt, s\u1ef1 t\u1ec9 m\u1ec9 v\u00e0 ni\u1ec1m \u0111am m\u00ea. T\u1eebng qu\u1ea3 c\u00e0 ph\u00ea ch\u00edn m\u1ecdng \u0111\u01b0\u1ee3c h\u00e1i b\u1eb1ng tay v\u00e0 s\u1ea3n xu\u1ea5t trong ng\u00e0y \u0111\u1ec3 \u0111\u1ea1t ch\u1ea5t l\u01b0\u1ee3ng t\u1ed1t nh\u1ea5t. T\u1eebng m\u1ebb c\u00e0 ph\u00ea \u0111\u01b0\u1ee3c th\u1ed5i h\u1ed3n t\u1eeb t\u00ecnh y\u00eau c\u1ee7a nh\u1eefng ng\u01b0\u1eddi th\u1ee3 l\u00e0nh ngh\u1ec1. Ch\u00fang t\u00f4i t\u00f4n tr\u1ecdng kh\u1ea9u v\u1ecb kh\u00e1ch h\u00e0ng b\u1eb1ng c\u00e1ch ch\u0103m ch\u00fat cho qu\u00e1 tr\u00ecnh l\u00e0m c\u00e0 ph\u00ea c\u1ee7a m\u00ecnh. V\u1edbi ch\u00fang t\u00f4i, kh\u00f4ng c\u00f3 c\u00e0 ph\u00ea \u0111\u1eb7c bi\u1ec7t, ch\u1ec9 c\u00f3 nh\u1eefng con ng\u01b0\u1eddi \u0111\u1eb7c bi\u1ec7t l\u00e0m c\u00e0 ph\u00ea v\u1edbi c\u1ea3 l\u00f2ng t\u1eadn t\u00e2m.<\/p>\n<p>C\u00e0 ph\u00ea \u0111\u01b0\u1ee3c c\u00e1i r\u1ea5t ng\u1ea7u\u2026\u2026ngao du \u0111\u1ebfn \u0111\u00e2u, c\u00e0 ph\u00ea b\u00e8n ho\u00e0 nh\u1eadp v\u00e0 tr\u1edf th\u00e0nh d\u00e2n \u0111\u1ecba ph\u01b0\u01a1ng \u1edf \u0111\u1ea5y. M\u1ed7i qu\u1ed1c gia, v\u00f9ng mi\u1ec1n \u0111\u1ec1u c\u00f3 c\u00e1ch u\u1ed1ng c\u00e0 ph\u00ea ri\u00eang. Th\u01b0\u1edfng th\u1ee9c c\u00e0 ph\u00ea, v\u00ec v\u1eady, c\u0169ng l\u00e0 c\u00e1ch \u0111\u1ec3 th\u01b0\u1edfng th\u1ee9c m\u1ed9t ph\u1ea7n v\u0103n ho\u00e1 b\u1ea3n \u0111\u1ecba.<\/p>\n<p><img fetchpriority=\"high\" decoding=\"async\" class=\"wp-image-19433 aligncenter\" src=\"https:\/\/havamall.vn\/wp-content\/uploads\/2018\/12\/20863702_1839065023076972_2565653009127452216_o-268x300.jpg\" alt=\"\" width=\"507\" height=\"567\" srcset=\"https:\/\/havamall.vn\/wp-content\/uploads\/2018\/12\/20863702_1839065023076972_2565653009127452216_o-268x300.jpg 268w, https:\/\/havamall.vn\/wp-content\/uploads\/2018\/12\/20863702_1839065023076972_2565653009127452216_o-430x482.jpg 430w, https:\/\/havamall.vn\/wp-content\/uploads\/2018\/12\/20863702_1839065023076972_2565653009127452216_o-150x168.jpg 150w, https:\/\/havamall.vn\/wp-content\/uploads\/2018\/12\/20863702_1839065023076972_2565653009127452216_o-700x784.jpg 700w, https:\/\/havamall.vn\/wp-content\/uploads\/2018\/12\/20863702_1839065023076972_2565653009127452216_o-768x860.jpg 768w, https:\/\/havamall.vn\/wp-content\/uploads\/2018\/12\/20863702_1839065023076972_2565653009127452216_o-914x1024.jpg 914w, https:\/\/havamall.vn\/wp-content\/uploads\/2018\/12\/20863702_1839065023076972_2565653009127452216_o-600x672.jpg 600w, https:\/\/havamall.vn\/wp-content\/uploads\/2018\/12\/20863702_1839065023076972_2565653009127452216_o.jpg 1080w\" sizes=\"(max-width: 507px) 100vw, 507px\" \/><\/p>\n<p>Nh\u1eefng h\u1ea1t Arabica \u0111\u01b0\u1ee3c h\u00e1i b\u1eb1ng tay, sau \u0111\u00f3 ch\u1ebf bi\u1ebfn c\u1ea9n th\u1eadn v\u00e0 rang \u1edf ba c\u1ea5p \u0111\u1ed9 kh\u00e1c nhau t\u1ea1o n\u00ean d\u00f2ng c\u00e0 ph\u00ea nguy\u00ean h\u1ea1t c\u1ee7a L\u00e0 Vi\u1ec7t. B\u1ea1n c\u00f3 th\u1ec3 t\u1ef1 xay c\u00e0 ph\u00ea t\u1ea1i nh\u00e0 theo m\u1ed7i l\u1ea7n pha ho\u1eb7c y\u00eau c\u1ea7u xay t\u1ea1i shop \u0111\u1ec3 \u0111\u01b0\u1ee3c t\u01b0 v\u1ea5n m\u1ee9c \u0111\u1ed9 xay h\u1ee3p l\u00fd cho d\u1ee5ng c\u1ee5 pha c\u1ee7a b\u1ea1n. Sau khi m\u1edf bao, b\u1ea1n d\u00f9ng que tin tie \u0111\u00ednh s\u1eb5n tr\u00ean bao qu\u1ea5n k\u00edn mi\u1ec7ng bao s\u1ebd gi\u00fap gi\u1eef h\u01b0\u01a1ng v\u1ecb c\u00e0 ph\u00ea t\u1ed1t h\u01a1n.<\/p>\n<p><img decoding=\"async\" class=\"wp-image-19432 aligncenter\" src=\"https:\/\/havamall.vn\/wp-content\/uploads\/2018\/12\/94621874_2536258553357612_7355514867475808256_n-225x300.jpg\" alt=\"\" width=\"510\" height=\"680\" srcset=\"https:\/\/havamall.vn\/wp-content\/uploads\/2018\/12\/94621874_2536258553357612_7355514867475808256_n-225x300.jpg 225w, https:\/\/havamall.vn\/wp-content\/uploads\/2018\/12\/94621874_2536258553357612_7355514867475808256_n-430x573.jpg 430w, https:\/\/havamall.vn\/wp-content\/uploads\/2018\/12\/94621874_2536258553357612_7355514867475808256_n-150x200.jpg 150w, https:\/\/havamall.vn\/wp-content\/uploads\/2018\/12\/94621874_2536258553357612_7355514867475808256_n-700x933.jpg 700w, https:\/\/havamall.vn\/wp-content\/uploads\/2018\/12\/94621874_2536258553357612_7355514867475808256_n-768x1024.jpg 768w, https:\/\/havamall.vn\/wp-content\/uploads\/2018\/12\/94621874_2536258553357612_7355514867475808256_n-1200x1600.jpg 1200w, https:\/\/havamall.vn\/wp-content\/uploads\/2018\/12\/94621874_2536258553357612_7355514867475808256_n-600x800.jpg 600w, https:\/\/havamall.vn\/wp-content\/uploads\/2018\/12\/94621874_2536258553357612_7355514867475808256_n.jpg 1536w\" sizes=\"(max-width: 510px) 100vw, 510px\" \/><\/p>\n<ul class=\"\">\n<li class=\"\">100% C\u00e0 ph\u00ea nguy\u00ean ch\u1ea5t. Nguy\u00ean h\u1ea1t. V\u1ecb S\u00f4 c\u00f4 la \u0111en, m\u1ea1nh, \u0111\u1eadm.<\/li>\n<li class=\"\">Ph\u00f9 h\u1ee3p v\u1edbi phin truy\u1ec1n th\u1ed1ng, moka pot, French press v\u00e0 m\u00e1y pha c\u00e0 ph\u00ea t\u1ef1 \u0111\u1ed9ng.<\/li>\n<\/ul>","protected":false},"excerpt":{"rendered":"<p>Kh\u00f4ng c\u00f3 b\u00ed quy\u1ebft n\u00e0o \u0111\u1ec3 c\u00f3 c\u00e0 ph\u00ea ngon\u2026 \u2026ngo\u00e0i vi\u1ec7c t\u1eebng b\u01b0\u1edbc trong quy tr\u00ecnh t\u1eeb h\u1ea1t gi\u1ed1ng<\/p>","protected":false},"featured_media":9819,"comment_status":"open","ping_status":"closed","template":"","meta":[],"product_brand":[],"product_cat":[36,135],"product_tag":[],"class_list":{"0":"post-9817","1":"product","2":"type-product","3":"status-publish","4":"has-post-thumbnail","6":"product_cat-thuc-pham-tieu-dung","7":"product_cat-sua-do-uong","8":"pa_brand-la-viet","10":"first","11":"instock","12":"sale","13":"shipping-taxable","14":"purchasable","15":"product-type-simple"},"_links":{"self":[{"href":"https:\/\/havamall.vn\/en\/wp-json\/wp\/v2\/product\/9817"}],"collection":[{"href":"https:\/\/havamall.vn\/en\/wp-json\/wp\/v2\/product"}],"about":[{"href":"https:\/\/havamall.vn\/en\/wp-json\/wp\/v2\/types\/product"}],"replies":[{"embeddable":true,"href":"https:\/\/havamall.vn\/en\/wp-json\/wp\/v2\/comments?post=9817"}],"version-history":[{"count":0,"href":"https:\/\/havamall.vn\/en\/wp-json\/wp\/v2\/product\/9817\/revisions"}],"wp:featuredmedia":[{"embeddable":true,"href":"https:\/\/havamall.vn\/en\/wp-json\/wp\/v2\/media\/9819"}],"wp:attachment":[{"href":"https:\/\/havamall.vn\/en\/wp-json\/wp\/v2\/media?parent=9817"}],"wp:term":[{"taxonomy":"product_brand","embeddable":true,"href":"https:\/\/havamall.vn\/en\/wp-json\/wp\/v2\/product_brand?post=9817"},{"taxonomy":"product_cat","embeddable":true,"href":"https:\/\/havamall.vn\/en\/wp-json\/wp\/v2\/product_cat?post=9817"},{"taxonomy":"product_tag","embeddable":true,"href":"https:\/\/havamall.vn\/en\/wp-json\/wp\/v2\/product_tag?post=9817"}],"curies":[{"name":"wp","href":"https:\/\/api.w.org\/{rel}","templated":true}]}}