{"id":9792,"date":"2018-12-19T17:23:23","date_gmt":"2018-12-19T10:23:23","guid":{"rendered":"https:\/\/havamall.vn\/?post_type=product&#038;p=9792"},"modified":"2023-06-09T11:20:02","modified_gmt":"2023-06-09T04:20:02","slug":"dau-lang-xanh-nguyen-hat-huu-co-usda-organic-lentil-peas-250gr","status":"publish","type":"product","link":"https:\/\/havamall.vn\/en\/shop\/dau-lang-xanh-nguyen-hat-huu-co-usda-organic-lentil-peas-250gr\/","title":{"rendered":"\u0110\u1eadu L\u0103ng Xanh Nguy\u00ean H\u1ea1t H\u1eefu c\u01a1 &#8211; USDA Organic Lentil peas"},"content":{"rendered":"<p>\u0110\u1eadu l\u0103ng (T\u00ean ti\u1ebfng Anh : Lentils), l\u00e0 m\u1ed9t lo\u1ea1i \u0111\u1eadu dinh d\u01b0\u1ee1ng \u0111\u01b0\u1ee3c \u01b0a chu\u1ed9ng t\u1ea1i \u1ea4n \u0110\u1ed9 v\u00e0 c\u00e1c n\u01b0\u1edbc Ph\u01b0\u01a1ng T\u00e2y. H\u1ea1t \u0111\u1eadu l\u0103ng h\u00ecnh tr\u00f2n d\u00e1ng h\u01a1i d\u1eb9t, c\u00f3 nhi\u1ec1u m\u00e0u s\u1eafc nh\u01b0: v\u00e0ng, \u0111\u1ecf, cam, xanh, n\u00e2u, \u0111en\u2026 nh\u01b0ng ph\u1ed5 bi\u1ebfn nh\u1ea5t v\u1eabn l\u00e0 m\u00e0u \u0111\u1ecf v\u00e0 m\u00e0u xanh.<\/p>\n<h4><img fetchpriority=\"high\" decoding=\"async\" class=\"wp-image-19821 aligncenter\" src=\"https:\/\/havamall.vn\/wp-content\/uploads\/2021\/05\/k-300x200.jpg\" alt=\"\" width=\"753\" height=\"501\" srcset=\"https:\/\/havamall.vn\/wp-content\/uploads\/2021\/05\/k-300x200.jpg 300w, https:\/\/havamall.vn\/wp-content\/uploads\/2021\/05\/k-430x287.jpg 430w, https:\/\/havamall.vn\/wp-content\/uploads\/2021\/05\/k-150x100.jpg 150w, https:\/\/havamall.vn\/wp-content\/uploads\/2021\/05\/k-700x467.jpg 700w, https:\/\/havamall.vn\/wp-content\/uploads\/2021\/05\/k-768x512.jpg 768w, https:\/\/havamall.vn\/wp-content\/uploads\/2021\/05\/k-600x400.jpg 600w, https:\/\/havamall.vn\/wp-content\/uploads\/2021\/05\/k.jpg 780w\" sizes=\"(max-width: 753px) 100vw, 753px\" \/><\/h4>\n<p>\u0110\u1eadu l\u0103ng xanh\u00a0s\u1edf h\u1eefu nhi\u1ec1u ch\u1ea5t dinh d\u01b0\u1ee1ng c\u00f3 l\u1ee3i cho c\u01a1 th\u1ec3 con ng\u01b0\u1eddi, l\u00e0 m\u1ed9t nguy\u00ean li\u1ec7u r\u1ea5t d\u1ec5 ch\u1ebf bi\u1ebfn trong c\u00e1c b\u1eefa \u0103n h\u1eb1ng ng\u00e0y. Vi\u1ec7c th\u01b0\u1eddng xuy\u00ean d\u00f9ng \u0111\u1eadu l\u0103ng c\u00f3 th\u1ec3 tr\u1ecb kh\u1ecfi m\u1ed9t s\u1ed1 lo\u1ea1i b\u1ec7nh nh\u01b0 : ti\u00eau h\u00f3a, ti\u1ec3u \u0111\u01b0\u1eddng, tim m\u1ea1ch\u2026<\/p>\n<h5><em><strong>Gi\u1ea3m cholesterol<\/strong><\/em><\/h5>\n<div>\u0110\u1eadu l\u0103ng c\u00f3 h\u00e0m l\u01b0\u1ee3ng ch\u1ea5t x\u01a1 h\u00f2a tan cao gi\u00fap gi\u1ea3m m\u1ee9c cholesterol trong m\u00e1u m\u1ed9t c\u00e1ch hi\u1ec7u qu\u1ea3. Gi\u1ea3m m\u1ee9c cholesterol s\u1ebd gi\u00fap l\u00e0m gi\u1ea3m nguy c\u01a1 b\u1ec7nh tim v\u00e0 \u0111\u1ed9t qu\u1ef5 b\u1eb1ng c\u00e1ch gi\u1eef cho \u0111\u1ed9ng m\u1ea1ch s\u1ea1ch.<\/div>\n<h5><em><strong>T\u1ed1t cho tim<\/strong><\/em><\/h5>\n<div>\u0102n nhi\u1ec1u th\u1ef1c ph\u1ea9m gi\u00e0u ch\u1ea5t x\u01a1 gi\u00fap gi\u1ea3m nguy c\u01a1 b\u1ec7nh tim. \u0110\u1eadu l\u0103ng c\u0169ng l\u00e0 ngu\u1ed3n cung c\u1ea5p folate v\u00e0 magi\u00ea tuy\u1ec7t v\u1eddi, \u0111\u01b0\u1ee3c bi\u1ebft \u0111\u1ebfn l\u00e0 nh\u1eefng th\u1ee9 \u0111\u00f3ng g\u00f3p l\u1edbn cho s\u1ee9c kh\u1ecfe tim m\u1ea1ch. Folate gi\u00fap h\u1ea1 th\u1ea5p m\u1ee9c homocysteine, m\u1ed9t y\u1ebfu t\u1ed1 nguy c\u01a1 nghi\u00eam tr\u1ecdng \u0111\u1ed1i v\u1edbi b\u1ec7nh tim. Magi\u00ea gi\u00fap t\u0103ng l\u01b0\u1ee3ng m\u00e1u, oxy v\u00e0 ch\u1ea5t dinh d\u01b0\u1ee1ng trong c\u01a1 th\u1ec3. M\u1ee9c magi\u00ea th\u1ea5p \u0111\u00e3 c\u00f3 li\u00ean quan tr\u1ef1c ti\u1ebfp v\u1edbi b\u1ec7nh tim.<\/div>\n<h5><em><strong>T\u1ed1t cho ti\u00eau h\u00f3a<\/strong><\/em><\/h5>\n<div>\u0110\u1eadu l\u0103ng c\u00f3 ch\u1ee9a ch\u1ea5t x\u01a1 ti\u00eau h\u00f3a kh\u00f4ng h\u00f2a tan gi\u00fap ng\u0103n ng\u1eeba t\u00e1o b\u00f3n v\u00e0 c\u00e1c r\u1ed1i lo\u1ea1n ti\u00eau h\u00f3a kh\u00e1c nh\u01b0 h\u1ed9i ch\u1ee9ng ru\u1ed9t k\u00edch th\u00edch v\u00e0 b\u1ec7nh l\u00fd t\u00fai th\u1eeba. \u0110\u00e2y l\u00e0 m\u1ed9t trong nh\u1eefng l\u1ee3i \u00edch s\u1ee9c kh\u1ecfe h\u00e0ng \u0111\u1ea7u c\u1ee7a \u0111\u1eadu l\u0103ng.<\/div>\n<div><img decoding=\"async\" class=\"wp-image-26159 aligncenter\" src=\"https:\/\/havamall.vn\/wp-content\/uploads\/2018\/12\/RFO-1400x919-Spicy-lentil-300x197.png\" alt=\"\" width=\"735\" height=\"483\" srcset=\"https:\/\/havamall.vn\/wp-content\/uploads\/2018\/12\/RFO-1400x919-Spicy-lentil-300x197.png 300w, https:\/\/havamall.vn\/wp-content\/uploads\/2018\/12\/RFO-1400x919-Spicy-lentil-430x282.png 430w, https:\/\/havamall.vn\/wp-content\/uploads\/2018\/12\/RFO-1400x919-Spicy-lentil-150x98.png 150w, https:\/\/havamall.vn\/wp-content\/uploads\/2018\/12\/RFO-1400x919-Spicy-lentil-700x460.png 700w, https:\/\/havamall.vn\/wp-content\/uploads\/2018\/12\/RFO-1400x919-Spicy-lentil-768x504.png 768w, https:\/\/havamall.vn\/wp-content\/uploads\/2018\/12\/RFO-1400x919-Spicy-lentil-1024x672.png 1024w, https:\/\/havamall.vn\/wp-content\/uploads\/2018\/12\/RFO-1400x919-Spicy-lentil-1200x788.png 1200w, https:\/\/havamall.vn\/wp-content\/uploads\/2018\/12\/RFO-1400x919-Spicy-lentil-600x394.png 600w, https:\/\/havamall.vn\/wp-content\/uploads\/2018\/12\/RFO-1400x919-Spicy-lentil.png 1400w\" sizes=\"(max-width: 735px) 100vw, 735px\" \/><\/div>\n<h5><em><strong>\u1ed4n \u0111\u1ecbnh \u0111\u01b0\u1eddng huy\u1ebft<\/strong><\/em><\/h5>\n<div>Ch\u1ea5t x\u01a1 h\u00f2a tan trong \u0111\u1eadu l\u0103ng ng\u0103n cacbonhydrat, l\u00e0m ch\u1eadm qu\u00e1 tr\u00ecnh ti\u00eau h\u00f3a v\u00e0 gi\u00fap \u1ed5n \u0111\u1ecbnh m\u1ee9c \u0111\u01b0\u1eddng huy\u1ebft. \u0110i\u1ec1u n\u00e0y r\u1ea5t h\u1eefu \u00edch trong tr\u01b0\u1eddng h\u1ee3p ng\u0103n ng\u1eeba \u0111\u00e1i th\u00e1o \u0111\u01b0\u1eddng, kh\u00e1ng insulin ho\u1eb7c h\u1ea1 \u0111\u01b0\u1eddng huy\u1ebft.<\/div>\n<h5><em><strong>C\u00f3 ch\u1ee9a protein t\u1ed1t<\/strong><\/em><\/h5>\n<div>Trong t\u1ea5t c\u1ea3 c\u00e1c c\u00e2y h\u1ecd \u0111\u1eadu v\u00e0 h\u1ea1t, \u0111\u1eadu l\u0103ng ch\u1ee9a h\u00e0m l\u01b0\u1ee3ng protein cao th\u1ee9 ba. 26% l\u01b0\u1ee3ng calo c\u1ee7a \u0111\u1eadu l\u0103ng l\u00e0 protein. \u0110i\u1ec1u n\u00e0y l\u00e0m cho \u0111\u1eadu l\u0103ng tr\u1edf th\u00e0nh ngu\u1ed3n protein tuy\u1ec7t v\u1eddi cho ng\u01b0\u1eddi \u0103n chay.<\/div>\n<h5><em><strong>T\u0103ng n\u0103ng l\u01b0\u1ee3ng<\/strong><\/em><\/h5>\n<div>\u0110\u1eadu l\u0103ng gi\u00fap cung c\u1ea5p n\u0103ng l\u01b0\u1ee3ng cho c\u01a1 th\u1ec3 nh\u1edd ch\u1ee9a ch\u1ea5t x\u01a1 v\u00e0 h\u00e0m l\u01b0\u1ee3ng carbohydrate ph\u1ee9c t\u1ea1p. Ch\u00fang c\u0169ng l\u00e0 m\u1ed9t ngu\u1ed3n s\u1eaft t\u1ed1t gi\u00fap v\u1eadn chuy\u1ec3n oxy trong c\u01a1 th\u1ec3 v\u00e0 \u0111\u00f3ng vai tr\u00f2 quan tr\u1ecdng trong s\u1ea3n xu\u1ea5t n\u0103ng l\u01b0\u1ee3ng v\u00e0 qu\u00e1 tr\u00ecnh trao \u0111\u1ed5i ch\u1ea5t.<\/div>\n<div><img decoding=\"async\" class=\"wp-image-26160 aligncenter\" src=\"https:\/\/havamall.vn\/wp-content\/uploads\/2018\/12\/french-lentil-bitter-266x300.jpg\" alt=\"\" width=\"745\" height=\"840\" srcset=\"https:\/\/havamall.vn\/wp-content\/uploads\/2018\/12\/french-lentil-bitter-266x300.jpg 266w, https:\/\/havamall.vn\/wp-content\/uploads\/2018\/12\/french-lentil-bitter-430x485.jpg 430w, https:\/\/havamall.vn\/wp-content\/uploads\/2018\/12\/french-lentil-bitter-150x169.jpg 150w, https:\/\/havamall.vn\/wp-content\/uploads\/2018\/12\/french-lentil-bitter-700x789.jpg 700w, https:\/\/havamall.vn\/wp-content\/uploads\/2018\/12\/french-lentil-bitter-768x866.jpg 768w, https:\/\/havamall.vn\/wp-content\/uploads\/2018\/12\/french-lentil-bitter-908x1024.jpg 908w, https:\/\/havamall.vn\/wp-content\/uploads\/2018\/12\/french-lentil-bitter.jpg 1200w, https:\/\/havamall.vn\/wp-content\/uploads\/2018\/12\/french-lentil-bitter-600x677.jpg 600w\" sizes=\"(max-width: 745px) 100vw, 745px\" \/><\/div>\n<h5><em><strong>Gi\u1ea3m c\u00e2n<\/strong><\/em><\/h5>\n<div>\u0110\u1eadu l\u0103ng c\u00f3 l\u01b0\u1ee3ng calo r\u1ea5t th\u1ea5p v\u00e0 kh\u00f4ng ch\u1ee9a ch\u1ea5t b\u00e9o. M\u1ed9t ch\u00e9n \u0111\u1eadu l\u0103ng ch\u1ee9a kho\u1ea3ng 230 calo v\u00e0 khi\u1ebfn b\u1ea1n c\u1ea3m th\u1ea5y \u0111\u1ea7y \u0111\u1ee7 v\u00e0 h\u00e0i l\u00f2ng.<\/div>\n<h5><em><strong>Ng\u0103n ng\u1eeba ung th\u01b0<\/strong><\/em><\/h5>\n<div>\u0110\u1eadu l\u0103ng c\u0169ng c\u00f3 kh\u1ea3 n\u0103ng ch\u1ed1ng l\u1ea1i b\u1ec7nh ung th\u01b0. \u0110\u1eadu l\u0103ng c\u00f3 th\u1ec3 ki\u1ec3m so\u00e1t s\u1ef1 ph\u00e1t tri\u1ec3n c\u1ee7a c\u00e1c t\u1ebf b\u00e0o ung th\u01b0. \u0110\u00e2y c\u0169ng \u0111\u01b0\u1ee3c coi l\u00e0 m\u1ed9t trong nh\u1eefng l\u1ee3i \u00edch s\u1ee9c kh\u1ecfe h\u00e0ng \u0111\u1ea7u c\u1ee7a \u0111\u1eadu l\u0103ng.<\/div>\n<h5><em><strong>T\u1ed1t cho n\u00e3o<\/strong><\/em><\/h5>\n<div>M\u1ed9t c\u1ed1c \u0111\u1eadu ch\u1ee9a \u0111\u1ebfn 90% nhu c\u1ea7u h\u1eb1ng ng\u00e0y \u0111\u1ed1i v\u1edbi folate, \u0111\u00f3ng vai tr\u00f2 quan tr\u1ecdng trong vi\u1ec7c s\u1ea3n xu\u1ea5t c\u00e1c ch\u1ea5t d\u1eabn truy\u1ec1n th\u1ea7n kinh t\u0103ng c\u01b0\u1eddng ch\u1ee9c n\u0103ng c\u1ee7a h\u1ec7 th\u1ea7n kinh.<\/div>\n<div><img loading=\"lazy\" decoding=\"async\" class=\"aligncenter\" src=\"https:\/\/havamall.vn\/wp-content\/uploads\/2018\/12\/green-lentils-legumes-ready-to-cook-healthy-meal-food-diet-photo.jpg\" alt=\"green lentils legumes ready to cook healthy meal food diet 4816121 Stock Photo at Vecteezy\" width=\"752\" height=\"298\" \/><\/div>\n<h5><em><strong>C\u1ea3i thi\u1ec7n ho\u1ea1t \u0111\u1ed9ng \u0111i\u1ec7n gi\u1ea3i<\/strong><\/em><\/h5>\n<div>Ho\u1ea1t \u0111\u1ed9ng \u0111i\u1ec7n gi\u1ea3i \u0111\u00f3ng vai tr\u00f2 quan tr\u1ecdng trong ho\u1ea1t \u0111\u1ed9ng th\u00edch h\u1ee3p c\u1ee7a c\u01a1 th\u1ec3. \u0110\u1eadu l\u0103ng ch\u1ee9a kali \u0111\u01b0\u1ee3c coi l\u00e0 ch\u1ea5t thay th\u1ebf t\u1ed1t nh\u1ea5t cho ho\u1ea1t \u0111\u1ed9ng \u0111i\u1ec7n ph\u00e2n. Kali ho\u1ea1t \u0111\u1ed9ng nh\u01b0 m\u1ed9t ch\u1ea5t \u0111i\u1ec7n gi\u1ea3i v\u00e0 c\u00f3 l\u1ee3i cho ho\u1ea1t \u0111\u1ed9ng \u0111\u00fang \u0111\u1eafn c\u1ee7a c\u00e1c c\u01a1 quan nh\u01b0 n\u00e3o, tim v\u00e0 th\u1eadn.<\/div>\n<h5><em><strong>H\u01b0\u1edbng d\u1eabn s\u1eed d\u1ee5ng<\/strong><\/em><\/h5>\n<p>\u0110\u1eadu t\u00e1ch \u0111\u00f4i kh\u00f4ng c\u1ea7n ng\u00e2m n\u01b0\u1edbc.\u00a0D\u00f9ng l\u00e0m salads, n\u1ea5u x\u00f4i, n\u1ea5u ch\u00e8, x\u00e0o th\u1eadp c\u1ea9m, s\u1eefa \u0111\u1eadu, nghi\u1ec1n nhuy\u1ec5n + d\u1ea7u oliu d\u00f9ng v\u1edbi b\u00e1nh m\u00ec, b\u1ed9t dinh d\u01b0\u1ee1ng,\u00a0l\u00e0m b\u00e1nh, d\u00f9ng n\u1ea5u v\u1edbi c\u01a1m, \u00a0s\u00fap \u0111\u1eadu, l\u00e0m n\u01b0\u1edbc s\u1ed1.<\/p>","protected":false},"excerpt":{"rendered":"<p>\u0110\u1eadu l\u0103ng (T\u00ean ti\u1ebfng Anh : Lentils), l\u00e0 m\u1ed9t lo\u1ea1i \u0111\u1eadu dinh d\u01b0\u1ee1ng \u0111\u01b0\u1ee3c \u01b0a chu\u1ed9ng t\u1ea1i \u1ea4n \u0110\u1ed9 v\u00e0<\/p>","protected":false},"featured_media":9793,"comment_status":"open","ping_status":"closed","template":"","meta":[],"product_brand":[],"product_cat":[594,256,36,134],"product_tag":[],"class_list":{"0":"post-9792","1":"product","2":"type-product","3":"status-publish","4":"has-post-thumbnail","6":"product_cat-dau-cu-qua-kho","7":"product_cat-thuc-pham-huu-co","8":"product_cat-thuc-pham-tieu-dung","9":"product_cat-thucpham-saykho","11":"first","12":"instock","13":"sale","14":"shipping-taxable","15":"purchasable","16":"product-type-variable"},"_links":{"self":[{"href":"https:\/\/havamall.vn\/en\/wp-json\/wp\/v2\/product\/9792"}],"collection":[{"href":"https:\/\/havamall.vn\/en\/wp-json\/wp\/v2\/product"}],"about":[{"href":"https:\/\/havamall.vn\/en\/wp-json\/wp\/v2\/types\/product"}],"replies":[{"embeddable":true,"href":"https:\/\/havamall.vn\/en\/wp-json\/wp\/v2\/comments?post=9792"}],"version-history":[{"count":0,"href":"https:\/\/havamall.vn\/en\/wp-json\/wp\/v2\/product\/9792\/revisions"}],"wp:featuredmedia":[{"embeddable":true,"href":"https:\/\/havamall.vn\/en\/wp-json\/wp\/v2\/media\/9793"}],"wp:attachment":[{"href":"https:\/\/havamall.vn\/en\/wp-json\/wp\/v2\/media?parent=9792"}],"wp:term":[{"taxonomy":"product_brand","embeddable":true,"href":"https:\/\/havamall.vn\/en\/wp-json\/wp\/v2\/product_brand?post=9792"},{"taxonomy":"product_cat","embeddable":true,"href":"https:\/\/havamall.vn\/en\/wp-json\/wp\/v2\/product_cat?post=9792"},{"taxonomy":"product_tag","embeddable":true,"href":"https:\/\/havamall.vn\/en\/wp-json\/wp\/v2\/product_tag?post=9792"}],"curies":[{"name":"wp","href":"https:\/\/api.w.org\/{rel}","templated":true}]}}