{"id":9785,"date":"2018-12-19T17:17:50","date_gmt":"2018-12-19T10:17:50","guid":{"rendered":"https:\/\/havamall.vn\/?post_type=product&#038;p=9785"},"modified":"2022-04-08T13:44:00","modified_gmt":"2022-04-08T06:44:00","slug":"pho-mai-solse-xong-khoi-que-goi-100g","status":"publish","type":"product","link":"https:\/\/havamall.vn\/en\/shop\/pho-mai-solse-xong-khoi-que-goi-100g\/","title":{"rendered":"Ph\u00f4 mai Solse x\u00f4ng kh\u00f3i que g\u00f3i 100g"},"content":{"rendered":"<p class=\"p1\"><strong>Ph\u00f4 mai hun kh\u00f3i NH<\/strong>\u00a0\u0111\u01b0\u1ee3c l\u00e0m t\u1eeb th\u00e0nh ph\u1ea7n s\u1eefa, men, enzyme, mu\u1ed1 ch\u1ecdn l\u1ecdc k\u1ef9 l\u01b0\u1ee1ng cho ra th\u00e0nh ph\u1ea9m v\u1edbi ch\u1ea5t l\u01b0\u1ee3ng cao, \u0111\u00e1p \u1ee9ng y\u00eau c\u1ea7u kh\u1eaft khe c\u1ee7a ng\u01b0\u1eddi ti\u00eau d\u00f9ng. Kh\u00f4ng ch\u1ec9 c\u00f3 h\u01b0\u01a1ng v\u1ecb th\u01a1m ngon, trong ph\u00f4 mai c\u00f2n c\u00f3 l\u01b0\u1ee3ng \u0111\u1ea1m r\u1ea5t cao, chi\u1ebfm g\u1ea7n 25% t\u1ed5ng gi\u00e1 tr\u1ecb dinh d\u01b0\u1ee1ng n\u00ean ph\u00f4 mai l\u00e0 ngu\u1ed3n cung c\u1ea5p \u0111\u1ea1m d\u1ed3i d\u00e0o cho kh\u1ea9u ph\u1ea7n \u0103n, t\u01b0\u01a1ng \u0111\u01b0\u01a1ng v\u1edbi th\u1ecbt, c\u00e1, tr\u1ee9ng. S\u1ea3n ph\u1ea9m s\u1ebd l\u00e0 m\u00f3n \u0103n v\u1eb7t dinh d\u01b0\u1ee1ng v\u00e0 ph\u00f9 h\u1ee3p kh\u1ea9u v\u1ecb c\u1ee7a nhi\u1ec1u th\u00e0nh vi\u00ean trong gia \u0111\u00ecnh.<\/p>\n<p class=\"p2\"><img fetchpriority=\"high\" decoding=\"async\" class=\"aligncenter\" style=\"margin-left: auto;margin-right: auto\" src=\"https:\/\/havamall.vn\/wp-content\/uploads\/2018\/12\/da1a02c0f5dcff0079650a4670348e9c.jpg\" alt=\"\" width=\"750\" height=\"510\" \/><\/p>\n<p class=\"p1\">Ngo\u00e0i vi\u1ec7c \u0103n li\u1ec1n (\u0103n kh\u00f4ng \u2013 gi\u1ed1ng ki\u1ec3u \u0103n v\u1eb7t, nh\u00e2m nhi c\u00f9ng v\u1edbi th\u1ecbt b\u00f2 kh\u00f4, bia, r\u01b0\u1ee3u vodka,\u2026) b\u1ea1n c\u00f3 th\u1ec3 \u0103n phomai d\u00e2y x\u00f4ng kh\u00f3i v\u1edbi salad, ho\u1eb7c cho v\u00e0o n\u01b0\u1edbng pizza, hay c\u1ea7u k\u1ef3 h\u01a1n c\u00f3 th\u1ec3 l\u00e0m m\u00f3n \u201cCarpaccio c\u00e1 h\u1ed3i v\u1edbi ph\u00f4 mai x\u00f4ng kh\u00f3i\u201d<\/p>\n<p class=\"p1\"><strong>L\u01b0u \u00fd:<\/strong><br \/>\n\u2013 Khi mua phomai d\u00e2y v\u1ec1 n\u1ebfu kh\u00f4ng c\u00f3 \u00fd \u0111\u1ecbnh \u0111\u1ec3 l\u00e2u th\u00ec b\u1ea1n n\u00ean \u0111\u1ec3 1 v\u00e0i d\u00e2y phomai \u1edf ngo\u00e0i kh\u00f4ng kh\u00ed tho\u00e1ng \u0111\u00e3ng , khi d\u00f9ng b\u1ea1n t\u00e1ch t\u1eebng s\u1ee3i phomai \u0111\u00e3 \u0111\u01b0\u1ee3c xo\u1eafn th\u1eebng ra (l\u01b0u \u00fd t\u00e1ch c\u00e0ng nh\u1ecf c\u00e0ng t\u1ed1t), \u0111\u1ec3 \u1edf ngo\u00e0i kh\u00f4ng kh\u00ed n\u01a1i kh\u00f4 r\u00e1o kho\u1ea3ng 2-4 ti\u1ebfng \u0111\u1ec3 phomai h\u01a1i kh\u00f4 se se l\u1ea1i . L\u00fac \u0111\u1ea5y l\u00e0 th\u1eddi \u0111i\u1ec3m phomai \u0103n ngon nh\u1ea5t.<br \/>\n\u2013 N\u1ebfu t\u00e1ch ra \u0103n kh\u00f4ng h\u1ebft, b\u1ea1n \u0111\u1ec3 phomai v\u00e0o t\u00fai nilon r\u1ed3i bu\u1ed9c k\u00edn v\u00e0 gi\u1eef l\u1ea1i trong ng\u0103n m\u00e1t t\u1ee7 l\u1ea1nh. (Phomai s\u1ebd b\u1ecb kh\u00f4 n\u1ebfu \u0111\u1ec3 \u1edf ngo\u00e0i qu\u00e1 l\u00e2u, tr\u00ean 12 ti\u1ebfng \u0111\u1ed3ng h\u1ed3)<\/p>\n<p class=\"p1\"><img decoding=\"async\" class=\"aligncenter\" style=\"margin-left: auto;margin-right: auto\" src=\"https:\/\/havamall.vn\/wp-content\/uploads\/2018\/12\/5a85734a8911279a03cf1d2bb0794b31.jpg\" alt=\"\" width=\"640\" height=\"960\" \/><\/p>\n<p class=\"p1\"><strong>Th\u00e0nh ph\u1ea7n:<\/strong>\u00a0S\u1eefa t\u01b0\u01a1i, mu\u1ed1i \u0103n, men s\u1eefa.<\/p>\n<p class=\"p1\"><strong>Ch\u1ec9 ti\u00eau ch\u1ea5t l\u01b0\u1ee3ng ch\u00ednh:\u00a0<\/strong>Lipit-ch\u1ea5t b\u00e9o( 15-22%), Protein-\u0111\u1ea1m(18-27%).<\/p>\n<p class=\"p1\"><strong>H\u01b0\u1edbng d\u1eabn s\u1eed d\u1ee5ng:\u00a0<\/strong>S\u1ea3n ph\u1ea9m \u0103n li\u1ec1n, kh\u00f4ng c\u1ea7n ch\u1ebf bi\u1ebfn l\u1ea1i. T\u00e1ch s\u1ee3i \u0103n tr\u1ef1c ti\u1ebfp, \u0103n c\u00f9ng t\u01b0\u01a1ng \u1edbt, m\u00f9 t\u1ea1t, ngon nh\u1ea5t khi \u0103n k\u00e8m v\u1edbi bia, r\u01b0\u1ee3u.<\/p>\n<p class=\"p1\"><strong>H\u01b0\u1edbng d\u1eabn b\u1ea3o qu\u1ea3n:\u00a0<\/strong>4 \u0111\u1ed9 C &#8211;\u00a016 \u0111\u1ed9 C.<\/p>\n<p class=\"p1\"><strong>Kh\u1ed1i l\u01b0\u1ee3ng t\u1ecbnh:<\/strong>\u00a0100g.<\/p>\n<p class=\"p1\"><strong>Xu\u1ea5t x\u1ee9:\u00a0<\/strong>Vi\u1ec7t Nam.<\/p>\n<p class=\"p1\"><strong>Nh\u00e0 s\u1ea3n xu\u1ea5t:<\/strong>\u00a0 CN H\u01b0ng Y\u00ean &#8211; Cty TNHH Nguy\u1ec5n H\u1ed3ng.<\/p>","protected":false},"excerpt":{"rendered":"<p>Ph\u00f4 mai hun kh\u00f3i NH\u00a0\u0111\u01b0\u1ee3c l\u00e0m t\u1eeb th\u00e0nh ph\u1ea7n s\u1eefa, men, enzyme, mu\u1ed1 ch\u1ecdn l\u1ecdc k\u1ef9 l\u01b0\u1ee1ng cho ra th\u00e0nh<\/p>","protected":false},"featured_media":17894,"comment_status":"open","ping_status":"closed","template":"","meta":[],"product_brand":[],"product_cat":[36,134],"product_tag":[],"class_list":{"0":"post-9785","1":"product","2":"type-product","3":"status-publish","4":"has-post-thumbnail","6":"product_cat-thuc-pham-tieu-dung","7":"product_cat-thucpham-saykho","9":"first","10":"instock","11":"sale","12":"shipping-taxable","13":"purchasable","14":"product-type-simple"},"_links":{"self":[{"href":"https:\/\/havamall.vn\/en\/wp-json\/wp\/v2\/product\/9785"}],"collection":[{"href":"https:\/\/havamall.vn\/en\/wp-json\/wp\/v2\/product"}],"about":[{"href":"https:\/\/havamall.vn\/en\/wp-json\/wp\/v2\/types\/product"}],"replies":[{"embeddable":true,"href":"https:\/\/havamall.vn\/en\/wp-json\/wp\/v2\/comments?post=9785"}],"version-history":[{"count":0,"href":"https:\/\/havamall.vn\/en\/wp-json\/wp\/v2\/product\/9785\/revisions"}],"wp:featuredmedia":[{"embeddable":true,"href":"https:\/\/havamall.vn\/en\/wp-json\/wp\/v2\/media\/17894"}],"wp:attachment":[{"href":"https:\/\/havamall.vn\/en\/wp-json\/wp\/v2\/media?parent=9785"}],"wp:term":[{"taxonomy":"product_brand","embeddable":true,"href":"https:\/\/havamall.vn\/en\/wp-json\/wp\/v2\/product_brand?post=9785"},{"taxonomy":"product_cat","embeddable":true,"href":"https:\/\/havamall.vn\/en\/wp-json\/wp\/v2\/product_cat?post=9785"},{"taxonomy":"product_tag","embeddable":true,"href":"https:\/\/havamall.vn\/en\/wp-json\/wp\/v2\/product_tag?post=9785"}],"curies":[{"name":"wp","href":"https:\/\/api.w.org\/{rel}","templated":true}]}}