{"id":9763,"date":"2018-11-12T17:44:45","date_gmt":"2018-11-12T10:44:45","guid":{"rendered":"https:\/\/havamall.vn\/?post_type=product&#038;p=9763"},"modified":"2025-09-30T15:47:53","modified_gmt":"2025-09-30T08:47:53","slug":"kho-bo-tu-nhien-jack-links-25g","status":"publish","type":"product","link":"https:\/\/havamall.vn\/en\/shop\/kho-bo-tu-nhien-jack-links-25g\/","title":{"rendered":"Kh\u00f4 B\u00f2 T\u1ef1 Nhi\u00ean Jack Link&#8217;s (25g)"},"content":{"rendered":"<p>Th\u01b0\u01a1ng hi\u1ec7u Jack Link&#8217;s \u0111\u01b0\u1ee3c s\u00e1ng l\u1eadp t\u1eeb 1880 t\u1ea1i m\u1ed9t v\u00f9ng hoang d\u00e3 ph\u00eda B\u1eafc Wisconsin. V\u1edbi c\u00f4ng th\u1ee9c th\u1ecbt hun kh\u00f3i v\u00e0 x\u00fac x\u00edch \u0111\u1eb7c tr\u01b0ng c\u1ee7a gia \u0111\u00ecnh Link \u0111\u01b0\u1ee3c truy\u1ec1n t\u1eeb \u0111\u1eddi n\u00e0y sang \u0111\u1eddi kh\u00e1c, t\u1eeb m\u1ed9t kinh doanh nh\u1ecf North Wood, th\u01b0\u01a1ng hi\u1ec7u Jack LInks \u0111\u00e3 tr\u1edf th\u00e0nh 1 trong nh\u1eefng nh\u00e0 s\u1ea3n xu\u1ea5t Meat Snack ph\u00e1t tri\u1ec3n nhanh nh\u1ea5t th\u1ebf gi\u1edbi.<\/p>\n<p>Theo th\u1eddi gian, nhu c\u1ea7u s\u1eed d\u1ee5ng c\u00e1c d\u00f2ng s\u1ea3n ph\u1ea9m Meat Snack ch\u1ea5t l\u01b0\u1ee3ng cao ng\u00e0y c\u00e0ng t\u0103ng, do \u0111\u00f3 m\u1ea1ng l\u01b0\u1edbi s\u1ea3n xu\u1ea5t v\u00e0 ph\u00e2n ph\u1ed1i Jack Link ng\u00e0y c\u00e0ng m\u1edf r\u1ed9ng. T\u00ednh \u0111\u1ebfn nay, Jack Link \u0111\u00e3 c\u00f3 h\u01a1n 100 ch\u1ee7ng lo\u1ea1i s\u1ea3n ph\u1ea9m kh\u00e1c nhau v\u00e0 ph\u00e2n ph\u1ed1i tr\u00ean 40 qu\u1ed1c gia v\u00e0 l\u1ea3nh th\u1ed5 kh\u00e1c nhau.<\/p>\n<p><img fetchpriority=\"high\" decoding=\"async\" class=\"wp-image-9764 aligncenter\" src=\"https:\/\/havamall.com\/wp-content\/uploads\/2025\/09\/kho-bo-my-jack-links-81-grthai-an-food-giao-hang10-4.jpg\" alt=\"\" width=\"673\" height=\"505\" \/>H\u01a1n 1 th\u1ebf k\u1ef7 \u0111\u00e3 tr\u00f4i qua, nh\u01b0ng nh\u1eefng nguy\u00ean t\u1eafc v\u00e0 truy\u1ec1n th\u1ed1ng c\u1ee7a gia \u0111\u00ecnh Link v\u1eabn \u0111\u01b0\u1ee3c gi\u1eef v\u1eefng: s\u1ef1 t\u1eadn t\u1ee5y, s\u1ef1 ho\u00e0n h\u1ea3o, tinh th\u1ea7n tr\u00e1ch nhi\u1ec7m v\u00e0 s\u1ef1 cam k\u1ebft \u0111\u1ec3 x\u00e2y d\u1ef1ng l\u00f2ng tin v\u00e0 s\u1ef1 trung th\u00e0nh t\u1ef1 ng\u01b0\u1eddi ti\u00eau d\u00f9ng qua ch\u1ea5t l\u01b0\u1ee3ng tuy\u1ec7t h\u1ea3o c\u1ee7a t\u1eebng mi\u1ebfng meat snack trong t\u1eebng s\u1ea3n ph\u1ea9m.<\/p>\n<p>M\u1ed9t h\u01b0\u01a1ng v\u1ecb r\u1ea5t ph\u1ed5 bi\u1ebfn s\u1ea3n xu\u1ea5t t\u1eeb 100% th\u1ecbt b\u00f2 n\u1ea1c New Zealand, \u0111\u01b0\u1ee3c \u01b0\u1edbp nh\u1eb9 v\u1edbi n\u01b0\u1edbc s\u1ed1t \u0111\u1eadu n\u00e0nh \u0111\u1eadm \u0111\u00e0, sau \u0111\u00f3 \u0111\u01b0\u1ee3c hun kh\u00f3i t\u1eeb t\u1eeb trong l\u00f2 cho \u0111\u1ebfn khi \u0111\u1ea1t ch\u1ea5t l\u01b0\u1ee3ng mong mu\u1ed1n.<\/p>\n<p>Th\u00e0nh ph\u1ea7n: Th\u1ecbt b\u00f2 (92%), \u0111\u01b0\u1eddng, \u0111\u1ea1m \u0111\u1eadu n\u00e0nh, mu\u1ed1i, b\u1ed9t \u0111\u1eadu t\u01b0\u01a1ng ( b\u1ed9t m\u00ec, \u0111\u1eadu n\u00e0nh, mu\u1ed1i, \u0111\u01b0\u1eddng Maltodextrin), chi\u1ebft xu\u1ea5t n\u1ea5m men, chi\u1ebft xu\u1ea5t c\u1ea7n t\u00e2y, h\u01b0\u01a1ng li\u1ec7u (chi\u1ebft xu\u1ea5t h\u01b0\u01a1ng th\u1ea3o, b\u1ed9t t\u1ecfi, b\u1ed9t h\u00e0nh), h\u01b0\u01a1ng x\u00f4ng kh\u00f3i t\u1ef1 nhi\u00ean, ch\u1ea5t \u0111i\u1ec1u ch\u1ec9nh \u0111\u1ed9 chua (citric acid E330).<\/p>\n<p><img decoding=\"async\" class=\"wp-image-9765 aligncenter\" src=\"https:\/\/havamall.com\/wp-content\/uploads\/2025\/09\/10551464_905493906168941_1321820541503137892_o.jpg\" alt=\"\" width=\"681\" height=\"452\" \/>H\u01b0\u1edbng d\u1eabn s\u1eed d\u1ee5ng: x\u00e9 bao b\u00ec, d\u00f9ng \u0103n tr\u1ef1c ti\u1ebfp, s\u1eed d\u1ee5ng tr\u01b0\u1edbc th\u1eddi h\u1ea1n ghi tr\u00ean bao b\u00ec.<\/p>\n<p>H\u01b0\u1edbng d\u1eabn b\u1ea3o qu\u1ea3n: b\u1ea3o qu\u1ea3n n\u01a1i kh\u00f4 r\u00e1o, tho\u00e1ng m\u00e1t, tr\u00e1nh \u00e1nh n\u1eafng m\u1eb7t tr\u1eddi.<\/p>\n<p>H\u1ea1n s\u1eed d\u1ee5ng: 18 th\u00e1ng k\u1ec3 t\u1eeb ng\u00e0y s\u1ea3n xu\u1ea5t tr\u00ean bao b\u00ec<\/p>\n<p>Kh\u1ed1i l\u01b0\u1ee3ng t\u1ecbnh: 25gr \/ g\u00f3i<\/p>\n<p>S\u1ea3n xu\u1ea5t b\u1edfi: C\u00f4ng ty Jack Link&#8217;s New Zealand., LTD<\/p>","protected":false},"excerpt":{"rendered":"<p>Th\u01b0\u01a1ng hi\u1ec7u Jack Link&#8217;s \u0111\u01b0\u1ee3c s\u00e1ng l\u1eadp t\u1eeb 1880 t\u1ea1i m\u1ed9t v\u00f9ng hoang d\u00e3 ph\u00eda B\u1eafc Wisconsin. V\u1edbi c\u00f4ng th\u1ee9c<\/p>","protected":false},"featured_media":14853,"comment_status":"open","ping_status":"closed","template":"","meta":[],"product_brand":[],"product_cat":[36,134],"product_tag":[],"class_list":{"0":"post-9763","1":"product","2":"type-product","3":"status-publish","4":"has-post-thumbnail","6":"product_cat-thuc-pham-tieu-dung","7":"product_cat-thucpham-saykho","8":"pa_brand-jack-links","10":"first","11":"instock","12":"sale","13":"shipping-taxable","14":"purchasable","15":"product-type-simple"},"_links":{"self":[{"href":"https:\/\/havamall.vn\/en\/wp-json\/wp\/v2\/product\/9763"}],"collection":[{"href":"https:\/\/havamall.vn\/en\/wp-json\/wp\/v2\/product"}],"about":[{"href":"https:\/\/havamall.vn\/en\/wp-json\/wp\/v2\/types\/product"}],"replies":[{"embeddable":true,"href":"https:\/\/havamall.vn\/en\/wp-json\/wp\/v2\/comments?post=9763"}],"version-history":[{"count":0,"href":"https:\/\/havamall.vn\/en\/wp-json\/wp\/v2\/product\/9763\/revisions"}],"wp:featuredmedia":[{"embeddable":true,"href":"https:\/\/havamall.vn\/en\/wp-json\/wp\/v2\/media\/14853"}],"wp:attachment":[{"href":"https:\/\/havamall.vn\/en\/wp-json\/wp\/v2\/media?parent=9763"}],"wp:term":[{"taxonomy":"product_brand","embeddable":true,"href":"https:\/\/havamall.vn\/en\/wp-json\/wp\/v2\/product_brand?post=9763"},{"taxonomy":"product_cat","embeddable":true,"href":"https:\/\/havamall.vn\/en\/wp-json\/wp\/v2\/product_cat?post=9763"},{"taxonomy":"product_tag","embeddable":true,"href":"https:\/\/havamall.vn\/en\/wp-json\/wp\/v2\/product_tag?post=9763"}],"curies":[{"name":"wp","href":"https:\/\/api.w.org\/{rel}","templated":true}]}}