{"id":9752,"date":"2018-10-27T18:28:03","date_gmt":"2018-10-27T11:28:03","guid":{"rendered":"https:\/\/havamall.vn\/?post_type=product&#038;p=9752"},"modified":"2023-08-17T11:14:09","modified_gmt":"2023-08-17T04:14:09","slug":"trai-viet-quat-dong-lanh-1kg","status":"publish","type":"product","link":"https:\/\/havamall.vn\/en\/shop\/trai-viet-quat-dong-lanh-1kg\/","title":{"rendered":"Tr\u00e1i Vi\u1ec7t Qu\u1ea5t \u0110\u00f4ng L\u1ea1nh Firestone &#8211; Firestone Frozen Blueberries"},"content":{"rendered":"<header class=\"entry-header\"><\/header>\n<blockquote>\n<div><em><strong>*L\u01b0u \u00fd: Do s\u1ea3n ph\u1ea9m \u0111\u00f4ng l\u1ea1nh n\u00ean ch\u1ec9 nh\u1eadn giao h\u00e0ng trong n\u1ed9i th\u00e0nh HCM. V\u1edbi c\u00e1c \u0111\u01a1n t\u1ec9nh v\u00e0 ph\u00eda B\u1eafc vui l\u00f2ng chuy\u1ec3n kho\u1ea3n thanh to\u00e1n tr\u01b0\u1edbc \u0111\u1ec3 x\u00e1c nh\u1eadn giao h\u00e0ng. Ph\u00ed ship t\u00ednh theo gi\u00e1 c\u1ee7a ch\u00e0nh xe ho\u1eb7c b\u01b0u \u0111i\u1ec7n.<\/strong><\/em><\/div>\n<\/blockquote>\n<div><\/div>\n<div class=\"entry-image\">Firestone Pacific Foods \u0111\u01b0\u1ee3c \u0111\u00e1nh gi\u00e1 l\u00e0 m\u1ed9t trong nh\u1eefng nh\u00e0 ch\u1ebf bi\u1ebfn tr\u00e1i c\u00e2y \u0111\u00f4ng l\u1ea1nh h\u00e0ng \u0111\u1ea7u \u1edf v\u00f9ng T\u00e2y B\u1eafc Th\u00e1i B\u00ecnh D\u01b0\u01a1ng. Tr\u00e1i c\u00e2y \u0111\u01b0\u1ee3c thu ho\u1ea1ch \u1edf \u0111\u1ec9nh \u0111\u1ed9 ch\u00edn, \u0111\u01b0\u1ee3c ch\u1ebf bi\u1ebfn t\u1ea1i c\u01a1 s\u1edf hi\u1ec7n \u0111\u1ea1i c\u1ee7a ch\u00fang t\u00f4i, v\u00e0 \u0111\u00f3ng g\u00f3i cho l\u00f4 h\u00e0ng theo c\u00e1ch hi\u1ec7n \u0111\u1ea1i nh\u1ea5t.<\/div>\n<div class=\"entry-content\">\n<p class=\"p1\">Firestone l\u00e0 m\u1ed9t ho\u1ea1t \u0111\u1ed9ng ch\u1ebf bi\u1ebfn cho ng\u01b0\u1eddi tr\u1ed3ng tr\u00e1i c\u00e2y trong n\u01b0\u1edbc v\u00e0 xu\u1ea5t kh\u1ea9u. K\u1ec3 t\u1eeb n\u0103m 1896, trang tr\u1ea1i c\u1ee7a Firestone Pacific Foods l\u00e0 m\u1ed9t ngu\u1ed3n tr\u00e1i c\u00e2y ch\u1ea5t l\u01b0\u1ee3ng cao \u0111\u01b0\u1ee3c t\u00f4n tr\u1ecdng. M\u1ed9t m\u1ea1ng l\u01b0\u1edbi nh\u1eefng ng\u01b0\u1eddi tr\u1ed3ng tr\u00e1i c\u00e2y \u0111\u1ec3 cung c\u1ea5p ph\u1ea3i \u0111\u00e1p \u1ee9ng c\u00e1c ti\u00eau chu\u1ea9n ch\u1ea5t l\u01b0\u1ee3ng nghi\u00eam ng\u1eb7t v\u1ec1 m\u1ee9c \u0111\u1ed9 b\u1ea3o hi\u1ec3m v\u00e0 tu\u00e2n th\u1ee7 c\u00e1c Quy \u0111\u1ecbnh N\u00f4ng nghi\u1ec7p hi\u1ec7n h\u00e0nh.<\/p>\n<p><img fetchpriority=\"high\" decoding=\"async\" class=\"wp-image-27674 aligncenter\" src=\"https:\/\/havamall.vn\/wp-content\/uploads\/2018\/10\/240390099_365354878474121_2423570826155235118_n-300x300.jpg\" alt=\"\" width=\"523\" height=\"523\" srcset=\"https:\/\/havamall.vn\/wp-content\/uploads\/2018\/10\/240390099_365354878474121_2423570826155235118_n-300x300.jpg 300w, https:\/\/havamall.vn\/wp-content\/uploads\/2018\/10\/240390099_365354878474121_2423570826155235118_n-430x430.jpg 430w, https:\/\/havamall.vn\/wp-content\/uploads\/2018\/10\/240390099_365354878474121_2423570826155235118_n-150x150.jpg 150w, https:\/\/havamall.vn\/wp-content\/uploads\/2018\/10\/240390099_365354878474121_2423570826155235118_n-700x700.jpg 700w, https:\/\/havamall.vn\/wp-content\/uploads\/2018\/10\/240390099_365354878474121_2423570826155235118_n-768x768.jpg 768w, https:\/\/havamall.vn\/wp-content\/uploads\/2018\/10\/240390099_365354878474121_2423570826155235118_n-600x600.jpg 600w, https:\/\/havamall.vn\/wp-content\/uploads\/2018\/10\/240390099_365354878474121_2423570826155235118_n-100x100.jpg 100w, https:\/\/havamall.vn\/wp-content\/uploads\/2018\/10\/240390099_365354878474121_2423570826155235118_n.jpg 843w\" sizes=\"(max-width: 523px) 100vw, 523px\" \/><\/p>\n<p class=\"p1\">T\u1ea1i Firestone Pacific Foods, an to\u00e0n th\u1ef1c ph\u1ea9m l\u00e0 th\u1ef1c t\u1ebf quan tr\u1ecdng nh\u1ea5t m\u00e0 th\u1ef1c hi\u1ec7n t\u1eeb trang tr\u1ea1i \u0111\u1ebfn c\u01a1 s\u1edf ch\u1ebf bi\u1ebfn c\u1ee7a ch\u00fang t\u00f4i. Ng\u01b0\u1eddi ti\u00eau d\u00f9ng c\u00f3 th\u1ec3 y\u00ean t\u00e2m khi bi\u1ebft t\u1ea5t c\u1ea3 c\u00e1c lo\u1ea1i tr\u00e1i c\u00e2y \u0111\u00f3ng g\u00f3i d\u01b0\u1edbi nh\u00e3n hi\u1ec7u Firestone \u0111\u00e3 \u0111\u01b0\u1ee3c tr\u1ed3ng v\u00e0 ch\u1ebf bi\u1ebfn c\u1ea9n th\u1eadn v\u00e0 an to\u00e0n.<\/p>\n<p>Firestone Pacific Foods ch\u1ec9 ch\u1ea5p nh\u1eadn c\u00e1c lo\u1ea1i\u00a0<strong>tr\u00e1i c\u00e2y ch\u1ea5t l\u01b0\u1ee3ng cao<\/strong>, \u0111\u01b0\u1ee3c l\u1ef1a ch\u1ecdn v\u00e0 ch\u1ebf bi\u1ebfn chu \u0111\u00e1o, tuy\u1ec7t \u0111\u1ed1i kh\u00f4ng th\u00eam ch\u1ea5t b\u1ea3o qu\u1ea3n, ph\u1ea9m m\u00e0u hay c\u00e1c h\u01b0\u01a1ng v\u1ecb nh\u00e2n t\u1ea1o. V\u00ec th\u1ebf, c\u00e1c s\u1ea3n ph\u1ea9m c\u1ee7a Firestone lu\u00f4n gi\u1eef \u0111\u01b0\u1ee3c nh\u1eefng h\u01b0\u01a1ng v\u1ecb t\u01b0\u01a1i ngon gi\u00e0u vitamin. \u0110\u00e2y l\u00e0 l\u00fd do t\u1ea1i sao t\u1ea5t c\u1ea3 c\u00e1c s\u1ea3n ph\u1ea9m \u0111\u1ec1u\u00a0<strong>\u0111\u1ea3m b\u1ea3o cho s\u1ee9c kh\u1ecfe<\/strong>\u00a0c\u1ee7a ng\u01b0\u1eddi s\u1eed d\u1ee5ng.<\/p>\n<p><img id=\"alttext-image\" style=\"margin: 0px;float: left\" width=\"16\" height=\"16\" align=\"left\" \/><img decoding=\"async\" class=\"wp-image-27675 aligncenter\" src=\"https:\/\/havamall.vn\/wp-content\/uploads\/2018\/10\/246668221_396602928682649_7875569947971900730_n-300x295.png\" alt=\"\" width=\"554\" height=\"545\" srcset=\"https:\/\/havamall.vn\/wp-content\/uploads\/2018\/10\/246668221_396602928682649_7875569947971900730_n-300x295.png 300w, https:\/\/havamall.vn\/wp-content\/uploads\/2018\/10\/246668221_396602928682649_7875569947971900730_n-430x423.png 430w, https:\/\/havamall.vn\/wp-content\/uploads\/2018\/10\/246668221_396602928682649_7875569947971900730_n-150x148.png 150w, https:\/\/havamall.vn\/wp-content\/uploads\/2018\/10\/246668221_396602928682649_7875569947971900730_n-700x688.png 700w, https:\/\/havamall.vn\/wp-content\/uploads\/2018\/10\/246668221_396602928682649_7875569947971900730_n-768x755.png 768w, https:\/\/havamall.vn\/wp-content\/uploads\/2018\/10\/246668221_396602928682649_7875569947971900730_n-600x590.png 600w, https:\/\/havamall.vn\/wp-content\/uploads\/2018\/10\/246668221_396602928682649_7875569947971900730_n.png 843w\" sizes=\"(max-width: 554px) 100vw, 554px\" \/><\/p>\n<p><strong>C\u00e1ch d\u00f9ng:<\/strong>\u00a0L\u1ea5y l\u01b0\u1ee3ng v\u1eeba \u0111\u1ee7 d\u00f9ng \u0111\u1ec3 ra ngo\u00e0i cho gi\u00e3 \u0111\u00f4ng r\u1ed3i d\u00f9ng ngay. Ho\u1eb7c c\u00f3 th\u1ec3 \u0111\u1ec3 xu\u1ed1ng ng\u0103n m\u00e1t t\u1ee7 l\u1ea1nh (kho\u1ea3ng 1-3 \u0111\u1ed9 C) r\u1ed3i d\u00f9ng d\u1ea7n trong v\u00f2ng 3 ng\u00e0y sau \u0111\u00f3.<br \/>\nB\u1ea1n c\u00f3 th\u1ec3 d\u00f9ng trong pha ch\u1ebf \u0111\u1ed3 u\u1ed1ng ho\u1eb7c k\u1ebft h\u1ee3p l\u00e0m b\u00e1nh c\u00e1c lo\u1ea1i.<\/p>\n<p><img loading=\"lazy\" decoding=\"async\" class=\"aligncenter\" style=\"margin-left: auto;margin-right: auto\" src=\"https:\/\/havamall.vn\/wp-content\/uploads\/2018\/10\/c60a1b8d4dccc350926f32b130dc0de2.jpg\" alt=\"\" width=\"535\" height=\"357\" \/><\/p>\n<p style=\"text-align: center\"><strong>L\u01b0u \u00fd:<\/strong>\u00a0D\u00f9ng \u0111\u1ebfn \u0111\u00e2u th\u00ec gi\u00e3 \u0111\u00f4ng \u0111\u1ebfn \u0111\u00f3, s\u1ea3n ph\u1ea9m \u0111\u00e3 gi\u00e3 \u0111\u00f4ng th\u00ec kh\u00f4ng quay l\u1ea1i c\u1ea5p \u0111\u00f4ng n\u1eefa.<\/p>\n<h2 class=\"widget-title\" style=\"text-align: center\">QUY TR\u00ccNH S\u1ea2N XU\u1ea4T VI\u1ec6T QU\u1ea4T \u0110\u00d4NG L\u1ea0NH (IQF)<\/h2>\n<p style=\"text-align: center\"><img loading=\"lazy\" decoding=\"async\" class=\"alignnone wp-image-12447\" src=\"https:\/\/havamall.vn\/wp-content\/uploads\/2018\/10\/firestone-2-300x169.png\" alt=\"\" width=\"540\" height=\"304\" srcset=\"https:\/\/havamall.vn\/wp-content\/uploads\/2018\/10\/firestone-2-300x169.png 300w, https:\/\/havamall.vn\/wp-content\/uploads\/2018\/10\/firestone-2-430x242.png 430w, https:\/\/havamall.vn\/wp-content\/uploads\/2018\/10\/firestone-2-150x84.png 150w, https:\/\/havamall.vn\/wp-content\/uploads\/2018\/10\/firestone-2-700x394.png 700w, https:\/\/havamall.vn\/wp-content\/uploads\/2018\/10\/firestone-2-768x432.png 768w, https:\/\/havamall.vn\/wp-content\/uploads\/2018\/10\/firestone-2.png 1024w, https:\/\/havamall.vn\/wp-content\/uploads\/2018\/10\/firestone-2-600x338.png 600w\" sizes=\"(max-width: 540px) 100vw, 540px\" \/><\/p>\n<\/div>","protected":false},"excerpt":{"rendered":"<p>*L\u01b0u \u00fd: Do s\u1ea3n ph\u1ea9m \u0111\u00f4ng l\u1ea1nh n\u00ean ch\u1ec9 nh\u1eadn giao h\u00e0ng trong n\u1ed9i th\u00e0nh HCM. V\u1edbi c\u00e1c \u0111\u01a1n t\u1ec9nh<\/p>","protected":false},"featured_media":9774,"comment_status":"open","ping_status":"closed","template":"","meta":[],"product_brand":[],"product_cat":[275,36],"product_tag":[],"class_list":{"0":"post-9752","1":"product","2":"type-product","3":"status-publish","4":"has-post-thumbnail","6":"product_cat-thuc-pham-dong-lanh","7":"product_cat-thuc-pham-tieu-dung","8":"pa_brand-tmt","10":"first","11":"instock","12":"sale","13":"shipping-taxable","14":"purchasable","15":"product-type-variable","16":"has-default-attributes"},"_links":{"self":[{"href":"https:\/\/havamall.vn\/en\/wp-json\/wp\/v2\/product\/9752"}],"collection":[{"href":"https:\/\/havamall.vn\/en\/wp-json\/wp\/v2\/product"}],"about":[{"href":"https:\/\/havamall.vn\/en\/wp-json\/wp\/v2\/types\/product"}],"replies":[{"embeddable":true,"href":"https:\/\/havamall.vn\/en\/wp-json\/wp\/v2\/comments?post=9752"}],"version-history":[{"count":0,"href":"https:\/\/havamall.vn\/en\/wp-json\/wp\/v2\/product\/9752\/revisions"}],"wp:featuredmedia":[{"embeddable":true,"href":"https:\/\/havamall.vn\/en\/wp-json\/wp\/v2\/media\/9774"}],"wp:attachment":[{"href":"https:\/\/havamall.vn\/en\/wp-json\/wp\/v2\/media?parent=9752"}],"wp:term":[{"taxonomy":"product_brand","embeddable":true,"href":"https:\/\/havamall.vn\/en\/wp-json\/wp\/v2\/product_brand?post=9752"},{"taxonomy":"product_cat","embeddable":true,"href":"https:\/\/havamall.vn\/en\/wp-json\/wp\/v2\/product_cat?post=9752"},{"taxonomy":"product_tag","embeddable":true,"href":"https:\/\/havamall.vn\/en\/wp-json\/wp\/v2\/product_tag?post=9752"}],"curies":[{"name":"wp","href":"https:\/\/api.w.org\/{rel}","templated":true}]}}