{"id":9732,"date":"2018-10-23T14:05:30","date_gmt":"2018-10-23T07:05:30","guid":{"rendered":"https:\/\/havamall.vn\/?post_type=product&#038;p=9732"},"modified":"2021-03-03T14:53:58","modified_gmt":"2021-03-03T07:53:58","slug":"nuoc-tay-trang-biore-makeup-remover-perfect-cleansing-water-oil-clear-90ml","status":"publish","type":"product","link":"https:\/\/havamall.vn\/en\/shop\/nuoc-tay-trang-biore-makeup-remover-perfect-cleansing-water-oil-clear-90ml\/","title":{"rendered":"N\u01b0\u1edbc T\u1ea9y Trang Biore Makeup Remover Perfect Cleansing Water Oil Clear 90ml"},"content":{"rendered":"<div id=\"tab_click_thanhphan\" class=\"tab_info_product_detail space_bottom_20\">\n<div class=\"content_tab width_common\">\n<div class=\"tab-content\">\n<div id=\"tab_tt_sp\" class=\"tab-pane active\" role=\"tabpanel\">\n<div class=\"item_box_col_right\">\n<div class=\"content_common_site\">\n<div class=\"fck_detail_box_thongtin space_bottom_20\">\n<div class=\"product attibute description\">\n<p>\u0110\u00fang nh\u01b0 t\u00ean g\u1ecdi, s\u1ea3n ph\u1ea9m t\u1ea9y trang c\u00f3 c\u00f4ng d\u1ee5ng ch\u00ednh v\u00e0 quan tr\u1ecdng nh\u1ea5t l\u00e0 lo\u1ea1i b\u1ecf l\u1edbp m\u1ef9 ph\u1ea9m trang \u0111i\u1ec3m kh\u1ecfi b\u1ec1 m\u1eb7t da. \u0110\u00e2y l\u00e0 \u0111i\u1ec1u m\u00e0 c\u00e1c lo\u1ea1i s\u1eefa r\u1eeda m\u1eb7t th\u00f4ng th\u01b0\u1eddng kh\u00f4ng l\u00e0m \u0111\u01b0\u1ee3c. Tuy nhi\u00ean trong qu\u00e1 tr\u00ecnh n\u00e0y, s\u1ea3n ph\u1ea9m t\u1ea9y trang c\u0169ng gi\u00fap l\u1ea5y \u0111i c\u1ea3 l\u01b0\u1ee3ng b\u1ee5i b\u1ea9n, b\u00e3 nh\u1eddn \u1edf tr\u00ean da sau m\u1ed9t ng\u00e0y d\u00e0i c\u00f9ng v\u1edbi l\u1edbp trang \u0111i\u1ec3m. \u0110\u00f3 ch\u00ednh l\u00e0 c\u00f4ng d\u1ee5ng th\u1ee9 hai c\u1ee7a s\u1ea3n ph\u1ea9m. C\u0169ng nh\u01b0 c\u00e1c lo\u1ea1i s\u1ea3n ph\u1ea9m \u0111\u1eb7c th\u00f9 cho da, c\u00e1c s\u1ea3n ph\u1ea9m t\u1ea9y trang c\u0169ng \u0111\u01b0\u1ee3c thi\u1ebft k\u1ebf cho t\u1eebng lo\u1ea1i da \u0111\u1ec3 \u0111\u1ea3m b\u1ea3o hi\u1ec7u qu\u1ea3 t\u1ed1i \u01b0u nh\u1ea5t. Do v\u1eady, n\u1ebfu b\u1ea1n \u0111ang ph\u1ea3i \u0111au \u0111\u1ea7u v\u00ec da d\u1ea7u v\u00e0 da h\u1ed7n h\u1ee3p thi\u00ean d\u1ea7u th\u00ec\u00a0<strong>N\u01b0\u1edbc T\u1ea9y Trang D\u00e0nh Cho Da D\u1ea7u V\u00e0 Da H\u1ed7n H\u1ee3p Makeup Remover Perfect Cleansing Water Oil Clear\u00a0<\/strong>c\u1ee7a\u00a0<strong>Bior\u00e9\u00a0<\/strong>ch\u00ednh l\u00e0 m\u1ed9t g\u1ee3i \u00fd s\u00e1ng su\u1ed1t cho b\u1ea1n.<\/p>\n<p><img fetchpriority=\"high\" decoding=\"async\" class=\"loading aligncenter\" src=\"https:\/\/media.hasaki.vn\/wysiwyg\/Dai\/nuoc-tay-trang-danh-cho-da-dau-va-da-hon-hop-90ml.jpg\" alt=\"\" width=\"700\" height=\"700\" \/><\/p>\n<p><strong>N\u01b0\u1edbc T\u1ea9y Trang D\u00e0nh Cho Da D\u1ea7u V\u00e0 Da H\u1ed7n H\u1ee3p Makeup Remover Perfect Cleansing Water Oil Clear\u00a0<\/strong>v\u1edbi th\u00e0nh ph\u1ea7n d\u1ecbu nh\u1eb9, kh\u00f4ng ch\u1ee9a h\u01b0\u01a1ng li\u1ec7u, ch\u1ea5t t\u1ea1o m\u00e0u, t\u1ea1o m\u00f9i nh\u01b0ng \u0111\u1ee7 \u201cm\u1ea1nh\u201d \u0111\u1ec3 qu\u00e9t s\u1ea1ch c\u00e1c lo\u1ea1i m\u0129 ph\u1ea9m nh\u01b0 kem n\u1ec1n, ph\u1ea5n. Ngo\u00e0i ra,\u00a0<strong>N\u01b0\u1edbc T\u1ea9y Trang D\u00e0nh Cho Da D\u1ea7u V\u00e0 Da H\u1ed7n H\u1ee3p Makeup Remover Perfect Cleansing Water Oil Clear Bior\u00e9\u00a0<\/strong>c\u00f2n b\u1ed5 sung chi\u1ebft xu\u1ea5t tr\u00e0 tr\u1eafng (Camilla Sinensis Leaf Extract), collagen, l\u00e1 c\u00e2y ph\u1ec9 (Witch Hazel) c\u00f3 t\u00e1c d\u1ee5ng d\u01b0\u1ee1ng \u1ea9m, se kh\u00edt l\u1ed7 ch\u00e2n l\u00f4ng, l\u00e0m s\u00e1ng da v\u00e0 ng\u1eeba m\u1ee5n.<\/p>\n<p><strong>N\u01b0\u1edbc T\u1ea9y Trang D\u00e0nh Cho Da D\u1ea7u V\u00e0 Da H\u1ed7n H\u1ee3p Makeup Remover Perfect Cleansing Water Oil Clear Bior\u00e9<\/strong>\u00a0s\u1eed d\u1ee5ng c\u00f4ng ngh\u1ec7 Micella v\u1ed1n \u0111\u01b0\u1ee3c ng\u01b0\u1eddi d\u00f9ng y\u00eau th\u00edch nh\u1edd t\u00ednh ti\u1ec7n l\u1ee3i, ti\u1ebft ki\u1ec7m th\u1eddi gian, ch\u1ec9 v\u1edbi duy nh\u1ea5t 1 b\u01b0\u1edbc c\u00f3 th\u1ec3 t\u1ea9y s\u1ea1ch l\u1edbp makeup, b\u1ee5i b\u1ea9n, kh\u00f4ng c\u1ea7n r\u1eeda l\u1ea1i v\u1edbi n\u01b0\u1edbc m\u00e0 da v\u1eabn gi\u1eef \u0111\u01b0\u1ee3c \u0111\u1ed9 \u1ea9m.<\/p>\n<p><img decoding=\"async\" class=\"loading aligncenter\" src=\"https:\/\/media.hasaki.vn\/wysiwyg\/Dai\/nuoc-tay-trang-biore-danh-cho-da-thuong-va-da-kho-300ml.jpg\" alt=\"\" width=\"600\" height=\"600\" \/><\/p>\n<p>Hi\u1ec7n\u00a0<strong>Hasaki<\/strong>\u00a0\u0111ang c\u00f3 2 dung t\u00edch \u0111\u1ec3 b\u1ea1n l\u1ef1a ch\u1ecdn:<strong>\u00a090ml v\u00e0 300ml<\/strong><\/p>\n<p>Th\u01b0\u01a1ng hi\u1ec7u m\u1ef9 ph\u1ea9m ch\u0103m s\u00f3c da\u00a0<strong>Bior\u00e9<\/strong>\u00a0\u0111\u01b0\u1ee3c s\u00e1ng l\u1eadp v\u00e0o n\u0103m 1980, t\u1ea1i Nh\u1eadt B\u1ea3n b\u1edfi t\u1eadp \u0111o\u00e0n\u00a0<strong>KAO<\/strong>, c\u0169ng l\u00e0 th\u01b0\u01a1ng hi\u1ec7u s\u1ed1 1 t\u1ea1i Nh\u1eadt B\u1ea3n. C\u00f4ng ty\u00a0<strong>KAO<\/strong>\u00a0Vi\u1ec7t Nam ch\u00ednh th\u1ee9c \u0111\u01b0\u1ee3c th\u00e0nh l\u1eadp v\u00e0o ng\u00e0y 29\/11\/1995, sau n\u00e0y \u0111\u01b0\u1ee3c \u0111\u1ed5i th\u00e0nh C\u00f4ng ty TNHH KAO Vi\u1ec7t Nam v\u00e0o ng\u00e0y 02\/6\/2008 theo Gi\u1ea5y ch\u1ee9ng nh\u1eadn \u0111\u1ea7u t\u01b0 s\u1ed1 472043000488, \u0111\u01b0\u1ee3c c\u1ea5p b\u1edfi Ban Qu\u1ea3n L\u00fd C\u00e1c Khu C\u00f4ng Nghi\u1ec7p \u0110\u1ed3ng Nai.\u00a0<strong>KAO<\/strong>\u00a0Vi\u1ec7t Nam l\u00e0 c\u00f4ng ty \u0111\u1ea7u ti\u00ean \u0111\u01b0\u1ee3c x\u00e2y d\u1ef1ng nh\u00e0 m\u00e1y t\u1ea1i Khu c\u00f4ng nghi\u1ec7p Amata, \u0110\u1ed3ng Nai. L\u0129nh v\u1ef1c kinh doanh ch\u00ednh c\u1ee7a C\u00f4ng ty bao g\u1ed3m: s\u1ea3n xu\u1ea5t, ph\u00e2n ph\u1ed1i, kinh doanh trong n\u01b0\u1edbc v\u00e0 xu\u1ea5t kh\u1ea9u c\u00e1c ch\u1ea5t ho\u1ea1t \u0111\u1ed9ng b\u1ec1 m\u1eb7t c\u00f3 \u0111\u1ed9 ph\u00e2n h\u1ee7y sinh h\u1ecdc cao, c\u00e1c s\u1ea3n ph\u1ea9m d\u01b0\u1ee1ng da v\u00e0 t\u00f3c, c\u00e1c ch\u1ea5t t\u1ea9y r\u1eeda v\u00e0 l\u00e0m s\u1ea1ch gia d\u1ee5ng, ph\u1ee5 gia b\u00ea t\u00f4ng, b\u0103ng v\u1ec7 sinh v\u00e0 c\u00e1c h\u00f3a ch\u1ea5t kh\u00e1c c\u00f3 li\u00ean quan.<\/p>\n<p>\u0110\u1ea7u n\u0103m 1997, C\u00f4ng ty tung ra s\u1ea3n ph\u1ea9m \u0111\u1ea7u ti\u00ean \u0111\u00f3 l\u00e0 s\u1eefa r\u1eeda m\u1eb7t\u00a0<strong>Bior\u00e9<\/strong>. Cho \u0111\u1ebfn nay th\u01b0\u01a1ng hi\u1ec7u\u00a0<strong>Bior\u00e9<\/strong>\u00a0\u0111\u00e3 ph\u00e2n ph\u1ed1i ra th\u1ecb tr\u01b0\u1eddng Vi\u1ec7t nam nhi\u1ec1u lo\u1ea1i nhi\u1ec1u lo\u1ea1i s\u1ea3n ph\u1ea9m nh\u01b0 S\u1eefa r\u1eeda m\u1eb7t, s\u1eefa t\u1eafm, ch\u1ed1ng n\u1eafng, mi\u1ebfng d\u00e1n l\u1ed9t m\u1ee5n, t\u1ea9y trang\u2026\u0111\u1ec3 \u0111\u00e1p \u1ee9ng nhu c\u1ea7u c\u1ee7a ng\u01b0\u1eddi ti\u00eau d\u00f9ng Vi\u1ec7t Nam. Ngu\u1ed3n g\u1ed1c t\u00ean g\u1ecdi\u00a0<strong>Bior\u00e9<\/strong>\u00a0c\u1ee7a th\u01b0\u01a1ng hi\u1ec7u ch\u0103m s\u00f3c da m\u1eb7t n\u1ed5i ti\u1ebfng kh\u1eafp th\u1ebf gi\u1edbi n\u00e0y \u0111\u01b0\u1ee3c k\u1ebft h\u1ee3p hai t\u1eeb theo ti\u1ebfng Nh\u1eadt ch\u1ee9a \u0111\u1ef1ng hai y\u1ebfu t\u1ed1 quan tr\u1ecdng v\u1edbi con ng\u01b0\u1eddi: n\u1ebfu Bio mang \u00fd ngh\u0129a bi\u1ec3u tr\u01b0ng cho s\u1ef1 s\u1ed1ng th\u00ec Ore l\u00e0 v\u00e0ng, n\u00f3 bao h\u00e0m c\u1ea3 v\u1ebb \u0111\u1eb9p, s\u1ef1 th\u00f4ng minh, v\u00e0 t\u00ednh nguy\u00ean b\u1ea3n.<\/p>\n<p>Trong su\u1ed1t h\u01a1n 20 n\u0103m ho\u1ea1t \u0111\u1ed9ng t\u1ea1i Vi\u1ec7t Nam, C\u00f4ng ty lu\u00f4n cam k\u1ebft mang \u0111\u1ebfn cho kh\u00e1ch h\u00e0ng nh\u1eefng s\u1ea3n ph\u1ea9m c\u00f3 ch\u1ea5t l\u01b0\u1ee3ng t\u1ed1t nh\u1ea5t v\u00e0 an to\u00e0n nh\u1ea5t song song v\u1edbi vi\u1ec7c b\u1ea3o v\u1ec7 m\u00f4i tr\u01b0\u1eddng v\u00e0 \u0111\u00f3ng g\u00f3p cho c\u1ed9ng \u0111\u1ed3ng. M\u1ecdi th\u00e0nh vi\u00ean c\u1ee7a\u00a0<strong>KAO<\/strong>\u00a0Vi\u1ec7t Nam lu\u00f4n th\u1ea5m nhu\u1ea7n ph\u01b0\u01a1ng ch\u00e2m ho\u1ea1t \u0111\u1ed9ng nh\u01b0 l\u00e0 kim ch\u1ec9 nam c\u1ee7a C\u00f4ng ty \u0111\u00f3 l\u00e0 &#8220;V\u00ec cu\u1ed9c s\u1ed1ng phong ph\u00fa, h\u00f2a h\u1ee3p c\u00f9ng thi\u00ean nhi\u00ean&#8221;(Enrich lives, in harmony with nature).<\/p>\n<p><img decoding=\"async\" class=\"loading aligncenter\" src=\"https:\/\/media.hasaki.vn\/wysiwyg\/QuynhNga\/nuoc-tay-trang-danh-cho-da-dau-va-da-hon-hop---90ml-2.png\" alt=\"\" width=\"800\" height=\"672\" \/><\/p>\n<p><strong>C\u00f4ng d\u1ee5ng<\/strong>:<\/p>\n<p>&#8211; T\u1ea9y trang hi\u1ec7u qu\u1ea3.<\/p>\n<p>&#8211; Kh\u00f4ng c\u1ea7n d\u00f9ng b\u00f4ng t\u1ea9y trang nh\u01b0 c\u00e1c s\u1ea3n ph\u1ea9m t\u1ea9y trang kh\u00e1c.<\/p>\n<p>&#8211; D\u01b0\u1ee1ng da s\u00e1ng m\u1ecbn, se kh\u00edt l\u1ed7 ch\u00e2n l\u00f4ng.<\/p>\n<p>&#8211; Ph\u00f9 h\u1ee3p v\u1edbi da d\u1ea7u v\u00e0 da h\u1ed7n h\u1ee3p.<\/p>\n<p><strong>Nh\u1eefng l\u01b0u \u00fd khi s\u1eed d\u1ee5ng:<\/strong><\/p>\n<p>&#8211; Trong qu\u00e1 tr\u00ecnh s\u1eed d\u1ee5ng n\u1ebfu th\u1ea5y da c\u00f3 c\u00e1c bi\u1ec3u hi\u1ec7n kh\u00e1c th\u01b0\u1eddng nh\u01b0: xu\u1ea5t hi\u1ec7n c\u00e1c v\u1ebft \u0111\u1ecf,\u00a0 ng\u1ee9a, hay b\u1ecb k\u00edch \u1ee9ng th\u00ec ph\u1ea3i ng\u01b0ng s\u1eed d\u1ee5ng ngay v\u00e0 h\u1ecfi \u00fd ki\u1ebfn t\u01b0 v\u1ea5n t\u1eeb chuy\u00ean gia da li\u1ec5u.<\/p>\n<p>&#8211; Kh\u00f4ng thoa l\u00ean c\u00e1c v\u00f9ng da b\u1ecb vi\u00eam, b\u1ecb ch\u00e0m b\u1ed9i nhi\u1ec5m hay c\u00e1c v\u00f9ng da b\u1ecb th\u01b0\u01a1ng.<\/p>\n<p><strong>B\u1ea3o qu\u1ea3n:<\/strong><\/p>\n<p>&#8211; \u0110\u1eady n\u1eafp l\u1ea1i sau khi s\u1eed d\u1ee5ng.<\/p>\n<p>&#8211; B\u1ea3o qu\u1ea3n tr\u00e1nh xa t\u1ea7m tay tr\u1ebb nh\u1ecf.<\/p>\n<p>&#8211; Kh\u00f4ng \u0111\u1eb7t \u1edf nh\u1eefng n\u01a1i c\u00f3 \u00e1nh s\u00e1ng tr\u1ef1c ti\u1ebfp chi\u1ebfu v\u00e0o, hay nh\u1eefng n\u01a1i c\u00f3 nhi\u1ec7t \u0111\u1ed9 qu\u00e1 cao ho\u1eb7c qu\u00e1 th\u1ea5p.<\/p>\n<p><strong>Dung t\u00edch:\u00a0<\/strong>90ml, 300ml<\/p>\n<p><strong>Th\u01b0\u01a1ng hi\u1ec7u<\/strong>: Bior\u00e9<\/p>\n<p><strong>Xu\u1ea5t x\u1ee9<\/strong>: Nh\u1eadt B\u1ea3n<\/p>\n<p>&nbsp;<\/p>\n<p style=\"text-align: center\">\n<\/div>\n<\/div>\n<div class=\"block_note_tt_sp space_bottom_10\"><\/div>\n<\/div>\n<\/div>\n<\/div>\n<\/div>\n<\/div>\n<div class=\"clearfix\"><\/div>\n<\/div>\n<div id=\"tab_thanhphan\" class=\"tab_info_product_detail space_bottom_20\">\n<div class=\"main_tab width_common\">\n<ul class=\"nav nav-tabs\">\n<li class=\"\"><a>Th\u00e0nh ph\u1ea7n ch\u00ednh<\/a><\/li>\n<\/ul>\n<\/div>\n<div class=\"content_tab width_common\">\n<div class=\"content_common_site width_common\">\n<div class=\"list_thanhphan width_common space_bottom_20\">Mineral oil, Feg-12 laurate, Isododecane, Water, Isopropyl Palmitate, Cyclopentasiloxane, Polyglyceryl-2 Isostearate, Decyl glucoseside, Polysorabate 85, Glycerin oleate, Isostearic Acid, Citric Acid, Phosphoric acid, BHT, Tocopherol&#8230;<\/div>\n<\/div>\n<\/div>\n<\/div>","protected":false},"excerpt":{"rendered":"<p>\u0110\u00fang nh\u01b0 t\u00ean g\u1ecdi, s\u1ea3n ph\u1ea9m t\u1ea9y trang c\u00f3 c\u00f4ng d\u1ee5ng ch\u00ednh v\u00e0 quan tr\u1ecdng nh\u1ea5t l\u00e0 lo\u1ea1i b\u1ecf l\u1edbp<\/p>","protected":false},"featured_media":9733,"comment_status":"open","ping_status":"closed","template":"","meta":[],"product_brand":[],"product_cat":[626],"product_tag":[],"class_list":{"0":"post-9732","1":"product","2":"type-product","3":"status-publish","4":"has-post-thumbnail","6":"product_cat-het-hang","8":"first","9":"outofstock","10":"sale","11":"shipping-taxable","12":"purchasable","13":"product-type-simple"},"_links":{"self":[{"href":"https:\/\/havamall.vn\/en\/wp-json\/wp\/v2\/product\/9732"}],"collection":[{"href":"https:\/\/havamall.vn\/en\/wp-json\/wp\/v2\/product"}],"about":[{"href":"https:\/\/havamall.vn\/en\/wp-json\/wp\/v2\/types\/product"}],"replies":[{"embeddable":true,"href":"https:\/\/havamall.vn\/en\/wp-json\/wp\/v2\/comments?post=9732"}],"version-history":[{"count":0,"href":"https:\/\/havamall.vn\/en\/wp-json\/wp\/v2\/product\/9732\/revisions"}],"wp:featuredmedia":[{"embeddable":true,"href":"https:\/\/havamall.vn\/en\/wp-json\/wp\/v2\/media\/9733"}],"wp:attachment":[{"href":"https:\/\/havamall.vn\/en\/wp-json\/wp\/v2\/media?parent=9732"}],"wp:term":[{"taxonomy":"product_brand","embeddable":true,"href":"https:\/\/havamall.vn\/en\/wp-json\/wp\/v2\/product_brand?post=9732"},{"taxonomy":"product_cat","embeddable":true,"href":"https:\/\/havamall.vn\/en\/wp-json\/wp\/v2\/product_cat?post=9732"},{"taxonomy":"product_tag","embeddable":true,"href":"https:\/\/havamall.vn\/en\/wp-json\/wp\/v2\/product_tag?post=9732"}],"curies":[{"name":"wp","href":"https:\/\/api.w.org\/{rel}","templated":true}]}}