{"id":9689,"date":"2018-10-18T16:25:43","date_gmt":"2018-10-18T09:25:43","guid":{"rendered":"https:\/\/havamall.vn\/?post_type=product&#038;p=9689"},"modified":"2022-04-08T13:44:14","modified_gmt":"2022-04-08T06:44:14","slug":"keo-so-co-la-andes-sua-milk-132gr","status":"publish","type":"product","link":"https:\/\/havamall.vn\/en\/shop\/keo-so-co-la-andes-sua-milk-132gr\/","title":{"rendered":"K\u1eb9o s\u00f4 c\u00f4 la Andes s\u1eefa &#8211; Andes Chocolate Thins 132gr"},"content":{"rendered":"<table class=\"table table-striped-odd specification\">\n<tbody>\n<tr>\n<th class=\"display-name\" colspan=\"1\" rowspan=\"1\">Th\u01b0\u01a1ng hi\u1ec7u<\/th>\n<td colspan=\"1\" rowspan=\"1\">Andes<\/td>\n<\/tr>\n<tr>\n<th class=\"display-name\" colspan=\"1\" rowspan=\"1\">Xu\u1ea5t x\u1ee9<\/th>\n<td colspan=\"1\" rowspan=\"1\">M\u1ef9<\/td>\n<\/tr>\n<tr>\n<th class=\"display-name\" colspan=\"1\" rowspan=\"1\">N\u01a1i \u0111\u00f3ng g\u00f3i<\/th>\n<td colspan=\"1\" rowspan=\"1\">M\u1ef9<\/td>\n<\/tr>\n<tr>\n<th class=\"display-name\" colspan=\"1\" rowspan=\"1\">H\u1ea1n s\u1eed d\u1ee5ng<\/th>\n<td colspan=\"1\" rowspan=\"1\">Xem tr\u00ean bao b\u00ec s\u1ea3n ph\u1ea9m<\/td>\n<\/tr>\n<tr>\n<th class=\"display-name\" colspan=\"1\" rowspan=\"1\">H\u01b0\u1edbng d\u1eabn s\u1eed d\u1ee5ng<\/th>\n<td colspan=\"1\" rowspan=\"1\">D\u00f9ng \u0103n tr\u1ef1c ti\u1ebfp<\/td>\n<\/tr>\n<tr>\n<th class=\"display-name\" colspan=\"1\" rowspan=\"1\">Net WT<\/th>\n<td colspan=\"1\" rowspan=\"1\">132gr<\/td>\n<\/tr>\n<\/tbody>\n<\/table>\n<p><strong>Socola Andes<\/strong>\u00a0\u0111\u01b0\u1ee3c s\u1ea3n xu\u1ea5t theo c\u00f4ng ngh\u1ec7 hi\u1ec7n \u0111\u1ea1i, m\u1ecdi kh\u00e2u t\u1eeb tuy\u1ec3n ch\u1ecdn nguy\u00ean li\u1ec7u t\u1edbi ch\u1ebf bi\u1ebfn, \u0111\u00f3ng g\u00f3i\u00a0\u0111\u1ec1u di\u1ec5n ra kh\u00e9p k\u00edn d\u01b0\u1edbi s\u1ef1 gi\u00e1m s\u00e1t v\u00e0 ki\u1ec3m tra nghi\u00eam ng\u1eb7t. S\u1ea3n ph\u1ea9m kh\u00f4ng ch\u1ee9a h\u00f3a ch\u1ea5t, ch\u1ea5t b\u1ea3o qu\u1ea3n \u0111\u1ed9c h\u1ea1i, \u0111\u1ea3m b\u1ea3o an to\u00e0n cho s\u1ee9c kh\u1ecfe ng\u01b0\u1eddi ti\u00eau d\u00f9ng.<\/p>\n<p><img fetchpriority=\"high\" decoding=\"async\" class=\"wp-image-12852 aligncenter\" src=\"https:\/\/havamall.vn\/wp-content\/uploads\/2018\/10\/71ceTPd3qWL._SL1500_-300x250.jpg\" alt=\"\" width=\"566\" height=\"472\" srcset=\"https:\/\/havamall.vn\/wp-content\/uploads\/2018\/10\/71ceTPd3qWL._SL1500_-300x250.jpg 300w, https:\/\/havamall.vn\/wp-content\/uploads\/2018\/10\/71ceTPd3qWL._SL1500_-430x359.jpg 430w, https:\/\/havamall.vn\/wp-content\/uploads\/2018\/10\/71ceTPd3qWL._SL1500_-150x125.jpg 150w, https:\/\/havamall.vn\/wp-content\/uploads\/2018\/10\/71ceTPd3qWL._SL1500_-700x584.jpg 700w, https:\/\/havamall.vn\/wp-content\/uploads\/2018\/10\/71ceTPd3qWL._SL1500_-768x641.jpg 768w, https:\/\/havamall.vn\/wp-content\/uploads\/2018\/10\/71ceTPd3qWL._SL1500_-1024x854.jpg 1024w, https:\/\/havamall.vn\/wp-content\/uploads\/2018\/10\/71ceTPd3qWL._SL1500_-1200x1001.jpg 1200w, https:\/\/havamall.vn\/wp-content\/uploads\/2018\/10\/71ceTPd3qWL._SL1500_-600x500.jpg 600w, https:\/\/havamall.vn\/wp-content\/uploads\/2018\/10\/71ceTPd3qWL._SL1500_.jpg 1500w\" sizes=\"(max-width: 566px) 100vw, 566px\" \/><\/p>\n<p>B\u1eb1ng kinh nghi\u1ec7m l\u00e2u n\u0103m trong vi\u1ec7c s\u1ea3n xu\u1ea5t socola,\u00a0<strong>Andes<\/strong>\u00a0mang \u0111\u1ebfn tay ng\u01b0\u1eddi ti\u00eau d\u00f9ng s\u1ea3n ph\u1ea9m s\u00f4 c\u00f4 la v\u1edbi h\u01b0\u01a1ng v\u1ecb ng\u1ecdt ng\u00e0o truy\u1ec1n th\u1ed1ng, ph\u00f9 h\u1ee3p v\u1edbi m\u1ecdi l\u1ee9a tu\u1ed5i.\u00a0Kh\u00f4ng ch\u1ec9 l\u00e0 m\u1ed9t m\u00f3n \u0103n v\u1eb7t \u0111\u01b0\u1ee3c \u01b0a th\u00edch, socola c\u00f2n \u0111\u01b0\u1ee3c bi\u1ebft t\u1edbi v\u1edbi nh\u1eefng c\u00f4ng d\u1ee5ng t\u1ed1t cho s\u1ee9c kh\u1ecfe.<\/p>\n<p><strong>K\u1eb9o socola Andes<\/strong>\u00a0gi\u00fap\u00a0cung c\u1ea5p n\u0103ng l\u01b0\u1ee3ng cho m\u1ed9t s\u1ed1 ho\u1ea1t \u0111\u1ed9ng th\u01b0\u1eddng ng\u00e0y, cung c\u1ea5p vitamin v\u00e0 kho\u00e1ng ch\u1ea5t cho c\u01a1 th\u1ec3 c\u0169ng nh\u01b0 c\u00f3 t\u00e1c d\u1ee5ng t\u1ed1t trong vi\u1ec7c gi\u1ea3i t\u1ecfa stress v\u00e0 h\u1ed7 tr\u1ee3 h\u1ec7 tim m\u1ea1ch.<\/p>\n<h3><strong>Th\u00e0nh ph\u1ea7n:<\/strong><\/h3>\n<p style=\"font-weight: 400\">\u00a0\u0110\u01b0\u1eddng, Palm h\u1ea1t nh\u00e2n v\u00e0 d\u1ea7u c\u1ecd, ca cao (ch\u1ebf bi\u1ebfn v\u1edbi ki\u1ec1m), s\u1eefa kh\u00f4ng b\u00e9o, lactose, Protein s\u1eefa t\u1eadp trung, Lecithin \u0111\u1eadu n\u00e0nh (An ch\u1ea5t nh\u0169 h\u00f3a), H\u01b0\u01a1ng v\u1ecb t\u1ef1 nhi\u00ean v\u00e0 nh\u00e2n t\u1ea1o, d\u1ea7u b\u1ea1c h\u00e0, m\u00e0u s\u1eafc th\u00eam (Yellow 5 Lake, Blue 1 H\u1ed3).<\/p>\n<p>&nbsp;<\/p>\n<p>&nbsp;<\/p>\n<p>&nbsp;<\/p>","protected":false},"excerpt":{"rendered":"<p>Th\u01b0\u01a1ng hi\u1ec7u Andes Xu\u1ea5t x\u1ee9 M\u1ef9 N\u01a1i \u0111\u00f3ng g\u00f3i M\u1ef9 H\u1ea1n s\u1eed d\u1ee5ng Xem tr\u00ean bao b\u00ec s\u1ea3n ph\u1ea9m H\u01b0\u1edbng<\/p>","protected":false},"featured_media":9690,"comment_status":"open","ping_status":"closed","template":"","meta":[],"product_brand":[],"product_cat":[36,133],"product_tag":[],"class_list":{"0":"post-9689","1":"product","2":"type-product","3":"status-publish","4":"has-post-thumbnail","6":"product_cat-thuc-pham-tieu-dung","7":"product_cat-banh-keo-chocolate","8":"pa_brand-andes","10":"first","11":"outofstock","12":"sale","13":"shipping-taxable","14":"purchasable","15":"product-type-simple"},"_links":{"self":[{"href":"https:\/\/havamall.vn\/en\/wp-json\/wp\/v2\/product\/9689"}],"collection":[{"href":"https:\/\/havamall.vn\/en\/wp-json\/wp\/v2\/product"}],"about":[{"href":"https:\/\/havamall.vn\/en\/wp-json\/wp\/v2\/types\/product"}],"replies":[{"embeddable":true,"href":"https:\/\/havamall.vn\/en\/wp-json\/wp\/v2\/comments?post=9689"}],"version-history":[{"count":0,"href":"https:\/\/havamall.vn\/en\/wp-json\/wp\/v2\/product\/9689\/revisions"}],"wp:featuredmedia":[{"embeddable":true,"href":"https:\/\/havamall.vn\/en\/wp-json\/wp\/v2\/media\/9690"}],"wp:attachment":[{"href":"https:\/\/havamall.vn\/en\/wp-json\/wp\/v2\/media?parent=9689"}],"wp:term":[{"taxonomy":"product_brand","embeddable":true,"href":"https:\/\/havamall.vn\/en\/wp-json\/wp\/v2\/product_brand?post=9689"},{"taxonomy":"product_cat","embeddable":true,"href":"https:\/\/havamall.vn\/en\/wp-json\/wp\/v2\/product_cat?post=9689"},{"taxonomy":"product_tag","embeddable":true,"href":"https:\/\/havamall.vn\/en\/wp-json\/wp\/v2\/product_tag?post=9689"}],"curies":[{"name":"wp","href":"https:\/\/api.w.org\/{rel}","templated":true}]}}