{"id":9684,"date":"2018-10-18T16:12:35","date_gmt":"2018-10-18T09:12:35","guid":{"rendered":"https:\/\/havamall.vn\/?post_type=product&#038;p=9684"},"modified":"2021-06-05T11:32:43","modified_gmt":"2021-06-05T04:32:43","slug":"kep-so-co-la-andes-bac-ha-mint-parfait-thins","status":"publish","type":"product","link":"https:\/\/havamall.vn\/en\/shop\/kep-so-co-la-andes-bac-ha-mint-parfait-thins\/","title":{"rendered":"K\u1eb9o s\u00f4 c\u00f4 la Andes B\u1ea1c h\u00e0 mint parfait thins"},"content":{"rendered":"<h2><strong>K\u1eb8O CHOCOLATE NH\u00c2N B\u1ea0C H\u00c0 ANDES H\u1ed8P 132G C\u1ee6A M\u1ef8<\/strong><\/h2>\n<div class=\"t\">\n<p><img fetchpriority=\"high\" decoding=\"async\" class=\"size-full wp-image-9687 aligncenter\" src=\"https:\/\/havamall.vn\/wp-content\/uploads\/2018\/10\/1403084_8ab2198d-fd42-4f73-a1d3-fb37a4365476.jpg\" alt=\"\" width=\"700\" height=\"700\" srcset=\"https:\/\/havamall.vn\/wp-content\/uploads\/2018\/10\/1403084_8ab2198d-fd42-4f73-a1d3-fb37a4365476.jpg 700w, https:\/\/havamall.vn\/wp-content\/uploads\/2018\/10\/1403084_8ab2198d-fd42-4f73-a1d3-fb37a4365476-430x430.jpg 430w, https:\/\/havamall.vn\/wp-content\/uploads\/2018\/10\/1403084_8ab2198d-fd42-4f73-a1d3-fb37a4365476-150x150.jpg 150w\" sizes=\"(max-width: 700px) 100vw, 700px\" \/><\/p>\n<p>K\u1eb9o chocolate lu\u00f4n l\u00e0 m\u00f3n \u0103n v\u1eb7t kho\u00e1i kh\u1ea9u c\u1ee7a nhi\u1ec1u ng\u01b0\u1eddi, th\u1eadt l\u00e0 thi\u1ebfu s\u00f3t n\u1ebfu nh\u01b0 trong c\u00e1c d\u1ecbp l\u1ec5 T\u1ebft s\u1eafp t\u1edbi thi\u1ebfu \u0111i lo\u1ea1i k\u1eb9o n\u00e0y. K\u1eb9o Chocolate nh\u00e2n b\u1ea1c h\u00e0 Andes ch\u1eafc ch\u1eafn s\u1ebd khi\u1ebfn b\u1ea1n \u201c \u0111\u1ee9ng ng\u1ed3i kh\u00f4ng y\u00ean\u201d b\u1edfi h\u01b0\u01a1ng v\u1ecb \u0111\u1ed9c \u0111\u00e1o m\u00e0 kh\u00f4ng th\u1ec3 t\u00ecm th\u1ea5y \u0111\u01b0\u1ee3c \u1edf b\u1ea5t k\u1ef3 lo\u1ea1i k\u1eb9o chocolate n\u00e0o kh\u00e1c.<\/p>\n<\/div>\n<div class=\"t\">\n<p>Andes chi\u1ebfm tr\u1ecdn s\u1ef1 y\u00eau th\u00edch c\u1ee7a m\u1ecdi ng\u01b0\u1eddi nh\u1edd s\u1ef1 k\u1ebft h\u1ee3p gi\u1eefa h\u01b0\u01a1ng v\u1ecb the m\u00e1t, h\u01a1i cay c\u1ee7a b\u1ea1c h\u00e0 v\u1edbi v\u1ecb ng\u1ecdt d\u1ecbu nh\u1eb9 nh\u00e0ng c\u1ee7a chocolate nguy\u00ean ch\u1ea5t. M\u00e0u xanh b\u1ea1c h\u00e0 \u0111\u1eb7c tr\u01b0ng \u0111\u01b0\u1ee3c bao b\u1ecdc b\u1edfi 2 l\u1edbp chocolate th\u01a1m ngon. B\u1ea1n c\u00f2n ch\u1ea7n ch\u1edd g\u00ec n\u1eefa m\u00e0 kh\u00f4ng kh\u00e1m ph\u00e1 nagy nh\u1eefng vi\u00ean k\u1eb9o chocolate h\u00ecnh ch\u1eef nh\u1eadt xinh x\u1eafn n\u00e0y. B\u1ea1n s\u1ebd kh\u00f4ng d\u1eebng l\u1ea1i \u1edf vi\u00ean k\u1eb9o \u0111\u1ea7u ti\u00ean \u0111\u00e2u m\u00e0 c\u00f2n mu\u1ed1n \u0103n th\u00eam 2, 3 vi\u00ean n\u1eefa \u0111\u1ea5y.<\/p>\n<\/div>\n<div class=\"t\">\n<p>K\u1eb9o chocolate nh\u00e2n b\u1ea1c h\u00e0 Andes \u0111\u01b0\u1ee3c s\u1ea3n xu\u1ea5t theo c\u00f4ng ti\u00ean ti\u1ebfn, \u0111\u01b0\u1ee3c tuy\u1ec3n ch\u1ecdn nghi\u00eam ng\u1eb7t t\u1eeb nguy\u00ean li\u1ec7u cho \u0111\u1ebfn th\u00e0nh ph\u1ea9m n\u00ean s\u1ebd mang l\u1ea1i cho b\u1ea1n nh\u1eefng thanh k\u1eb9o chocolate nguy\u00ean ch\u1ea5t v\u00e0 \u0111\u1eadm v\u1ecb chocolate \u0111\u1eb7c tr\u01b0ng.<\/p>\n<\/div>\n<div class=\"t\">\n<p>B\u00ean c\u1ea1nh t\u00e1c d\u1ee5ng nh\u01b0 l\u00e0 m\u1ed9t m\u00f3n tr\u00e1ng mi\u1ec7ng, m\u00f3n \u0103n v\u1eb7t h\u00e0ng ng\u00e0y th\u00ec chocolate c\u00f2n l\u00e0 m\u1ed9t ngu\u1ed3n n\u0103ng l\u01b0\u1ee3ng d\u1ed3i d\u00e0o cho c\u01a1 th\u1ec3. Khi b\u1ea1n c\u1ea3m th\u1ea5y m\u1ec7t m\u1ecfi th\u00ec h\u00e3y \u0103n m\u1ed9t vi\u00ean Chocolate \u0111\u1ec3 tr\u00e0n \u0111\u1ea7y s\u1ee9c s\u1ed1ng, gi\u00fap tim m\u1ea1ch ho\u1ea1t \u0111\u1ed9ng \u1ed5n \u0111\u1ecbnh h\u01a1n v\u00e0 th\u1ed5i bay m\u1ecdi stress, gi\u00fap b\u1ea1n vui v\u1ebb, y\u00eau \u0111\u1eddi h\u01a1n r\u1ea5t nhi\u1ec1u l\u1ea7n.<\/p>\n<\/div>\n<div class=\"t\">\n<p>K\u1eb9o chocolate nh\u00e2n b\u1ea1c h\u00e0 Andes d\u01b0\u1edbi d\u1ea1ng thanh r\u1ea5t ti\u1ec7n l\u1ee3i n\u00ean r\u1ea5t thu\u1eadn ti\u1ec7n trong vi\u1ec7c s\u1eed d\u1ee5ng, \u0111\u00e2y s\u1ebd l\u00e0 m\u00f3n qu\u00e0 r\u1ea5t ng\u1ecdt ng\u00e0o \u0111\u1ec3 d\u00e0nh t\u1eb7ng cho nh\u1eefng ng\u01b0\u1eddi m\u00e0 b\u1ea1n th\u00e2n y\u00eau nh\u1ea5t.<\/p>\n<\/div>\n<div class=\"n\">\n<p><strong><u><img decoding=\"async\" class=\"wp-image-9686 aligncenter\" src=\"https:\/\/havamall.vn\/wp-content\/uploads\/2018\/10\/chocolate-Andes-Mint-Parfait-Thins.1-800x800.jpg\" alt=\"\" width=\"705\" height=\"705\" srcset=\"https:\/\/havamall.vn\/wp-content\/uploads\/2018\/10\/chocolate-Andes-Mint-Parfait-Thins.1-800x800.jpg 800w, https:\/\/havamall.vn\/wp-content\/uploads\/2018\/10\/chocolate-Andes-Mint-Parfait-Thins.1-800x800-430x430.jpg 430w, https:\/\/havamall.vn\/wp-content\/uploads\/2018\/10\/chocolate-Andes-Mint-Parfait-Thins.1-800x800-150x150.jpg 150w, https:\/\/havamall.vn\/wp-content\/uploads\/2018\/10\/chocolate-Andes-Mint-Parfait-Thins.1-800x800-700x700.jpg 700w\" sizes=\"(max-width: 705px) 100vw, 705px\" \/><\/u><\/strong><\/p>\n<p><strong><u>C\u00e1ch d\u00f9ng:<\/u><\/strong><\/p>\n<\/div>\n<div class=\"t\">\n<p>B\u00f3c l\u1edbp v\u1ecf v\u00e0 th\u01b0\u1edfng th\u1ee9c.<\/p>\n<\/div>\n<div class=\"t\">\n<p>D\u00f9ng chung v\u1edbi tr\u00e0 v\u00e0 c\u00e0 ph\u00ea n\u00f3ng \u0111\u1ec3 t\u0103ng m\u00f9i v\u1ecb.<\/p>\n<\/div>\n<div class=\"n\">\n<p><strong><u>Th\u00e0nh ph\u1ea7n s\u1ea3n ph\u1ea9m:<\/u><\/strong><\/p>\n<\/div>\n<div class=\"t\">\n<p>Chocolate nguy\u00ean ch\u1ea5t, kh\u00f4ng ch\u1ee9a b\u1ea5t k\u1ef3 ch\u1ea5t b\u1ea3o qu\u1ea3n n\u00e0o.<\/p>\n<\/div>\n<div class=\"n\">\n<p><strong><u>H\u01b0\u1edbng d\u1eabn b\u1ea3o qu\u1ea3n:<\/u><\/strong><\/p>\n<\/div>\n<div class=\"t\">\n<p>N\u00ean \u0111\u1ec3 trong ng\u0103n m\u00e1t t\u1ee7 l\u1ea1nh \u0111\u1ec3 Chocolate kh\u00f4ng b\u1ecb tan ch\u1ea3y.<\/p>\n<\/div>\n<div class=\"t\">\n<p>\u0110\u1eady k\u00edn sau khi s\u1eed d\u1ee5ng, tr\u00e1nh \u0111\u1ec3 n\u01a1i c\u00f3 nhi\u1ec7t \u0111\u1ed9 cao.<\/p>\n<\/div>\n<p><img decoding=\"async\" class=\"size-full wp-image-9685 aligncenter\" src=\"https:\/\/havamall.vn\/wp-content\/uploads\/2018\/10\/t54.4_chocolate-andes-mint-parfait-thins-28-pieces.jpg\" alt=\"\" width=\"749\" height=\"401\" srcset=\"https:\/\/havamall.vn\/wp-content\/uploads\/2018\/10\/t54.4_chocolate-andes-mint-parfait-thins-28-pieces.jpg 749w, https:\/\/havamall.vn\/wp-content\/uploads\/2018\/10\/t54.4_chocolate-andes-mint-parfait-thins-28-pieces-430x230.jpg 430w, https:\/\/havamall.vn\/wp-content\/uploads\/2018\/10\/t54.4_chocolate-andes-mint-parfait-thins-28-pieces-150x80.jpg 150w, https:\/\/havamall.vn\/wp-content\/uploads\/2018\/10\/t54.4_chocolate-andes-mint-parfait-thins-28-pieces-700x375.jpg 700w\" sizes=\"(max-width: 749px) 100vw, 749px\" \/><\/p>\n<p><em>H\u1ed9p k\u1eb9o Chocolate nh\u00e2n b\u1ea1c h\u00e0 Andes c\u00f3 28 vi\u00ean<\/em><\/p>","protected":false},"excerpt":{"rendered":"<p>K\u1eb8O CHOCOLATE NH\u00c2N B\u1ea0C H\u00c0 ANDES H\u1ed8P 132G C\u1ee6A M\u1ef8 K\u1eb9o chocolate lu\u00f4n l\u00e0 m\u00f3n \u0103n v\u1eb7t kho\u00e1i kh\u1ea9u c\u1ee7a<\/p>","protected":false},"featured_media":9688,"comment_status":"open","ping_status":"closed","template":"","meta":[],"product_brand":[],"product_cat":[36,133],"product_tag":[],"class_list":{"0":"post-9684","1":"product","2":"type-product","3":"status-publish","4":"has-post-thumbnail","6":"product_cat-thuc-pham-tieu-dung","7":"product_cat-banh-keo-chocolate","8":"pa_brand-andes","10":"first","11":"instock","12":"sale","13":"shipping-taxable","14":"purchasable","15":"product-type-simple"},"_links":{"self":[{"href":"https:\/\/havamall.vn\/en\/wp-json\/wp\/v2\/product\/9684"}],"collection":[{"href":"https:\/\/havamall.vn\/en\/wp-json\/wp\/v2\/product"}],"about":[{"href":"https:\/\/havamall.vn\/en\/wp-json\/wp\/v2\/types\/product"}],"replies":[{"embeddable":true,"href":"https:\/\/havamall.vn\/en\/wp-json\/wp\/v2\/comments?post=9684"}],"version-history":[{"count":0,"href":"https:\/\/havamall.vn\/en\/wp-json\/wp\/v2\/product\/9684\/revisions"}],"wp:featuredmedia":[{"embeddable":true,"href":"https:\/\/havamall.vn\/en\/wp-json\/wp\/v2\/media\/9688"}],"wp:attachment":[{"href":"https:\/\/havamall.vn\/en\/wp-json\/wp\/v2\/media?parent=9684"}],"wp:term":[{"taxonomy":"product_brand","embeddable":true,"href":"https:\/\/havamall.vn\/en\/wp-json\/wp\/v2\/product_brand?post=9684"},{"taxonomy":"product_cat","embeddable":true,"href":"https:\/\/havamall.vn\/en\/wp-json\/wp\/v2\/product_cat?post=9684"},{"taxonomy":"product_tag","embeddable":true,"href":"https:\/\/havamall.vn\/en\/wp-json\/wp\/v2\/product_tag?post=9684"}],"curies":[{"name":"wp","href":"https:\/\/api.w.org\/{rel}","templated":true}]}}