{"id":9631,"date":"2018-09-24T11:18:47","date_gmt":"2018-09-24T04:18:47","guid":{"rendered":"https:\/\/havamall.vn\/?post_type=product&#038;p=9631"},"modified":"2019-03-20T13:53:51","modified_gmt":"2019-03-20T06:53:51","slug":"hat-dieu-binh-phuoc-rang-muoi-nguyen-hat-con-vo-lua-tui-500gr","status":"publish","type":"product","link":"https:\/\/havamall.vn\/en\/shop\/hat-dieu-binh-phuoc-rang-muoi-nguyen-hat-con-vo-lua-tui-500gr\/","title":{"rendered":"H\u1ea1t \u0111i\u1ec1u B\u00ecnh Ph\u01b0\u1edbc rang mu\u1ed1i nguy\u00ean h\u1ea1t c\u00f2n v\u1ecf l\u1ee5a t\u00fai 500gr"},"content":{"rendered":"<p dir=\"ltr\"><img fetchpriority=\"high\" decoding=\"async\" class=\"wp-image-9629 aligncenter\" src=\"https:\/\/havamall.vn\/wp-content\/uploads\/2018\/09\/banner-tinh-dau-mi-la.jpg\" alt=\"\" width=\"796\" height=\"295\" srcset=\"https:\/\/havamall.vn\/wp-content\/uploads\/2018\/09\/banner-tinh-dau-mi-la.jpg 2412w, https:\/\/havamall.vn\/wp-content\/uploads\/2018\/09\/banner-tinh-dau-mi-la-430x159.jpg 430w, https:\/\/havamall.vn\/wp-content\/uploads\/2018\/09\/banner-tinh-dau-mi-la-150x56.jpg 150w, https:\/\/havamall.vn\/wp-content\/uploads\/2018\/09\/banner-tinh-dau-mi-la-700x259.jpg 700w\" sizes=\"(max-width: 796px) 100vw, 796px\" \/><\/p>\n<p dir=\"ltr\">H\u1ea1t \u0111i\u1ec1u B\u00ecnh Ph\u01b0\u1edbc c\u1ee7a Vi\u1ec7t Nam n\u1ed5i ti\u1ebfng h\u1ea1t ch\u1eafc, m\u1ea9y, \u0103n \u0111\u1eadm \u0111\u00e0 v\u00e0 gi\u00f2n tan. H\u01b0\u01a1ng v\u1ecb \u0111\u1eb7c bi\u1ec7t v\u00f4 c\u00f9ng so v\u1edbi gi\u1ed1ng \u0111i\u1ec1u c\u1ee7a \u1ea4n \u0110\u1ed9, Nigeria v\u00e0 m\u1ed9t s\u1ed1 n\u01b0\u1edbc Ch\u00e2u \u00c1 kh\u00e1c do c\u00e2y \u0111i\u1ec1u sinh tr\u01b0\u1edfng trong m\u00f4i tr\u01b0\u1eddng kh\u00ed h\u1eadu v\u00e0 th\u1ed5 nh\u01b0\u1ee1ng th\u00edch h\u1ee3p v\u00e0 t\u1ed1t nh\u1ea5t. V\u00ec v\u1eady m\u00e0 c\u00e1c th\u00e0nh ph\u1ea7n dinh d\u01b0\u1ee1ng trong h\u1ea1t \u0111i\u1ec1u B\u00ecnh Ph\u01b0\u1edbc \u0111\u1ea1t t\u1ef7 l\u1ec7 cao nh\u1ea5t.<\/p>\n<p dir=\"ltr\">N\u1ebfu b\u1ea1n l\u00e0 ng\u01b0\u1eddi l\u1ea7n \u0111\u1ea7u mua h\u1ea1t \u0111i\u1ec1u rang mu\u1ed1i th\u00ec b\u1ea1n s\u1ebd c\u00e2n nh\u1eafc h\u1ecfi ti\u1ebfp, c\u1ea7n \u0111\u01b0\u1ee3c bi\u1ebft th\u00eam v\u1ec1 s\u1ea3n ph\u1ea9m. C\u00f2n b\u1ea1n \u0111\u00e3 mua n\u01a1i kh\u00e1c r\u1ed3i th\u00ec c\u00f3 l\u1ebd b\u1ea1n \u0111ang so s\u00e1nh, ph\u00e2n v\u00e2n\u2026<\/p>\n<p dir=\"ltr\"><strong><em>B\u1ea1n th\u00e2n m\u1ebfn!<\/em><\/strong>\u00a0Sau khi nghe gi\u00e1 xong ho\u1eb7c tr\u01b0\u1edbc khi mu\u1ed1n bi\u1ebft\u00a0<strong>h\u1ea1t \u0111i\u1ec1u rang mu\u1ed1i gi\u00e1 bao nhi\u00eau\u00a0<\/strong>1 kg th\u00ec \u00edt nh\u1ea5t b\u1ea1n ph\u1ea3i bi\u1ebft h\u1ea1t \u0111i\u1ec1u \u0111\u00f3 \u0111\u1eb7c \u0111i\u1ec3m ra sao, ngu\u1ed3n g\u1ed1c \u1edf \u0111\u00e2u, h\u1ea1t \u0111i\u1ec1u nh\u01b0 th\u1ebf n\u00e0o, quy c\u00e1ch \u0111\u00f3ng g\u00f3i ra sao\u2026 \u0111\u00e3 th\u00ec b\u1ea1n m\u1edbi c\u00f3 nh\u1eadn \u0111\u1ecbnh v\u1ec1 gi\u00e1 \u0111\u00f3 so v\u1edbi ch\u1ea5t l\u01b0\u1ee3ng s\u1ea3n ph\u1ea9m nh\u00e9!<\/p>\n<p dir=\"ltr\" style=\"text-align: center;\"><em><strong><img decoding=\"async\" class=\"aligncenter\" src=\"https:\/\/havamall.vn\/wp-content\/uploads\/2018\/09\/H\u1ea1t \u0111i\u1ec1u v\u1ecf l\u1ee5a, h\u1ea1t \u0111i\u1ec1u b\u00ecnh ph\u01b0\u1edbc, h\u1ea1t \u0111i\u1ec1u ngon nh\u1ea5t, h\u1ea1t \u0111i\u1ec1u ch\u1ea5t l\u01b0\u1ee3ng cao, h\u1ea1t \u0111i\u1ec1u gi\u00e1 t\u1ed1t nh\u1ea5t, 2 nutashop.com.jpg\" alt=\"K\u00e1\u00ba\u00bft qu\u00e1\u00ba\u00a3 h\u00c3\u00acnh \u00e1\u00ba\u00a3nh cho gi\u00c3\u00a1 h\u00e1\u00ba\u00a1t \u00c4\u0091i\u00e1\u00bb\u0081u rang mu\u00e1\u00bb\u0091i b\u00c3\u00acnh ph\u00c6\u00b0\u00e1\u00bb\u009bc\" width=\"784\" height=\"607\" \/>H\u1ea1t \u0111i\u1ec1u rang mu\u1ed1i<\/strong>\u00a0t\u00fai h\u00fat ch\u00e2n kh\u00f4ng lo\u1ea1i A bao nhi\u00eau 1 kg?<\/em><\/p>\n<p dir=\"ltr\">H\u1ea1t \u0111i\u1ec1u lo\u1ea1i A c\u1ee7a h\u1ea1t \u0111i\u1ec1u rang mu\u1ed1i Havamall c\u00f3 \u0111\u1eb7c \u0111i\u1ec3m l\u00e0 ngu\u1ed3n h\u1ea1t \u0111i\u1ec1u rang mu\u1ed1i l\u00e0\u00a0<strong>h\u1ea1t \u0111i\u1ec1u B\u00ecnh Ph\u01b0\u1edbc<\/strong>, \u0111\u01b0\u1ee3c ph\u00e2n lo\u1ea1i chu\u1ea9n r\u1ea5t \u0111\u1ec1u size, \u0111\u1ed3ng \u0111\u1ec1u v\u1ec1 k\u00edch c\u1ee1, h\u1ea7u nh\u01b0 s\u1ea1ch s\u00e2u, s\u1ea1ch b\u1ec3 \u2013 cam k\u1ebft kh\u00f4ng s\u00f3t v\u1ee1 v\u1ee5n, v\u00e0 \u0111\u1ee7 h\u1ea1t t\u1eeb 63 \u2013 65 h\u1ea1t\/ 100g.<\/p>\n<p dir=\"ltr\">B\u1ea1n \u0111\u00e3 bi\u1ebft h\u1ea1t \u0111i\u1ec1u B\u00ecnh Ph\u01b0\u1edbc \u0111\u01b0\u1ee3c \u0111\u00e1nh gi\u00e1 l\u00e0 nhi\u1ec1u dinh d\u01b0\u1ee1ng c\u00f3 v\u1ecb ngon ng\u1ecdt h\u01a1n h\u1eb3n so v\u1edbi h\u1ea1t \u0111i\u1ec1u c\u1ee7a c\u00e1c v\u00f9ng kh\u00e1c trong n\u01b0\u1edbc ta. Khi \u0111\u1ebfn mua h\u1ea1t \u0111i\u1ec1u t\u1ea1i Havamall b\u1ea1n \u0111\u01b0\u1ee3c m\u1eddi d\u00f9ng th\u1eed s\u1ea3n ph\u1ea9m tr\u01b0\u1edbc khi mua s\u1ea3n ph\u1ea9m, v\u00e0 cam k\u1ebft ho\u00e0n l\u1ea1i ti\u1ec1n 100% n\u1ebfu kh\u00f4ng \u0111\u00fang nh\u01b0 nh\u1eefng g\u00ec \u0111\u00e3 h\u1ee9a. V\u1edbi \u0111i\u1ec1u ki\u1ec7n b\u1ea1n b\u1ea3o qu\u1ea3n theo c\u00e1ch m\u00e0 h\u1ea1t \u0111i\u1ec1u rang mu\u1ed1i Havamall t\u01b0 v\u1ea5n nh\u00e9!<\/p>\n<p dir=\"ltr\">&gt;&gt;&gt;\u00a0<a title=\"H\u1ea1t \u0111i\u1ec1u rang mu\u1ed1i\" href=\"https:\/\/havamall.vn\/shop\/hat-dieu-binh-phuoc-rang-muoi-nguyen-hat-con-vo-lua-300gr\/\"><strong>H\u1ea1t \u0111i\u1ec1u rang mu\u1ed1i ngon hay kh\u00f4ng?\u2026 t\u1ea1i ng\u01b0\u1eddi d\u00f9ng<\/strong><\/a><\/p>\n<p dir=\"ltr\">\u201cTi\u1ec1n n\u00e0o c\u1ee7a \u0111\u00f3\u201d \u2013 c\u00e2u n\u00f3i t\u1eeb x\u01b0a nay v\u1eabn lu\u00f4n \u0111\u00fang.<\/p>\n<p dir=\"ltr\" style=\"text-align: center;\"><em><img decoding=\"async\" class=\"wp-image-9621 aligncenter\" src=\"https:\/\/havamall.vn\/wp-content\/uploads\/2018\/09\/hat-dieu-rang-muoi-binh-phuoc-dac-san-duoc-danh-gia-ngon-nhat-2-copy.jpg\" alt=\"\" width=\"797\" height=\"578\" srcset=\"https:\/\/havamall.vn\/wp-content\/uploads\/2018\/09\/hat-dieu-rang-muoi-binh-phuoc-dac-san-duoc-danh-gia-ngon-nhat-2-copy.jpg 660w, https:\/\/havamall.vn\/wp-content\/uploads\/2018\/09\/hat-dieu-rang-muoi-binh-phuoc-dac-san-duoc-danh-gia-ngon-nhat-2-copy-430x312.jpg 430w, https:\/\/havamall.vn\/wp-content\/uploads\/2018\/09\/hat-dieu-rang-muoi-binh-phuoc-dac-san-duoc-danh-gia-ngon-nhat-2-copy-150x109.jpg 150w\" sizes=\"(max-width: 797px) 100vw, 797px\" \/>H\u1ea1t \u0111i\u1ec1u rang mu\u1ed1i lo\u1ea1i A \u2013 \u0111\u1ec1u size, s\u1ea1ch s\u00e2u, s\u1ea1ch b\u1ec3, ngon, gi\u00f2n<\/em><\/p>\n<p dir=\"ltr\">N\u1ebfu b\u1ea1n \u0111\u00e3 \u0111\u1ebfn \u0111\u00e2y \u0111\u1ec3 t\u00ecm hi\u1ec3u v\u1ec1\u00a0<strong>h\u1ea1t \u0111i\u1ec1u rang mu\u1ed1i gi\u00e1 bao nhi\u00eau<\/strong>\u00a01 kg? C\u00f3 ngh\u0129a l\u00e0 b\u1ea1n \u0111ang c\u00f3 nhu c\u1ea7u, b\u1ea1n \u0111\u00e3 t\u1eebng mua ch\u1ed5 kh\u00e1c r\u1ed3i nh\u01b0ng kh\u00f4ng v\u1eeba \u00fd. C\u00f3 th\u1ec3 l\u00e0 h\u1ea1t \u0111i\u1ec1u n\u01a1i \u0111\u00f3 gi\u00e1 r\u1ebb th\u1eadt nh\u01b0ng l\u1ea1i kh\u00f4ng ch\u1ea5t l\u01b0\u1ee3ng, \u0103n kh\u00f4ng c\u00f3 v\u1ecb ngon, gi\u00f2n b\u00e9o h\u1ea5p d\u1eabn k\u00edch th\u00edch v\u1ecb gi\u00e1c c\u1ee7a b\u1ea1n.<\/p>\n<p dir=\"ltr\">Ho\u1eb7c c\u00f3 th\u1ec3 c\u00f3 nhi\u1ec1u h\u1ea1t s\u00e2u, h\u1ea1t v\u1ee1 v\u1ee5n n\u1eefa n\u00ean \u0111\u00f4i khi b\u1ea1n mu\u1ed1n mang \u0111i bi\u1ebfu ng\u01b0\u1eddi th\u00e2n, \u0111\u1ed1i t\u00e1c, bi\u1ebfu b\u1ea1n b\u00e8\u2026 b\u1ea1n th\u1ea5y ng\u1ea1i.<\/p>\n<p><strong>Th\u00e0nh ph\u1ea7n:<\/strong>\u00a0100% h\u1ea1t \u0111i\u1ec1u rang c\u00f2n nguy\u00ean v\u1ecf l\u1ee5a lo\u1ea1i 1<\/p>\n<p><strong>Quy c\u00e1ch: t\u00fai 500gr\u00a0<\/strong><\/p>\n<p><strong>Nhi\u1ec7t \u0111\u1ed9 s\u1eed d\u1ee5ng:<\/strong>\u00a018 &#8211; 22<sup>\u00b0C<\/sup><\/p>\n<p><strong>\u0110\u1eb7c \u0111i\u1ec3m s\u1ea3n ph\u1ea9m:<\/strong>\u00a0h\u1ea1t \u0111i\u1ec1u rang c\u00f2n l\u1edbp v\u1ecf l\u1ee5a, h\u1ed9p c\u00f3 Logo th\u01b0\u01a1ng hi\u1ec7u<\/p>\n<p><strong>H\u1ea1n s\u1eed d\u1ee5ng:<\/strong>\u00a0In tr\u00ean bao b\u00ec s\u1ea3n ph\u1ea9m<\/p>\n<p><strong>C\u00e1ch s\u1eed d\u1ee5ng:\u00a0<\/strong>D\u00f9ng tr\u1ef1c ti\u1ebfp s\u1ea3n ph\u1ea9m ho\u1eb7c l\u00e0m th\u00e0nh nguy\u00ean li\u1ec7u ch\u1ebf bi\u1ebfn m\u00f3n \u0103n.<\/p>\n<p><strong><u>L\u01b0u \u00fd:<\/u><\/strong><strong>\u00a0<\/strong>Khi \u0111\u00e3 khui h\u1ed9p s\u1ea3n ph\u1ea9m h\u1ea1t \u0111i\u1ec1u rang th\u00ec n\u00ean s\u1eed d\u1ee5ng h\u1ebft trong 1 th\u00e1ng, tr\u00e1nh \u0111\u1ec3 l\u00e2u.<\/p>\n<p><strong>Th\u00e0nh ph\u1ea7n dinh d\u01b0\u1ee1ng c\u1ee7a h\u1ea1t \u0111i\u1ec1u<\/strong><strong>\u00a0:<\/strong>\u00a0 Theo C\u01a1 s\u1edf d\u1eef li\u1ec7u dinh d\u01b0\u1ee1ng qu\u1ed1c gia c\u1ee7a B\u1ed9 N\u00f4ng nghi\u1ec7p M\u1ef9 (USDA) trong 30gr h\u1ea1t \u0111i\u1ec1u ch\u1ee9a: 157 calo; 8,56g carbohydrat; 1,68g \u0111\u01b0\u1eddng; 0,9g ch\u1ea5t x\u01a1; \u00a05,17 g protein t\u1ef7 l\u1ec7 31% \u0111\u1ed3ng; 23% mangan; 20% magi\u00ea; 17% phospho; 10% s\u1eaft; 8% selen; 5% vitamin B6.<\/p>\n<p>H\u1ea1t \u0111i\u1ec1u gi\u00e0u ch\u1ea5t b\u00e9o kh\u00f4ng no chu\u1ed7i \u0111\u01a1n, chu\u1ed7i \u0111a t\u1ed1t cho s\u1ee9c kh\u1ecfe tim m\u1ea1ch v\u00e0 l\u00e0 m\u1ed9t ngu\u1ed3n protein t\u1ed1t.<\/p>\n<p><strong>S\u1ea3n ph\u1ea9m \u0111\u1eb7c bi\u1ec7t \u0111\u01b0\u1ee3c khuy\u00ean d\u00f9ng cho vi\u1ec7c:<\/strong>\u00a0ph\u00f2ng ng\u1eeba v\u00e0 \u0111i\u1ec1u tr\u1ecb lo\u00e3ng x\u01b0\u01a1ng, tho\u00e1i h\u00f3a, r\u1ed1i lo\u1ea1n ch\u1ee9c n\u0103ng kh\u1edbp; gi\u1ea3m nguy c\u01a1 m\u1eafc b\u1ec7nh s\u1ecfi m\u1eadt; l\u00e0m gi\u1ea3m nguy c\u01a1 b\u00e9o ph\u00ec, ti\u1ec3u \u0111\u01b0\u1eddng; t\u1ed1t cho tim m\u1ea1ch; t\u0103ng n\u0103ng l\u01b0\u1ee3ng, l\u00e0 th\u1ef1c ph\u1ea9m h\u1ed7 tr\u1ee3 \u0103n ki\u00eang, gi\u1ea3m c\u00e2n.<\/p>\n<p><strong>C\u00e1ch b\u1ea3o qu\u1ea3n\u00a0<\/strong><strong>H\u1ea1t \u0111i\u1ec1u rang Lo\u1ea1i 1<\/strong><strong>:<\/strong>\u00a0h\u1ea1t \u0111i\u1ec1u c\u00f3 h\u00e0m l\u01b0\u1ee3ng ch\u1eadt b\u00e9o cao, v\u00ec th\u1ebf ch\u00fang d\u1ec5 b\u1ecb \u00f4i n\u00ean b\u1ea3o qu\u1ea3n \u1edf n\u01a1i r\u00e2m m\u00e1t v\u00e0 kh\u00f4 r\u00e1o \u0111\u1ec3 k\u00e9o d\u00e0i trong v\u00e0i th\u00e1ng.<\/p>\n<p><strong>CAM K\u1ebeT S\u1ea2N PH\u1ea8M<\/strong><\/p>\n<p>1\/ B\u00e1n \u0111\u00fang gi\u00e1.<\/p>\n<p>2\/ S\u1ea3n ph\u1ea9m ch\u00ednh hi\u1ec7u h\u1ea1t \u0111i\u1ec1u B\u00ecnh Ph\u01b0\u1edbc , Kh\u00f4ng pha tr\u1ed9n l\u1eabn h\u00e0ng Trung Qu\u1ed1c, \u1ea4n \u0110\u1ed9&#8230;.<\/p>\n<p>3\/ \u0110\u1ea3m b\u1ea3o ch\u1ea5t l\u01b0\u1ee3ng s\u1ea3n ph\u1ea9m l\u00e0 \u0111\u1ed3ng nh\u1ea5t v\u00e0 \u0111\u1ea3m b\u1ea3o c\u00e1c \u0111i\u1ec1u ki\u1ec7n v\u1ec1 VSATTP cho t\u1ea5t c\u1ea3 kh\u00e1ch h\u00e0ng.<\/p>\n<p>4\/ Cung c\u1ea5p D\u1ecbch v\u1ee5 t\u1ed1t nh\u1ea5t, nhanh ch\u00f3ng v\u00e0 thu\u1eadn ti\u1ec7n nh\u1ea5t.<\/p>","protected":false},"excerpt":{"rendered":"<p>H\u1ea1t \u0111i\u1ec1u B\u00ecnh Ph\u01b0\u1edbc c\u1ee7a Vi\u1ec7t Nam n\u1ed5i ti\u1ebfng h\u1ea1t ch\u1eafc, m\u1ea9y, \u0103n \u0111\u1eadm \u0111\u00e0 v\u00e0 gi\u00f2n tan. H\u01b0\u01a1ng v\u1ecb<\/p>","protected":false},"featured_media":9626,"comment_status":"open","ping_status":"closed","template":"","meta":[],"product_brand":[],"product_cat":[626],"product_tag":[],"class_list":{"0":"post-9631","1":"product","2":"type-product","3":"status-publish","4":"has-post-thumbnail","6":"product_cat-het-hang","8":"first","9":"outofstock","10":"sale","11":"shipping-taxable","12":"purchasable","13":"product-type-simple"},"_links":{"self":[{"href":"https:\/\/havamall.vn\/en\/wp-json\/wp\/v2\/product\/9631"}],"collection":[{"href":"https:\/\/havamall.vn\/en\/wp-json\/wp\/v2\/product"}],"about":[{"href":"https:\/\/havamall.vn\/en\/wp-json\/wp\/v2\/types\/product"}],"replies":[{"embeddable":true,"href":"https:\/\/havamall.vn\/en\/wp-json\/wp\/v2\/comments?post=9631"}],"version-history":[{"count":0,"href":"https:\/\/havamall.vn\/en\/wp-json\/wp\/v2\/product\/9631\/revisions"}],"wp:featuredmedia":[{"embeddable":true,"href":"https:\/\/havamall.vn\/en\/wp-json\/wp\/v2\/media\/9626"}],"wp:attachment":[{"href":"https:\/\/havamall.vn\/en\/wp-json\/wp\/v2\/media?parent=9631"}],"wp:term":[{"taxonomy":"product_brand","embeddable":true,"href":"https:\/\/havamall.vn\/en\/wp-json\/wp\/v2\/product_brand?post=9631"},{"taxonomy":"product_cat","embeddable":true,"href":"https:\/\/havamall.vn\/en\/wp-json\/wp\/v2\/product_cat?post=9631"},{"taxonomy":"product_tag","embeddable":true,"href":"https:\/\/havamall.vn\/en\/wp-json\/wp\/v2\/product_tag?post=9631"}],"curies":[{"name":"wp","href":"https:\/\/api.w.org\/{rel}","templated":true}]}}