{"id":9223,"date":"2018-07-03T13:41:33","date_gmt":"2018-07-03T06:41:33","guid":{"rendered":"https:\/\/havamall.vn\/?post_type=product&#038;p=9223"},"modified":"2018-09-21T14:45:57","modified_gmt":"2018-09-21T07:45:57","slug":"keo-tootsie-midgees-vien-6g-thung-khoang-2066-vien","status":"publish","type":"product","link":"https:\/\/havamall.vn\/en\/shop\/keo-tootsie-midgees-vien-6g-thung-khoang-2066-vien\/","title":{"rendered":"K\u1eb9o Tootsie Midgees vi\u00ean 6g (th\u00f9ng kho\u1ea3ng 2066 vi\u00ean)"},"content":{"rendered":"<table class=\"table table-striped-odd specification\">\n<tbody>\n<tr>\n<th class=\"display-name\" colspan=\"1\" rowspan=\"1\">Quy c\u00e1ch \u0111\u00f3ng g\u00f3i<\/th>\n<td colspan=\"1\" rowspan=\"1\">Th\u00f9ng<\/td>\n<\/tr>\n<tr>\n<th class=\"display-name\" colspan=\"1\" rowspan=\"1\">Xu\u1ea5t x\u1ee9<\/th>\n<td colspan=\"1\" rowspan=\"1\">M\u1ef9<\/td>\n<\/tr>\n<tr>\n<th class=\"display-name\" colspan=\"1\" rowspan=\"1\">H\u01b0\u1edbng d\u1eabn b\u1ea3o qu\u1ea3n<\/th>\n<td colspan=\"1\" rowspan=\"1\">N\u01a1i kh\u00f4 r\u00e1o tho\u00e1ng m\u00e1t<\/td>\n<\/tr>\n<tr>\n<th class=\"display-name\" colspan=\"1\" rowspan=\"1\">H\u1ea1n s\u1eed d\u1ee5ng<\/th>\n<td colspan=\"1\" rowspan=\"1\">2 n\u0103m<\/td>\n<\/tr>\n<tr>\n<th class=\"display-name\" colspan=\"1\" rowspan=\"1\">H\u01b0\u1edbng d\u1eabn s\u1eed d\u1ee5ng<\/th>\n<td colspan=\"1\" rowspan=\"1\">D\u00f9ng \u0103n tr\u1ef1c ti\u1ebfp<\/td>\n<\/tr>\n<tr>\n<th class=\"display-name\" colspan=\"1\" rowspan=\"1\">Net WT<\/th>\n<td colspan=\"1\" rowspan=\"1\">13608gr<\/td>\n<\/tr>\n<\/tbody>\n<\/table>\n<p><strong>K\u1eb9o s\u00f4 c\u00f4 la Tootsie Roll Midgee<\/strong>\u00a0c\u00f3 th\u00e0nh ph\u1ea7n l\u00e0m t\u1eeb nguy\u00ean li\u1ec7u \u0111\u01b0\u1eddng, siro, b\u1eafp, d\u1ea7u c\u1ecd, s\u1eefa \u0111\u1eb7c, t\u00e1ch b\u00e9o, cacao, h\u01b0\u01a1ng t\u1ef1 nhi\u00ean,\u2026 \u0111\u00e3 qua qu\u00e1 tr\u00ecnh ki\u1ec3m \u0111\u1ecbnh \u0111\u1ed9 an to\u00e0n cho s\u1ee9c kh\u1ecfe ng\u01b0\u1eddi d\u00f9ng. S\u1ea3n ph\u1ea9m thu\u1ed9c th\u01b0\u01a1ng hi\u1ec7u uy t\u00edn v\u00e0 c\u00f3 xu\u1ea5t x\u1ee9 t\u1eeb M\u1ef9\u00a0n\u00ean nh\u1eadn \u0111\u01b0\u1ee3c s\u1ef1 tin c\u1eady t\u1eeb ng\u01b0\u1eddi ti\u00eau d\u00f9ng.\u00a0<strong>K\u1eb9o s\u00f4 c\u00f4 la Tootsie Roll Midgee<\/strong>\u00a0th\u01a1m ngon, h\u1ea5p d\u1eabn s\u1ebd mang l\u1ea1i cho b\u1ea1n nh\u1eefng ph\u00fat gi\u1ea3i tr\u00ed v\u00e0 th\u01b0\u1edfng th\u1ee9c k\u1eb9o th\u1eadt tuy\u1ec7t v\u1eddi b\u00ean c\u1ea1nh b\u1ea1n b\u00e8 ho\u1eb7c ng\u01b0\u1eddi th\u00e2n.<\/p>\n<p style=\"text-align: center;\"><img fetchpriority=\"high\" decoding=\"async\" class=\"aligncenter\" src=\"https:\/\/havamall.vn\/wp-content\/uploads\/2018\/07\/tootsie-rolls-midgees-470x470.jpg\" width=\"606\" height=\"606\" \/><br \/>\n<em>K\u1eb9o s\u00f4 c\u00f4 la Tootsie Roll Midgee<\/em><\/p>\n<p><strong>K\u1eb9o s\u00f4 c\u00f4 la Tootsie Roll\u00a0Midgee<\/strong>\u00a0\u0111\u01b0\u1ee3c \u0111\u00f3ng g\u00f3i nh\u1ecf g\u1ecdn, c\u00f3 th\u1ec3 mang theo b\u00ean m\u00ecnh khi ra ngo\u00e0i. S\u1ea3n ph\u1ea9m \u0111\u01b0\u1ee3c s\u1ea3n xu\u1ea5t tr\u00ean d\u00e2y chuy\u1ec1n kh\u00e9p k\u00edn, \u0111\u00e1p \u1ee9ng ti\u00eau chu\u1ea9n ch\u1ea5t l\u01b0\u1ee3ng cao. K\u1eb9o\u00a0c\u00f2n cung c\u1ea5p n\u0103ng l\u01b0\u1ee3ng nh\u1ea5t \u0111\u1ecbnh cho m\u1ed9t s\u1ed1 ho\u1ea1t \u0111\u1ed9ng th\u01b0\u1eddng ng\u00e0y.<\/p>\n<p><strong>LI\u00caN H\u1ec6 MUA H\u00c0NG S\u1ec8:\u00a0<\/strong><\/p>\n<p><i class=\"fa fa-location-arrow\"><\/i>Add: 202 Ho\u00e0ng V\u0103n Th\u1ee5, Ph\u01b0\u1eddng 9, Qu\u1eadn Ph\u00fa Nhu\u1eadn, HCM<br \/>\nPhone: (028)665.00.660 \u2013 0946.229.642<br \/>\nEmail:\u00a0<a href=\"mailto:sale@havamall.vn\">sale@havamall.vn<\/a><\/p>","protected":false},"excerpt":{"rendered":"<p>Quy c\u00e1ch \u0111\u00f3ng g\u00f3i Th\u00f9ng Xu\u1ea5t x\u1ee9 M\u1ef9 H\u01b0\u1edbng d\u1eabn b\u1ea3o qu\u1ea3n N\u01a1i kh\u00f4 r\u00e1o tho\u00e1ng m\u00e1t H\u1ea1n s\u1eed d\u1ee5ng<\/p>","protected":false},"featured_media":9225,"comment_status":"open","ping_status":"closed","template":"","meta":[],"product_brand":[],"product_cat":[626],"product_tag":[],"class_list":{"0":"post-9223","1":"product","2":"type-product","3":"status-publish","4":"has-post-thumbnail","6":"product_cat-het-hang","8":"first","9":"outofstock","10":"sale","11":"shipping-taxable","12":"purchasable","13":"product-type-simple"},"_links":{"self":[{"href":"https:\/\/havamall.vn\/en\/wp-json\/wp\/v2\/product\/9223"}],"collection":[{"href":"https:\/\/havamall.vn\/en\/wp-json\/wp\/v2\/product"}],"about":[{"href":"https:\/\/havamall.vn\/en\/wp-json\/wp\/v2\/types\/product"}],"replies":[{"embeddable":true,"href":"https:\/\/havamall.vn\/en\/wp-json\/wp\/v2\/comments?post=9223"}],"version-history":[{"count":0,"href":"https:\/\/havamall.vn\/en\/wp-json\/wp\/v2\/product\/9223\/revisions"}],"wp:featuredmedia":[{"embeddable":true,"href":"https:\/\/havamall.vn\/en\/wp-json\/wp\/v2\/media\/9225"}],"wp:attachment":[{"href":"https:\/\/havamall.vn\/en\/wp-json\/wp\/v2\/media?parent=9223"}],"wp:term":[{"taxonomy":"product_brand","embeddable":true,"href":"https:\/\/havamall.vn\/en\/wp-json\/wp\/v2\/product_brand?post=9223"},{"taxonomy":"product_cat","embeddable":true,"href":"https:\/\/havamall.vn\/en\/wp-json\/wp\/v2\/product_cat?post=9223"},{"taxonomy":"product_tag","embeddable":true,"href":"https:\/\/havamall.vn\/en\/wp-json\/wp\/v2\/product_tag?post=9223"}],"curies":[{"name":"wp","href":"https:\/\/api.w.org\/{rel}","templated":true}]}}