{"id":9213,"date":"2018-07-03T10:06:24","date_gmt":"2018-07-03T03:06:24","guid":{"rendered":"https:\/\/havamall.vn\/?post_type=product&#038;p=9213"},"modified":"2020-06-12T09:59:52","modified_gmt":"2020-06-12T02:59:52","slug":"trai-cay-nhiet-doi-say-dole-dried-tropical-fruits-dole-80gx48","status":"publish","type":"product","link":"https:\/\/havamall.vn\/en\/shop\/trai-cay-nhiet-doi-say-dole-dried-tropical-fruits-dole-80gx48\/","title":{"rendered":"Tr\u00e1i C\u00e2y Nhi\u1ec7t \u0110\u1edbi S\u1ea5y Dole &#8211; Dried Tropical Fruits Dole 80Gx48"},"content":{"rendered":"<table class=\"table table-striped-odd specification\">\n<tbody>\n<tr>\n<th class=\"display-name\" colspan=\"1\" rowspan=\"1\">Quy c\u00e1ch \u0111\u00f3ng g\u00f3i<\/th>\n<td colspan=\"1\" rowspan=\"1\">B\u1ecbch\/T\u00fai<\/td>\n<\/tr>\n<tr>\n<th class=\"display-name\" colspan=\"1\" rowspan=\"1\">Xu\u1ea5t x\u1ee9<\/th>\n<td colspan=\"1\" rowspan=\"1\">Philippines<\/td>\n<\/tr>\n<tr>\n<th class=\"display-name\" colspan=\"1\" rowspan=\"1\">Ngu\u1ed3n g\u1ed1c<\/th>\n<td colspan=\"1\" rowspan=\"1\">Nh\u1eadp kh\u1ea9u<\/td>\n<\/tr>\n<tr>\n<th class=\"display-name\" colspan=\"1\" rowspan=\"1\">H\u1ea1n s\u1eed d\u1ee5ng<\/th>\n<td colspan=\"1\" rowspan=\"1\">Xem tr\u00ean bao b\u00ec s\u1ea3n ph\u1ea9m<\/td>\n<\/tr>\n<tr>\n<th class=\"display-name\" colspan=\"1\" rowspan=\"1\">H\u01b0\u1edbng d\u1eabn s\u1eed d\u1ee5ng<\/th>\n<td colspan=\"1\" rowspan=\"1\">D\u00f9ng \u0103n tr\u1ef1c ti\u1ebfp<\/td>\n<\/tr>\n<tr>\n<th class=\"display-name\" colspan=\"1\" rowspan=\"1\">Net WT<\/th>\n<td colspan=\"1\" rowspan=\"1\">80gr<\/td>\n<\/tr>\n<\/tbody>\n<\/table>\n<div><\/div>\n<div><img fetchpriority=\"high\" decoding=\"async\" class=\"wp-image-12561 aligncenter\" src=\"https:\/\/havamall.vn\/wp-content\/uploads\/2018\/07\/l_tropsalad-300x281.jpg\" alt=\"\" width=\"397\" height=\"372\" srcset=\"https:\/\/havamall.vn\/wp-content\/uploads\/2018\/07\/l_tropsalad-300x281.jpg 300w, https:\/\/havamall.vn\/wp-content\/uploads\/2018\/07\/l_tropsalad-430x403.jpg 430w, https:\/\/havamall.vn\/wp-content\/uploads\/2018\/07\/l_tropsalad-150x141.jpg 150w, https:\/\/havamall.vn\/wp-content\/uploads\/2018\/07\/l_tropsalad.jpg 533w\" sizes=\"(max-width: 397px) 100vw, 397px\" \/><\/div>\n<div id=\"js-product-detail__description\" class=\"product-detail__description\">\n<p>Tr\u00e1i c\u00e2y nhi\u1ec7t \u0111\u1edbi s\u1ea5y Dole\u00a0\u0111\u01b0\u1ee3c l\u00e0m t\u1eeb 100% tr\u00e1i c\u00e2y t\u01b0\u01a1i, ngon. V\u1edbi h\u01b0\u01a1ng v\u1ecb tr\u00e1i c\u00e2y ng\u1ecdt, th\u01a1m n\u00ean s\u1ea3n ph\u1ea9m l\u00e0 m\u1ed9t trong nh\u1eefng m\u00f3n \u0103n v\u1eb7t ph\u1ed5 bi\u1ebfn c\u1ee7a gi\u1edbi tr\u1ebb hi\u1ec7n nay. S\u1ea3n ph\u1ea9m \u0111\u00e3 \u0111\u01b0\u1ee3c \u0111\u00f3ng g\u00f3i d\u1ea1ng t\u00fai c\u00f3 kh\u00f3a m\u00fat k\u00e9o c\u1ea9n th\u1eadn n\u00ean r\u1ea5t ti\u1ec7n l\u1ee3i khi b\u1ea3o qu\u1ea3n c\u0169ng nh\u01b0 th\u01b0\u1edfng th\u1ee9c. B\u00ean c\u1ea1nh \u0111\u00f3, s\u1ea3n ph\u1ea9m kh\u00f4ng s\u1eed d\u1ee5ng ch\u1ea5t ph\u1ee5 gia v\u00e0 m\u00e0u nh\u00e2n t\u1ea1o n\u00ean tuy\u1ec7t \u0111\u1ed1i an to\u00e0n \u0111\u1ed1i v\u1edbi s\u1ee9c kh\u1ecfe ng\u01b0\u1eddi s\u1eed d\u1ee5ng.<\/p>\n<\/div>\n<div class=\"product-detail__tag\">\n<p><strong>LI\u00caN H\u1ec6 MUA H\u00c0NG S\u1ec8:\u00a0<\/strong><\/p>\n<p><i class=\"fa fa-location-arrow\"><\/i>Add: 5B Ph\u1ed5 Quang, Ph\u01b0\u1eddng 2, Qu\u1eadn Ph\u00fa Nhu\u1eadn, HCM<br \/>\nPhone: (028)665.00.660 \u2013 0946.229.642<br \/>\nEmail:\u00a0<a href=\"mailto:sale@havamall.vn\">sale@havamall.vn<\/a><\/p>\n<\/div>\n<p>&nbsp;<\/p>\n<p>&nbsp;<\/p>","protected":false},"excerpt":{"rendered":"<p>Quy c\u00e1ch \u0111\u00f3ng g\u00f3i B\u1ecbch\/T\u00fai Xu\u1ea5t x\u1ee9 Philippines Ngu\u1ed3n g\u1ed1c Nh\u1eadp kh\u1ea9u H\u1ea1n s\u1eed d\u1ee5ng Xem tr\u00ean bao b\u00ec s\u1ea3n<\/p>","protected":false},"featured_media":9739,"comment_status":"open","ping_status":"closed","template":"","meta":[],"product_brand":[],"product_cat":[626],"product_tag":[],"class_list":{"0":"post-9213","1":"product","2":"type-product","3":"status-publish","4":"has-post-thumbnail","6":"product_cat-het-hang","7":"pa_brand-dole","9":"first","10":"outofstock","11":"shipping-taxable","12":"purchasable","13":"product-type-simple"},"_links":{"self":[{"href":"https:\/\/havamall.vn\/en\/wp-json\/wp\/v2\/product\/9213"}],"collection":[{"href":"https:\/\/havamall.vn\/en\/wp-json\/wp\/v2\/product"}],"about":[{"href":"https:\/\/havamall.vn\/en\/wp-json\/wp\/v2\/types\/product"}],"replies":[{"embeddable":true,"href":"https:\/\/havamall.vn\/en\/wp-json\/wp\/v2\/comments?post=9213"}],"version-history":[{"count":0,"href":"https:\/\/havamall.vn\/en\/wp-json\/wp\/v2\/product\/9213\/revisions"}],"wp:featuredmedia":[{"embeddable":true,"href":"https:\/\/havamall.vn\/en\/wp-json\/wp\/v2\/media\/9739"}],"wp:attachment":[{"href":"https:\/\/havamall.vn\/en\/wp-json\/wp\/v2\/media?parent=9213"}],"wp:term":[{"taxonomy":"product_brand","embeddable":true,"href":"https:\/\/havamall.vn\/en\/wp-json\/wp\/v2\/product_brand?post=9213"},{"taxonomy":"product_cat","embeddable":true,"href":"https:\/\/havamall.vn\/en\/wp-json\/wp\/v2\/product_cat?post=9213"},{"taxonomy":"product_tag","embeddable":true,"href":"https:\/\/havamall.vn\/en\/wp-json\/wp\/v2\/product_tag?post=9213"}],"curies":[{"name":"wp","href":"https:\/\/api.w.org\/{rel}","templated":true}]}}