{"id":9204,"date":"2018-07-02T14:09:02","date_gmt":"2018-07-02T07:09:02","guid":{"rendered":"https:\/\/havamall.vn\/?post_type=product&#038;p=9204"},"modified":"2018-09-21T15:57:32","modified_gmt":"2018-09-21T08:57:32","slug":"pho-mai-mozzarella-snack-5-x-28g-mozzarella-string-cheese","status":"publish","type":"product","link":"https:\/\/havamall.vn\/en\/shop\/pho-mai-mozzarella-snack-5-x-28g-mozzarella-string-cheese\/","title":{"rendered":"Ph\u00f4 mai Mozzarella Snack (5 x 28g) &#8211; Mozzarella String Cheese"},"content":{"rendered":"<table class=\"table table-striped-odd specification\">\n<tbody>\n<tr>\n<th class=\"display-name\" colspan=\"1\" rowspan=\"1\">Quy c\u00e1ch \u0111\u00f3ng g\u00f3i<\/th>\n<td colspan=\"1\" rowspan=\"1\">B\u1ecbch\/T\u00fai<\/td>\n<\/tr>\n<tr>\n<th class=\"display-name\" colspan=\"1\" rowspan=\"1\">Xu\u1ea5t x\u1ee9<\/th>\n<td colspan=\"1\" rowspan=\"1\">M\u1ef9<\/td>\n<\/tr>\n<tr>\n<th class=\"display-name\" colspan=\"1\" rowspan=\"1\">N\u01a1i \u0111\u00f3ng g\u00f3i<\/th>\n<td colspan=\"1\" rowspan=\"1\">M\u1ef9<\/td>\n<\/tr>\n<tr>\n<th class=\"display-name\" colspan=\"1\" rowspan=\"1\">H\u1ea1n s\u1eed d\u1ee5ng<\/th>\n<td colspan=\"1\" rowspan=\"1\">Xem tr\u00ean bao b\u00ec s\u1ea3n ph\u1ea9m<\/td>\n<\/tr>\n<tr>\n<th class=\"display-name\" colspan=\"1\" rowspan=\"1\">H\u01b0\u1edbng d\u1eabn s\u1eed d\u1ee5ng<\/th>\n<td colspan=\"1\" rowspan=\"1\">D\u00f9ng \u0103n tr\u1ef1c ti\u1ebfp<\/td>\n<\/tr>\n<tr>\n<th class=\"display-name\" colspan=\"1\" rowspan=\"1\">Net WT<\/th>\n<td colspan=\"1\" rowspan=\"1\">140gr<\/td>\n<\/tr>\n<\/tbody>\n<\/table>\n<p>Ph\u00f4 mai que Mozzarella Baker Brand \u0111\u01b0\u1ee3c s\u1ea3n xu\u1ea5t t\u1eeb ngu\u1ed3n s\u1eefa t\u01b0\u01a1i tinh khi\u1ebft v\u00e0 th\u01a1m ngon c\u1ee7a v\u00f9ng Wisconsin, n\u01a1i s\u1ea3n xu\u1ea5t b\u01a1 s\u1eefa l\u1edbn nh\u1ea5t c\u1ee7a M\u1ef9. S\u1ea3n ph\u1ea9m \u0111\u01b0\u1ee3c s\u1ea3n xu\u1ea5t theo c\u00f4ng ngh\u1ec7 t\u00e1ch b\u00e9o hi\u1ec7n \u0111\u1ea1i, do \u0111\u00f3 c\u00f3 v\u1ecb \u00edt b\u00e9o, d\u1ebbo, m\u00f9i v\u1ecb th\u01a1m nh\u1eb9. B\u00ean c\u1ea1nh \u0111\u00f3, s\u1ea3n ph\u1ea9m \u0111\u01b0\u1ee3c s\u1ea3n xu\u1ea5t theo d\u00e2y chuy\u1ec1n kh\u00e9p k\u00edn, \u0111\u1ea3m b\u1ea3o \u0111\u01b0\u1ee3c s\u1ea3n ph\u1ea9m c\u00f3 ch\u1ea5t l\u01b0\u1ee3ng cao nh\u1ea5t khi t\u1edbi tay ng\u01b0\u1eddi d\u00f9ng.<\/p>\n<p><img decoding=\"async\" class=\"aligncenter\" src=\"https:\/\/havamall.vn\/wp-content\/uploads\/2018\/07\/146985927198_6323253.jpg\" \/><\/p>\n<p>Ph\u00f4 mai que Mozzarella Baker Brand<\/p>\n<p>Ph\u00f4 mai que Mozzarella Baker Brand \u0111\u01b0\u1ee3c \u0111\u00f3ng g\u00f3i ti\u1ec7n d\u1ee5ng cho vi\u1ec7c l\u01b0u tr\u1eef hay s\u1eed d\u1ee5ng. S\u1ea3n ph\u1ea9m c\u00f3 th\u1ec3 d\u00f9ng \u0103n tr\u1ef1c ti\u1ebfp \u0111\u1ec3 c\u1ea3m nh\u1eadn v\u1ecb ngon c\u1ee7a ph\u00f4 mai hay d\u00f9ng \u0111\u1ec3 n\u1ea5u chung v\u1edbi c\u00e1c m\u00f3n \u0103n kh\u00e1c.<\/p>\n<p><strong>LI\u00caN H\u1ec6 MUA H\u00c0NG S\u1ec8:\u00a0<\/strong><\/p>\n<p><i class=\"fa fa-location-arrow\"><\/i>Add: 202 Ho\u00e0ng V\u0103n Th\u1ee5, Ph\u01b0\u1eddng 9, Qu\u1eadn Ph\u00fa Nhu\u1eadn, HCM<br \/>\nPhone: (028)665.00.660 \u2013 0946.229.642<br \/>\nEmail:\u00a0<a href=\"mailto:sale@havamall.vn\">sale@havamall.vn<\/a><\/p>","protected":false},"excerpt":{"rendered":"<p>Quy c\u00e1ch \u0111\u00f3ng g\u00f3i B\u1ecbch\/T\u00fai Xu\u1ea5t x\u1ee9 M\u1ef9 N\u01a1i \u0111\u00f3ng g\u00f3i M\u1ef9 H\u1ea1n s\u1eed d\u1ee5ng Xem tr\u00ean bao b\u00ec s\u1ea3n<\/p>","protected":false},"featured_media":9205,"comment_status":"open","ping_status":"closed","template":"","meta":[],"product_brand":[],"product_cat":[626],"product_tag":[],"class_list":{"0":"post-9204","1":"product","2":"type-product","3":"status-publish","4":"has-post-thumbnail","6":"product_cat-het-hang","8":"first","9":"outofstock","10":"shipping-taxable","11":"purchasable","12":"product-type-simple"},"_links":{"self":[{"href":"https:\/\/havamall.vn\/en\/wp-json\/wp\/v2\/product\/9204"}],"collection":[{"href":"https:\/\/havamall.vn\/en\/wp-json\/wp\/v2\/product"}],"about":[{"href":"https:\/\/havamall.vn\/en\/wp-json\/wp\/v2\/types\/product"}],"replies":[{"embeddable":true,"href":"https:\/\/havamall.vn\/en\/wp-json\/wp\/v2\/comments?post=9204"}],"version-history":[{"count":0,"href":"https:\/\/havamall.vn\/en\/wp-json\/wp\/v2\/product\/9204\/revisions"}],"wp:featuredmedia":[{"embeddable":true,"href":"https:\/\/havamall.vn\/en\/wp-json\/wp\/v2\/media\/9205"}],"wp:attachment":[{"href":"https:\/\/havamall.vn\/en\/wp-json\/wp\/v2\/media?parent=9204"}],"wp:term":[{"taxonomy":"product_brand","embeddable":true,"href":"https:\/\/havamall.vn\/en\/wp-json\/wp\/v2\/product_brand?post=9204"},{"taxonomy":"product_cat","embeddable":true,"href":"https:\/\/havamall.vn\/en\/wp-json\/wp\/v2\/product_cat?post=9204"},{"taxonomy":"product_tag","embeddable":true,"href":"https:\/\/havamall.vn\/en\/wp-json\/wp\/v2\/product_tag?post=9204"}],"curies":[{"name":"wp","href":"https:\/\/api.w.org\/{rel}","templated":true}]}}