{"id":9200,"date":"2018-07-02T13:33:01","date_gmt":"2018-07-02T06:33:01","guid":{"rendered":"https:\/\/havamall.vn\/?post_type=product&#038;p=9200"},"modified":"2018-09-21T15:57:25","modified_gmt":"2018-09-21T08:57:25","slug":"pho-mai-mozzarella-snack-3-x-28g-mozzarella-string-cheese","status":"publish","type":"product","link":"https:\/\/havamall.vn\/en\/shop\/pho-mai-mozzarella-snack-3-x-28g-mozzarella-string-cheese\/","title":{"rendered":"Ph\u00f4 mai Mozzarella Snack (3 x 28g) &#8211; Mozzarella String Cheese"},"content":{"rendered":"<table class=\"table table-striped-odd specification\">\n<tbody>\n<tr>\n<th class=\"display-name\" colspan=\"1\" rowspan=\"1\">Quy c\u00e1ch \u0111\u00f3ng g\u00f3i<\/th>\n<td colspan=\"1\" rowspan=\"1\">B\u1ecbch\/T\u00fai<\/td>\n<\/tr>\n<tr>\n<th class=\"display-name\" colspan=\"1\" rowspan=\"1\">Xu\u1ea5t x\u1ee9<\/th>\n<td colspan=\"1\" rowspan=\"1\">M\u1ef9<\/td>\n<\/tr>\n<tr>\n<th class=\"display-name\" colspan=\"1\" rowspan=\"1\">N\u01a1i \u0111\u00f3ng g\u00f3i<\/th>\n<td colspan=\"1\" rowspan=\"1\">M\u1ef9<\/td>\n<\/tr>\n<tr>\n<th class=\"display-name\" colspan=\"1\" rowspan=\"1\">H\u1ea1n s\u1eed d\u1ee5ng<\/th>\n<td colspan=\"1\" rowspan=\"1\">Xem tr\u00ean bao b\u00ec s\u1ea3n ph\u1ea9m<\/td>\n<\/tr>\n<tr>\n<th class=\"display-name\" colspan=\"1\" rowspan=\"1\">H\u01b0\u1edbng d\u1eabn s\u1eed d\u1ee5ng<\/th>\n<td colspan=\"1\" rowspan=\"1\">D\u00f9ng \u0103n tr\u1ef1c ti\u1ebfp ho\u1eb7c n\u1ea5u k\u00e8m v\u1edbi c\u00e1c m\u00f3n kh\u00e1c<\/td>\n<\/tr>\n<tr>\n<th class=\"display-name\" colspan=\"1\" rowspan=\"1\">Net WT<\/th>\n<td colspan=\"1\" rowspan=\"1\">84 g (28g x3g\u00f3i)<\/td>\n<\/tr>\n<\/tbody>\n<\/table>\n<p>Ph\u00f4 mai que mozzarella string cheese Baker (3x28g) mang th\u01b0\u01a1ng hi\u1ec7u M\u1ef9, s\u1ea3n xu\u1ea5t tr\u00ean quy tr\u00ecnh c\u00f4ng ngh\u1ec7 hi\u1ec7n \u0111\u1ea1i, nguy\u00ean li\u1ec7u an to\u00e0n tuy\u1ec7t \u0111\u1ed1i v\u1edbi ng\u01b0\u1eddi ti\u00eau d\u00f9ng.<\/p>\n<p>\u0110\u1eb7c \u0111i\u1ec3m n\u1ed5i b\u1eadt c\u1ee7a s\u1ea3n ph\u1ea9m<\/p>\n<p>&#8211; S\u1ea3n ph\u1ea9m \u0111\u01b0\u1ee3c s\u1ea3n xu\u1ea5t theo c\u00f4ng ngh\u1ec7 c\u1ee7a M\u1ef9 tr\u00ean d\u00e2y chuy\u1ec1n c\u00f4ng ngh\u1ec7 hi\u1ec7n \u0111\u1ea1i, kh\u00e9p k\u00edn, \u0111\u1ea3m b\u1ea3o \u0111\u01b0\u1ee3c s\u1ea3n ph\u1ea9m c\u00f3 ch\u1ea5t l\u01b0\u1ee3ng cao, an to\u00e0n tuy\u1ec7t \u0111\u1ed1i khi t\u1edbi tay ng\u01b0\u1eddi d\u00f9ng.<\/p>\n<p>&#8211; Ph\u00f4 mai que mozzarella string cheese Baker (3x28g) \u0111\u01b0\u1ee3c s\u1ea3n xu\u1ea5t t\u1eeb ngu\u1ed3n s\u1eefa t\u01b0\u01a1i tinh khi\u1ebft v\u00e0 th\u01a1m ngon c\u1ee7a v\u00f9ng Wisconsin, n\u01a1i s\u1ea3n xu\u1ea5t b\u01a1 s\u1eefa l\u1edbn nh\u1ea5t c\u1ee7a M\u1ef9, \u0111\u01b0\u1ee3c s\u1ea3n xu\u1ea5t b\u1eb1ng ph\u01b0\u01a1ng ph\u00e1p t\u00e1ch b\u00e9o hi\u1ec7n \u0111\u1ea1i, do \u0111\u00f3 c\u00f3 v\u1ecb \u00edt b\u00e9o, d\u1ebbo, m\u00f9i v\u1ecb th\u01a1m nh\u1eb9.<\/p>\n<p><img fetchpriority=\"high\" decoding=\"async\" class=\"aligncenter\" src=\"https:\/\/havamall.vn\/wp-content\/uploads\/2018\/07\/pho-mai-que-84g.jpg\" width=\"602\" height=\"602\" \/><\/p>\n<p>&#8211; Ph\u00f4 mai que v\u00f9ng c\u00f9ng ti\u1ec7n d\u1ee5ng, c\u00f3 th\u1ec3 ch\u1ebf bi\u1ebfn ngay sau khi gi\u00e3 \u0111\u00f4ng v\u00e0 m\u1edf t\u00fai. Ph\u00f4 mai c\u00f3 th\u1ec3 d\u00f9ng \u0103n tr\u1ef1c ti\u1ebfp \u0111\u1ec3 c\u1ea3m nh\u1eadn v\u1ecb ngon c\u1ee7a ph\u00f4 mai hay d\u00f9ng \u0111\u1ec3 n\u1ea5u chung v\u1edbi c\u00e1c m\u00f3n \u0103n kh\u00e1c: c\u00e0 chua cu\u1ed9n ph\u00f4 mai, khoai t\u00e2y n\u01b0\u1edbng ph\u00f4 mai, m\u00ec \u00fd, pizza,&#8230;<\/p>\n<p>&#8211; S\u1ea3n ph\u1ea9m \u0111\u01b0\u1ee3c \u0111\u00f3ng g\u00f3i ti\u1ec7n d\u1ee5ng cho vi\u1ec7c l\u01b0u tr\u1eef hay s\u1eed d\u1ee5ng.<\/p>\n<p>Th\u00f4ng tin chi ti\u1ebft<\/p>\n<p>&#8211; Th\u00e0nh ph\u1ea7n: S\u1eefa g\u1ea7y, pho m\u00e1t, mu\u1ed1i, men<\/p>\n<p>&#8211; Tr\u1ecdng l\u01b0\u1ee3ng t\u1ecbnh: 84 g (28g x3g\u00f3i)<\/p>\n<p>&#8211; Xu\u1ea5t x\u1ee9: M\u1ef9<\/p>\n<p>&#8211; D\u00f9ng \u0111\u1ec3 \u0103n tr\u1ef1c ti\u1ebfp ho\u1eb7c n\u1ea5u k\u00e8m v\u1edbi c\u00e1c m\u00f3n \u0103n kh\u00e1c<\/p>\n<p><img decoding=\"async\" class=\"aligncenter\" src=\"https:\/\/havamall.vn\/wp-content\/uploads\/2018\/07\/pho-mai-que-84g-1.jpg\" width=\"604\" height=\"604\" \/><\/p>\n<p>C\u00e1ch s\u1eed d\u1ee5ng v\u00e0 b\u1ea3o qu\u1ea3n ph\u00f4 mai que mozzarella string cheese Baker (3x28g)<\/p>\n<p>&#8211; C\u00e1ch s\u1eed d\u1ee5ng: \u0103n tr\u1ef1c ti\u1ebfp ho\u1eb7c d\u00f9ng \u0111\u1ec3 ch\u1ebf bi\u1ebfn nhi\u1ec1u m\u00f3n \u0103n kh\u00e1c nhau<\/p>\n<p>&#8211; C\u00e1ch b\u1ea3o qu\u1ea3n: B\u1ea3o qu\u1ea3n trong ng\u0103n \u0111\u00f4ng t\u1ee7 l\u1ea1nh, \u0111em gi\u00e3 \u0111\u00f4ng tr\u01b0\u1edbc khi s\u1eed d\u1ee5ng.<\/p>\n<p>&nbsp;<\/p>\n<p><strong>LI\u00caN H\u1ec6 MUA H\u00c0NG S\u1ec8:\u00a0<\/strong><\/p>\n<p><i class=\"fa fa-location-arrow\"><\/i>Add: 202 Ho\u00e0ng V\u0103n Th\u1ee5, Ph\u01b0\u1eddng 9, Qu\u1eadn Ph\u00fa Nhu\u1eadn, HCM<br \/>\nPhone: (028)665.00.660 &#8211; 0946.229.642<br \/>\nEmail:\u00a0<a href=\"mailto:sale@havamall.vn\">sale@havamall.vn<\/a><\/p>","protected":false},"excerpt":{"rendered":"<p>Quy c\u00e1ch \u0111\u00f3ng g\u00f3i B\u1ecbch\/T\u00fai Xu\u1ea5t x\u1ee9 M\u1ef9 N\u01a1i \u0111\u00f3ng g\u00f3i M\u1ef9 H\u1ea1n s\u1eed d\u1ee5ng Xem tr\u00ean bao b\u00ec s\u1ea3n<\/p>","protected":false},"featured_media":9201,"comment_status":"open","ping_status":"closed","template":"","meta":[],"product_brand":[],"product_cat":[626],"product_tag":[],"class_list":{"0":"post-9200","1":"product","2":"type-product","3":"status-publish","4":"has-post-thumbnail","6":"product_cat-het-hang","8":"first","9":"outofstock","10":"sale","11":"shipping-taxable","12":"purchasable","13":"product-type-simple"},"_links":{"self":[{"href":"https:\/\/havamall.vn\/en\/wp-json\/wp\/v2\/product\/9200"}],"collection":[{"href":"https:\/\/havamall.vn\/en\/wp-json\/wp\/v2\/product"}],"about":[{"href":"https:\/\/havamall.vn\/en\/wp-json\/wp\/v2\/types\/product"}],"replies":[{"embeddable":true,"href":"https:\/\/havamall.vn\/en\/wp-json\/wp\/v2\/comments?post=9200"}],"version-history":[{"count":0,"href":"https:\/\/havamall.vn\/en\/wp-json\/wp\/v2\/product\/9200\/revisions"}],"wp:featuredmedia":[{"embeddable":true,"href":"https:\/\/havamall.vn\/en\/wp-json\/wp\/v2\/media\/9201"}],"wp:attachment":[{"href":"https:\/\/havamall.vn\/en\/wp-json\/wp\/v2\/media?parent=9200"}],"wp:term":[{"taxonomy":"product_brand","embeddable":true,"href":"https:\/\/havamall.vn\/en\/wp-json\/wp\/v2\/product_brand?post=9200"},{"taxonomy":"product_cat","embeddable":true,"href":"https:\/\/havamall.vn\/en\/wp-json\/wp\/v2\/product_cat?post=9200"},{"taxonomy":"product_tag","embeddable":true,"href":"https:\/\/havamall.vn\/en\/wp-json\/wp\/v2\/product_tag?post=9200"}],"curies":[{"name":"wp","href":"https:\/\/api.w.org\/{rel}","templated":true}]}}