{"id":9195,"date":"2018-07-02T12:08:39","date_gmt":"2018-07-02T05:08:39","guid":{"rendered":"https:\/\/havamall.vn\/?post_type=product&#038;p=9195"},"modified":"2018-09-21T15:58:04","modified_gmt":"2018-09-21T08:58:04","slug":"pho-mai-mozzarella-snack-28g-mozzarella-string-cheese","status":"publish","type":"product","link":"https:\/\/havamall.vn\/en\/shop\/pho-mai-mozzarella-snack-28g-mozzarella-string-cheese\/","title":{"rendered":"Ph\u00f4 mai Mozzarella Snack 28g &#8211; Mozzarella String Cheese"},"content":{"rendered":"<table class=\"table table-striped-odd specification\">\n<tbody>\n<tr>\n<th class=\"display-name\" colspan=\"1\" rowspan=\"1\">Quy c\u00e1ch \u0111\u00f3ng g\u00f3i<\/th>\n<td colspan=\"1\" rowspan=\"1\">B\u1ecbch\/T\u00fai<\/td>\n<\/tr>\n<tr>\n<th class=\"display-name\" colspan=\"1\" rowspan=\"1\">Xu\u1ea5t x\u1ee9<\/th>\n<td colspan=\"1\" rowspan=\"1\">M\u1ef9<\/td>\n<\/tr>\n<tr>\n<th class=\"display-name\" colspan=\"1\" rowspan=\"1\">N\u01a1i \u0111\u00f3ng g\u00f3i<\/th>\n<td colspan=\"1\" rowspan=\"1\">M\u1ef9<\/td>\n<\/tr>\n<tr>\n<th class=\"display-name\" colspan=\"1\" rowspan=\"1\">H\u1ea1n s\u1eed d\u1ee5ng<\/th>\n<td colspan=\"1\" rowspan=\"1\">Xem tr\u00ean bao b\u00ec s\u1ea3n ph\u1ea9m<\/td>\n<\/tr>\n<tr>\n<th class=\"display-name\" colspan=\"1\" rowspan=\"1\">H\u01b0\u1edbng d\u1eabn s\u1eed d\u1ee5ng<\/th>\n<td colspan=\"1\" rowspan=\"1\">\u00a0D\u00f9ng \u0103n tr\u1ef1c ti\u1ebfp<\/td>\n<\/tr>\n<tr>\n<th class=\"display-name\" colspan=\"1\" rowspan=\"1\">Net WT<\/th>\n<td colspan=\"1\" rowspan=\"1\">28gr<\/td>\n<\/tr>\n<\/tbody>\n<\/table>\n<p>\u200bTh\u00e0nh ph\u1ea7n v\u00e0 c\u00f4ng d\u1ee5ng:<\/p>\n<p>\u0110\u01b0\u1ee3c l\u00e0m t\u1eeb c\u00e1c nguy\u00ean li\u1ec7u l\u00e0 ph\u00f4 mai 39%, s\u1eefa g\u1ea7y thanh tr\u00f9ng, mu\u1ed1i, men pho m\u00e1t, men \u0111\u00f4ng t\u1ee5 s\u1eefa.<br \/>\nH\u01b0\u01a1ng v\u1ecb ph\u00f4 mai t\u1ef1 nhi\u00ean, m\u1ec1m m\u1ea1i, th\u01a1m ngon, d\u1ec5 \u0103n.<br \/>\nS\u1ea3n xu\u1ea5t theo ti\u00eau chu\u1ea9n ch\u1ea5t l\u01b0\u1ee3ng cao, kh\u00f4ng ch\u1ee9a h\u00f3a ch\u1ea5t, th\u00e0nh ph\u1ea7n t\u1ef1 nhi\u00ean, an to\u00e0n cho s\u1ee9c kh\u1ecfe.<br \/>\nC\u00f3 l\u01b0\u1ee3ng Canxi, Protein, vitamin A, n\u0103ng l\u01b0\u1ee3ng d\u1ed3i d\u00e0o gi\u00fap tr\u1ebb ph\u00e1t tri\u1ec3n x\u01b0\u01a1ng, r\u0103ng, chi\u1ec1u cao hi\u1ec7u qu\u1ea3.<br \/>\nPh\u00f4 mai Mozzarella Snack 3 c\u00e2y thi\u1ebft k\u1ebf thanh d\u00e0i, ti\u1ec7n cho tr\u1ebb c\u1ea7m n\u1eafm, \u0103n ti\u1ec7n, s\u1ea1ch.<br \/>\nH\u01b0\u1edbng d\u1eabn s\u1eed d\u1ee5ng:<\/p>\n<p>D\u00f9ng \u0103n tr\u1ef1c ti\u1ebfp ho\u1eb7c s\u1eed d\u1ee5ng \u0111\u1ec3 ch\u1ebf bi\u1ebfn c\u00e1c m\u00f3n \u0103n.<br \/>\nB\u1ea3o qu\u1ea3n:<\/p>\n<p>Gi\u1eef \u1edf nhi\u1ec7t \u0111\u1ed9 d\u01b0\u1edbi 10 \u0111\u1ed9 C.<br \/>\nH\u00ecnh \u1ea3nh Ph\u00f4 mai Mozzarella Snack 3 c\u00e2y g\u00f3i 84g<\/p>\n<p><img fetchpriority=\"high\" decoding=\"async\" class=\"aligncenter\" src=\"https:\/\/havamall.vn\/wp-content\/uploads\/2018\/07\/pho-mai-mozzarella-snack-goi-3-cay-84g-2.jpg\" alt=\"Ph\u00f4 mai Mozzarella Snack 3 c\u00e2y g\u00f3i 84g\" width=\"603\" height=\"402\" \/><\/p>\n<p><img decoding=\"async\" class=\"aligncenter\" src=\"https:\/\/havamall.vn\/wp-content\/uploads\/2018\/07\/pho-mai-mozzarella-snack-goi-3-cay-84g-3.jpg\" alt=\"Ph\u00f4 mai Mozzarella Snack 3 c\u00e2y g\u00f3i 84g\" \/><\/p>\n<p>&nbsp;<\/p>\n<p><strong>LI\u00caN H\u1ec6 MUA H\u00c0NG S\u1ec8:\u00a0<\/strong><\/p>\n<p><i class=\"fa fa-location-arrow\"><\/i>Add: 5B Ph\u1ed5 Quang, Ph\u01b0\u1eddng 2, Qu\u1eadn Ph\u00fa Nhu\u1eadn, HCM<br \/>\nPhone: (028)665.00.660 \u2013 0946.229.642<br \/>\nEmail:\u00a0<a href=\"mailto:sale@havamall.vn\">sale@havamall.vn<\/a><\/p>","protected":false},"excerpt":{"rendered":"<p>Quy c\u00e1ch \u0111\u00f3ng g\u00f3i B\u1ecbch\/T\u00fai Xu\u1ea5t x\u1ee9 M\u1ef9 N\u01a1i \u0111\u00f3ng g\u00f3i M\u1ef9 H\u1ea1n s\u1eed d\u1ee5ng Xem tr\u00ean bao b\u00ec s\u1ea3n<\/p>","protected":false},"featured_media":9197,"comment_status":"open","ping_status":"closed","template":"","meta":[],"product_brand":[],"product_cat":[626],"product_tag":[],"class_list":{"0":"post-9195","1":"product","2":"type-product","3":"status-publish","4":"has-post-thumbnail","6":"product_cat-het-hang","8":"first","9":"outofstock","10":"shipping-taxable","11":"purchasable","12":"product-type-simple"},"_links":{"self":[{"href":"https:\/\/havamall.vn\/en\/wp-json\/wp\/v2\/product\/9195"}],"collection":[{"href":"https:\/\/havamall.vn\/en\/wp-json\/wp\/v2\/product"}],"about":[{"href":"https:\/\/havamall.vn\/en\/wp-json\/wp\/v2\/types\/product"}],"replies":[{"embeddable":true,"href":"https:\/\/havamall.vn\/en\/wp-json\/wp\/v2\/comments?post=9195"}],"version-history":[{"count":0,"href":"https:\/\/havamall.vn\/en\/wp-json\/wp\/v2\/product\/9195\/revisions"}],"wp:featuredmedia":[{"embeddable":true,"href":"https:\/\/havamall.vn\/en\/wp-json\/wp\/v2\/media\/9197"}],"wp:attachment":[{"href":"https:\/\/havamall.vn\/en\/wp-json\/wp\/v2\/media?parent=9195"}],"wp:term":[{"taxonomy":"product_brand","embeddable":true,"href":"https:\/\/havamall.vn\/en\/wp-json\/wp\/v2\/product_brand?post=9195"},{"taxonomy":"product_cat","embeddable":true,"href":"https:\/\/havamall.vn\/en\/wp-json\/wp\/v2\/product_cat?post=9195"},{"taxonomy":"product_tag","embeddable":true,"href":"https:\/\/havamall.vn\/en\/wp-json\/wp\/v2\/product_tag?post=9195"}],"curies":[{"name":"wp","href":"https:\/\/api.w.org\/{rel}","templated":true}]}}