{"id":6922,"date":"2018-06-27T13:01:45","date_gmt":"2018-06-27T06:01:45","guid":{"rendered":"https:\/\/havamall.vn\/shop\/chuot-may-tinh-logitech-m337-do\/"},"modified":"2019-11-06T16:27:35","modified_gmt":"2019-11-06T09:27:35","slug":"chuot-may-tinh-logitech-m337-do","status":"publish","type":"product","link":"https:\/\/havamall.vn\/en\/shop\/chuot-may-tinh-logitech-m337-do\/","title":{"rendered":"Chu\u1ed9t m\u00e1y t\u00ednh Logitech M337 (\u0110\u1ecf)"},"content":{"rendered":"","protected":false},"excerpt":{"rendered":"<p>Bluetooth &#8211; C\u1ea3m bi\u1ebfn quang laser, 1000 dpi, h\u1ed7 tr\u1ee3 Win 7, 8 ,10, Mac OS X 10.8 tr\u1edf l\u00ean, Android 3.2 tr\u1edf l\u00ean.<\/p>","protected":false},"featured_media":6921,"comment_status":"open","ping_status":"closed","template":"","meta":[],"product_brand":[],"product_cat":[626],"product_tag":[189],"class_list":{"0":"post-6922","1":"product","2":"type-product","3":"status-publish","4":"has-post-thumbnail","6":"product_cat-het-hang","7":"product_tag-simple","9":"first","10":"outofstock","11":"shipping-taxable","12":"purchasable","13":"product-type-simple"},"_links":{"self":[{"href":"https:\/\/havamall.vn\/en\/wp-json\/wp\/v2\/product\/6922"}],"collection":[{"href":"https:\/\/havamall.vn\/en\/wp-json\/wp\/v2\/product"}],"about":[{"href":"https:\/\/havamall.vn\/en\/wp-json\/wp\/v2\/types\/product"}],"replies":[{"embeddable":true,"href":"https:\/\/havamall.vn\/en\/wp-json\/wp\/v2\/comments?post=6922"}],"version-history":[{"count":0,"href":"https:\/\/havamall.vn\/en\/wp-json\/wp\/v2\/product\/6922\/revisions"}],"wp:featuredmedia":[{"embeddable":true,"href":"https:\/\/havamall.vn\/en\/wp-json\/wp\/v2\/media\/6921"}],"wp:attachment":[{"href":"https:\/\/havamall.vn\/en\/wp-json\/wp\/v2\/media?parent=6922"}],"wp:term":[{"taxonomy":"product_brand","embeddable":true,"href":"https:\/\/havamall.vn\/en\/wp-json\/wp\/v2\/product_brand?post=6922"},{"taxonomy":"product_cat","embeddable":true,"href":"https:\/\/havamall.vn\/en\/wp-json\/wp\/v2\/product_cat?post=6922"},{"taxonomy":"product_tag","embeddable":true,"href":"https:\/\/havamall.vn\/en\/wp-json\/wp\/v2\/product_tag?post=6922"}],"curies":[{"name":"wp","href":"https:\/\/api.w.org\/{rel}","templated":true}]}}