{"id":6587,"date":"2018-06-22T14:28:14","date_gmt":"2018-06-22T07:28:14","guid":{"rendered":"https:\/\/havamall.vn\/?post_type=product&#038;p=6587"},"modified":"2021-06-05T11:58:07","modified_gmt":"2021-06-05T04:58:07","slug":"son-duong-moi-labello-huong-dau","status":"publish","type":"product","link":"https:\/\/havamall.vn\/en\/shop\/son-duong-moi-labello-huong-dau\/","title":{"rendered":"Son d\u01b0\u1ee1ng m\u00f4i Labello h\u01b0\u01a1ng d\u00e2u"},"content":{"rendered":"<p>Son d\u01b0\u1ee1ng m\u00f4i Labello \u0111\u00f4i l\u00e0 d\u00f2ng son d\u01b0\u1ee1ng gi\u00fap nu\u00f4i d\u01b0\u1ee1ng l\u00e0n m\u00f4i m\u1ec1m m\u1ecbn ch\u1ed1ng m\u00f4i kh\u00f4 n\u1ee9t n\u1ebb trong ng\u00e0y \u0111\u00f4ng l\u1ea1nh gi\u00e1. Labello \u0111\u01b0\u1ee3c chi\u1ebft xu\u1ea5t t\u1eeb c\u00e1c th\u00e0nh ph\u1ea7n thi\u00ean nhi\u00ean v\u1edbi d\u1ea7u jojoba v\u00e0 d\u1ea7u qu\u1ea3 b\u01a1 ch\u0103m s\u00f3c l\u00e0n m\u00f4i b\u1ea1n t\u1eeb s\u00e2u b\u00ean trong cho l\u00e0n m\u00f4i kh\u1ecfe m\u1ea1nh t\u1ef1 nhi\u00ean. K\u1ebft h\u1ee3p v\u1edbi c\u00e1c c\u00f4ng th\u1ee9c t\u1ef1 nhi\u00ean t\u0103ng c\u01b0\u1eddng hydrat h\u00f3a h\u1ed7 tr\u1ee3 m\u1ea1nh m\u1ebd cho qu\u00e1 tr\u00ecnh c\u1ea5p v\u00e0 d\u01b0\u1ee1ng \u1ea9m m\u00f4i t\u1ef1 nhi\u00ean \u0111\u1ec3 ph\u1ee5c h\u1ed3i l\u00e0n m\u00f4i kh\u00f4 v\u00e0 b\u1ea3o v\u1ec7 l\u00e0n m\u00f4i b\u1ea1n ch\u1ed1ng kh\u00f4 n\u1ebb.<\/p>\n<p><img decoding=\"async\" class=\"aligncenter\" src=\"https:\/\/havamall.vn\/wp-content\/uploads\/2018\/06\/2cyp7jk.jpg\" alt=\"H\u00c3\u00acnh \u00e1\u00ba\u00a3nh c\u00c3\u00b3 li\u00c3\u00aan quan\" \/><\/p>\n<p>Son d\u01b0\u1ee1ng m\u00f4i Labello \u0111\u00f4i Classic Care\u00a0kh\u00f4ng m\u00e0u kh\u00f4ng m\u00f9i d\u1ec5 d\u00e0ng k\u1ebft h\u1ee3p v\u1edbi c\u00e1c lo\u1ea1i son m\u00e0u kh\u00e1c \u0111\u1ec3 b\u1ea1n c\u00f3 th\u1ec3 th\u1ecfa th\u00edch l\u1ef1a ch\u1ecdn nh\u1eefng m\u00e0u s\u1eafc \u01b0ng \u00fd cho l\u00e0n m\u00f4i.<\/p>\n<h2>T\u00e1c d\u1ee5ng c\u1ee7a Son d\u01b0\u1ee1ng m\u00f4i Labello \u0111\u00f4i Classic Care<\/h2>\n<p>D\u01b0\u1ee1ng \u1ea9m nu\u00f4i d\u01b0\u1ee1ng l\u00e0n m\u00f4i m\u1ec1m m\u1ea1i m\u1ecbn m\u00e0ng<\/p>\n<p>Ch\u1ed1ng m\u00f4i kh\u00f4 n\u1ee9t n\u1ebb trong m\u00f9a \u0111\u00f4ng<\/p>\n<h2><img decoding=\"async\" class=\"aligncenter\" src=\"https:\/\/havamall.vn\/wp-content\/uploads\/2018\/06\/trang-diem-nhe.jpg\" alt=\"K\u00e1\u00ba\u00bft qu\u00e1\u00ba\u00a3 h\u00c3\u00acnh \u00e1\u00ba\u00a3nh cho labello strawberry\" \/><\/h2>\n<h2>\u01afu \u0111i\u1ec3m c\u1ee7a son d\u01b0\u1ee1ng m\u00f4i Labello \u0111\u00f4i Classic Care<\/h2>\n<ul>\n<li>Th\u00e0nh ph\u1ea7n t\u1ef1 nhi\u00ean an to\u00e0n<\/li>\n<li>K\u1ebft c\u1ea5u m\u1ec1m m\u1ecbn d\u1ec5 s\u1eed d\u1ee5ng<\/li>\n<li>Kh\u1ea3 n\u0103ng d\u01b0\u1ee1ng \u1ea9m cao<\/li>\n<li>Kh\u00f4ng m\u00e0u kh\u00f4ng m\u00f9i d\u1ec5 d\u00e0ng k\u1ebft h\u1ee3p v\u1edbi c\u00e1c d\u00f2ng son m\u00e0u<\/li>\n<\/ul>\n<h2><img fetchpriority=\"high\" decoding=\"async\" class=\"aligncenter\" src=\"https:\/\/havamall.vn\/wp-content\/uploads\/2018\/06\/DSC_3195_zpsbd3whdya.jpg\" alt=\"K\u00e1\u00ba\u00bft qu\u00e1\u00ba\u00a3 h\u00c3\u00acnh \u00e1\u00ba\u00a3nh cho labello strawberry\" width=\"608\" height=\"404\" \/><\/h2>\n<h2>H\u01b0\u1edbng d\u1eabn s\u1eed d\u1ee5ng<\/h2>\n<p>B\u1ea1n c\u00f3 th\u1ec3 s\u1eed d\u1ee5ng son d\u01b0\u1ee1ng m\u00f4i Labello \u0111\u00f4i Classic Care\u00a0b\u1ea5t c\u1ee9 khi n\u00e0o b\u1ea1n mu\u1ed1n \u0111\u1ec3 b\u1ea3o v\u1ec7 l\u00e0n m\u00f4i trong nh\u1eefng ng\u00e0y \u0111\u00f4ng l\u1ea1nh gi\u00e1, gi\u1eef cho l\u00e0n m\u00f4i m\u1ec1m m\u1ecbn su\u1ed1t c\u1ea3 ng\u00e0y.<\/p>\n<p>Havamall c\u0169ng khuy\u00ean b\u1ea1n \u0111\u1eebng qu\u00ean thoa son d\u01b0\u1ee1ng m\u00f4i Labello \u0111\u00f4i tr\u01b0\u1edbc khi \u0111i ng\u1ee7 \u0111\u1ec3 c\u00f3 l\u00e0n m\u00f4i m\u1ec1m m\u1ecbn kh\u00f4ng kh\u00f4 n\u1ebb v\u00e0o bu\u1ed5i s\u00e1ng h\u00f4m sau.<\/p>","protected":false},"excerpt":{"rendered":"<p>Son d\u01b0\u1ee1ng m\u00f4i Labello \u0111\u00f4i l\u00e0 d\u00f2ng son d\u01b0\u1ee1ng gi\u00fap nu\u00f4i d\u01b0\u1ee1ng l\u00e0n m\u00f4i m\u1ec1m m\u1ecbn ch\u1ed1ng m\u00f4i kh\u00f4 n\u1ee9t<\/p>","protected":false},"featured_media":6588,"comment_status":"open","ping_status":"closed","template":"","meta":[],"product_brand":[],"product_cat":[626],"product_tag":[],"class_list":{"0":"post-6587","1":"product","2":"type-product","3":"status-publish","4":"has-post-thumbnail","6":"product_cat-het-hang","8":"first","9":"instock","10":"sale","11":"shipping-taxable","12":"purchasable","13":"product-type-variable"},"_links":{"self":[{"href":"https:\/\/havamall.vn\/en\/wp-json\/wp\/v2\/product\/6587"}],"collection":[{"href":"https:\/\/havamall.vn\/en\/wp-json\/wp\/v2\/product"}],"about":[{"href":"https:\/\/havamall.vn\/en\/wp-json\/wp\/v2\/types\/product"}],"replies":[{"embeddable":true,"href":"https:\/\/havamall.vn\/en\/wp-json\/wp\/v2\/comments?post=6587"}],"version-history":[{"count":0,"href":"https:\/\/havamall.vn\/en\/wp-json\/wp\/v2\/product\/6587\/revisions"}],"wp:featuredmedia":[{"embeddable":true,"href":"https:\/\/havamall.vn\/en\/wp-json\/wp\/v2\/media\/6588"}],"wp:attachment":[{"href":"https:\/\/havamall.vn\/en\/wp-json\/wp\/v2\/media?parent=6587"}],"wp:term":[{"taxonomy":"product_brand","embeddable":true,"href":"https:\/\/havamall.vn\/en\/wp-json\/wp\/v2\/product_brand?post=6587"},{"taxonomy":"product_cat","embeddable":true,"href":"https:\/\/havamall.vn\/en\/wp-json\/wp\/v2\/product_cat?post=6587"},{"taxonomy":"product_tag","embeddable":true,"href":"https:\/\/havamall.vn\/en\/wp-json\/wp\/v2\/product_tag?post=6587"}],"curies":[{"name":"wp","href":"https:\/\/api.w.org\/{rel}","templated":true}]}}