{"id":6483,"date":"2018-06-14T15:01:20","date_gmt":"2018-06-14T08:01:20","guid":{"rendered":"https:\/\/havamall.vn\/?post_type=product&#038;p=6483"},"modified":"2019-11-14T14:09:02","modified_gmt":"2019-11-14T07:09:02","slug":"sot-mi-y-napolitana-san-remo","status":"publish","type":"product","link":"https:\/\/havamall.vn\/en\/shop\/sot-mi-y-napolitana-san-remo\/","title":{"rendered":"S\u1ed1t m\u00ec \u00dd Napolitana San Remo"},"content":{"rendered":"<table class=\"table table-striped-odd specification\">\n<tbody>\n<tr>\n<th class=\"display-name\" colspan=\"1\" rowspan=\"1\">Quy c\u00e1ch \u0111\u00f3ng g\u00f3i<\/th>\n<td colspan=\"1\" rowspan=\"1\">H\u1ee7<\/td>\n<\/tr>\n<tr>\n<th class=\"display-name\" colspan=\"1\" rowspan=\"1\">Xu\u1ea5t x\u1ee9<\/th>\n<td colspan=\"1\" rowspan=\"1\">\u00dac<\/td>\n<\/tr>\n<tr>\n<th class=\"display-name\" colspan=\"1\" rowspan=\"1\">N\u01a1i s\u1ea3n xu\u1ea5t<\/th>\n<td colspan=\"1\" rowspan=\"1\">Vi\u1ec7t Nam<\/td>\n<\/tr>\n<tr>\n<th class=\"display-name\" colspan=\"1\" rowspan=\"1\">H\u1ea1n s\u1eed d\u1ee5ng<\/th>\n<td colspan=\"1\" rowspan=\"1\">Xem tr\u00ean bao b\u00ec s\u1ea3n ph\u1ea9m<\/td>\n<\/tr>\n<tr>\n<th class=\"display-name\" colspan=\"1\" rowspan=\"1\">Th\u00e0nh ph\u1ea7n<\/th>\n<td colspan=\"1\" rowspan=\"1\">C\u00e0 chua c\u1eaft nh\u1ecf, b\u1ed9t c\u00e0 chua, h\u00e0nh, n\u01b0\u1edbc, d\u1ea7u oliu, d\u1ea7u th\u1ef1c v\u1eadt, t\u1ecfi nghi\u1ec1n, th\u1ea3o m\u1ed9c v\u00e0 c\u00e1c lo\u1ea1i gia v\u1ecb&#8230;<\/td>\n<\/tr>\n<tr>\n<th class=\"display-name\" colspan=\"1\" rowspan=\"1\">Net WT<\/th>\n<td colspan=\"1\" rowspan=\"1\">500gr<\/td>\n<\/tr>\n<\/tbody>\n<\/table>\n<div class=\"\">\n<div class=\"_1mf _1mj\"><\/div>\n<div>\n<table class=\"data-description\">\n<tbody>\n<tr>\n<th>Th\u00f4ng s\u1ed1 s\u1ea3n ph\u1ea9m<\/th>\n<\/tr>\n<tr>\n<td>S\u1ed1t M\u00ec \u00dd Bolognese San Remo mang h\u01b0\u01a1ng v\u1ecb th\u01a1m ngon c\u1ee7a c\u00e1c th\u00e0nh ph\u1ea7n t\u1ef1 nhi\u00ean, \u0111\u01b0\u1ee3c ch\u1ebf bi\u1ebfn v\u00e0 ki\u1ec3m \u0111\u1ecbnh ch\u1ea5t l\u01b0\u1ee3ng k\u0129 c\u00e0ng, \u0111\u1ea3m b\u00e1o cung c\u1ea5p ngu\u1ed3n dinh d\u01b0\u1ee1ng v\u00e0 an to\u00e0n ng\u01b0\u1eddi s\u1eed d\u1ee5ng.<\/p>\n<p><strong>\u0110\u1eb7c \u0111i\u1ec3m s\u1ea3n ph\u1ea9m<\/strong><\/p>\n<ul>\n<li>Th\u00e0nh ph\u1ea7n: C\u00e0 chua c\u1eaft nh\u1ecf, b\u1ed9t c\u00e0 chua, h\u00e0nh, n\u01b0\u1edbc, d\u1ea7u oliu, d\u1ea7u th\u1ef1c v\u1eadt, t\u1ecfi nghi\u1ec1n, th\u1ea3o m\u1ed9c v\u00e0 c\u00e1c lo\u1ea1i gia v\u1ecb&#8230; h\u00f2a quy\u1ec7n v\u00e0o nhau, t\u1ea1o n\u00ean lo\u1ea1i s\u1ed1t th\u01a1m ngon.<\/li>\n<li>S\u1ea3n xu\u1ea5t tr\u00ean quy tr\u00ecnh c\u00f4ng ngh\u1ec7 hi\u1ec7n \u0111\u1ea1i, \u0111\u1ea3m b\u1ea3o ch\u1ec9 ti\u00eau ch\u1ea5t l\u01b0\u1ee3ng s\u1ea3n ph\u1ea9m.<\/li>\n<li>H\u01b0\u01a1ng v\u1ecb th\u01a1m ngon, m\u00e0u s\u1eafc b\u1eaft m\u1eafc, k\u00edch th\u00edch c\u1ea3m gi\u00e1c mu\u1ed1n \u0103n.<\/li>\n<li>\u0110\u1ea3m b\u1ea3o an to\u00e0n cho ng\u01b0\u1eddi ti\u00eau d\u00f9ng<\/li>\n<\/ul>\n<p><img fetchpriority=\"high\" decoding=\"async\" class=\"wp-image-12486 aligncenter\" src=\"https:\/\/havamall.vn\/wp-content\/uploads\/2018\/06\/srpgn-1-1500x947-300x189.jpg\" alt=\"\" width=\"486\" height=\"306\" srcset=\"https:\/\/havamall.vn\/wp-content\/uploads\/2018\/06\/srpgn-1-1500x947-300x189.jpg 300w, https:\/\/havamall.vn\/wp-content\/uploads\/2018\/06\/srpgn-1-1500x947-430x271.jpg 430w, https:\/\/havamall.vn\/wp-content\/uploads\/2018\/06\/srpgn-1-1500x947-150x95.jpg 150w, https:\/\/havamall.vn\/wp-content\/uploads\/2018\/06\/srpgn-1-1500x947-700x442.jpg 700w, https:\/\/havamall.vn\/wp-content\/uploads\/2018\/06\/srpgn-1-1500x947-768x485.jpg 768w, https:\/\/havamall.vn\/wp-content\/uploads\/2018\/06\/srpgn-1-1500x947-1024x646.jpg 1024w, https:\/\/havamall.vn\/wp-content\/uploads\/2018\/06\/srpgn-1-1500x947-1200x758.jpg 1200w, https:\/\/havamall.vn\/wp-content\/uploads\/2018\/06\/srpgn-1-1500x947-600x379.jpg 600w, https:\/\/havamall.vn\/wp-content\/uploads\/2018\/06\/srpgn-1-1500x947.jpg 1500w\" sizes=\"(max-width: 486px) 100vw, 486px\" \/><\/p>\n<p><strong>H\u01b0\u1edbng d\u1eabn s\u1eed d\u1ee5ng<\/strong>\u00a0:\u00a0\u0110\u1ed5 s\u1ed1t v\u00e0o ch\u1ea3o nh\u1ecf v\u00e0 \u0111un n\u00f3ng d\u1ea7n \u0111\u1ebfn nhi\u1ec7t \u0111\u1ed9 nh\u01b0 mong mu\u1ed1n, khu\u1ea5y \u0111\u1ec1u, ch\u1ebf s\u1ed1t l\u00ean m\u00ec. Ho\u1eb7c g\u1ee1 b\u1ecf n\u1eafp l\u1ecd v\u00e0 cho v\u00e0o l\u00f2 viba, \u0111\u1eb7c \u1edf nhi\u1ec7t \u0111\u1ed9 trung b\u00ecnh kho\u1ea3ng 4 ph\u00fat, l\u1ea5y ra, khu\u1ea5y \u0111\u1ec1u, ch\u1ebf s\u1ed1t l\u00ean m\u00ec<\/p>\n<p><strong>Th\u00f4ng tin th\u01b0\u01a1ng hi\u1ec7u<\/strong><\/p>\n<p>San Remo l\u00e0 th\u01b0\u01a1ng hi\u1ec7u thu\u1ed9c C\u00f4ng Ty San Remo Macaroni co. Pty, Ltd. \u0110\u00e2y l\u00e0 doanh nghi\u1ec7p chuy\u00ean s\u1ea3n xu\u1ea5t v\u00e0 ph\u1ea5n ph\u1ed1i c\u00e1c m\u1eb7t h\u00e0ng th\u1ef1c ph\u1ea9m t\u1ea1i \u00dac. S\u1ea3n ph\u1ea9m \u0111\u01b0\u1ee3c nh\u1eadp kh\u1ea9u b\u1edfi c\u00f4ng ty TNHH Trung Minh Th\u00e0nh<\/p>\n<p><strong>LI\u00caN H\u1ec6 MUA H\u00c0NG:\u00a0<\/strong><\/p>\n<p><i class=\"fa fa-location-arrow\"><\/i>Phone: (028)665.00.660 &#8211; 0946.229.642<br \/>\nEmail:\u00a0<a href=\"mailto:sale@havamall.vn\">sale@havamall.vn<\/a><\/td>\n<\/tr>\n<\/tbody>\n<\/table>\n<\/div>\n<\/div>\n<p>&nbsp;<\/p>\n<div class=\"\"><\/div>","protected":false},"excerpt":{"rendered":"<p>San Remo l\u00e0 th\u01b0\u01a1ng hi\u1ec7u thu\u1ed9c C\u00f4ng Ty San Remo Macaroni co. Pty, Ltd. \u0110\u00e2y l\u00e0 doanh nghi\u1ec7p \u00dac chuy\u00ean s\u1ea3n xu\u1ea5t v\u00e0 ph\u1ea5n ph\u1ed1i c\u00e1c m\u1eb7t h\u00e0ng th\u1ef1c ph\u1ea9m t\u1ea1i \u00dac. S\u1ea3n ph\u1ea9m \u0111\u01b0\u1ee3c nh\u1eadp kh\u1ea9u b\u1edfi c\u00f4ng ty TNHH Trung Minh Th\u00e0nh<\/p>","protected":false},"featured_media":6484,"comment_status":"open","ping_status":"closed","template":"","meta":[],"product_brand":[],"product_cat":[626],"product_tag":[],"class_list":{"0":"post-6483","1":"product","2":"type-product","3":"status-publish","4":"has-post-thumbnail","6":"product_cat-het-hang","7":"pa_brand-san-remo","9":"first","10":"outofstock","11":"sale","12":"shipping-taxable","13":"purchasable","14":"product-type-simple"},"_links":{"self":[{"href":"https:\/\/havamall.vn\/en\/wp-json\/wp\/v2\/product\/6483"}],"collection":[{"href":"https:\/\/havamall.vn\/en\/wp-json\/wp\/v2\/product"}],"about":[{"href":"https:\/\/havamall.vn\/en\/wp-json\/wp\/v2\/types\/product"}],"replies":[{"embeddable":true,"href":"https:\/\/havamall.vn\/en\/wp-json\/wp\/v2\/comments?post=6483"}],"version-history":[{"count":0,"href":"https:\/\/havamall.vn\/en\/wp-json\/wp\/v2\/product\/6483\/revisions"}],"wp:featuredmedia":[{"embeddable":true,"href":"https:\/\/havamall.vn\/en\/wp-json\/wp\/v2\/media\/6484"}],"wp:attachment":[{"href":"https:\/\/havamall.vn\/en\/wp-json\/wp\/v2\/media?parent=6483"}],"wp:term":[{"taxonomy":"product_brand","embeddable":true,"href":"https:\/\/havamall.vn\/en\/wp-json\/wp\/v2\/product_brand?post=6483"},{"taxonomy":"product_cat","embeddable":true,"href":"https:\/\/havamall.vn\/en\/wp-json\/wp\/v2\/product_cat?post=6483"},{"taxonomy":"product_tag","embeddable":true,"href":"https:\/\/havamall.vn\/en\/wp-json\/wp\/v2\/product_tag?post=6483"}],"curies":[{"name":"wp","href":"https:\/\/api.w.org\/{rel}","templated":true}]}}