{"id":6471,"date":"2018-06-14T14:24:22","date_gmt":"2018-06-14T07:24:22","guid":{"rendered":"https:\/\/havamall.vn\/?post_type=product&#038;p=6471"},"modified":"2021-12-23T11:45:31","modified_gmt":"2021-12-23T04:45:31","slug":"mi-vegeroni-spirals-san-remo-so-121","status":"publish","type":"product","link":"https:\/\/havamall.vn\/en\/shop\/mi-vegeroni-spirals-san-remo-so-121\/","title":{"rendered":"M\u00ec Vegeroni Spirals San Remo S\u1ed1 121"},"content":{"rendered":"<table class=\"table table-striped-odd specification\">\n<tbody>\n<tr>\n<th class=\"display-name\" colspan=\"1\" rowspan=\"1\">Quy c\u00e1ch \u0111\u00f3ng g\u00f3i<\/th>\n<td colspan=\"1\" rowspan=\"1\">G\u00f3i<\/td>\n<\/tr>\n<tr>\n<th class=\"display-name\" colspan=\"1\" rowspan=\"1\">Xu\u1ea5t x\u1ee9<\/th>\n<td colspan=\"1\" rowspan=\"1\">\u00dac<\/td>\n<\/tr>\n<tr>\n<th class=\"display-name\" colspan=\"1\" rowspan=\"1\">N\u01a1i s\u1ea3n xu\u1ea5t<\/th>\n<td colspan=\"1\" rowspan=\"1\">Vi\u1ec7t Nam<\/td>\n<\/tr>\n<tr>\n<th class=\"display-name\" colspan=\"1\" rowspan=\"1\">H\u1ea1n s\u1eed d\u1ee5ng<\/th>\n<td colspan=\"1\" rowspan=\"1\">Xem tr\u00ean bao b\u00ec s\u1ea3n ph\u1ea9m<\/td>\n<\/tr>\n<tr>\n<th class=\"display-name\" colspan=\"1\" rowspan=\"1\">Th\u00e0nh ph\u1ea7n<\/th>\n<td colspan=\"1\" rowspan=\"1\">100% l\u00faa m\u00ec, c\u00f3 th\u1ec3 c\u00f3 m\u1ed9t \u00edt tr\u1ee9ng v\u00e0 \u0111\u1eadu n\u00e0nh.<\/td>\n<\/tr>\n<tr>\n<th class=\"display-name\" colspan=\"1\" rowspan=\"1\">Net WT<\/th>\n<td colspan=\"1\" rowspan=\"1\">375 gr<\/td>\n<\/tr>\n<\/tbody>\n<\/table>\n<div class=\"\">\n<div class=\"_1mf _1mj\"><\/div>\n<div>\n<table class=\"data-description\">\n<tbody>\n<tr>\n<th>Th\u00f4ng s\u1ed1 s\u1ea3n ph\u1ea9m<\/th>\n<\/tr>\n<tr>\n<td>M\u00ec Vegeroni Spirals San Remo S\u1ed1 121 \u0111\u01b0\u1ee3c l\u00e0m t\u1eeb nh\u1eefng nguy\u00ean li\u1ec7u t\u1ef1 nhi\u00ean, cung c\u1ea5p nhi\u1ec1u d\u01b0\u1ee1ng ch\u1ea5t thi\u1ebft y\u1ebfu cho c\u01a1 th\u1ec3\u00a0v\u00e0 an to\u00e0n cho s\u1ee9c kh\u1ecfe ng\u01b0\u1eddi ti\u00eau d\u00f9ng.<\/p>\n<p><strong>\u0110\u1eb7c \u0110i\u1ec3m S\u1ea3n Ph\u1ea9m:<\/strong><\/p>\n<p>M\u00ec Vegeroni Spirals San Remo S\u1ed1 121 \u0111\u01b0\u1ee3c s\u1ea3n xu\u1ea5t theo c\u00f4ng ngh\u1ec7 hi\u1ec7n \u0111\u1ea1i, m\u1ecdi kh\u00e2u t\u1eeb tuy\u1ec3n ch\u1ecdn nguy\u00ean li\u1ec7u t\u1edbi ch\u1ebf bi\u1ebfn, \u0111\u00f3ng g\u00f3i \u0111\u1ec1u di\u1ec5n ra kh\u00e9p k\u00edn d\u01b0\u1edbi s\u1ef1 gi\u00e1m s\u00e1t v\u00e0 ki\u1ec3m tra nghi\u00eam ng\u1eb7t, \u0111\u1ea3m b\u1ea3o an to\u00e0n cho s\u1ee9c kh\u1ecfe ng\u01b0\u1eddi ti\u00eau d\u00f9ng.<\/p>\n<p>S\u1ea3n\u00a0ph\u1ea9m l\u00e0 s\u1ef1 k\u1ebft h\u1ee3p \u0111\u1ed9c \u0111\u00e1o gi\u1eefa c\u00f4ng th\u1ee9c truy\u1ec1n th\u1ed1ng v\u00e0 quy tr\u00ecnh ch\u1ebf bi\u1ebfn hi\u1ec7n \u0111\u1ea1i \u0111em l\u1ea1i ch\u1ea5t l\u01b0\u1ee3ng t\u1ed1t nh\u1ea5t. S\u1ea3n ph\u1ea9m \u0111\u01b0\u1ee3c l\u00e0m t\u1eeb c\u00e1c nguy\u00ean li\u1ec7u t\u1ef1 nhi\u00ean g\u1ed3m: l\u00faa m\u00ec, tr\u1ee9ng, \u0111\u1eadu n\u00e0nh,&#8230; kh\u00f4ng ch\u1ea5t b\u1ea3o qu\u1ea3n \u0111\u1ed9c h\u1ea1i, mang \u0111\u1ebfn s\u1ef1 an t\u00e2m cho ng\u01b0\u1eddi ti\u00eau d\u00f9ng.<\/p>\n<p>M\u00ec Vegeroni Spirals San Remo S\u1ed1 121 gi\u00fap cung c\u1ea5p n\u0103ng l\u01b0\u1ee3ng, vitamin, d\u01b0\u1ee1ng ch\u1ea5t c\u1ea7n thi\u1ebft cho c\u00e1c ho\u1ea1t \u0111\u1ed9ng h\u00e0ng ng\u00e0y. S\u1ea3n ph\u1ea9m c\u00f3 h\u01b0\u01a1ng v\u1ecb th\u01a1m ngon c\u1ee7a nh\u1eefng nguy\u00ean li\u1ec7u t\u1ef1 nhi\u00ean, khi n\u1ea5u ch\u00edn s\u1ee3i m\u00ec tr\u1edf n\u00ean dai gi\u00f2n, \u0111\u1eadm \u0111\u00e0, k\u00edch th\u00edch v\u1ecb gi\u00e1c.<\/p>\n<p>S\u1ea3n ph\u1ea9m \u0111\u01b0\u1ee3c \u0111\u00f3ng g\u00f3i ti\u1ec7n d\u1ee5ng, d\u1ec5 d\u00e0ng b\u1ea3o qu\u1ea3n v\u00e0 c\u1ea5t gi\u1eef. Gi\u00fap cho c\u00e1c b\u00e0 n\u1ed9i tr\u1ee3 ti\u1ebft ki\u1ec7m \u0111\u01b0\u1ee3c nhi\u1ec1u th\u1eddi gian trong n\u1ea5u n\u01b0\u1edbng, nh\u01b0ng v\u1eabn c\u00f3 \u0111\u01b0\u1ee3c nh\u1eefng m\u00f3n \u0103n th\u01a1m ngon b\u1ed5 d\u01b0\u1ee1ng v\u00e0 h\u1ea5p d\u1eabn cho c\u1ea3 nh\u00e0.<\/p>\n<p><img fetchpriority=\"high\" decoding=\"async\" class=\"wp-image-12484 aligncenter\" src=\"https:\/\/havamall.vn\/wp-content\/uploads\/2018\/06\/a22-270x300.jpg\" alt=\"\" width=\"422\" height=\"469\" srcset=\"https:\/\/havamall.vn\/wp-content\/uploads\/2018\/06\/a22-270x300.jpg 270w, https:\/\/havamall.vn\/wp-content\/uploads\/2018\/06\/a22-430x477.jpg 430w, https:\/\/havamall.vn\/wp-content\/uploads\/2018\/06\/a22-150x167.jpg 150w, https:\/\/havamall.vn\/wp-content\/uploads\/2018\/06\/a22.jpg 500w\" sizes=\"(max-width: 422px) 100vw, 422px\" \/><\/p>\n<p><strong>Th\u00f4ng tin th\u01b0\u01a1ng hi\u1ec7u:<\/strong><\/p>\n<p>San Remo l\u00e0 th\u01b0\u01a1ng hi\u1ec7u n\u1ed5i ti\u1ebfng t\u1ea1i \u00dac. S\u1ea3n xu\u1ea5t v\u00e0 ph\u00e2n ph\u1ed1i s\u1ea3n ph\u1ea9m r\u1ed9ng r\u00e3i trong v\u00e0 ngo\u00e0i n\u01b0\u1edbc. San Remo kh\u00f4ng ng\u1eebng kh\u1eb3ng \u0111\u1ecbnh th\u01b0\u01a1ng hi\u1ec7u c\u1ee7a m\u00ecnh \u0111\u1ebfn v\u1edbi ng\u01b0\u1eddi ti\u00eau d\u00f9ng, lu\u00f4n mang \u0111\u1ebfn cho ng\u01b0\u1eddi ti\u00eau d\u00f9ng nh\u1eefng s\u1ea3n ph\u1ea9m uy t\u00edn ch\u1ea5t l\u01b0\u1ee3ng cao, s\u1ea1ch, Kh\u00f4ng ch\u1ee9a ch\u1ea5t b\u1ea3o qu\u1ea3n c\u0169ng nh\u01b0 nh\u1eefng h\u00f3a ch\u1ea5t \u0111\u1ed9c h\u1ea1i g\u00e2y h\u1ea1i \u0111\u1ebfn s\u1ee9c kh\u1ecfe ng\u01b0\u1eddi ti\u00eau d\u00f9ng. \u0110a d\u1ea1ng h\u00f3a nhi\u1ec1u lo\u1ea1i s\u1ea3n ph\u1ea9m mang \u0111\u1ebfn nhi\u1ec1u s\u1ef1 l\u1ef1a ch\u1ecdn cho ng\u01b0\u1eddi ti\u00eau d\u00f9ng, lu\u00f4n \u0111\u01b0\u1ee3c ng\u01b0\u1eddi ti\u00eau d\u00f9ng l\u1ef1a ch\u1ecdn v\u00e0 tin d\u00f9ng h\u00e0ng \u0111\u1ea7u.<\/td>\n<\/tr>\n<\/tbody>\n<\/table>\n<\/div>\n<\/div>","protected":false},"excerpt":{"rendered":"<p>San Remo l\u00e0 th\u01b0\u01a1ng hi\u1ec7u n\u1ed5i ti\u1ebfng t\u1ea1i \u00dac. S\u1ea3n xu\u1ea5t v\u00e0 ph\u00e2n ph\u1ed1i s\u1ea3n ph\u1ea9m r\u1ed9ng r\u00e3i trong v\u00e0 ngo\u00e0i n\u01b0\u1edbc. San Remo kh\u00f4ng ng\u1eebng kh\u1eb3ng \u0111\u1ecbnh th\u01b0\u01a1ng hi\u1ec7u c\u1ee7a m\u00ecnh \u0111\u1ebfn v\u1edbi ng\u01b0\u1eddi ti\u00eau d\u00f9ng, lu\u00f4n mang \u0111\u1ebfn cho ng\u01b0\u1eddi ti\u00eau d\u00f9ng nh\u1eefng s\u1ea3n ph\u1ea9m uy t\u00edn ch\u1ea5t l\u01b0\u1ee3ng cao, s\u1ea1ch, Kh\u00f4ng ch\u1ee9a ch\u1ea5t b\u1ea3o qu\u1ea3n c\u0169ng nh\u01b0 nh\u1eefng h\u00f3a ch\u1ea5t \u0111\u1ed9c h\u1ea1i g\u00e2y h\u1ea1i \u0111\u1ebfn s\u1ee9c kh\u1ecfe ng\u01b0\u1eddi ti\u00eau d\u00f9ng. \u0110a d\u1ea1ng h\u00f3a nhi\u1ec1u lo\u1ea1i s\u1ea3n ph\u1ea9m mang \u0111\u1ebfn nhi\u1ec1u s\u1ef1 l\u1ef1a ch\u1ecdn cho ng\u01b0\u1eddi ti\u00eau d\u00f9ng, lu\u00f4n \u0111\u01b0\u1ee3c ng\u01b0\u1eddi ti\u00eau d\u00f9ng l\u1ef1a ch\u1ecdn v\u00e0 tin d\u00f9ng h\u00e0ng \u0111\u1ea7u.<\/p>","protected":false},"featured_media":6472,"comment_status":"open","ping_status":"closed","template":"","meta":[],"product_brand":[],"product_cat":[36],"product_tag":[],"class_list":{"0":"post-6471","1":"product","2":"type-product","3":"status-publish","4":"has-post-thumbnail","6":"product_cat-thuc-pham-tieu-dung","7":"pa_brand-san-remo","9":"first","10":"instock","11":"sale","12":"shipping-taxable","13":"purchasable","14":"product-type-simple"},"_links":{"self":[{"href":"https:\/\/havamall.vn\/en\/wp-json\/wp\/v2\/product\/6471"}],"collection":[{"href":"https:\/\/havamall.vn\/en\/wp-json\/wp\/v2\/product"}],"about":[{"href":"https:\/\/havamall.vn\/en\/wp-json\/wp\/v2\/types\/product"}],"replies":[{"embeddable":true,"href":"https:\/\/havamall.vn\/en\/wp-json\/wp\/v2\/comments?post=6471"}],"version-history":[{"count":0,"href":"https:\/\/havamall.vn\/en\/wp-json\/wp\/v2\/product\/6471\/revisions"}],"wp:featuredmedia":[{"embeddable":true,"href":"https:\/\/havamall.vn\/en\/wp-json\/wp\/v2\/media\/6472"}],"wp:attachment":[{"href":"https:\/\/havamall.vn\/en\/wp-json\/wp\/v2\/media?parent=6471"}],"wp:term":[{"taxonomy":"product_brand","embeddable":true,"href":"https:\/\/havamall.vn\/en\/wp-json\/wp\/v2\/product_brand?post=6471"},{"taxonomy":"product_cat","embeddable":true,"href":"https:\/\/havamall.vn\/en\/wp-json\/wp\/v2\/product_cat?post=6471"},{"taxonomy":"product_tag","embeddable":true,"href":"https:\/\/havamall.vn\/en\/wp-json\/wp\/v2\/product_tag?post=6471"}],"curies":[{"name":"wp","href":"https:\/\/api.w.org\/{rel}","templated":true}]}}