{"id":6447,"date":"2018-06-14T13:40:14","date_gmt":"2018-06-14T06:40:14","guid":{"rendered":"https:\/\/havamall.vn\/?post_type=product&#038;p=6447"},"modified":"2021-12-23T11:45:54","modified_gmt":"2021-12-23T04:45:54","slug":"mi-nui-spirals-san-remo-so-16-goi-500g","status":"publish","type":"product","link":"https:\/\/havamall.vn\/en\/shop\/mi-nui-spirals-san-remo-so-16-goi-500g\/","title":{"rendered":"M\u00ec Nui Spirals San Remo s\u1ed1 16 G\u00f3i 500G"},"content":{"rendered":"<table class=\"table table-striped-odd specification\">\n<tbody>\n<tr>\n<th class=\"display-name\" colspan=\"1\" rowspan=\"1\">Quy c\u00e1ch \u0111\u00f3ng g\u00f3i<\/th>\n<td colspan=\"1\" rowspan=\"1\">G\u00f3i<\/td>\n<\/tr>\n<tr>\n<th class=\"display-name\" colspan=\"1\" rowspan=\"1\">Xu\u1ea5t x\u1ee9<\/th>\n<td colspan=\"1\" rowspan=\"1\">\u00dac<\/td>\n<\/tr>\n<tr>\n<th class=\"display-name\" colspan=\"1\" rowspan=\"1\">N\u01a1i s\u1ea3n xu\u1ea5t<\/th>\n<td colspan=\"1\" rowspan=\"1\">Vi\u1ec7t Nam<\/td>\n<\/tr>\n<tr>\n<th class=\"display-name\" colspan=\"1\" rowspan=\"1\">H\u1ea1n s\u1eed d\u1ee5ng<\/th>\n<td colspan=\"1\" rowspan=\"1\">Xem tr\u00ean bao b\u00ec s\u1ea3n ph\u1ea9m<\/td>\n<\/tr>\n<tr>\n<th class=\"display-name\" colspan=\"1\" rowspan=\"1\">Th\u00e0nh ph\u1ea7n<\/th>\n<td colspan=\"1\" rowspan=\"1\">100% l\u00faa m\u00ec, c\u00f3 th\u1ec3 c\u00f3 m\u1ed9t \u00edt tr\u1ee9ng v\u00e0 \u0111\u1eadu n\u00e0nh.<\/td>\n<\/tr>\n<tr>\n<th class=\"display-name\" colspan=\"1\" rowspan=\"1\">Net WT<\/th>\n<td colspan=\"1\" rowspan=\"1\">500gr<\/td>\n<\/tr>\n<\/tbody>\n<\/table>\n<div class=\"\"><\/div>\n<div>\n<p><strong>M\u00ec Nui Spirals San Remo s\u1ed1 16 G\u00f3i 500G<\/strong>\u00a0v\u1edbi h\u01b0\u01a1ng v\u1ecb th\u01a1m ngon v\u00e0 \u0111\u1ea3m b\u1ea3o an to\u00e0n v\u1ec7 sinh th\u1ef1c ph\u1ea9m s\u1ebd l\u00e0 l\u1ef1a ch\u1ecdn th\u00edch h\u1ee3p d\u00e0nh cho b\u1ea1n.<\/p>\n<p><img fetchpriority=\"high\" decoding=\"async\" class=\"wp-image-12477 aligncenter\" src=\"https:\/\/havamall.vn\/wp-content\/uploads\/2018\/06\/th\u1ecbt-b\u00f2-x\u00e0o-nui-xo\u1eafn-300x200.jpg\" alt=\"\" width=\"566\" height=\"377\" srcset=\"https:\/\/havamall.vn\/wp-content\/uploads\/2018\/06\/th\u1ecbt-b\u00f2-x\u00e0o-nui-xo\u1eafn-300x200.jpg 300w, https:\/\/havamall.vn\/wp-content\/uploads\/2018\/06\/th\u1ecbt-b\u00f2-x\u00e0o-nui-xo\u1eafn-430x286.jpg 430w, https:\/\/havamall.vn\/wp-content\/uploads\/2018\/06\/th\u1ecbt-b\u00f2-x\u00e0o-nui-xo\u1eafn-150x100.jpg 150w, https:\/\/havamall.vn\/wp-content\/uploads\/2018\/06\/th\u1ecbt-b\u00f2-x\u00e0o-nui-xo\u1eafn.jpg 500w\" sizes=\"(max-width: 566px) 100vw, 566px\" \/><\/p>\n<p><strong>\u0110\u1eb7c \u0110i\u1ec3m S\u1ea3n Ph\u1ea9m:\u00a0<\/strong><\/p>\n<p>Nui \u0111\u01b0\u1ee3c ch\u1ebf bi\u1ebfn t\u1eeb h\u1ea1t m\u00ec c\u1ee9ng v\u00e0 tr\u1ee9ng, gia v\u1ecb qua quy tr\u00ecnh s\u1ea3n xu\u1ea5t kh\u00e9p k\u00edn d\u01b0\u1edbi s\u1ef1 gi\u00e1m s\u00e1t v\u00e0 ki\u1ec3m tra nghi\u00eam ng\u1eb7t \u0111\u1ec3 t\u1ea1o ra mi\u1ebfng nui dai, v\u00e0ng \u00f3ng.<\/p>\n<p>C\u00e1c nguy\u00ean li\u1ec7u \u0111\u1ec1u l\u1ea5y t\u1eeb t\u1ef1 nhi\u00ean, kh\u00f4ng ch\u1ee9a h\u00f3a ch\u1ea5t, kh\u00f4ng s\u1eed d\u1ee5ng ch\u1ea5t b\u1ea3o qu\u1ea3n, \u0111\u1ea1t y\u00eau c\u1ea7u an to\u00e0n v\u1ec7 sinh th\u1ef1c ph\u1ea9m.<\/p>\n<p>S\u1ea3n ph\u1ea9m cung c\u1ea5p h\u00e0m l\u01b0\u1ee3ng tinh b\u1ed9t, protein \u0111\u00e1ng k\u1ec3 v\u00e0 cung c\u1ea5p ngu\u1ed3n n\u0103ng l\u01b0\u1ee3ng d\u1ed3i d\u00e0o cho c\u01a1 th\u1ec3 su\u1ed1t ng\u00e0y d\u00e0i ho\u1ea1t \u0111\u1ed9ng.<\/p>\n<p>Nui d\u1ea1ng xo\u1eafn v\u1eeba, dai, d\u1ec5 \u0103n, c\u00f3 th\u1ec3 ch\u1ebf bi\u1ebfn th\u00e0nh nhi\u1ec1u m\u00f3n \u0103n kh\u00e1c nhau nh\u01b0 nui x\u00e0o rau c\u1ee7, nui x\u00e0o h\u1ea3i s\u1ea3n, h\u1ee7 ti\u1ebfu nui,&#8230;<\/p>\n<p>S\u1ea3n ph\u1ea9m \u0111\u01b0\u1ee3c \u0111\u00f3ng g\u00f3i k\u1ef9 l\u01b0\u1ee1ng, thu\u1eadn l\u1ee3i cho b\u1ea1n mang \u0111i du l\u1ecbch hay d\u00e3 ngo\u1ea1i c\u00f9ng b\u1ea1n b\u00e8, ng\u01b0\u1eddi th\u00e2n.<\/p>\n<p><img decoding=\"async\" class=\"aligncenter\" src=\"https:\/\/havamall.vn\/wp-content\/uploads\/2018\/06\/9310155202138_1.jpg\" alt=\"\" width=\"460\" height=\"600\" \/><\/p>\n<p><img decoding=\"async\" class=\"aligncenter\" src=\"https:\/\/havamall.vn\/wp-content\/uploads\/2018\/06\/9310155202138_2.jpg\" alt=\"\" width=\"460\" height=\"600\" \/><\/p>\n<p><strong>Th\u00f4ng tin th\u01b0\u01a1ng hi\u1ec7u:\u00a0<\/strong><\/p>\n<p>San Remo l\u00e0 th\u01b0\u01a1ng hi\u1ec7u thu\u1ed9c C\u00f4ng Ty San Remo Macaroni co. Pty, Ltd. \u0110\u00e2y l\u00e0 doanh nghi\u1ec7p \u00dac chuy\u00ean s\u1ea3n xu\u1ea5t v\u00e0 ph\u1ea5n ph\u1ed1i c\u00e1c m\u1eb7t h\u00e0ng th\u1ef1c ph\u1ea9m t\u1ea1i \u00dac. S\u1ea3n ph\u1ea9m \u0111\u01b0\u1ee3c nh\u1eadp kh\u1ea9u b\u1edfi c\u00f4ng ty TNHH Trung Minh Th\u00e0nh<\/p>\n<\/div>","protected":false},"excerpt":{"rendered":"<p>San Remo l\u00e0 th\u01b0\u01a1ng hi\u1ec7u thu\u1ed9c C\u00f4ng Ty San Remo Macaroni co. Pty, Ltd. \u0110\u00e2y l\u00e0 doanh nghi\u1ec7p \u00dac chuy\u00ean s\u1ea3n xu\u1ea5t v\u00e0 ph\u1ea5n ph\u1ed1i c\u00e1c m\u1eb7t h\u00e0ng th\u1ef1c ph\u1ea9m t\u1ea1i \u00dac. S\u1ea3n ph\u1ea9m \u0111\u01b0\u1ee3c nh\u1eadp kh\u1ea9u b\u1edfi c\u00f4ng ty TNHH Trung Minh Th\u00e0nh<\/p>","protected":false},"featured_media":6450,"comment_status":"open","ping_status":"closed","template":"","meta":[],"product_brand":[],"product_cat":[134],"product_tag":[],"class_list":{"0":"post-6447","1":"product","2":"type-product","3":"status-publish","4":"has-post-thumbnail","6":"product_cat-thucpham-saykho","7":"pa_brand-san-remo","9":"first","10":"outofstock","11":"shipping-taxable","12":"purchasable","13":"product-type-simple"},"_links":{"self":[{"href":"https:\/\/havamall.vn\/en\/wp-json\/wp\/v2\/product\/6447"}],"collection":[{"href":"https:\/\/havamall.vn\/en\/wp-json\/wp\/v2\/product"}],"about":[{"href":"https:\/\/havamall.vn\/en\/wp-json\/wp\/v2\/types\/product"}],"replies":[{"embeddable":true,"href":"https:\/\/havamall.vn\/en\/wp-json\/wp\/v2\/comments?post=6447"}],"version-history":[{"count":0,"href":"https:\/\/havamall.vn\/en\/wp-json\/wp\/v2\/product\/6447\/revisions"}],"wp:featuredmedia":[{"embeddable":true,"href":"https:\/\/havamall.vn\/en\/wp-json\/wp\/v2\/media\/6450"}],"wp:attachment":[{"href":"https:\/\/havamall.vn\/en\/wp-json\/wp\/v2\/media?parent=6447"}],"wp:term":[{"taxonomy":"product_brand","embeddable":true,"href":"https:\/\/havamall.vn\/en\/wp-json\/wp\/v2\/product_brand?post=6447"},{"taxonomy":"product_cat","embeddable":true,"href":"https:\/\/havamall.vn\/en\/wp-json\/wp\/v2\/product_cat?post=6447"},{"taxonomy":"product_tag","embeddable":true,"href":"https:\/\/havamall.vn\/en\/wp-json\/wp\/v2\/product_tag?post=6447"}],"curies":[{"name":"wp","href":"https:\/\/api.w.org\/{rel}","templated":true}]}}