{"id":6443,"date":"2018-06-14T13:20:43","date_gmt":"2018-06-14T06:20:43","guid":{"rendered":"https:\/\/havamall.vn\/?post_type=product&#038;p=6443"},"modified":"2019-11-14T14:04:54","modified_gmt":"2019-11-14T07:04:54","slug":"mien-vermicelli-san-remo-so-2-goi-500g","status":"publish","type":"product","link":"https:\/\/havamall.vn\/en\/shop\/mien-vermicelli-san-remo-so-2-goi-500g\/","title":{"rendered":"Mi\u1ebfn Vermicelli San Remo S\u1ed1 2 G\u00f3i 500G"},"content":{"rendered":"<table class=\"table table-striped-odd specification\">\n<tbody>\n<tr>\n<th class=\"display-name\" colspan=\"1\" rowspan=\"1\">Quy c\u00e1ch \u0111\u00f3ng g\u00f3i<\/th>\n<td colspan=\"1\" rowspan=\"1\">G\u00f3i<\/td>\n<\/tr>\n<tr>\n<th class=\"display-name\" colspan=\"1\" rowspan=\"1\">Xu\u1ea5t x\u1ee9<\/th>\n<td colspan=\"1\" rowspan=\"1\">\u00dac<\/td>\n<\/tr>\n<tr>\n<th class=\"display-name\" colspan=\"1\" rowspan=\"1\">N\u01a1i s\u1ea3n xu\u1ea5t<\/th>\n<td colspan=\"1\" rowspan=\"1\">Vi\u1ec7t Nam<\/td>\n<\/tr>\n<tr>\n<th class=\"display-name\" colspan=\"1\" rowspan=\"1\">H\u1ea1n s\u1eed d\u1ee5ng<\/th>\n<td colspan=\"1\" rowspan=\"1\">Xem tr\u00ean bao b\u00ec s\u1ea3n ph\u1ea9m<\/td>\n<\/tr>\n<tr>\n<th class=\"display-name\" colspan=\"1\" rowspan=\"1\">Th\u00e0nh ph\u1ea7n<\/th>\n<td colspan=\"1\" rowspan=\"1\">100% l\u00faa m\u00ec, c\u00f3 th\u1ec3 c\u00f3 m\u1ed9t \u00edt tr\u1ee9ng v\u00e0 \u0111\u1eadu n\u00e0nh.<\/td>\n<\/tr>\n<tr>\n<th class=\"display-name\" colspan=\"1\" rowspan=\"1\">Net WT<\/th>\n<td colspan=\"1\" rowspan=\"1\">500gr<\/td>\n<\/tr>\n<\/tbody>\n<\/table>\n<div class=\"\"><\/div>\n<div>\n<p><strong>Th\u00f4ng s\u1ed1 s\u1ea3n ph\u1ea9m\u00a0<\/strong><strong>Mi\u1ebfn Vermicelli San Remo S\u1ed1 2 G\u00f3i 500 G<\/strong>\u00a0\u0111\u01b0\u1ee3c l\u00e0m t\u1eeb c\u00e1c nguy\u00ean li\u1ec7u t\u1ef1 nhi\u00ean g\u1ed3m: l\u00faa m\u00ec, tr\u1ee9ng, \u0111\u1eadu n\u00e0nh,&#8230; kh\u00f4ng ch\u1ea5t b\u1ea3o qu\u1ea3n \u0111\u1ed9c h\u1ea1i, mang \u0111\u1ebfn s\u1ef1 an t\u00e2m cho ng\u01b0\u1eddi ti\u00eau d\u00f9ng. S\u1ea3n ph\u1ea9m l\u00e0 s\u1ef1 k\u1ebft h\u1ee3p \u0111\u1ed9c \u0111\u00e1o gi\u1eefa c\u00f4ng th\u1ee9c truy\u1ec1n th\u1ed1ng v\u00e0 quy tr\u00ecnh ch\u1ebf bi\u1ebfn hi\u1ec7n \u0111\u1ea1i \u0111em l\u1ea1i ch\u1ea5t l\u01b0\u1ee3ng t\u1ed1t nh\u1ea5t.<\/p>\n<p><strong>\u0110\u1eb7c \u0111i\u1ec3m s\u1ea3n ph\u1ea9m:<\/strong><\/p>\n<ul>\n<li>S\u1ea3n ph\u1ea9m\u00a0gi\u00fap cung c\u1ea5p n\u0103ng l\u01b0\u1ee3ng, vitamin, d\u01b0\u1ee1ng ch\u1ea5t c\u1ea7n thi\u1ebft cho c\u00e1c ho\u1ea1t \u0111\u1ed9ng h\u00e0ng ng\u00e0y.<\/li>\n<li>S\u1ea3n ph\u1ea9m c\u00f3 h\u01b0\u01a1ng v\u1ecb th\u01a1m ngon c\u1ee7a nh\u1eefng nguy\u00ean li\u1ec7u t\u1ef1 nhi\u00ean, khi n\u1ea5u ch\u00edn s\u1ee3i m\u00ec tr\u1edf n\u00ean dai gi\u00f2n, \u0111\u1eadm \u0111\u00e0, k\u00edch th\u00edch v\u1ecb gi\u00e1c.<\/li>\n<li>S\u1ea3n ph\u1ea9m\u00a0\u0111\u01b0\u1ee3c s\u1ea3n xu\u1ea5t theo c\u00f4ng ngh\u1ec7 hi\u1ec7n \u0111\u1ea1i, m\u1ecdi kh\u00e2u t\u1eeb tuy\u1ec3n ch\u1ecdn nguy\u00ean li\u1ec7u t\u1edbi ch\u1ebf bi\u1ebfn, \u0111\u00f3ng g\u00f3i \u0111\u1ec1u di\u1ec5n ra kh\u00e9p k\u00edn d\u01b0\u1edbi s\u1ef1 gi\u00e1m s\u00e1t v\u00e0 ki\u1ec3m tra nghi\u00eam ng\u1eb7t, \u0111\u1ea3m b\u1ea3o an to\u00e0n cho s\u1ee9c kh\u1ecfe ng\u01b0\u1eddi ti\u00eau d\u00f9ng.<\/li>\n<li>S\u1ea3n ph\u1ea9m\u00a0\u0111\u01b0\u1ee3c \u0111\u00f3ng g\u00f3i ti\u1ec7n d\u1ee5ng, d\u1ec5 b\u1ea3o qu\u1ea3n v\u00e0 d\u00f9ng \u0111\u01b0\u1ee3c l\u00e2u. B\u1ea1n c\u0169ng c\u00f3 th\u1ec3 mang theo d\u1ec5 d\u00e0ng trong nh\u1eefng chuy\u1ebfn \u0111i ch\u01a1i, picnic \u0111\u1ec3 c\u00f9ng chia s\u1ebb v\u1edbi m\u1ecdi ng\u01b0\u1eddi.<\/li>\n<\/ul>\n<p><img fetchpriority=\"high\" decoding=\"async\" class=\"wp-image-12485 aligncenter\" src=\"https:\/\/havamall.vn\/wp-content\/uploads\/2018\/06\/singapore_noodles-1-1500x999-300x200.jpg\" alt=\"\" width=\"572\" height=\"381\" srcset=\"https:\/\/havamall.vn\/wp-content\/uploads\/2018\/06\/singapore_noodles-1-1500x999-300x200.jpg 300w, https:\/\/havamall.vn\/wp-content\/uploads\/2018\/06\/singapore_noodles-1-1500x999-430x286.jpg 430w, https:\/\/havamall.vn\/wp-content\/uploads\/2018\/06\/singapore_noodles-1-1500x999-150x100.jpg 150w, https:\/\/havamall.vn\/wp-content\/uploads\/2018\/06\/singapore_noodles-1-1500x999-700x466.jpg 700w, https:\/\/havamall.vn\/wp-content\/uploads\/2018\/06\/singapore_noodles-1-1500x999-768x511.jpg 768w, https:\/\/havamall.vn\/wp-content\/uploads\/2018\/06\/singapore_noodles-1-1500x999-1024x682.jpg 1024w, https:\/\/havamall.vn\/wp-content\/uploads\/2018\/06\/singapore_noodles-1-1500x999-1200x799.jpg 1200w, https:\/\/havamall.vn\/wp-content\/uploads\/2018\/06\/singapore_noodles-1-1500x999-600x400.jpg 600w, https:\/\/havamall.vn\/wp-content\/uploads\/2018\/06\/singapore_noodles-1-1500x999.jpg 1500w\" sizes=\"(max-width: 572px) 100vw, 572px\" \/><\/p>\n<p><img decoding=\"async\" class=\"aligncenter\" src=\"https:\/\/havamall.vn\/wp-content\/uploads\/2018\/06\/9310155100137_1.jpg\" alt=\"\" width=\"460\" height=\"600\" \/><\/p>\n<p><img decoding=\"async\" class=\"aligncenter\" src=\"https:\/\/havamall.vn\/wp-content\/uploads\/2018\/06\/9310155100137_2.jpg\" alt=\"\" width=\"460\" height=\"600\" \/><strong>Th\u00f4ng tin th\u01b0\u01a1ng hi\u1ec7u:<\/strong><br \/>\nSan Remo l\u00e0 th\u01b0\u01a1ng hi\u1ec7u m\u00ec \u00fd n\u1ed5i ti\u1ebfng c\u1ee7a \u00dac. Ng\u00e0y nay \u01b0\u1edbc t\u00ednh c\u00e1c s\u1ea3n ph\u1ea9m c\u1ee7a th\u01b0\u01a1ng hi\u1ec7u \u0111\u00e3 \u0111\u01b0\u1ee3c b\u00e1n r\u1ed9ng r\u00e3i \u1edf c\u00e1c qu\u1ed1c gia tr\u00ean to\u00e0n th\u1ebf gi\u1edbi. C\u00e1c s\u1ea3n ph\u1ea9m c\u1ee7a San Remo lu\u00f4n l\u00e0 l\u1ef1a ch\u1ecdn h\u00e0ng \u0111\u1ea7u c\u1ee7a ng\u01b0\u1eddi ti\u00eau d\u00f9ng.<\/p>\n<\/div>","protected":false},"excerpt":{"rendered":"<p>San Remo l\u00e0 th\u01b0\u01a1ng hi\u1ec7u m\u00ec \u00fd n\u1ed5i ti\u1ebfng c\u1ee7a \u00dac. Ng\u00e0y nay \u01b0\u1edbc t\u00ednh c\u00e1c s\u1ea3n ph\u1ea9m c\u1ee7a th\u01b0\u01a1ng hi\u1ec7u \u0111\u00e3 \u0111\u01b0\u1ee3c b\u00e1n r\u1ed9ng r\u00e3i \u1edf c\u00e1c qu\u1ed1c gia tr\u00ean to\u00e0n th\u1ebf gi\u1edbi. C\u00e1c s\u1ea3n ph\u1ea9m c\u1ee7a San Remo lu\u00f4n l\u00e0 l\u1ef1a ch\u1ecdn h\u00e0ng \u0111\u1ea7u c\u1ee7a ng\u01b0\u1eddi ti\u00eau d\u00f9ng.<\/p>","protected":false},"featured_media":6444,"comment_status":"open","ping_status":"closed","template":"","meta":[],"product_brand":[],"product_cat":[626],"product_tag":[],"class_list":{"0":"post-6443","1":"product","2":"type-product","3":"status-publish","4":"has-post-thumbnail","6":"product_cat-het-hang","7":"pa_brand-san-remo","9":"first","10":"outofstock","11":"shipping-taxable","12":"purchasable","13":"product-type-simple"},"_links":{"self":[{"href":"https:\/\/havamall.vn\/en\/wp-json\/wp\/v2\/product\/6443"}],"collection":[{"href":"https:\/\/havamall.vn\/en\/wp-json\/wp\/v2\/product"}],"about":[{"href":"https:\/\/havamall.vn\/en\/wp-json\/wp\/v2\/types\/product"}],"replies":[{"embeddable":true,"href":"https:\/\/havamall.vn\/en\/wp-json\/wp\/v2\/comments?post=6443"}],"version-history":[{"count":0,"href":"https:\/\/havamall.vn\/en\/wp-json\/wp\/v2\/product\/6443\/revisions"}],"wp:featuredmedia":[{"embeddable":true,"href":"https:\/\/havamall.vn\/en\/wp-json\/wp\/v2\/media\/6444"}],"wp:attachment":[{"href":"https:\/\/havamall.vn\/en\/wp-json\/wp\/v2\/media?parent=6443"}],"wp:term":[{"taxonomy":"product_brand","embeddable":true,"href":"https:\/\/havamall.vn\/en\/wp-json\/wp\/v2\/product_brand?post=6443"},{"taxonomy":"product_cat","embeddable":true,"href":"https:\/\/havamall.vn\/en\/wp-json\/wp\/v2\/product_cat?post=6443"},{"taxonomy":"product_tag","embeddable":true,"href":"https:\/\/havamall.vn\/en\/wp-json\/wp\/v2\/product_tag?post=6443"}],"curies":[{"name":"wp","href":"https:\/\/api.w.org\/{rel}","templated":true}]}}