{"id":5453,"date":"2018-06-07T13:06:18","date_gmt":"2018-06-07T06:06:18","guid":{"rendered":"https:\/\/havamall.vn\/shop\/import-placeholder-for-3795\/"},"modified":"2021-06-04T17:47:53","modified_gmt":"2021-06-04T10:47:53","slug":"co-xeo-nho-e-l-f-studio-small-angled-brush","status":"publish","type":"product","link":"https:\/\/havamall.vn\/en\/shop\/co-xeo-nho-e-l-f-studio-small-angled-brush\/","title":{"rendered":"C\u1ecd X\u00e9o Nh\u1ecf E.L.F. Studio Small Angled Brush"},"content":{"rendered":"<p><strong>C\u1ecd X\u00e9o Nh\u1ecf E.L.F. Studio Small Angled Brush &#8211; 84010<\/strong>\u00a0s\u1ebd l\u00e0 m\u1ed9t d\u1ee5ng c\u1ee5 h\u1ed7 tr\u1ee3 \u0111\u1eafc l\u1ef1c cho b\u1ea1n trong vi\u1ec7c\u00a0trang \u0111i\u1ec3m\u00a0chuy\u00ean nghi\u1ec7p. C\u1ecd v\u1edbi thi\u1ebft k\u1ebf ho\u00e0n h\u1ea3o c\u00f9ng \u0111\u1ea7u l\u00f4ng m\u1ec1m m\u1ea1i s\u1ebd gi\u00fap b\u1ea1n ho\u00e0n th\u00e0nh c\u00e1c b\u01b0\u1edbc v\u1ebd \u0111\u01b0\u1eddng vi\u1ec1n m\u00f4i, ch\u00e2n m\u00e0y v\u00e0 vi\u1ec1n m\u1eaft. Ch\u1ec9 v\u1edbi m\u1ed9t chi\u1ebfc c\u1ecd nh\u1ecf, b\u1ea1n s\u1ebd nhanh ch\u00f3ng bi\u1ebfn \u0111\u1ed5i g\u01b0\u01a1ng m\u1eb7t c\u1ee7a m\u00ecnh tr\u1edf n\u00ean thu h\u00fat v\u00e0 \u1ea5n t\u01b0\u1ee3ng h\u01a1n.<\/p>\n<p><img decoding=\"async\" class=\"aligncenter\" src=\"https:\/\/havamall.vn\/wp-content\/uploads\/2018\/06\/1458203321413_brow.jpg\" \/><br \/>\n<strong>Th\u00f4ng tin s\u1ea3n ph\u1ea9m<\/strong><\/p>\n<p><strong>Lo\u1ea1i s\u1ea3n ph\u1ea9m<\/strong><\/p>\n<p>E.L.F. Studio Small Angled Brush l\u00e0\u00a0c\u1ecd trang \u0111i\u1ec3m\u00a0chuy\u00ean nghi\u1ec7p d\u00f9ng \u0111\u1ec3 v\u1ebd \u0111\u01b0\u1eddng vi\u1ec1n m\u00f4i, ch\u00e2n m\u00e0y v\u00e0 vi\u1ec1n m\u1eaft. B\u1ea1n c\u00f3 th\u1ec3 d\u00f9ng c\u1ecd \u0111\u1ec3 trang \u0111i\u1ec3m c\u00e1 nh\u00e2n ho\u1eb7c l\u00e0m c\u00f4ng c\u1ee5 \u0111\u1ec3 tr\u1edf th\u00e0nh m\u1ed9t ngh\u1ec7 s\u0129 trang \u0111i\u1ec3m chuy\u00ean nghi\u1ec7p.<\/p>\n<p><strong>Thi\u1ebft k\u1ebf ho\u00e0n h\u1ea3o, l\u00f4ng c\u1ecd kh\u00e1ng khu\u1ea9n<\/strong><\/p>\n<p>C\u1ecd trang \u0111i\u1ec3m chuy\u00ean nghi\u1ec7p E.L.F. Studio v\u1edbi thi\u1ebft k\u1ebf \u0111\u1ea7u c\u1ecd x\u00e9o ho\u00e0n h\u1ea3o ti\u1ec7n d\u1ee5ng, \u0111\u1ea7u l\u00f4ng c\u1ecd nh\u00e2n t\u1ea1o m\u1ec1m m\u1ea1i v\u1edbi kh\u1ea3 n\u0103ng kh\u00e1ng khu\u1ea9n cao, \u0111\u1ea3m b\u1ea3o an to\u00e0n cho b\u1ea1n khi s\u1eed d\u1ee5ng. C\u00e1c s\u1ee3i l\u00f4ng m\u1ec1m m\u1ecbn, kh\u00f4ng g\u00e2y k\u00edch \u1ee9ng da, cho c\u1ea3m gi\u00e1c \u00eam \u00e1i ngay c\u1ea3 khi s\u1eed d\u1ee5ng \u1edf nh\u1eefng v\u00f9ng da nh\u1ea1y c\u1ea3m.<\/p>\n<p><strong>S\u1eed d\u1ee5ng \u0111\u01b0\u1ee3c v\u1edbi nhi\u1ec1u lo\u1ea1i ph\u1ea5n<\/strong><\/p>\n<p>B\u1ea1n c\u00f3 th\u1ec3 s\u1eed d\u1ee5ng c\u1ecd E.L.F. Studio Small Angled Brush \u0111\u1ec3 \u0111\u00e1nh ph\u1ea5n kh\u00f4 ho\u1eb7c \u01b0\u1edbt m\u00e0 kh\u00f4ng l\u00e0m \u1ea3nh h\u01b0\u1edfng \u0111\u1ebfn ch\u1ea5t l\u01b0\u1ee3ng v\u00e0 hi\u1ec7u qu\u1ea3 t\u00e1n \u0111\u1ec1u ph\u1ea5n tr\u00ean da.<\/p>\n<p><strong><img fetchpriority=\"high\" decoding=\"async\" class=\"aligncenter wp-image-3799 size-full\" src=\"https:\/\/havamall.vn\/wp-content\/uploads\/2018\/06\/5b3b1fd6c5472_photo-2.jpg\" alt=\"\" width=\"640\" height=\"480\" \/><\/strong><\/p>\n<p><strong>H\u01b0\u1edbng d\u1eabn b\u1ea3o qu\u1ea3n<\/strong><\/p>\n<p>&#8211; B\u1ea3o qu\u1ea3n n\u01a1i kh\u00f4 r\u00e1o, tho\u00e1ng m\u00e1t<\/p>\n<p>&#8211; Tr\u00e1nh ti\u1ebfp x\u00fac tr\u1ef1c ti\u1ebfp v\u1edbi \u00e1nh n\u1eafng m\u1eb7t tr\u1eddi v\u00e0 nhi\u1ec7t \u0111\u1ed9 cao<\/p>\n<p><strong>S\u1ea3n ph\u1ea9m th\u01b0\u01a1ng hi\u1ec7u M\u1ef9, nh\u1eadp kh\u1ea9u t\u1eeb M\u1ef9, \u0111\u1ea3m b\u1ea3o \u0111\u1ea7y \u0111\u1ee7 ti\u00eau chu\u1ea9n ch\u1ea5t l\u01b0\u1ee3ng Hoa K\u1ef3.<\/strong><\/p>\n<p><strong>\u0110\u01b0\u1ee3c nh\u1eadp kh\u1ea9u v\u00e0 ph\u00e2n ph\u1ed1i \u0111\u1ed9c quy\u1ec1n b\u1edfi C\u00f4ng Ty TNHH Ulink.<br \/>\n<\/strong><\/p>","protected":false},"excerpt":{"rendered":"<p>C\u1ecd X\u00e9o Nh\u1ecf E.L.F. Studio Small Angled Brush &#8211; 84010\u00a0s\u1ebd l\u00e0 m\u1ed9t d\u1ee5ng c\u1ee5 h\u1ed7 tr\u1ee3 \u0111\u1eafc l\u1ef1c cho b\u1ea1n<\/p>","protected":false},"featured_media":5477,"comment_status":"open","ping_status":"closed","template":"","meta":[],"product_brand":[],"product_cat":[626],"product_tag":[],"class_list":{"0":"post-5453","1":"product","2":"type-product","3":"status-publish","4":"has-post-thumbnail","6":"product_cat-het-hang","8":"first","9":"instock","10":"sale","11":"shipping-taxable","12":"purchasable","13":"product-type-simple"},"_links":{"self":[{"href":"https:\/\/havamall.vn\/en\/wp-json\/wp\/v2\/product\/5453"}],"collection":[{"href":"https:\/\/havamall.vn\/en\/wp-json\/wp\/v2\/product"}],"about":[{"href":"https:\/\/havamall.vn\/en\/wp-json\/wp\/v2\/types\/product"}],"replies":[{"embeddable":true,"href":"https:\/\/havamall.vn\/en\/wp-json\/wp\/v2\/comments?post=5453"}],"version-history":[{"count":0,"href":"https:\/\/havamall.vn\/en\/wp-json\/wp\/v2\/product\/5453\/revisions"}],"wp:featuredmedia":[{"embeddable":true,"href":"https:\/\/havamall.vn\/en\/wp-json\/wp\/v2\/media\/5477"}],"wp:attachment":[{"href":"https:\/\/havamall.vn\/en\/wp-json\/wp\/v2\/media?parent=5453"}],"wp:term":[{"taxonomy":"product_brand","embeddable":true,"href":"https:\/\/havamall.vn\/en\/wp-json\/wp\/v2\/product_brand?post=5453"},{"taxonomy":"product_cat","embeddable":true,"href":"https:\/\/havamall.vn\/en\/wp-json\/wp\/v2\/product_cat?post=5453"},{"taxonomy":"product_tag","embeddable":true,"href":"https:\/\/havamall.vn\/en\/wp-json\/wp\/v2\/product_tag?post=5453"}],"curies":[{"name":"wp","href":"https:\/\/api.w.org\/{rel}","templated":true}]}}