{"id":5405,"date":"2018-06-07T13:06:10","date_gmt":"2018-06-07T06:06:10","guid":{"rendered":"https:\/\/havamall.vn\/shop\/import-placeholder-for-3721\/"},"modified":"2021-06-05T11:26:48","modified_gmt":"2021-06-05T04:26:48","slug":"co-tan-nen-studio-pointed-foundation-brush-e-l-f","status":"publish","type":"product","link":"https:\/\/havamall.vn\/en\/shop\/co-tan-nen-studio-pointed-foundation-brush-e-l-f\/","title":{"rendered":"C\u1ecd T\u00e1n N\u1ec1n Studio Pointed Foundation Brush E.L.F"},"content":{"rendered":"<p>Nh\u1eefng ai c\u00f3 s\u1edf th\u00edch make up th\u00ec ch\u1eafc ch\u1eafn s\u1ebd bi\u1ebft \u0111\u01b0\u1ee3c t\u1ea7m quan tr\u1ecdng c\u1ee7a c\u00e1c chi\u1ebfc c\u1ecd nh\u01b0 th\u1ebf n\u00e0o. \u0110\u1ec3 c\u00f3 \u0111\u01b0\u1ee3c m\u1ed9t l\u1edbp trang \u0111i\u1ec3m long lanh, \u1ea5n t\u01b0\u1ee3ng th\u00ec ngo\u00e0i vi\u1ec7c s\u1eed d\u1ee5ng s\u1ea3n ph\u1ea9m t\u1ed1t, c\u1ecd \u0111\u00f3ng vai tr\u00f2 quy\u1ebft \u0111\u1ecbnh m\u1ee9c \u0111\u1ed9 th\u00e0nh c\u00f4ng c\u1ee7a b\u1ea1n. Th\u1ebf nh\u01b0ng kh\u00f4ng ph\u1ea3i ai c\u0169ng bi\u1ebft b\u1eaft \u0111\u1ea7u t\u1eeb \u0111\u00e2u v\u1edbi th\u1ebf gi\u1edbi c\u1ecd m\u00eanh m\u00f4ng, bao la. \u0110\u1eb7c bi\u1ec7t l\u00e0 nh\u1eefng b\u1ea1n \u0111ang t\u1eadp t\u00e0nh son ph\u1ea5n.<\/p>\n<p>Ra \u0111\u1eddi v\u00e0o n\u0103m 2004,\u00a0<strong>e.l.f.<\/strong>\u00a0l\u00e0 c\u00f4ng ty ti\u00ean phong trong vi\u1ec7c \u0111\u1ecbnh h\u00ecnh m\u1ed9t v\u1ebb \u0111\u1eb9p m\u1edbi, cung c\u1ea5p nh\u1eefng d\u00f2ng s\u1ea3n ph\u1ea9m d\u01b0\u1ee1ng \u1ea9m, trang \u0111i\u1ec3m ch\u1ea5t l\u01b0\u1ee3ng, theo xu h\u01b0\u1edbng m\u00e0 kh\u00e1ch h\u00e0ng kh\u00f4ng c\u1ea7n b\u1ecf ra qu\u00e1 nhi\u1ec1u ti\u1ec1n. e.l.f. \u0111\u01b0\u1ee3c xem nh\u01b0 l\u00e0 1 cu\u1ed9c c\u00e1ch m\u1ea1ng trong n\u1ec1n c\u00f4ng nghi\u1ec7p l\u00e0m \u0111\u1eb9p, \u0111i ng\u01b0\u1ee3c l\u1ea1i v\u1edbi nh\u1eefng th\u01b0\u01a1ng hi\u1ec7u \u0111\u1eaft ti\u1ec1n b\u1eb1ng nh\u1eefng ph\u01b0\u01a1ng c\u00e1ch ti\u1ebfp c\u1eadn ri\u00eang v\u00e0 \u0111\u1ed9c \u0111\u00e1o c\u1ee7a m\u00ecnh. Nh\u1eefng gi\u00e1 tr\u1ecb n\u00e0y \u0111\u01b0\u1ee3c m\u1edf r\u1ed9ng ra cho nh\u1eefng d\u00f2ng s\u1ea3n ph\u1ea9m ch\u0103m s\u00f3c da v\u00e0 trang \u0111i\u1ec3m t\u1ef1 nhi\u00ean v\u1eeba m\u1edbi ra m\u1eaft g\u1ea7n \u0111\u00e2y.<\/p>\n<p><img fetchpriority=\"high\" decoding=\"async\" class=\"aligncenter\" src=\"https:\/\/havamall.vn\/wp-content\/uploads\/2018\/06\/1850a-elf-brushes.jpg\" alt=\"K\u00e1\u00ba\u00bft qu\u00e1\u00ba\u00a3 h\u00c3\u00acnh \u00e1\u00ba\u00a3nh cho Studio Pointed Foundation Brush\" width=\"604\" height=\"474\" \/><\/p>\n<p>S\u1ea3n ph\u1ea9m \u0111\u01b0\u1ee3c thi\u1ebft k\u1ebf \u0111\u1eb7c bi\u1ec7t v\u1edbi nh\u1eefng s\u1ee3i l\u00f4ng c\u1ecd c\u1ef1c m\u1ec1m nhuy\u1ec5n. \u0110\u1ea7u c\u1ecd \u0111\u01b0\u1ee3c nghi\u00ean c\u1ee9u, tuy\u1ec3n ch\u1ecdn ch\u1ea5t li\u1ec7u th\u00edch h\u1ee3p v\u00e0 thi\u1ebft k\u1ebf \u0111\u1eb7c bi\u1ec7t\u00a0cho\u00a0ph\u00e9p ph\u1ee7 kem \u0111\u1ec1u kh\u1eafp c\u00e1c v\u1ecb tr\u00ed c\u1ee7a khu\u00f4n m\u1eb7t, mang l\u1ea1i l\u1edbp n\u1ec1n m\u1ecbn m\u00e0ng, \u0111\u1ec1u m\u00e0u ho\u00e0n h\u1ea3o. V\u01a1\u0301i thi\u00ea\u0301t k\u00ea\u0301 chuy\u00ean du\u0323ng cho ca\u0301c sa\u0309n ph\u00e2\u0309m co\u0301 da\u0323ng kem, lo\u0309ng, C\u1ecd T\u00e1n N\u1ec1n Studio Pointed Foundation Brush E.L.F<strong>\u00a0<\/strong>se\u0303 giu\u0301p ba\u0323n co\u0301 m\u00f4\u0323t l\u01a1\u0301p n\u00ea\u0300n hoa\u0300n ha\u0309o.<\/p>\n<p><strong>C\u00f4ng d\u1ee5ng:<\/strong><\/p>\n<ul>\n<li>S\u1eed d\u1ee5ng \u0111\u1ec3 t\u00e1n kem n\u1ec1n.<\/li>\n<\/ul>\n<p><img decoding=\"async\" class=\"aligncenter\" src=\"https:\/\/havamall.vn\/wp-content\/uploads\/2018\/06\/1441443046_11_750x563.jpg\" alt=\"K\u00e1\u00ba\u00bft qu\u00e1\u00ba\u00a3 h\u00c3\u00acnh \u00e1\u00ba\u00a3nh cho Studio Foundation Brush elf\" \/><\/p>\n<p><strong>B\u1ea3o qu\u1ea3n:<\/strong><\/p>\n<p>N\u01a1i kh\u00f4 r\u00e1o, tho\u00e1ng m\u00e1t.<\/p>\n<p>Tr\u00e1nh \u00e1nh n\u1eafng tr\u1ef1c ti\u1ebfp<\/p>\n<p><strong>Th\u01b0\u01a1ng hi\u1ec7u:<\/strong>\u00a0e.l.f.<\/p>\n<p><strong>Xu\u1ea5t x\u1ee9<\/strong>: M\u1ef9.<\/p>","protected":false},"excerpt":{"rendered":"<p>Nh\u1eefng ai c\u00f3 s\u1edf th\u00edch make up th\u00ec ch\u1eafc ch\u1eafn s\u1ebd bi\u1ebft \u0111\u01b0\u1ee3c t\u1ea7m quan tr\u1ecdng c\u1ee7a c\u00e1c chi\u1ebfc c\u1ecd<\/p>","protected":false},"featured_media":9472,"comment_status":"open","ping_status":"closed","template":"","meta":[],"product_brand":[],"product_cat":[626],"product_tag":[],"class_list":{"0":"post-5405","1":"product","2":"type-product","3":"status-publish","4":"has-post-thumbnail","6":"product_cat-het-hang","8":"first","9":"instock","10":"sale","11":"shipping-taxable","12":"purchasable","13":"product-type-simple"},"_links":{"self":[{"href":"https:\/\/havamall.vn\/en\/wp-json\/wp\/v2\/product\/5405"}],"collection":[{"href":"https:\/\/havamall.vn\/en\/wp-json\/wp\/v2\/product"}],"about":[{"href":"https:\/\/havamall.vn\/en\/wp-json\/wp\/v2\/types\/product"}],"replies":[{"embeddable":true,"href":"https:\/\/havamall.vn\/en\/wp-json\/wp\/v2\/comments?post=5405"}],"version-history":[{"count":0,"href":"https:\/\/havamall.vn\/en\/wp-json\/wp\/v2\/product\/5405\/revisions"}],"wp:featuredmedia":[{"embeddable":true,"href":"https:\/\/havamall.vn\/en\/wp-json\/wp\/v2\/media\/9472"}],"wp:attachment":[{"href":"https:\/\/havamall.vn\/en\/wp-json\/wp\/v2\/media?parent=5405"}],"wp:term":[{"taxonomy":"product_brand","embeddable":true,"href":"https:\/\/havamall.vn\/en\/wp-json\/wp\/v2\/product_brand?post=5405"},{"taxonomy":"product_cat","embeddable":true,"href":"https:\/\/havamall.vn\/en\/wp-json\/wp\/v2\/product_cat?post=5405"},{"taxonomy":"product_tag","embeddable":true,"href":"https:\/\/havamall.vn\/en\/wp-json\/wp\/v2\/product_tag?post=5405"}],"curies":[{"name":"wp","href":"https:\/\/api.w.org\/{rel}","templated":true}]}}