{"id":5115,"date":"2018-06-07T13:05:32","date_gmt":"2018-06-07T06:05:32","guid":{"rendered":"https:\/\/havamall.vn\/shop\/import-placeholder-for-3137\/"},"modified":"2021-06-04T17:47:41","modified_gmt":"2021-06-04T10:47:41","slug":"co-nen-dau-nhon-e-l-f-studio-pointed-foundation-brush","status":"publish","type":"product","link":"https:\/\/havamall.vn\/en\/shop\/co-nen-dau-nhon-e-l-f-studio-pointed-foundation-brush\/","title":{"rendered":"C\u1ecd N\u1ec1n \u0110\u1ea7u Nh\u1ecdn E.L.F. Studio Pointed Foundation Brush"},"content":{"rendered":"<p><strong>C\u1ecd N\u1ec1n \u0110\u1ea7u Nh\u1ecdn E.L.F. Studio Pointed Foundation Brush &#8211; 84027<\/strong>\u00a0c\u0169ng c\u00f3 ch\u1ee9c n\u0103ng t\u01b0\u01a1ng t\u1ef1 nh\u01b0 nh\u1eefng chi\u1ebfc c\u1ecd n\u1ec1n kh\u00e1c c\u1ee7a th\u01b0\u01a1ng hi\u1ec7u e.l.f. Tuy nhi\u00ean, \u0111i\u1ec3m kh\u00e1c bi\u1ec7t \u1edf \u0111\u00e2y ch\u00ednh l\u00e0 v\u1ec1 thi\u1ebft k\u1ebf c\u1ee7a chi\u1ebfc c\u1ecd \u0111\u01b0\u1ee3c c\u1ea3i ti\u1ebfn \u0111\u1ec3 \u0111\u00e1p \u1ee9ng th\u00f3i quen\u00a0trang \u0111i\u1ec3m\u00a0c\u1ee7a nhi\u1ec1u b\u1ea1n n\u1eef. C\u1ecd nh\u1ecf g\u1ecdn v\u1edbi \u0111\u1ea7u tr\u00f2n s\u1ebd gi\u00fap b\u1ea1n thao t\u00e1c thu\u1eadn ti\u1ec7n v\u00e0 nhanh ch\u00f3ng h\u01a1n.<\/p>\n<p><strong>E.L.F (EYES LIPS FACE)<\/strong>\u00a0l\u00e0 nh\u00e3n hi\u1ec7u m\u1ef9 ph\u1ea9m kh\u00f4ng th\u1ec3 thi\u1ebfu cho nhu c\u1ea7u trang \u0111i\u1ec3m v\u00e0 l\u00e0m \u0111\u1eb9p m\u1ed7i ng\u00e0y c\u1ee7a b\u1ea1n. E.L.F \u0111\u01b0\u1ee3c xem nh\u01b0 l\u00e0 1 cu\u1ed9c c\u00e1ch m\u1ea1ng trong n\u1ec1n c\u00f4ng nghi\u1ec7p l\u00e0m \u0111\u1eb9p, \u0111i ng\u01b0\u1ee3c l\u1ea1i v\u1edbi nh\u1eefng th\u01b0\u01a1ng hi\u1ec7u \u0111\u1eaft ti\u1ec1n b\u1eb1ng nh\u1eefng ph\u01b0\u01a1ng c\u00e1ch ti\u1ebfp c\u1eadn ri\u00eang v\u00e0 \u0111\u1ed9c \u0111\u00e1o c\u1ee7a m\u00ecnh.<\/p>\n<p><img fetchpriority=\"high\" decoding=\"async\" class=\"aligncenter\" src=\"https:\/\/havamall.vn\/wp-content\/uploads\/2018\/06\/co-nen-dau-nhon-e-l-f-studio-pointed-foundation-brush-1.jpg\" alt=\"\" width=\"700\" height=\"465\" \/><\/p>\n<p>Ra \u0111\u1eddi v\u00e0o n\u0103m 2004 t\u1ea1i M\u1ef9, E.L.F l\u00e0 C\u00f4ng ty ti\u00ean phong trong vi\u1ec7c \u0111\u1ecbnh h\u00ecnh m\u1ed9t v\u1ebb \u0111\u1eb9p m\u1edbi, cung c\u1ea5p nh\u1eefng d\u00f2ng s\u1ea3n ph\u1ea9m\u00a0d\u01b0\u1ee1ng \u1ea9m, ch\u0103m s\u00f3c da v\u00e0 trang \u0111i\u1ec3m t\u1ef1 nhi\u00ean\u00a0v\u1edbi gi\u00e1 c\u1ea3 ph\u1ea3i ch\u0103ng, \u0111em l\u1ea1i n\u00e9t r\u1ea1ng r\u1ee1 t\u1ef1 nhi\u00ean cho g\u01b0\u01a1ng m\u1eb7t. V\u1edbi s\u1ef1 \u0111a d\u1ea1ng v\u1ec1 ch\u1ee7ng lo\u1ea1i s\u1ea3n ph\u1ea9m, son b\u00f3ng quy\u1ebfn r\u0169 nhi\u1ec1u t\u00f4ng m\u00e0u v\u1edbi nhi\u1ec1u ki\u1ec3u d\u00e1ng kh\u00e1c nhau c\u0169ng nh\u01b0 son m\u00f4i d\u01b0\u1ee1ng \u1ea9m chuy\u00ean s\u00e2u \u0111em l\u1ea1i m\u00e0u s\u1eafc t\u01b0\u01a1i t\u1eafn v\u00e0 l\u00e2u phai su\u1ed1t c\u1ea3 ng\u00e0y.\u00a0B\u00ean c\u1ea1nh \u0111\u00f3, d\u00f2ng s\u1ea3n ph\u1ea9m trang \u0111i\u1ec3m kho\u00e1ng ch\u1ea5t c\u1ee7a E.L.F an to\u00e0n kh\u00f4ng ch\u1ee9a m\u00e0u nhu\u1ed9m ho\u00e1 h\u1ecdc v\u00e0 ch\u1ea5t b\u1ea3o qu\u1ea3n gi\u00fap nu\u00f4i d\u01b0\u1ee1ng l\u00e0n da c\u1ee7a b\u1ea1n s\u00e1ng b\u00f3ng, kho\u1ebb m\u1ea1nh h\u01a1n.<\/p>\n<p><strong>E.L.F. Studio Pointed Foundation Brush<\/strong>\u00a0thu\u1ed9c d\u00f2ng\u00a0c\u1ecd trang \u0111i\u1ec3m\u00a0chuy\u00ean nghi\u1ec7p c\u1ee7a th\u01b0\u01a1ng hi\u1ec7u e.l.f. s\u1ebd gi\u00fap b\u1ea1n t\u1ea1o l\u1edbp n\u1ec1n trang \u0111i\u1ec3m ho\u00e0n h\u1ea3o kh\u00f4ng t\u1ef3 v\u1ebft. S\u1ea3n ph\u1ea9m thi\u1ebft k\u1ebf \u0111\u1ed9c \u0111\u00e1o, \u0111a n\u0103ng v\u1edbi \u0111\u1ea7u nh\u1ecdn nh\u1ecf \u0111\u1eb7c bi\u1ec7t gi\u00fap cho vi\u1ec7c che ph\u1ee7 v\u00e0 t\u00e1n c\u00e1c v\u00f9ng tr\u00ean khu\u00f4n m\u1eb7t d\u1ec5 d\u00e0ng h\u01a1n bao gi\u1edd h\u1ebft. C\u1ecd n\u1ec1n \u0111\u1ea7u nh\u1ecdn e.l.f. d\u00f9ng \u0111\u01b0\u1ee3c cho c\u00e1c s\u1ea3n ph\u1ea9m d\u1ea1ng l\u1ecfng, kem ho\u1eb7c ph\u1ea5n,\u00a0kem n\u1ec1n,\u00a0kem che khuy\u1ebft \u0111i\u1ec3m\u00a0v\u00e0 kem m\u00e1.\u00a0L\u00f4ng c\u1ecd m\u1ec1m m\u1ecbn\u00a0c\u00f3 kh\u1ea3 n\u0103ng kh\u00e1ng khu\u1ea9n cao, kh\u00f4ng g\u00e2y kh\u00f3 ch\u1ecbu ngay c\u1ea3 khi s\u1eed d\u1ee5ng \u1edf nh\u1eefng v\u00f9ng da nh\u1ea1y c\u1ea3m. S\u1ea3n ph\u1ea9m gi\u00fap t\u1ea1o n\u00ean v\u1ebb m\u1ecbn m\u00e0ng v\u00e0 tinh t\u1ebf cho khu\u00f4n m\u1eb7t c\u1ee7a b\u1ea1n.<\/p>\n<p class=\"heading-cascade heading-cascade--large heading-cascade--danger editContent\">L\u00f4ng c\u1ecd si\u00eau m\u1ec1m m\u01b0\u1ee3t kh\u00f4ng g\u00e2y ng\u1ee9a cho l\u1edbp n\u1ec1n m\u1ecbn m\u00e0ng ho\u00e0n h\u1ea3o.\u00a0S\u1ea3n ph\u1ea9m th\u00edch h\u1ee3p v\u1edbi c\u00e1c s\u1ea3n ph\u1ea9m ph\u1ea5n d\u1ea1ng l\u1ecfng, kem, n\u00e9n. D\u1ec5 d\u00e0ng mang \u0111\u1ebfn cho b\u1ea1n 1 l\u1edbp n\u1ec1n trang \u0111i\u1ec3m ho\u00e0n h\u1ea3o kh\u00f4ng t\u1ef3 v\u1ebft.<\/p>\n<p class=\"heading-cascade heading-cascade--large heading-cascade--danger editContent\"><img decoding=\"async\" class=\"aligncenter\" src=\"https:\/\/havamall.vn\/wp-content\/uploads\/2018\/06\/co-nen-dau-nhon-e-l-f-studio-pointed-foundation-brush-2.jpg\" alt=\"\" width=\"750\" height=\"422\" \/><\/p>\n<p><strong>H\u01b0\u1edbng d\u1eabn s\u1eed d\u1ee5ng:<\/strong><\/p>\n<p>S\u1eed d\u1ee5ng \u0111\u1ec3 che ph\u1ee7 v\u00e0 t\u1ea1o kh\u1ed1i tr\u00ean khu\u00f4n m\u1eb7t<\/p>\n<p>D\u00f9ng c\u1ecd l\u1ea5y ra 1 l\u01b0\u1ee3ng kem v\u1eeba \u0111\u1ee7<\/p>\n<p>D\u00f9ng m\u1eb7t b\u00ean c\u1ee7a c\u1ecd \u0111\u1ec3 t\u00e1n b\u1ec1 m\u1eb7t r\u1ed9ng, \u0111\u1ea7u c\u1ecd \u0111\u1ec3 ch\u1ea5m kem v\u00e0 t\u00e1n \u1edf nh\u1eefng khu v\u1ef1c nh\u1ecf.<\/p>\n<p><strong>B\u1ea3o qu\u1ea3n:<\/strong><\/p>\n<p>V\u1ec7 sinh c\u1ecd th\u01b0\u1eddng xuy\u00ean v\u1edbi n\u01b0\u1edbc r\u1eeda c\u1ecd chuy\u00ean nghi\u1ec7p c\u1ee7a e.l.f. \u0111\u1ec3 m\u00e0u s\u1eafc s\u1ea3n ph\u1ea9m l\u00ean da trung th\u1ef1c v\u00e0 gi\u00fap k\u00e9o d\u00e0i tu\u1ed5i th\u1ecd c\u1ee7a c\u1ecd.<\/p>\n<p>Lau c\u1ecd b\u1eb1ng kh\u0103n m\u1ec1m, r\u1ed3i ph\u01a1i kh\u00f4<\/p>\n<p><strong>Xu\u1ea5t x\u1ee9:<\/strong>\u00a0E.L.F<\/p>\n<p><strong>Th\u01b0\u01a1ng hi\u1ec7u:<\/strong>\u00a0M\u1ef9<\/p>\n<p style=\"text-align: center\">","protected":false},"excerpt":{"rendered":"<p>C\u1ecd N\u1ec1n \u0110\u1ea7u Nh\u1ecdn E.L.F. Studio Pointed Foundation Brush &#8211; 84027\u00a0c\u0169ng c\u00f3 ch\u1ee9c n\u0103ng t\u01b0\u01a1ng t\u1ef1 nh\u01b0 nh\u1eefng chi\u1ebfc c\u1ecd<\/p>","protected":false},"featured_media":5154,"comment_status":"open","ping_status":"closed","template":"","meta":[],"product_brand":[],"product_cat":[626],"product_tag":[],"class_list":{"0":"post-5115","1":"product","2":"type-product","3":"status-publish","4":"has-post-thumbnail","6":"product_cat-het-hang","8":"first","9":"instock","10":"sale","11":"shipping-taxable","12":"purchasable","13":"product-type-simple"},"_links":{"self":[{"href":"https:\/\/havamall.vn\/en\/wp-json\/wp\/v2\/product\/5115"}],"collection":[{"href":"https:\/\/havamall.vn\/en\/wp-json\/wp\/v2\/product"}],"about":[{"href":"https:\/\/havamall.vn\/en\/wp-json\/wp\/v2\/types\/product"}],"replies":[{"embeddable":true,"href":"https:\/\/havamall.vn\/en\/wp-json\/wp\/v2\/comments?post=5115"}],"version-history":[{"count":0,"href":"https:\/\/havamall.vn\/en\/wp-json\/wp\/v2\/product\/5115\/revisions"}],"wp:featuredmedia":[{"embeddable":true,"href":"https:\/\/havamall.vn\/en\/wp-json\/wp\/v2\/media\/5154"}],"wp:attachment":[{"href":"https:\/\/havamall.vn\/en\/wp-json\/wp\/v2\/media?parent=5115"}],"wp:term":[{"taxonomy":"product_brand","embeddable":true,"href":"https:\/\/havamall.vn\/en\/wp-json\/wp\/v2\/product_brand?post=5115"},{"taxonomy":"product_cat","embeddable":true,"href":"https:\/\/havamall.vn\/en\/wp-json\/wp\/v2\/product_cat?post=5115"},{"taxonomy":"product_tag","embeddable":true,"href":"https:\/\/havamall.vn\/en\/wp-json\/wp\/v2\/product_tag?post=5115"}],"curies":[{"name":"wp","href":"https:\/\/api.w.org\/{rel}","templated":true}]}}