{"id":4975,"date":"2018-06-07T13:01:44","date_gmt":"2018-06-07T06:01:44","guid":{"rendered":"https:\/\/havamall.vn\/shop\/import-placeholder-for-2797\/"},"modified":"2021-06-04T17:48:42","modified_gmt":"2021-06-04T10:48:42","slug":"dung-cu-ho-tro-chai-mascara-va-phan-mat-e-l-f-studio-mascara-shadow-shield","status":"publish","type":"product","link":"https:\/\/havamall.vn\/en\/shop\/dung-cu-ho-tro-chai-mascara-va-phan-mat-e-l-f-studio-mascara-shadow-shield\/","title":{"rendered":"D\u1ee5ng C\u1ee5 H\u1ed7 Tr\u1ee3 Ch\u1ea3i Mascara V\u00e0 Ph\u1ea5n M\u1eaft E.L.F. Studio Mascara &amp; Shadow Shield"},"content":{"rendered":"<p><strong>D\u1ee5ng C\u1ee5 H\u1ed7 Tr\u1ee3 Ch\u1ea3i Mascara V\u00e0 Ph\u1ea5n M\u1eaft E.L.F. Studio Mascara &amp; Shadow Shield <\/strong>\u00a0c\u1ee7a th\u01b0\u01a1ng hi\u1ec7u e.l.f. s\u1ebd gi\u00fap b\u1ea1n\u00a0trang \u0111i\u1ec3m\u00a0m\u1ed9t c\u00e1ch nhanh ch\u00f3ng v\u00e0 d\u1ec5 d\u00e0ng h\u01a1n. S\u1ea3n ph\u1ea9m n\u1eb1m trong b\u1ed9\u00a0d\u1ee5ng c\u1ee5 trang \u0111i\u1ec3m\u00a0chuy\u00ean nghi\u1ec7p do c\u00e1c chuy\u00ean gia trang \u0111i\u1ec3m c\u1ee7a e.l.f. s\u00e1ng ch\u1ebf v\u00e0 th\u1eed nghi\u1ec7m.<\/p>\n<p><img fetchpriority=\"high\" decoding=\"async\" class=\"aligncenter\" title=\"D\u1ee5ng C\u1ee5 H\u1ed7 Tr\u1ee3 Ch\u1ea3i Mascara V\u00e0 Ph\u1ea5n M\u1eaft E.L.F. Studio Mascara &amp; Shadow Shield - 84021 \" src=\"https:\/\/havamall.vn\/wp-content\/uploads\/2018\/06\/model_13.jpg\" alt=\"D\u1ee5ng C\u1ee5 H\u1ed7 Tr\u1ee3 Ch\u1ea3i Mascara V\u00e0 Ph\u1ea5n M\u1eaft E.L.F. Studio Mascara &amp; Shadow Shield - 84021 \" width=\"700\" height=\"735\" \/><br \/>\n<strong>Th\u00f4ng tin s\u1ea3n ph\u1ea9m<\/strong><\/p>\n<p><strong>Lo\u1ea1i s\u1ea3n ph\u1ea9m<\/strong><\/p>\n<p><strong>E.L.F.<\/strong>\u00a0Studio Mascara &amp; Shadow Shield l\u00e0 m\u1ed9t mi\u1ebfng \u0111\u1ec7m c\u00f3 thi\u1ebft k\u1ebf \u0111\u1eb7c bi\u1ec7t nh\u1eb1m h\u1ed7 tr\u1ee3 cho b\u1ea1n trong vi\u1ec7c trang \u0111i\u1ec3m m\u1eaft. Nh\u1edd c\u00f3 chi\u1ebfc c\u1ecd n\u00e0y, b\u1ea1n c\u00f3 th\u1ec3 ph\u00e1t huy m\u1ed9t c\u00e1ch t\u1ed1t nh\u1ea5t kh\u1ea3 n\u0103ng trang \u0111i\u1ec3m c\u1ee7a b\u1ea3n th\u00e2n.<\/p>\n<p><strong>\u0110\u1ec7m \u0111\u01b0\u1ee3c l\u00e0m t\u1eeb silicone d\u1ec5 u\u1ed1n cong<\/strong><\/p>\n<p>V\u1edbi thi\u1ebft k\u1ebf \u0111\u1ec7m silicone ti\u1ec7n l\u1ee3i, m\u1ec1m d\u1ebbo, d\u1ec5 u\u1ed1n cong, b\u1ea1n d\u1ec5 d\u00e0ng \u0111\u1eb7t s\u1ea3n ph\u1ea9m l\u00ean m\u1eaft, ch\u1ea3i mascara ho\u1eb7c t\u00e1n ph\u1ea5n m\u00e0 kh\u00f4ng s\u1ee3 b\u1ecb lem. M\u1ed9t d\u1ee5ng c\u1ee5 l\u00fd t\u01b0\u1edfng d\u00e0nh cho c\u00e1c makeup artist chuy\u00ean nghi\u1ec7p.<\/p>\n<p><strong>An to\u00e0n, ti\u1ec7n d\u1ee5ng<\/strong><\/p>\n<p>S\u1ea3n ph\u1ea9m c\u00f3 th\u1ec3 r\u1eeda s\u1ea1ch v\u00e0 s\u1eed d\u1ee5ng nhi\u1ec1u l\u1ea7n. Tay c\u1ea7m ch\u1eafc ch\u1eafn, \u0111\u1ed9 d\u00e0i ph\u00f9 h\u1ee3p gi\u00fap b\u1ea1n thao t\u00e1c thu\u1eadn ti\u1ec7n h\u01a1n.<\/p>\n<p><strong>H\u01b0\u1edbng d\u1eabn s\u1eed d\u1ee5ng v\u00e0 b\u1ea3o qu\u1ea3n<\/strong><\/p>\n<p>&#8211; \u0110\u1eb7t mi\u1ebfng \u0111\u1ec7m s\u00e1t \u0111\u01b0\u1eddng m\u00ed d\u01b0\u1edbi ho\u1eb7c m\u00ed tr\u00ean r\u1ed3i b\u1eaft \u0111\u1ea7u \u0111\u00e1nh m\u1eaft ho\u1eb7c ch\u1ea3i mascara<\/p>\n<p>&#8211; Lau s\u1ea1ch v\u00e0 l\u1eadt mi\u1ebfng \u0111\u1ec7m l\u1ea1i \u0111\u1ec3 trang \u0111i\u1ec3m ti\u1ebfp cho m\u1eaft c\u00f2n l\u1ea1i<\/p>\n<p>&#8211; V\u1ec7 sinh th\u01b0\u1eddng xuy\u00ean v\u1edbi n\u01b0\u1edbc r\u1eeda c\u1ecd chuy\u00ean nghi\u1ec7p c\u1ee7a e.l.f. r\u1ed3i ph\u01a1i kh\u00f4<\/p>\n<p>&#8211; B\u1ea3o qu\u1ea3n n\u01a1i kh\u00f4 r\u00e1o, tho\u00e1ng m\u00e1t<\/p>\n<p>&#8211; Tr\u00e1nh ti\u1ebfp x\u00fac tr\u1ef1c ti\u1ebfp v\u1edbi \u00e1nh n\u1eafng m\u1eb7t tr\u1eddi v\u00e0 nhi\u1ec7t \u0111\u1ed9 cao<\/p>\n<p><strong>S\u1ea3n ph\u1ea9m th\u01b0\u01a1ng hi\u1ec7u M\u1ef9, nh\u1eadp kh\u1ea9u t\u1eeb M\u1ef9, \u0111\u1ea3m b\u1ea3o \u0111\u1ea7y \u0111\u1ee7 ti\u00eau chu\u1ea9n ch\u1ea5t l\u01b0\u1ee3ng Hoa K\u1ef3.<\/strong><\/p>\n<p>&nbsp;<\/p>","protected":false},"excerpt":{"rendered":"<p>D\u1ee5ng C\u1ee5 H\u1ed7 Tr\u1ee3 Ch\u1ea3i Mascara V\u00e0 Ph\u1ea5n M\u1eaft E.L.F. Studio Mascara &amp; Shadow Shield \u00a0c\u1ee7a th\u01b0\u01a1ng hi\u1ec7u e.l.f. s\u1ebd<\/p>","protected":false},"featured_media":5017,"comment_status":"open","ping_status":"closed","template":"","meta":[],"product_brand":[],"product_cat":[626],"product_tag":[],"class_list":{"0":"post-4975","1":"product","2":"type-product","3":"status-publish","4":"has-post-thumbnail","6":"product_cat-het-hang","8":"first","9":"instock","10":"sale","11":"shipping-taxable","12":"purchasable","13":"product-type-simple"},"_links":{"self":[{"href":"https:\/\/havamall.vn\/en\/wp-json\/wp\/v2\/product\/4975"}],"collection":[{"href":"https:\/\/havamall.vn\/en\/wp-json\/wp\/v2\/product"}],"about":[{"href":"https:\/\/havamall.vn\/en\/wp-json\/wp\/v2\/types\/product"}],"replies":[{"embeddable":true,"href":"https:\/\/havamall.vn\/en\/wp-json\/wp\/v2\/comments?post=4975"}],"version-history":[{"count":0,"href":"https:\/\/havamall.vn\/en\/wp-json\/wp\/v2\/product\/4975\/revisions"}],"wp:featuredmedia":[{"embeddable":true,"href":"https:\/\/havamall.vn\/en\/wp-json\/wp\/v2\/media\/5017"}],"wp:attachment":[{"href":"https:\/\/havamall.vn\/en\/wp-json\/wp\/v2\/media?parent=4975"}],"wp:term":[{"taxonomy":"product_brand","embeddable":true,"href":"https:\/\/havamall.vn\/en\/wp-json\/wp\/v2\/product_brand?post=4975"},{"taxonomy":"product_cat","embeddable":true,"href":"https:\/\/havamall.vn\/en\/wp-json\/wp\/v2\/product_cat?post=4975"},{"taxonomy":"product_tag","embeddable":true,"href":"https:\/\/havamall.vn\/en\/wp-json\/wp\/v2\/product_tag?post=4975"}],"curies":[{"name":"wp","href":"https:\/\/api.w.org\/{rel}","templated":true}]}}