{"id":4553,"date":"2018-06-07T12:25:12","date_gmt":"2018-06-07T05:25:12","guid":{"rendered":"https:\/\/havamall.vn\/?post_type=product&#038;p=4553"},"modified":"2021-06-04T17:36:43","modified_gmt":"2021-06-04T10:36:43","slug":"bong-tay-te-bao-chet-shiseido-bio-performance-super-exfoliating-discs-8-pcs","status":"publish","type":"product","link":"https:\/\/havamall.vn\/en\/shop\/bong-tay-te-bao-chet-shiseido-bio-performance-super-exfoliating-discs-8-pcs\/","title":{"rendered":"B\u00f4ng t\u1ea9y t\u1ebf b\u00e0o ch\u1ebft Shiseido Bio-Performance Super Exfoliating Discs 8 pcs"},"content":{"rendered":"<p><strong><em>Shiseido\u00a0Bio-Performance Super Exfoliating Disc c\u00f3 kh\u1ea3 n\u0103ng l\u00e0m bong tr\u00f3c t\u1ebf b\u00e0o ch\u1ebft tr\u00ean da, gi\u00fap da tr\u1edf n\u00ean s\u1ea1ch s\u1ebd v\u00e0 t\u01b0\u01a1i s\u00e1ng, t\u0103ng c\u01b0\u1eddng kh\u1ea3 n\u0103ng h\u1ea5p thu d\u01b0\u1ee1ng ch\u1ea5t cho da.<\/em><\/strong><\/p>\n<p><img decoding=\"async\" class=\"aligncenter\" src=\"https:\/\/havamall.vn\/wp-content\/uploads\/2018\/06\/Shiseido-Bio-Performance-Super-Exfoliating-Discs-NuocHoa4U-3136-2-19.jpg\" alt=\"K\u00e1\u00ba\u00bft qu\u00e1\u00ba\u00a3 h\u00c3\u00acnh \u00e1\u00ba\u00a3nh cho Shiseido Bio Performance Exfoliating Discs\" \/><\/p>\n<p>C\u0169ng gi\u1ed1ng nh\u01b0 l\u00f4ng, t\u00f3c hay m\u00f3ng, l\u00e0n da l\u00e0 c\u01a1 quan hi\u1ebfm hoi tr\u00ean c\u01a1 th\u1ec3 ng\u01b0\u1eddi c\u00f3 kh\u1ea3 n\u0103ng t\u1ef1 thay m\u1edbi. Trong qu\u00e1 tr\u00ecnh t\u00e1i t\u1ea1o \u0111\u00f3, l\u1edbp t\u1ebf b\u00e0o ch\u1ebft kh\u00f4 y\u1ebfr\u00e1p s\u1ebd b\u1ecb bong tr\u00f3c ra kh\u1ecfi b\u1ec1 m\u1eb7t da v\u00e0 \u0111\u01b0\u1ee3c thay th\u1ebf b\u1eb1ng nh\u1eefng t\u1ebf b\u00e0o m\u1edbi gi\u00fap duy tr\u00ec k\u1ebft c\u1ea5u da s\u0103n ch\u1eafc. Tuy nhi\u00ean, do nhi\u1ec1u y\u1ebfu t\u1ed1 ch\u1ee7 quan hay kh\u00e1ch quan m\u00e0 l\u1edbp t\u1ebf b\u00e0o ch\u1ebft n\u00e0y b\u1ecb b\u00e1m l\u1ea1i b\u1ec1 m\u1eb7t da v\u00e0 kh\u00f4ng th\u1ec3 \u0111\u00e0o th\u1ea3i ra b\u00ean ngo\u00e0i. T\u00ecnh tr\u1ea1ng t\u1ebf b\u00e0o ch\u1ebft t\u00edch t\u1ee5 l\u00e2u ng\u00e0y tr\u00ean da s\u1ebd d\u1eabn \u0111\u1ebfn t\u1eafc ngh\u1ebdn l\u1ed7 ch\u00e2n l\u00f4ng d\u1eabn \u0111\u1ebfn t\u00ecnh tr\u1ea1ng vi\u00eam nhi\u1ec5m, l\u00e0m r\u1ed1i lo\u1ea1n chu k\u00ec thay da v\u00e0 \u0111\u1ea9y nhanh qu\u00e1 tr\u00ecnh l\u00e3o h\u00f3a, khi\u1ebfn da tr\u1edf n\u00ean s\u1ea1m m\u00e0u, gi\u1ea3m \u0111\u00e0n h\u1ed3i v\u00e0 m\u1ea5t \u0111i v\u1ebb m\u1ecbn m\u00e0ng, s\u0103n ch\u1eafc.<\/p>\n<p><img decoding=\"async\" class=\"aligncenter\" src=\"https:\/\/havamall.vn\/wp-content\/uploads\/2018\/06\/Exfoliating_disc.jpg\" alt=\"K\u00e1\u00ba\u00bft qu\u00e1\u00ba\u00a3 h\u00c3\u00acnh \u00e1\u00ba\u00a3nh cho Shiseido Bio Performance Exfoliating Discs\" \/><\/p>\n<p>Shiseido Bio-Performance Super Exfoliating Disc l\u00e0 s\u1ea3n ph\u1ea9m t\u1ea9y t\u1ebf b\u00e0o ch\u1ebft \u0111\u01b0\u1ee3c b\u00e0o ch\u1ebf \u1edf d\u1ea1ng b\u00f4ng \u0111\u1ed9c \u0111\u00e1o do th\u01b0\u01a1ng hi\u1ec7u m\u1ef9 ph\u1ea9m\u00a0Shiseido\u00a0s\u1ea3n xu\u1ea5t. \u0110\u00e2y l\u00e0 s\u1ea3n ph\u1ea9m \u0111\u01b0\u1ee3c \u1ee9ng d\u1ee5ng c\u00f4ng th\u1ee9c \u0111\u1ed9c quy\u1ec1n bio exfoliderm, c\u00f3 kh\u1ea3 n\u0103ng th\u00fac \u0111\u1ea9y qu\u00e1 tr\u00ecnh bong tr\u00f3c t\u1ebf b\u00e0o ch\u1ebft tr\u00ean da, l\u00e0m t\u0103ng c\u01b0\u1eddng ho\u1ea1t \u0111\u1ed9ng s\u1ea3n sinh t\u1ebf b\u00e0o m\u1edbi gi\u00fap ph\u1ee5c h\u1ed3i l\u1ea1i l\u00e0n da tr\u1ebb trung v\u00e0 t\u01b0\u01a1i s\u00e1ng. V\u1edbi \u0111\u1eb7c t\u00ednh m\u1ec1m m\u1ea1i nh\u01b0 l\u1ee5a, Shiseido Bio-Performance Super Exfoliating Disc nh\u1eb9 nh\u00e0ng lo\u1ea1i b\u1ecf c\u00e1c t\u1eadp ch\u1ea5t d\u01b0 th\u1eeba t\u00edch t\u1ee5 trong l\u1ed7 ch\u00e2n l\u00f4ng, mang l\u1ea1i b\u1ec1 m\u1eb7t da th\u00f4ng tho\u00e1ng, t\u1ea1o \u0111i\u1ec1u ki\u1ec7n t\u1ed1i \u01b0u cho da h\u1ea5p thu d\u01b0\u1ee1ng ch\u1ea5t.<\/p>\n<p>Shiseido Bio-Performance Super Exfoliating Disc \u0111\u01b0\u1ee3c s\u1ea3n xu\u1ea5t \u00a0t\u1eeb nhi\u1ec1u chi\u1ebft xu\u1ea5t t\u1ef1 nhi\u00ean, \u0111\u1eb7c bi\u1ec7t ch\u1ee9a b\u1ed9t c\u00e1m g\u1ea1o v\u00e0 men bia l\u00e0 hai th\u00e0nh ph\u1ea7n c\u00f3 kh\u1ea3 n\u0103ng t\u00e1i t\u1ea1o da v\u01b0\u1ee3t tr\u1ed9i. C\u00e1m g\u1ea1o t\u1eeb l\u00e2u \u0111\u00e3 \u0111\u01b0\u1ee3c ng\u01b0\u1eddi d\u00e2n Nh\u1eadt B\u1ea3n d\u00f9ng nh\u01b0 ph\u01b0\u01a1ng ph\u00e1p duy tr\u00ec l\u00e0n da m\u01b0\u1ee3t m\u00e0. Ngo\u00e0i t\u00e1c d\u1ee5ng h\u1ea5p thu c\u00e1c ch\u1ea5t b\u1ee5i b\u1ea9n, d\u1ea7u th\u1eeba v\u00e0 lo\u1ea1i b\u1ecf ch\u00fang ra kh\u1ecfi l\u1ed7 ch\u00e2n l\u00f4ng, c\u00e1m g\u1ea1o c\u00f2n c\u00f3 t\u00e1c d\u1ee5ng th\u00fac \u0111\u1ea9y ph\u1ee5c h\u1ed3i nh\u1eefng t\u1ed5n th\u01b0\u01a1ng tr\u00ean da v\u00e0 c\u00e2n b\u1eb1ng h\u00e0m l\u01b0\u1ee3ng d\u1ea7u t\u1ef1 nhi\u00ean cho da \u1ea9m m\u1ecbn. B\u00ean c\u1ea1nh \u0111\u00f3, chi\u1ebft xu\u1ea5t t\u1eeb men bia c\u00f3 t\u00e1c d\u1ee5ng di\u1ec7t vi khu\u1ea9n, b\u1ea3o v\u1ec7 da kh\u1ecfi nh\u1eefng t\u00e1c nh\u00e2n g\u00e2y vi\u00eam nhi\u1ec5m, gi\u00fap nu\u00f4i d\u01b0\u1ee1ng l\u00e0n da t\u01b0\u01a1i tr\u1ebb v\u00e0 kh\u1ecfe m\u1ea1nh.<\/p>\n<p><strong>Th\u00e0nh ph\u1ea7n<\/strong><\/p>\n<p>Talc, sodium magnesium silicate, xylitol, betaine, algin, defatted rice bran, oryza sativa (rice) germ oil, sapindus mukurossi peel extract, alpha-Isomethyl ionone, benzyl benzoate, water, yeast extract, tocopherol, phenoxyethanol, fragrance.<\/p>\n<p><strong>C\u00f4ng d\u1ee5ng<\/strong><\/p>\n<p>&#8211; S\u1ea3n ph\u1ea9m s\u1eed d\u1ee5ng c\u1ea3 2 m\u1eb7t, gi\u00fap th\u00fac \u0111\u1ea9y s\u1ef1 bong tr\u00f3c c\u1ee7a c\u00e1c t\u1ebf b\u00e0o ch\u1ebft tr\u00ean da.<\/p>\n<p>&#8211; Gi\u00fap cho b\u1ec1 m\u1eb7t da s\u1ea1ch s\u1ebd, th\u00f4ng tho\u00e1ng.<\/p>\n<p>&#8211; L\u00e0m t\u0103ng kh\u1ea3 n\u0103ng th\u1ea9m th\u1ea5u d\u01b0\u1ee1ng ch\u1ea5t trong c\u00e1c b\u01b0\u1edbc ch\u0103m s\u00f3c da.<\/p>\n<p>&#8211; Mang l\u1ea1i c\u1ea3m c\u1ea3m gi\u00e1c \u00eam \u00e1i, m\u1ec1m m\u1ea1i nh\u01b0 l\u1ee5a khi ti\u1ebfp x\u00fac v\u1edbi da, gi\u00fap da tr\u1edf n\u00ean t\u01b0\u01a1i s\u00e1ng, tr\u1ebb trung.<\/p>\n<p><img decoding=\"async\" class=\"aligncenter\" src=\"https:\/\/havamall.vn\/wp-content\/uploads\/2018\/06\/upload_57a5f986b00446dab2c6f383fc1883cf.jpg\" alt=\"K\u00e1\u00ba\u00bft qu\u00e1\u00ba\u00a3 h\u00c3\u00acnh \u00e1\u00ba\u00a3nh cho Shiseido Bio Performance Exfoliating Discs\" \/><\/p>\n<p><strong>H\u01b0\u1edbng d\u1eabn s\u1eed d\u1ee5ng:\u00a0<\/strong>D\u00f9ng b\u00f4ng t\u1ea9y t\u1ebf b\u00e0o ch\u1ebf lau nh\u1eb9 nh\u00e0ng l\u00ean kh\u1eafp khu\u00f4n m\u1eb7t. Tr\u00e1nh m\u1ea1nh tay \u1edf nh\u1eefng v\u00f9ng da m\u1ecfng nh\u1eb9 quanh m\u1eaft, kh\u00f3e mi\u1ec7ng.<\/p>\n<p><strong>\u0110\u00f3ng g\u00f3i:<\/strong><span class=\"apple-converted-space\"><strong>\u00a0<\/strong><\/span>H\u1ed9p 8 mi\u1ebfng.<\/p>\n<p><strong>Nh\u00e0 s\u1ea3n xu\u1ea5t:<\/strong>\u00a0Shiseido, Nh\u1eadt B\u1ea3n.<\/p>\n<p><strong>Xu\u1ea5t x\u1ee9:<\/strong>\u00a0Nh\u1eadt B\u1ea3n.<\/p>\n<div class=\"quote\"><b>L\u01b0u \u00fd:<\/b>\u00a0T\u00e1c d\u1ee5ng c\u00f3 th\u1ec3 kh\u00e1c nhau tu\u1ef3 c\u01a1 \u0111\u1ecba c\u1ee7a ng\u01b0\u1eddi d\u00f9ng.<\/div>","protected":false},"excerpt":{"rendered":"<p>Shiseido\u00a0Bio-Performance Super Exfoliating Disc c\u00f3 kh\u1ea3 n\u0103ng l\u00e0m bong tr\u00f3c t\u1ebf b\u00e0o ch\u1ebft tr\u00ean da, gi\u00fap da tr\u1edf n\u00ean s\u1ea1ch<\/p>","protected":false},"featured_media":4555,"comment_status":"open","ping_status":"closed","template":"","meta":[],"product_brand":[],"product_cat":[626],"product_tag":[],"class_list":{"0":"post-4553","1":"product","2":"type-product","3":"status-publish","4":"has-post-thumbnail","6":"product_cat-het-hang","8":"first","9":"instock","10":"sale","11":"shipping-taxable","12":"purchasable","13":"product-type-variable"},"_links":{"self":[{"href":"https:\/\/havamall.vn\/en\/wp-json\/wp\/v2\/product\/4553"}],"collection":[{"href":"https:\/\/havamall.vn\/en\/wp-json\/wp\/v2\/product"}],"about":[{"href":"https:\/\/havamall.vn\/en\/wp-json\/wp\/v2\/types\/product"}],"replies":[{"embeddable":true,"href":"https:\/\/havamall.vn\/en\/wp-json\/wp\/v2\/comments?post=4553"}],"version-history":[{"count":0,"href":"https:\/\/havamall.vn\/en\/wp-json\/wp\/v2\/product\/4553\/revisions"}],"wp:featuredmedia":[{"embeddable":true,"href":"https:\/\/havamall.vn\/en\/wp-json\/wp\/v2\/media\/4555"}],"wp:attachment":[{"href":"https:\/\/havamall.vn\/en\/wp-json\/wp\/v2\/media?parent=4553"}],"wp:term":[{"taxonomy":"product_brand","embeddable":true,"href":"https:\/\/havamall.vn\/en\/wp-json\/wp\/v2\/product_brand?post=4553"},{"taxonomy":"product_cat","embeddable":true,"href":"https:\/\/havamall.vn\/en\/wp-json\/wp\/v2\/product_cat?post=4553"},{"taxonomy":"product_tag","embeddable":true,"href":"https:\/\/havamall.vn\/en\/wp-json\/wp\/v2\/product_tag?post=4553"}],"curies":[{"name":"wp","href":"https:\/\/api.w.org\/{rel}","templated":true}]}}