{"id":45364,"date":"2026-05-15T16:35:58","date_gmt":"2026-05-15T09:35:58","guid":{"rendered":"https:\/\/havamall.vn\/?post_type=product&#038;p=45364"},"modified":"2026-05-15T16:36:07","modified_gmt":"2026-05-15T09:36:07","slug":"gia-vi-ga-nuong-an-do-everest-100g-tandoori-chicken-masala","status":"publish","type":"product","link":"https:\/\/havamall.vn\/en\/shop\/gia-vi-ga-nuong-an-do-everest-100g-tandoori-chicken-masala\/","title":{"rendered":"Gia V\u1ecb G\u00e0 N\u01b0\u1edbng \u1ea4n \u0110\u1ed9 Everest 100g \u2013 Tandoori Chicken Masala"},"content":{"rendered":"<p><span style=\"font-size: 24px\"><strong>TH\u00d4NG TIN S\u1ea2N PH\u1ea8M<\/strong><\/span><\/p>\n<table data-path-to-node=\"3\">\n<tbody>\n<tr>\n<td><span data-path-to-node=\"3,1,0,0\"><b data-path-to-node=\"3,1,0,0\" data-index-in-node=\"0\">Th\u01b0\u01a1ng hi\u1ec7u<\/b><\/span><\/td>\n<td>Everest<\/td>\n<\/tr>\n<tr>\n<td><span data-path-to-node=\"3,2,0,0\"><b data-path-to-node=\"3,2,0,0\" data-index-in-node=\"0\">Xu\u1ea5t x\u1ee9<\/b><\/span><\/td>\n<td>\u1ea4n \u0110\u1ed9<\/td>\n<\/tr>\n<tr>\n<td><span data-path-to-node=\"3,3,0,0\"><b data-path-to-node=\"3,3,0,0\" data-index-in-node=\"0\">Th\u00e0nh ph\u1ea7n<\/b><\/span><\/td>\n<td>Rau m\u00f9i, \u1edbt \u0111\u1ecf, ngh\u1ec7, h\u1ea1t th\u00ec l\u00e0, mu\u1ed1i i-\u1ed1t, ti\u00eau \u0111en, t\u1ecfi kh\u00f4, g\u1eebng kh\u00f4, qu\u1ebf, th\u1ea3o qu\u1ea3 \u0111en, th\u1ea3o qu\u1ea3 xanh, \u0111inh h\u01b0\u01a1ng, nh\u1ee5c \u0111\u1eadu kh\u1ea5u, l\u00e1 c\u00e0 ri kh\u00f4.<\/td>\n<\/tr>\n<tr>\n<td><span data-path-to-node=\"3,4,0,0\"><b data-path-to-node=\"3,4,0,0\" data-index-in-node=\"0\">H\u1ea1n s\u1eed d\u1ee5ng<\/b><\/span><\/td>\n<td>18 th\u00e1ng k\u1ec3 t\u1eeb ng\u00e0y s\u1ea3n xu\u1ea5t<\/td>\n<\/tr>\n<tr>\n<td><span data-path-to-node=\"3,5,0,0\"><b data-path-to-node=\"3,5,0,0\" data-index-in-node=\"0\">B\u1ea3o qu\u1ea3n<\/b><\/span><\/td>\n<td>N\u01a1i kh\u00f4 r\u00e1o, tho\u00e1ng m\u00e1t, tr\u00e1nh \u00e1nh n\u1eafng tr\u1ef1c ti\u1ebfp.<\/td>\n<\/tr>\n<tr>\n<td><span data-path-to-node=\"3,6,0,0\"><b data-path-to-node=\"3,6,0,0\" data-index-in-node=\"0\">Kh\u1ed1i l\u01b0\u1ee3ng<\/b><\/span><\/td>\n<td>100g<\/td>\n<\/tr>\n<\/tbody>\n<\/table>\n<p>T\u00ean g\u1ecdi n\u00e0y b\u1eaft ngu\u1ed3n t\u1eeb chi\u1ebfc l\u00f2 \u0111\u1ea5t s\u00e9t h\u00ecnh tr\u1ee5 truy\u1ec1n th\u1ed1ng &#8220;Tandoor&#8221;, n\u01a1i m\u00e0 nh\u1eefng mi\u1ebfng g\u00e0 \u0111\u01b0\u1ee3c n\u01b0\u1edbng tr\u00ean ng\u1ecdn l\u1eeda h\u1ed3ng r\u1ef1c ch\u00e1y \u0111\u1ec3 t\u1ea1o ra l\u1edbp v\u1ecf ngo\u00e0i h\u01a1i s\u00e9m n\u1ed3ng n\u00e0n m\u00f9i kh\u00f3i, nh\u01b0ng b\u00ean trong v\u1eabn gi\u1eef \u0111\u01b0\u1ee3c \u0111\u1ed9 m\u1ec1m m\u1ecdng tuy\u1ec7t \u0111\u1ed1i. Everest \u2013 m\u1ed9t trong nh\u1eefng th\u01b0\u01a1ng hi\u1ec7u gia v\u1ecb h\u00e0ng \u0111\u1ea7u \u1ea4n \u0110\u1ed9 v\u1edbi h\u01a1n 50 n\u0103m l\u1ecbch s\u1eed \u2013 \u0111\u00e3 g\u00f3i tr\u1ecdn tinh t\u00fay c\u1ee7a k\u1ef9 thu\u1eadt t\u1ea9m \u01b0\u1edbp th\u1ee7 c\u00f4ng n\u00e0y v\u00e0o t\u1eebng h\u1ed9p s\u1ea3n ph\u1ea9m.<\/p>\n<p><img decoding=\"async\" src=\"https:\/\/havamall.vn\/wp-content\/uploads\/2026\/05\/gia-vi-ga-nuong-an-do-everest-100g-tandoori-chicken-masala.webp\" alt=\"Gia V\u1ecb G\u00e0 N\u01b0\u1edbng \u1ea4n \u0110\u1ed9 Everest 100g \u2013 Tandoori Chicken Masala\"><\/p>\n<p>Kh\u00f4ng ch\u1ec9 \u0111\u01a1n thu\u1ea7n l\u00e0 v\u1ecb cay c\u1ee7a \u1edbt hay m\u00e0u v\u00e0ng c\u1ee7a ngh\u1ec7, s\u1ef1 k\u1ebft h\u1ee3p gi\u1eefa th\u1ea3o qu\u1ea3 \u0111en mang h\u01a1i h\u01b0\u1edbng m\u00f9i kh\u00f3i, nh\u1ee5c \u0111\u1eadu kh\u1ea5u ng\u1ecdt \u1ea5m v\u00e0 \u0111inh h\u01b0\u01a1ng n\u1ed3ng n\u00e0n , m\u00e0u \u0111\u1ecf \u0111\u1eb7c tr\u01b0ng c\u1ee7a s\u1ea3n ph\u1ea9m kh\u00f4ng \u0111\u1ebfn t\u1eeb m\u00e0u th\u1ef1c ph\u1ea9m nh\u00e2n t\u1ea1o m\u00e0 l\u00e0 s\u1ef1 k\u1ebft h\u1ee3p kh\u00e9o l\u00e9o gi\u1eefa c\u00e1c lo\u1ea1i \u1edbt \u0111\u1ecf ch\u1ecdn l\u1ecdc, mang l\u1ea1i v\u1ebb ngo\u00e0i b\u1eaft m\u1eaft m\u00e0 v\u1eabn \u0111\u1ea3m b\u1ea3o an to\u00e0n cho s\u1ee9c kh\u1ecfe. Khi ch\u1ea1m v\u00e0o nhi\u1ec7t \u0111\u1ed9 c\u1ee7a l\u1eeda n\u01b0\u1edbng, c\u00e1c tinh d\u1ea7u t\u1ef1 nhi\u00ean t\u1eeb h\u1ea1t th\u00ec l\u00e0 v\u00e0 h\u1ea1t ti\u00eau \u0111en b\u1eaft \u0111\u1ea7u gi\u1ea3i ph\u00f3ng, t\u1ea1o ra m\u1ed9t m\u00f9i th\u01a1m \u0111\u1eb7c tr\u01b0ng c\u00f3 th\u1ec3 \u0111\u00e1nh th\u1ee9c v\u1ecb gi\u00e1c ngay l\u1eadp t\u1ee9c<\/p>\n<p><img decoding=\"async\" src=\"https:\/\/havamall.vn\/wp-content\/uploads\/2026\/05\/gia-vi-ga-nuong-an-do-everest-100g-tandoori-chicken-masala-1.webp\" alt=\"Gia V\u1ecb G\u00e0 N\u01b0\u1edbng \u1ea4n \u0110\u1ed9 Everest 100g \u2013 Tandoori Chicken Masala\"><\/p>\n<p>C\u00e1c th\u00e0nh ph\u1ea7n nh\u01b0 g\u1eebng, t\u1ecfi v\u00e0 ngh\u1ec7 c\u00f3 t\u00ednh kh\u00e1ng vi\u00eam cao, h\u1ed7 tr\u1ee3 h\u1ec7 ti\u00eau h\u00f3a v\u00e0 t\u0103ng c\u01b0\u1eddng kh\u1ea3 n\u0103ng mi\u1ec5n d\u1ecbch cho c\u01a1 th\u1ec3. \u0110\u1eb7c bi\u1ec7t, vi\u1ec7c s\u1eed d\u1ee5ng h\u1ed7n h\u1ee3p gia v\u1ecb Masala gi\u00fap gi\u1ea3m b\u1edbt l\u01b0\u1ee3ng d\u1ea7u m\u1ee1 v\u00e0 ch\u1ea5t b\u00e9o b\u00e3o h\u00f2a trong ch\u1ebf bi\u1ebfn, v\u00ec s\u1ef1 \u0111\u1eadm \u0111\u00e0 c\u1ee7a th\u1ea3o m\u1ed9c \u0111\u00e3 \u0111\u1ee7 \u0111\u1ec3 t\u1ea1o n\u00ean s\u1ee9c h\u1ea5p d\u1eabn cho m\u00f3n \u0103n m\u00e0 kh\u00f4ng c\u1ea7n qu\u00e1 nhi\u1ec1u ph\u1ee5 gia kh\u00e1c.\u00a0Vi\u1ec7c s\u1edf h\u1eefu m\u1ed9t h\u1ed9p gia v\u1ecb chu\u1ea9n m\u1ef1c gi\u00fap qu\u00e1 tr\u00ecnh ch\u1ebf bi\u1ebfn m\u00f3n g\u00e0 n\u01b0\u1edbng tr\u1edf n\u00ean \u0111\u01a1n gi\u1ea3n h\u01a1n bao gi\u1edd h\u1ebft, gi\u00fap ti\u1ebft ki\u1ec7m th\u1eddi gian m\u00e0 v\u1eabn \u0111\u1ea3m b\u1ea3o \u0111\u01b0\u1ee3c phong v\u1ecb \u0111\u1eb7c tr\u01b0ng:<\/p>\n<p data-path-to-node=\"11\">\u2013 \u0110\u1ec3 th\u1ef1c hi\u1ec7n m\u00f3n g\u00e0 n\u01b0\u1edbng Tandoori \u0111\u00fang \u0111i\u1ec7u, h\u00e3y s\u1eed d\u1ee5ng th\u1ecbt g\u00e0 t\u01b0\u01a1i (\u0111\u00f9i ho\u1eb7c c\u00e1nh), kh\u1ee9a nh\u1eb9 tr\u00ean b\u1ec1 m\u1eb7t \u0111\u1ec3 gia v\u1ecb th\u1ea5m s\u00e2u.<\/p>\n<p data-path-to-node=\"11\">\u2013 H\u1ed7n h\u1ee3p \u01b0\u1edbp ho\u00e0n h\u1ea3o nh\u1ea5t ch\u00ednh l\u00e0 s\u1ef1 k\u1ebft h\u1ee3p gi\u1eefa b\u1ed9t gia v\u1ecb Everest Tandoori Chicken Masala v\u00e0 s\u1eefa chua kh\u00f4ng \u0111\u01b0\u1eddng c\u00f9ng m\u1ed9t ch\u00fat n\u01b0\u1edbc c\u1ed1t chanh.<\/p>\n<p data-path-to-node=\"11\">\u2013 Axit t\u1ef1 nhi\u00ean trong s\u1eefa chua v\u00e0 chanh \u0111\u00f3ng vai tr\u00f2 l\u00e0 ch\u1ea5t l\u00e0m m\u1ec1m th\u1ecbt tuy\u1ec7t v\u1eddi, gi\u00fap c\u00e1c th\u1edb th\u1ecbt g\u00e0 sau khi n\u01b0\u1edbng kh\u00f4ng b\u1ecb kh\u00f4 v\u00e0 th\u1ea5m \u0111\u1eabm t\u1ea7ng h\u01b0\u01a1ng Masala.<\/p>\n<p data-path-to-node=\"11\">\u2013 Th\u1ecbt g\u00e0 n\u00ean \u0111\u01b0\u1ee3c \u01b0\u1edbp t\u1ed1i thi\u1ec3u 2 gi\u1edd ho\u1eb7c \u0111\u1ec3 qua \u0111\u00eam trong ng\u0103n m\u00e1t t\u1ee7 l\u1ea1nh \u0111\u1ec3 \u0111\u1ea1t \u0111\u01b0\u1ee3c \u0111\u1ed9 ngon nh\u1ea5t. \u2013 Khi n\u01b0\u1edbng b\u1eb1ng l\u00f2 n\u01b0\u1edbng ho\u1eb7c n\u1ed3i chi\u00ean kh\u00f4ng d\u1ea7u \u1edf nhi\u1ec7t \u0111\u1ed9 cao, l\u1edbp s\u1ed1t s\u1eefa chua gia v\u1ecb s\u1ebd se l\u1ea1i, t\u1ea1o n\u00ean m\u1ed9t l\u1edbp v\u1ecf m\u1ecfng gi\u00f2n nh\u1eb9 mang m\u00e0u \u0111\u1ecf quy\u1ebfn r\u0169 v\u00e0 m\u00f9i th\u01a1m n\u1ee9c m\u0169i.<\/p>\n<p data-path-to-node=\"11\"><img decoding=\"async\" src=\"https:\/\/havamall.vn\/wp-content\/uploads\/2026\/05\/gia-vi-ga-nuong-an-do-everest-100g-tandoori-chicken-masala-2.webp\" alt=\"Gia V\u1ecb G\u00e0 N\u01b0\u1edbng \u1ea4n \u0110\u1ed9 Everest 100g \u2013 Tandoori Chicken Masala\"><\/p>\n<p data-path-to-node=\"12\">B\u00ean c\u1ea1nh m\u00f3n g\u00e0 n\u01b0\u1edbng truy\u1ec1n th\u1ed1ng, lo\u1ea1i b\u1ed9t gia v\u1ecb n\u00e0y c\u00f2n l\u00e0 b\u00ed quy\u1ebft \u0111\u1ec3 t\u1ea1o n\u00ean nh\u1eefng m\u00f3n s\u00fap hay n\u01b0\u1edbc s\u1ed1t \u0111\u1eadm \u0111\u00e0. Vi\u1ec7c th\u00eam m\u1ed9t \u00edt b\u1ed9t Masala v\u00e0o m\u00f3n rau c\u1ee7 n\u01b0\u1edbng ho\u1eb7c t\u1ea9m \u01b0\u1edbp cho c\u00e1c lo\u1ea1i c\u00e1 c\u0169ng mang l\u1ea1i tr\u1ea3i nghi\u1ec7m \u1ea9m th\u1ef1c m\u1edbi m\u1ebb v\u00e0 th\u00fa v\u1ecb. M\u1ed9t \u0111\u0129a g\u00e0 n\u01b0\u1edbng th\u01a1m n\u1ed3ng, \u0103n k\u00e8m c\u00f9ng b\u00e1nh m\u00ec Naan n\u00f3ng h\u1ed5i ho\u1eb7c c\u01a1m ngh\u1ec7 v\u00e0ng \u00f3ng v\u00e0 m\u1ed9t ch\u00fat salad h\u00e0nh t\u00e2y chua ng\u1ecdt s\u1ebd t\u1ea1o n\u00ean m\u1ed9t b\u1eefa ti\u1ec7c v\u1ecb gi\u00e1c b\u00f9ng n\u1ed5, \u0111\u01b0a m\u1ecdi ng\u01b0\u1eddi b\u01b0\u1edbc v\u00e0o cu\u1ed9c h\u00e0nh tr\u00ecnh \u1ea9m th\u1ef1c vi\u1ec5n chinh \u0111\u1ea7y m\u00e0u s\u1eafc.<\/p>\n<p data-path-to-node=\"12\">Hi\u1ec7n nay, Gia V\u1ecb G\u00e0 N\u01b0\u1edbng \u1ea4n \u0110\u1ed9 Everest \u0111ang \u0111\u01b0\u1ee3c b\u00e1n t\u1ea1i Havamall.<\/p>","protected":false},"excerpt":{"rendered":"<p>TH\u00d4NG TIN S\u1ea2N PH\u1ea8M Th\u01b0\u01a1ng hi\u1ec7u Everest Xu\u1ea5t x\u1ee9 \u1ea4n \u0110\u1ed9 Th\u00e0nh ph\u1ea7n Rau m\u00f9i, \u1edbt \u0111\u1ecf, ngh\u1ec7, h\u1ea1t th\u00ec<\/p>","protected":false},"featured_media":45365,"comment_status":"open","ping_status":"closed","template":"","meta":[],"product_brand":[],"product_cat":[595,681,154],"product_tag":[],"class_list":{"0":"post-45364","1":"product","2":"type-product","3":"status-publish","4":"has-post-thumbnail","6":"product_cat-gia-vi-va-che-bien","7":"product_cat-nhap-khau-an-do","8":"product_cat-gia-vi","10":"first","11":"instock","12":"sale","13":"shipping-taxable","14":"purchasable","15":"product-type-simple"},"_links":{"self":[{"href":"https:\/\/havamall.vn\/en\/wp-json\/wp\/v2\/product\/45364"}],"collection":[{"href":"https:\/\/havamall.vn\/en\/wp-json\/wp\/v2\/product"}],"about":[{"href":"https:\/\/havamall.vn\/en\/wp-json\/wp\/v2\/types\/product"}],"replies":[{"embeddable":true,"href":"https:\/\/havamall.vn\/en\/wp-json\/wp\/v2\/comments?post=45364"}],"version-history":[{"count":2,"href":"https:\/\/havamall.vn\/en\/wp-json\/wp\/v2\/product\/45364\/revisions"}],"predecessor-version":[{"id":45370,"href":"https:\/\/havamall.vn\/en\/wp-json\/wp\/v2\/product\/45364\/revisions\/45370"}],"wp:featuredmedia":[{"embeddable":true,"href":"https:\/\/havamall.vn\/en\/wp-json\/wp\/v2\/media\/45365"}],"wp:attachment":[{"href":"https:\/\/havamall.vn\/en\/wp-json\/wp\/v2\/media?parent=45364"}],"wp:term":[{"taxonomy":"product_brand","embeddable":true,"href":"https:\/\/havamall.vn\/en\/wp-json\/wp\/v2\/product_brand?post=45364"},{"taxonomy":"product_cat","embeddable":true,"href":"https:\/\/havamall.vn\/en\/wp-json\/wp\/v2\/product_cat?post=45364"},{"taxonomy":"product_tag","embeddable":true,"href":"https:\/\/havamall.vn\/en\/wp-json\/wp\/v2\/product_tag?post=45364"}],"curies":[{"name":"wp","href":"https:\/\/api.w.org\/{rel}","templated":true}]}}