{"id":45357,"date":"2026-05-15T15:48:24","date_gmt":"2026-05-15T08:48:24","guid":{"rendered":"https:\/\/havamall.vn\/?post_type=product&#038;p=45357"},"modified":"2026-05-15T15:48:29","modified_gmt":"2026-05-15T08:48:29","slug":"luon-nhat-nuong-sot-kabayaki-ngu-nhat-200g-dong-lanh-roasted-unagi-kabayaki","status":"publish","type":"product","link":"https:\/\/havamall.vn\/en\/shop\/luon-nhat-nuong-sot-kabayaki-ngu-nhat-200g-dong-lanh-roasted-unagi-kabayaki\/","title":{"rendered":"L\u01b0\u01a1n Nh\u1eadt N\u01b0\u1edbng S\u1ed1t Kabayaki Ng\u01b0 Nh\u1eadt 200g [\u0110\u00f4ng L\u1ea1nh] \u2013 Roasted Unagi Kabayaki"},"content":{"rendered":"<p><span style=\"font-size: 24px\"><strong>TH\u00d4NG TIN S\u1ea2N PH\u1ea8M<\/strong><\/span><\/p>\n<table data-path-to-node=\"3\">\n<tbody>\n<tr>\n<td><span data-path-to-node=\"3,1,0,0\"><b data-path-to-node=\"3,1,0,0\" data-index-in-node=\"0\">Th\u01b0\u01a1ng hi\u1ec7u<\/b><\/span><\/td>\n<td>Ng\u01b0 Nh\u1eadt<\/td>\n<\/tr>\n<tr>\n<td><span data-path-to-node=\"3,2,0,0\"><b data-path-to-node=\"3,2,0,0\" data-index-in-node=\"0\">Xu\u1ea5t x\u1ee9<\/b><\/span><\/td>\n<td><span data-path-to-node=\"3,2,1,0\">Vi\u1ec7t Nam<\/span><\/td>\n<\/tr>\n<tr>\n<td><span data-path-to-node=\"3,3,0,0\"><b data-path-to-node=\"3,3,0,0\" data-index-in-node=\"0\">Th\u00e0nh ph\u1ea7n<\/b><\/span><\/td>\n<td>L\u01b0\u01a1n (Unagi), n\u01b0\u1edbc t\u01b0\u01a1ng, r\u01b0\u1ee3u th\u1ef1c ph\u1ea9m Mirin, \u0111\u01b0\u1eddng, tinh b\u1ed9t, chi\u1ebft xu\u1ea5t l\u01b0\u01a1n, ch\u1ea5t \u0111i\u1ec1u v\u1ecb.<\/td>\n<\/tr>\n<tr>\n<td><span data-path-to-node=\"3,4,0,0\"><b data-path-to-node=\"3,4,0,0\" data-index-in-node=\"0\">H\u1ea1n s\u1eed d\u1ee5ng<\/b><\/span><\/td>\n<td><span data-path-to-node=\"3,4,1,0\">12 th\u00e1ng k\u1ec3 t\u1eeb ng\u00e0y s\u1ea3n xu\u1ea5t<\/span><\/td>\n<\/tr>\n<tr>\n<td><span data-path-to-node=\"3,5,0,0\"><b data-path-to-node=\"3,5,0,0\" data-index-in-node=\"0\">B\u1ea3o qu\u1ea3n<\/b><\/span><\/td>\n<td>Ng\u0103n \u0111\u00f4ng t\u1ee7 l\u1ea1nh. Sau khi r\u00e3 \u0111\u00f4ng n\u00ean d\u00f9ng ngay.<\/td>\n<\/tr>\n<tr>\n<td><span data-path-to-node=\"3,6,0,0\"><b data-path-to-node=\"3,6,0,0\" data-index-in-node=\"0\">Kh\u1ed1i l\u01b0\u1ee3ng<\/b><\/span><\/td>\n<td><span data-path-to-node=\"3,6,1,0\">200g<\/span><\/td>\n<\/tr>\n<\/tbody>\n<\/table>\n<p>Trong d\u00f2ng ch\u1ea3y l\u00e2u \u0111\u1eddi c\u1ee7a v\u0103n h\u00f3a \u1ea9m th\u1ef1c Nh\u1eadt B\u1ea3n, Unagi hay l\u01b0\u01a1n n\u01b0\u1edbng lu\u00f4n chi\u1ebfm gi\u1eef m\u1ed9t v\u1ecb tr\u00ed trang tr\u1ecdng, kh\u00f4ng ch\u1ec9 v\u00ec h\u01b0\u01a1ng v\u1ecb th\u01b0\u1ee3ng h\u1ea1ng m\u00e0 c\u00f2n b\u1edfi nh\u1eefng gi\u00e1 tr\u1ecb tinh th\u1ea7n v\u00e0 s\u1ee9c kh\u1ecfe m\u00e0 n\u00f3 mang l\u1ea1i. Ng\u01b0\u1eddi Nh\u1eadt tin r\u1eb1ng vi\u1ec7c th\u01b0\u1edfng th\u1ee9c l\u01b0\u01a1n n\u01b0\u1edbng v\u00e0o ng\u00e0y &#8220;Doyo no Ushi no Hi&#8221; \u2013 ng\u00e0y n\u00f3ng nh\u1ea5t trong n\u0103m theo l\u1ecbch \u00e2m \u2013 s\u1ebd gi\u00fap c\u01a1 th\u1ec3 xua tan m\u1ec7t m\u1ecfi v\u00e0 n\u1ea1p \u0111\u1ea7y n\u0103ng l\u01b0\u1ee3ng \u0111\u1ec3 v\u01b0\u1ee3t qua c\u00e1i n\u00f3ng oi b\u1ee9c. Truy\u1ec1n th\u1ed1ng n\u00e0y \u0111\u00e3 t\u1ed3n t\u1ea1i t\u1eeb th\u1eddi k\u1ef3 Edo v\u00e0 tr\u1edf th\u00e0nh m\u1ed9t n\u00e9t v\u0103n h\u00f3a \u0111\u1eb7c s\u1eafc, bi\u1ebfn m\u00f3n l\u01b0\u01a1n n\u01b0\u1edbng th\u00e0nh bi\u1ec3u t\u01b0\u1ee3ng c\u1ee7a s\u1ef1 d\u1ebbo dai v\u00e0 s\u1ee9c s\u1ed1ng m\u00e3nh li\u1ec7t.<\/p>\n<p><img decoding=\"async\" src=\"https:\/\/havamall.vn\/wp-content\/uploads\/2026\/05\/luon-nhat-nuong-sot-kabayaki-ngu-nhat-200g-dong-lanh-roasted-unagi-kabayaki.webp\" alt=\"L\u01b0\u01a1n Nh\u1eadt N\u01b0\u1edbng S\u1ed1t Kabayaki Ng\u01b0 Nh\u1eadt 200g [\u0110\u00f4ng L\u1ea1nh] \u2013 Roasted Unagi Kabayaki\"><\/p>\n<p>Nh\u1eefng con l\u01b0\u01a1n t\u01b0\u01a1i ngon, \u0111\u1ea1t ti\u00eau chu\u1ea9n v\u1ec1 \u0111\u1ed9 b\u00e9o v\u00e0 k\u00edch th\u01b0\u1edbc s\u1ebd tr\u1ea3i qua c\u00e1c c\u00f4ng \u0111o\u1ea1n l\u00e0m s\u1ea1ch, r\u00fat x\u01b0\u01a1ng t\u1ec9 m\u1ec9 tr\u01b0\u1edbc khi \u0111\u01b0\u1ee3c h\u1ea5p ch\u00edn \u0111\u1ec3 l\u00e0m m\u1ec1m c\u00e1c th\u1edb th\u1ecbt v\u00e0 gi\u1ea3m b\u1edbt l\u01b0\u1ee3ng m\u1ee1 th\u1eeba. N\u01b0\u1edbc s\u1ed1t Kabayaki \u0111\u01b0\u1ee3c pha ch\u1ebf c\u00f4ng phu t\u1eeb n\u01b0\u1edbc t\u01b0\u01a1ng l\u00ean men, r\u01b0\u1ee3u Mirin v\u00e0 \u0111\u01b0\u1eddng theo t\u1ec9 l\u1ec7 b\u00ed truy\u1ec1n, t\u1ea1o n\u00ean m\u1ed9t h\u1ed7n h\u1ee3p \u0111\u1eb7c s\u00e1nh v\u1edbi h\u01b0\u01a1ng v\u1ecb m\u1eb7n ng\u1ecdt h\u00e0i h\u00f2a. Mi\u1ebfng l\u01b0\u01a1n \u0111\u01b0\u1ee3c ph\u1ebft s\u1ed1t nhi\u1ec1u l\u1ea7n trong qu\u00e1 tr\u00ecnh n\u01b0\u1edbng, gi\u00fap gia v\u1ecb th\u1ea9m th\u1ea5u s\u00e2u v\u00e0o t\u1eebng s\u1ee3i th\u1ecbt, \u0111\u1ed3ng th\u1eddi t\u1ea1o n\u00ean m\u1ed9t l\u1edbp v\u1ecf ngo\u00e0i m\u00e0u n\u00e2u \u0111\u1ecf \u00f3ng \u1ea3, t\u1ecfa ra m\u00f9i th\u01a1m n\u1ed3ng n\u00e0n quy\u1ebfn r\u0169 \u0111\u1eb7c tr\u01b0ng c\u1ee7a g\u1ed7 v\u00e0 caramel.<\/p>\n<p><img decoding=\"async\" src=\"https:\/\/havamall.vn\/wp-content\/uploads\/2026\/05\/luon-nhat-nuong-sot-kabayaki-ngu-nhat-200g-dong-lanh-roasted-unagi-kabayaki-1.webp\" alt=\"L\u01b0\u01a1n Nh\u1eadt N\u01b0\u1edbng S\u1ed1t Kabayaki Ng\u01b0 Nh\u1eadt 200g [\u0110\u00f4ng L\u1ea1nh] \u2013 Roasted Unagi Kabayaki\"><\/p>\n<p data-path-to-node=\"10\">D\u00f2ng l\u01b0\u01a1n n\u01b0\u1edbng \u0111\u00f3ng g\u00f3i s\u1eb5n mang \u0111\u1ebfn s\u1ef1 ti\u1ec7n l\u1ee3i tuy\u1ec7t v\u1eddi nh\u01b0ng v\u1eabn \u0111\u1ea3m b\u1ea3o ch\u1ea5t l\u01b0\u1ee3ng nh\u01b0 t\u1ea1i c\u00e1c nh\u00e0 h\u00e0ng Nh\u1eadt B\u1ea3n cao c\u1ea5p. Ch\u1ec9 c\u1ea7n v\u00e0i ph\u00fat l\u00e0m n\u00f3ng b\u1eb1ng l\u00f2 vi s\u00f3ng, \u00e1p ch\u1ea3o ho\u1eb7c n\u01b0\u1edbng l\u1ea1i b\u1eb1ng n\u1ed3i chi\u00ean kh\u00f4ng d\u1ea7u, mi\u1ebfng l\u01b0\u01a1n s\u1ebd l\u1eadp t\u1ee9c d\u1eady m\u00f9i th\u01a1m v\u00e0 m\u1ec1m m\u1ecdng nh\u01b0 v\u1eeba m\u1edbi ra l\u00f2.<\/p>\n<p data-path-to-node=\"11\">\u2013 M\u1ed9t trong nh\u1eefng c\u00e1ch th\u01b0\u1edfng th\u1ee9c ph\u1ed5 bi\u1ebfn v\u00e0 h\u1ea5p d\u1eabn nh\u1ea5t ch\u00ednh l\u00e0 m\u00f3n C\u01a1m L\u01b0\u01a1n Nh\u1eadt (Unadon). M\u1ed9t b\u00e1t c\u01a1m tr\u1eafng n\u00f3ng h\u1ed5i, d\u1ebbo th\u01a1m \u0111\u01b0\u1ee3c ph\u1ee7 l\u00ean tr\u00ean b\u1eb1ng nh\u1eefng mi\u1ebfng l\u01b0\u01a1n n\u01b0\u1edbng c\u1eaft kh\u00fac v\u1eeba \u0103n, r\u01b0\u1edbi th\u00eam m\u1ed9t ch\u00fat n\u01b0\u1edbc s\u1ed1t \u0111\u1eadm \u0111\u00e0 \u0111i k\u00e8m trong g\u00f3i.<\/p>\n<p data-path-to-node=\"11\">\u2013 V\u1ecb b\u00e9o ng\u1eady c\u1ee7a l\u01b0\u01a1n quy\u1ec7n c\u00f9ng v\u1ecb ng\u1ecdt c\u1ee7a c\u01a1m tr\u1eafng, th\u00eam m\u1ed9t ch\u00fat rong bi\u1ec3n s\u1ee3i v\u00e0 g\u1eebng h\u1ed3ng mu\u1ed1i chua s\u1ebd t\u1ea1o n\u00ean m\u1ed9t b\u1eefa \u0103n tr\u1ecdn v\u1eb9n h\u01b0\u01a1ng s\u1eafc.<\/p>\n<p data-path-to-node=\"11\">\u2013 Ngo\u00e0i ra, l\u01b0\u01a1n n\u01b0\u1edbng c\u00f2n c\u00f3 th\u1ec3 bi\u1ebfn t\u1ea5u th\u00e0nh c\u00e1c m\u00f3n Sushi Unagi, l\u00e0m nh\u00e2n cho c\u01a1m n\u1eafm Onigiri ho\u1eb7c k\u1ebft h\u1ee3p c\u00f9ng tr\u1ee9ng cu\u1ed9n (Umaki) \u0111\u1ec3 t\u1ea1o n\u00ean m\u00f3n khai v\u1ecb tinh t\u1ebf.<\/p>\n<p data-path-to-node=\"11\">\u2013 \u0110\u1ed1i v\u1edbi nh\u1eefng ng\u01b0\u1eddi y\u00eau th\u00edch s\u1ef1 ph\u00e1 c\u00e1ch, l\u01b0\u01a1n n\u01b0\u1edbng c\u1eaft nh\u1ecf tr\u1ed9n c\u00f9ng salad rau m\u1ea7m v\u00e0 n\u01b0\u1edbc s\u1ed1t m\u00e8 rang c\u0169ng l\u00e0 m\u1ed9t g\u1ee3i \u00fd tuy\u1ec7t v\u1eddi cho b\u1eefa t\u1ed1i nh\u1eb9 nh\u00e0ng nh\u01b0ng v\u1eabn \u0111\u1ea7y \u0111\u1ee7 d\u01b0\u1ee1ng ch\u1ea5t.<\/p>\n<p data-path-to-node=\"11\"><img decoding=\"async\" src=\"https:\/\/havamall.vn\/wp-content\/uploads\/2026\/05\/luon-nhat-nuong-sot-kabayaki-ngu-nhat-200g-dong-lanh-roasted-unagi-kabayaki-2.webp\" alt=\"L\u01b0\u01a1n Nh\u1eadt N\u01b0\u1edbng S\u1ed1t Kabayaki Ng\u01b0 Nh\u1eadt 200g [\u0110\u00f4ng L\u1ea1nh] \u2013 Roasted Unagi Kabayaki\"><\/p>\n<p data-path-to-node=\"11\">Hi\u1ec7n t\u1ea1i, L\u01b0\u01a1n Nh\u1eadt n\u01b0\u1edbng s\u1ed1t Kabayaki \u0111ang \u0111\u01b0\u1ee3c b\u00e1n t\u1ea1i Havamall, cam k\u1ebft h\u00e0ng ch\u00ednh h\u00e3ng v\u00e0 quy tr\u00ecnh b\u1ea3o qu\u1ea3n nghi\u00eam ng\u1eb7t, m\u1ed7i mi\u1ebfng l\u01b0\u01a1n khi \u0111\u1ebfn tay kh\u00e1ch h\u00e0ng lu\u00f4n gi\u1eef \u0111\u01b0\u1ee3c \u0111\u1ed9 t\u01b0\u01a1i ngon, gi\u00e1 tr\u1ecb dinh d\u01b0\u1ee1ng v\u1eb9n nguy\u00ean, gi\u00fap mang kh\u00f4ng gian \u1ea9m th\u1ef1c tinh t\u1ebf c\u1ee7a x\u1ee9 s\u1edf hoa anh \u0111\u00e0o v\u00e0o ngay trong b\u1eefa c\u01a1m gia \u0111\u00ecnh Vi\u1ec7t.<\/p>\n","protected":false},"excerpt":{"rendered":"<p>TH\u00d4NG TIN S\u1ea2N PH\u1ea8M Th\u01b0\u01a1ng hi\u1ec7u Ng\u01b0 Nh\u1eadt Xu\u1ea5t x\u1ee9 Vi\u1ec7t Nam Th\u00e0nh ph\u1ea7n L\u01b0\u01a1n (Unagi), n\u01b0\u1edbc t\u01b0\u01a1ng, r\u01b0\u1ee3u th\u1ef1c<\/p>","protected":false},"featured_media":45358,"comment_status":"open","ping_status":"closed","template":"","meta":[],"product_brand":[],"product_cat":[675,275],"product_tag":[],"class_list":{"0":"post-45357","1":"product","2":"type-product","3":"status-publish","4":"has-post-thumbnail","6":"product_cat-nhap-khau-nhat-ban","7":"product_cat-thuc-pham-dong-lanh","9":"first","10":"instock","11":"sale","12":"shipping-taxable","13":"purchasable","14":"product-type-simple"},"_links":{"self":[{"href":"https:\/\/havamall.vn\/en\/wp-json\/wp\/v2\/product\/45357"}],"collection":[{"href":"https:\/\/havamall.vn\/en\/wp-json\/wp\/v2\/product"}],"about":[{"href":"https:\/\/havamall.vn\/en\/wp-json\/wp\/v2\/types\/product"}],"replies":[{"embeddable":true,"href":"https:\/\/havamall.vn\/en\/wp-json\/wp\/v2\/comments?post=45357"}],"version-history":[{"count":2,"href":"https:\/\/havamall.vn\/en\/wp-json\/wp\/v2\/product\/45357\/revisions"}],"predecessor-version":[{"id":45363,"href":"https:\/\/havamall.vn\/en\/wp-json\/wp\/v2\/product\/45357\/revisions\/45363"}],"wp:featuredmedia":[{"embeddable":true,"href":"https:\/\/havamall.vn\/en\/wp-json\/wp\/v2\/media\/45358"}],"wp:attachment":[{"href":"https:\/\/havamall.vn\/en\/wp-json\/wp\/v2\/media?parent=45357"}],"wp:term":[{"taxonomy":"product_brand","embeddable":true,"href":"https:\/\/havamall.vn\/en\/wp-json\/wp\/v2\/product_brand?post=45357"},{"taxonomy":"product_cat","embeddable":true,"href":"https:\/\/havamall.vn\/en\/wp-json\/wp\/v2\/product_cat?post=45357"},{"taxonomy":"product_tag","embeddable":true,"href":"https:\/\/havamall.vn\/en\/wp-json\/wp\/v2\/product_tag?post=45357"}],"curies":[{"name":"wp","href":"https:\/\/api.w.org\/{rel}","templated":true}]}}