{"id":45350,"date":"2026-05-15T11:59:24","date_gmt":"2026-05-15T04:59:24","guid":{"rendered":"https:\/\/havamall.vn\/?post_type=product&#038;p=45350"},"modified":"2026-05-15T11:59:25","modified_gmt":"2026-05-15T04:59:25","slug":"dau-hao-thuong-hang-nhap-khau-haday-100g-haday-superior-oyster-sauce","status":"publish","type":"product","link":"https:\/\/havamall.vn\/en\/shop\/dau-hao-thuong-hang-nhap-khau-haday-100g-haday-superior-oyster-sauce\/","title":{"rendered":"D\u1ea7u H\u00e0o Th\u01b0\u1ee3ng H\u1ea1ng Nh\u1eadp Kh\u1ea9u Haday 100g \u2013 Haday Superior Oyster Sauce"},"content":{"rendered":"<p><span style=\"font-size: 24px\"><strong>TH\u00d4NG TIN S\u1ea2N PH\u1ea8M<\/strong><\/span><\/p>\n<table style=\"width: 83.0772%;height: 144px\" data-path-to-node=\"3\">\n<tbody>\n<tr>\n<td><span data-path-to-node=\"3,1,0,0\"><b data-path-to-node=\"3,1,0,0\" data-index-in-node=\"0\">Th\u01b0\u01a1ng hi\u1ec7u<\/b><\/span><\/td>\n<td>Haday (H\u1ea3i Thi\u00ean)<\/td>\n<\/tr>\n<tr>\n<td><span data-path-to-node=\"3,2,0,0\"><b data-path-to-node=\"3,2,0,0\" data-index-in-node=\"0\">Xu\u1ea5t x\u1ee9<\/b><\/span><\/td>\n<td>Trung Qu\u1ed1c<\/td>\n<\/tr>\n<tr>\n<td><span data-path-to-node=\"3,3,0,0\"><b data-path-to-node=\"3,3,0,0\" data-index-in-node=\"0\">Th\u00e0nh ph\u1ea7n<\/b><\/span><\/td>\n<td>N\u01b0\u1edbc, \u0111\u01b0\u1eddng, mu\u1ed1i, chi\u1ebft xu\u1ea5t h\u00e0o nguy\u00ean ch\u1ea5t, ch\u1ea5t \u0111i\u1ec1u v\u1ecb, tinh b\u1ed9t bi\u1ebfn t\u00ednh, m\u00e0u th\u1ef1c ph\u1ea9m t\u1ef1 nhi\u00ean, ch\u1ea5t b\u1ea3o qu\u1ea3n.<\/td>\n<\/tr>\n<tr>\n<td><span data-path-to-node=\"3,4,0,0\"><b data-path-to-node=\"3,4,0,0\" data-index-in-node=\"0\">H\u1ea1n s\u1eed d\u1ee5ng<\/b><\/span><\/td>\n<td>24 th\u00e1ng k\u1ec3 t\u1eeb ng\u00e0y s\u1ea3n xu\u1ea5t<\/td>\n<\/tr>\n<tr>\n<td><span data-path-to-node=\"3,5,0,0\"><b data-path-to-node=\"3,5,0,0\" data-index-in-node=\"0\">B\u1ea3o qu\u1ea3n<\/b><\/span><\/td>\n<td>N\u01a1i kh\u00f4 r\u00e1o, tho\u00e1ng m\u00e1t. Sau khi m\u1edf n\u1eafp n\u00ean b\u1ea3o qu\u1ea3n trong ng\u0103n m\u00e1t t\u1ee7 l\u1ea1nh.<\/td>\n<\/tr>\n<tr>\n<td><span data-path-to-node=\"3,6,0,0\"><b data-path-to-node=\"3,6,0,0\" data-index-in-node=\"0\">Kh\u1ed1i l\u01b0\u1ee3ng<\/b><\/span><\/td>\n<td>100g<\/td>\n<\/tr>\n<\/tbody>\n<\/table>\n<p>Th\u01b0\u01a1ng hi\u1ec7u Haday, hay c\u00f2n \u0111\u01b0\u1ee3c bi\u1ebft \u0111\u1ebfn v\u1edbi t\u00ean g\u1ecdi H\u1ea3i Thi\u00ean, \u0111\u00e3 n\u00e2ng t\u1ea7m di s\u1ea3n n\u00e0y b\u1eb1ng vi\u1ec7c k\u1ebf th\u1eeba c\u00e1c ph\u01b0\u01a1ng ph\u00e1p truy\u1ec1n th\u1ed1ng k\u1ebft h\u1ee3p c\u00f9ng c\u00f4ng ngh\u1ec7 tinh ch\u1ebf hi\u1ec7n \u0111\u1ea1i t\u1ea1i Ph\u1eadt S\u01a1n, n\u01a1i c\u00f3 truy\u1ec1n th\u1ed1ng l\u00e0m gia v\u1ecb l\u00e2u \u0111\u1eddi nh\u1ea5t v\u00f9ng Qu\u1ea3ng \u0110\u00f4ng.<\/p>\n<p>L\u1ecbch s\u1eed c\u1ee7a d\u1ea7u h\u00e0o l\u00e0 m\u1ed9t s\u1ef1 t\u00ecnh c\u1edd \u0111\u1ea7y th\u00fa v\u1ecb trong th\u1ebf gi\u1edbi \u1ea9m th\u1ef1c, b\u1eaft ngu\u1ed3n t\u1eeb m\u1ed9t qu\u00e1n \u0103n nh\u1ecf t\u1ea1i Qu\u1ea3ng \u0110\u00f4ng v\u00e0o cu\u1ed1i th\u1ebf k\u1ef7 19. Khi m\u1ed9t n\u1ed3i canh h\u00e0o b\u1ecb b\u1ecf qu\u00ean tr\u00ean b\u1ebfp qu\u00e1 l\u00e2u cho \u0111\u1ebfn khi c\u00f4 \u0111\u1eb7c l\u1ea1i th\u00e0nh m\u1ed9t lo\u1ea1i n\u01b0\u1edbc s\u1ed1t m\u00e0u n\u00e2u s\u1eabm, ng\u01b0\u1eddi ta \u0111\u00e3 ng\u1ee1 ng\u00e0ng ph\u00e1t hi\u1ec7n ra m\u1ed9t h\u01b0\u01a1ng v\u1ecb n\u1ed3ng n\u00e0n, \u0111\u1eadm \u0111\u00e0 ch\u01b0a t\u1eebng c\u00f3.<\/p>\n<p><img decoding=\"async\" src=\"https:\/\/havamall.vn\/wp-content\/uploads\/2026\/05\/dau-hao-thuong-hang-nhap-khau-haday-100g-haday-superior-oyster-sauce.webp\" alt=\"D\u1ea7u H\u00e0o Th\u01b0\u1ee3ng H\u1ea1ng Nh\u1eadp Kh\u1ea9u Haday 100g \u2013 Haday Superior Oyster Sauce\"><\/p>\n<p>Nh\u1eefng con h\u00e0o t\u01b0\u01a1i ngon nh\u1ea5t \u0111\u01b0\u1ee3c thu ho\u1ea1ch v\u00e0 \u0111\u01b0a v\u00e0o qu\u00e1 tr\u00ecnh chi\u1ebft xu\u1ea5t ngay l\u1eadp t\u1ee9c \u0111\u1ec3 gi\u1eef tr\u1ecdn v\u1eb9n h\u01b0\u01a1ng v\u1ecb \u0111\u1eb7c tr\u01b0ng c\u1ee7a bi\u1ec3n c\u1ea3. Qua qu\u00e1 tr\u00ecnh ch\u01b0ng c\u1ea5t v\u00e0 c\u00f4 \u0111\u1eb7c k\u00e9o d\u00e0i, tinh ch\u1ea5t h\u00e0o h\u00f2a quy\u1ec7n c\u00f9ng c\u00e1c lo\u1ea1i gia v\u1ecb t\u1ea1o n\u00ean m\u1ed9t k\u1ebft c\u1ea5u s\u00e1nh m\u1ecbn, \u0111\u1eb7c tr\u01b0ng v\u1edbi m\u00e0u n\u00e2u \u0111\u1ecf c\u00e1nh gi\u00e1n b\u00f3ng b\u1ea9y. \u0110i\u1ec3m kh\u00e1c bi\u1ec7t l\u1edbn nh\u1ea5t n\u1eb1m \u1edf s\u1ef1 c\u00e2n b\u1eb1ng tuy\u1ec7t \u0111\u1ed1i gi\u1eefa v\u1ecb m\u1eb7n nh\u1eb9 c\u1ee7a mu\u1ed1i bi\u1ec3n, v\u1ecb ng\u1ecdt s\u00e2u l\u1eafng c\u1ee7a h\u00e0o v\u00e0 h\u01b0\u01a1ng th\u01a1m n\u1ed3ng n\u00e0n \u1ea9n hi\u1ec7n.<\/p>\n<p><span style=\"font-size: 20px\"><strong>GI\u00c1 TR\u1eca DINH D\u01af\u1ee0NG V\u00c0 S\u1ee8C KH\u1eceE<\/strong><\/span><\/p>\n<p>D\u1ea7u h\u00e0o kh\u00f4ng ch\u1ec9 \u0111\u01a1n thu\u1ea7n l\u00e0 gia v\u1ecb t\u1ea1o m\u00e0u hay t\u1ea1o m\u00f9i, m\u00e0 c\u00f2n ch\u1ee9a \u0111\u1ef1ng h\u00e0m l\u01b0\u1ee3ng dinh d\u01b0\u1ee1ng \u0111\u00e1ng k\u1ec3 t\u1eeb h\u00e0u \u2013 m\u1ed9t lo\u1ea1i th\u1ef1c ph\u1ea9m v\u1ed1n n\u1ed5i ti\u1ebfng gi\u00e0u k\u1ebdm, s\u1eaft v\u00e0 c\u00e1c axit amin c\u1ea7n thi\u1ebft cho c\u01a1 th\u1ec3. Vi\u1ec7c s\u1eed d\u1ee5ng d\u1ea7u h\u00e0o trong ch\u1ebf bi\u1ebfn gi\u00fap gi\u1ea3m b\u1edbt l\u01b0\u1ee3ng mu\u1ed1i tinh khi\u1ebft c\u1ea7n thi\u1ebft, t\u1eeb \u0111\u00f3 h\u1ed7 tr\u1ee3 vi\u1ec7c ki\u1ec3m so\u00e1t l\u01b0\u1ee3ng natri n\u1ea1p v\u00e0o c\u01a1 th\u1ec3 m\u00e0 v\u1eabn \u0111\u1ea3m b\u1ea3o m\u00f3n \u0103n \u0111\u1eadm \u0111\u00e0 v\u1ecb umami t\u1ef1 nhi\u00ean, l\u00e0 s\u1ef1 l\u1ef1a ch\u1ecdn th\u00f4ng minh cho nh\u1eefng ng\u01b0\u1eddi y\u00eau th\u00edch \u1ea9m th\u1ef1c l\u00e0nh m\u1ea1nh, khi m\u1ed7i b\u1eefa \u0103n \u0111\u1ec1u \u0111\u01b0\u1ee3c gia t\u0103ng h\u00e0m l\u01b0\u1ee3ng kho\u00e1ng ch\u1ea5t m\u1ed9t c\u00e1ch tinh t\u1ebf.<\/p>\n<p><img decoding=\"async\" src=\"https:\/\/havamall.vn\/wp-content\/uploads\/2026\/05\/dau-hao-thuong-hang-nhap-khau-haday-100g-haday-superior-oyster-sauce.avif\" alt=\"D\u1ea7u H\u00e0o Th\u01b0\u1ee3ng H\u1ea1ng Nh\u1eadp Kh\u1ea9u Haday 100g \u2013 Haday Superior Oyster Sauce\"><\/p>\n<p><span style=\"font-size: 20px\"><strong>BI\u1ebeN T\u1ea4U TRONG TH\u1ef0C \u0110\u01a0N M\u1ed6I NG\u00c0Y<\/strong><\/span><\/p>\n<p data-path-to-node=\"10\">\u0110\u1ed1i v\u1edbi c\u00e1c m\u00f3n rau c\u1ee7 lu\u1ed9c nh\u01b0 c\u1ea3i ng\u1ed3ng hay s\u00fap l\u01a1, ch\u1ec9 c\u1ea7n m\u1ed9t l\u1edbp s\u1ed1t d\u1ea7u h\u00e0o r\u01b0\u1edbi l\u00ean b\u1ec1 m\u1eb7t c\u0169ng \u0111\u1ee7 t\u1ea1o n\u00ean m\u1ed9t tr\u1ea3i nghi\u1ec7m v\u1ecb gi\u00e1c ho\u00e0n to\u00e0n m\u1edbi, v\u1eeba b\u00f3ng b\u1ea9y v\u1ec1 th\u1ecb gi\u00e1c, v\u1eeba \u0111\u1eadm \u0111\u00e0 v\u1ec1 v\u1ecb gi\u00e1c. Trong c\u00e1c m\u00f3n x\u00e0o, d\u1ea7u h\u00e0o gi\u00fap t\u1ea1o \u0111\u1ed9 b\u00f3ng m\u01b0\u1ee3t cho t\u1eebng s\u1ee3i m\u00ec hay th\u1edb th\u1ecbt, gi\u1eef cho th\u1ef1c ph\u1ea9m kh\u00f4ng b\u1ecb kh\u00f4 v\u00e0 th\u1ea5m \u0111\u1eabm h\u01b0\u01a1ng v\u1ecb bi\u1ec3n kh\u01a1i:<\/p>\n<p data-path-to-node=\"11\">\u2013 \u0110\u1ec3 th\u1ef1c hi\u1ec7n m\u00f3n b\u00f2 x\u00e0o d\u1ea7u h\u00e0o chu\u1ea9n v\u1ecb nh\u00e0 h\u00e0ng, th\u1ecbt b\u00f2 n\u00ean \u0111\u01b0\u1ee3c th\u00e1i m\u1ecfng, \u01b0\u1edbp c\u00f9ng m\u1ed9t ch\u00fat ti\u00eau, t\u1ecfi b\u0103m v\u00e0 m\u1ed9t mu\u1ed7ng d\u1ea7u h\u00e0o trong kho\u1ea3ng 15 ph\u00fat.<\/p>\n<p data-path-to-node=\"11\">\u2013 Khi x\u00e0o tr\u00ean l\u1eeda l\u1edbn, d\u1ea7u h\u00e0o s\u1ebd nhanh ch\u00f3ng bao b\u1ecdc l\u1ea5y t\u1eebng mi\u1ebfng th\u1ecbt, t\u1ea1o n\u00ean m\u1ed9t l\u1edbp m\u00e0ng \u00f3ng \u00e1nh, gi\u00fap gi\u1eef n\u01b0\u1edbc b\u00ean trong th\u1ecbt b\u00f2 lu\u00f4n m\u1ec1m m\u1ecdng.<\/p>\n<p data-path-to-node=\"11\">\u2013 K\u1ebft h\u1ee3p th\u00eam c\u00f9ng c\u1ea7n t\u00e2y, h\u00e0nh t\u00e2y ho\u1eb7c c\u00e1c lo\u1ea1i n\u1ea5m s\u1ebd t\u1ea1o n\u00ean m\u1ed9t m\u00f3n \u0103n c\u00e2n b\u1eb1ng v\u1ec1 c\u1ea3 m\u00e0u s\u1eafc l\u1eabn dinh d\u01b0\u1ee1ng.<\/p>\n<p data-path-to-node=\"11\"><img decoding=\"async\" src=\"https:\/\/havamall.vn\/wp-content\/uploads\/2026\/05\/dau-hao-thuong-hang-nhap-khau-haday-100g-haday-superior-oyster-sauce-1.webp\" alt=\"D\u1ea7u H\u00e0o Th\u01b0\u1ee3ng H\u1ea1ng Nh\u1eadp Kh\u1ea9u Haday 100g \u2013 Haday Superior Oyster Sauce\"><\/p>\n<p data-path-to-node=\"11\">B\u00ean c\u1ea1nh c\u00e1c m\u00f3n x\u00e0o, vi\u1ec7c s\u1eed d\u1ee5ng d\u1ea7u h\u00e0o \u0111\u1ec3 t\u1ea9m \u01b0\u1edbp c\u00e1c m\u00f3n n\u01b0\u1edbng hay l\u00e0m c\u1ed1t cho c\u00e1c lo\u1ea1i n\u01b0\u1edbc s\u1ed1t ch\u1ea5m c\u0169ng l\u00e0 m\u1ed9t k\u1ef9 thu\u1eadt \u0111\u01b0\u1ee3c nhi\u1ec1u \u0111\u1ea7u b\u1ebfp \u01b0a chu\u1ed9ng. M\u1ed9t ch\u00fat d\u1ea7u h\u00e0o pha c\u00f9ng m\u1eadt ong v\u00e0 ng\u0169 v\u1ecb h\u01b0\u01a1ng s\u1ebd t\u1ea1o n\u00ean h\u1ed7n h\u1ee3p \u01b0\u1edbp th\u1ecbt n\u01b0\u1edbng tuy\u1ec7t h\u1ea3o, mang l\u1ea1i m\u00e0u s\u1eafc v\u00e0ng n\u00e2u b\u1eaft m\u1eaft v\u00e0 m\u00f9i th\u01a1m quy\u1ebfn r\u0169 kh\u00f3 c\u01b0\u1ee1ng.<\/p>\n<p data-path-to-node=\"11\">S\u1ef1 \u0111a n\u0103ng n\u00e0y gi\u00fap d\u00f2ng s\u1ed1t th\u01b0\u1ee3ng h\u1ea1ng c\u1ee7a Haday tr\u1edf th\u00e0nh ng\u01b0\u1eddi b\u1ea1n \u0111\u1ed3ng h\u00e0nh kh\u00f4ng th\u1ec3 thi\u1ebfu, d\u00f9 l\u00e0 trong c\u00e1c b\u1eefa c\u01a1m gia \u0111\u00ecnh \u0111\u1ea7m \u1ea5m hay nh\u1eefng bu\u1ed5i ti\u1ec7c \u0111\u00e3i kh\u00e1ch sang tr\u1ecdng.\u00a0Hi\u1ec7n t\u1ea1i, d\u00f2ng s\u1ea3n ph\u1ea9m d\u1ea7u h\u00e0o th\u01b0\u1ee3ng h\u1ea1ng Haday \u0111ang \u0111\u01b0\u1ee3c b\u00e1n t\u1ea1i Havamall.<\/p>","protected":false},"excerpt":{"rendered":"<p>TH\u00d4NG TIN S\u1ea2N PH\u1ea8M Th\u01b0\u01a1ng hi\u1ec7u Haday (H\u1ea3i Thi\u00ean) Xu\u1ea5t x\u1ee9 Trung Qu\u1ed1c Th\u00e0nh ph\u1ea7n N\u01b0\u1edbc, \u0111\u01b0\u1eddng, mu\u1ed1i, chi\u1ebft xu\u1ea5t<\/p>","protected":false},"featured_media":45351,"comment_status":"open","ping_status":"closed","template":"","meta":[],"product_brand":[],"product_cat":[595,674,154],"product_tag":[],"class_list":{"0":"post-45350","1":"product","2":"type-product","3":"status-publish","4":"has-post-thumbnail","6":"product_cat-gia-vi-va-che-bien","7":"product_cat-nhap-khau-trung-quoc","8":"product_cat-gia-vi","10":"first","11":"instock","12":"sale","13":"shipping-taxable","14":"purchasable","15":"product-type-simple"},"_links":{"self":[{"href":"https:\/\/havamall.vn\/en\/wp-json\/wp\/v2\/product\/45350"}],"collection":[{"href":"https:\/\/havamall.vn\/en\/wp-json\/wp\/v2\/product"}],"about":[{"href":"https:\/\/havamall.vn\/en\/wp-json\/wp\/v2\/types\/product"}],"replies":[{"embeddable":true,"href":"https:\/\/havamall.vn\/en\/wp-json\/wp\/v2\/comments?post=45350"}],"version-history":[{"count":2,"href":"https:\/\/havamall.vn\/en\/wp-json\/wp\/v2\/product\/45350\/revisions"}],"predecessor-version":[{"id":45356,"href":"https:\/\/havamall.vn\/en\/wp-json\/wp\/v2\/product\/45350\/revisions\/45356"}],"wp:featuredmedia":[{"embeddable":true,"href":"https:\/\/havamall.vn\/en\/wp-json\/wp\/v2\/media\/45351"}],"wp:attachment":[{"href":"https:\/\/havamall.vn\/en\/wp-json\/wp\/v2\/media?parent=45350"}],"wp:term":[{"taxonomy":"product_brand","embeddable":true,"href":"https:\/\/havamall.vn\/en\/wp-json\/wp\/v2\/product_brand?post=45350"},{"taxonomy":"product_cat","embeddable":true,"href":"https:\/\/havamall.vn\/en\/wp-json\/wp\/v2\/product_cat?post=45350"},{"taxonomy":"product_tag","embeddable":true,"href":"https:\/\/havamall.vn\/en\/wp-json\/wp\/v2\/product_tag?post=45350"}],"curies":[{"name":"wp","href":"https:\/\/api.w.org\/{rel}","templated":true}]}}