{"id":45343,"date":"2026-05-15T09:06:20","date_gmt":"2026-05-15T02:06:20","guid":{"rendered":"https:\/\/havamall.vn\/?post_type=product&#038;p=45343"},"modified":"2026-05-15T09:06:21","modified_gmt":"2026-05-15T02:06:21","slug":"nuoc-tuong-len-men-tu-nhien-vedan-500ml-natural-fermented-soy-sauce","status":"publish","type":"product","link":"https:\/\/havamall.vn\/en\/shop\/nuoc-tuong-len-men-tu-nhien-vedan-500ml-natural-fermented-soy-sauce\/","title":{"rendered":"N\u01b0\u1edbc T\u01b0\u01a1ng L\u00ean Men T\u1ef1 Nhi\u00ean Vedan 500ml \u2013 Natural Fermented Soy Sauce"},"content":{"rendered":"<p><strong>TH\u00d4NG TIN S\u1ea2N PH\u1ea8M<\/strong><\/p>\n<table style=\"width: 77.3766%;height: 216px\" data-path-to-node=\"3\">\n<tbody>\n<tr>\n<td><span data-path-to-node=\"3,1,0,0\"><b data-path-to-node=\"3,1,0,0\" data-index-in-node=\"0\">Th\u01b0\u01a1ng hi\u1ec7u<\/b><\/span><\/td>\n<td><span data-path-to-node=\"3,1,1,0\">Vedan<\/span><\/td>\n<\/tr>\n<tr>\n<td><span data-path-to-node=\"3,2,0,0\"><b data-path-to-node=\"3,2,0,0\" data-index-in-node=\"0\">Xu\u1ea5t x\u1ee9<\/b><\/span><\/td>\n<td><span data-path-to-node=\"3,2,1,0\">Vi\u1ec7t Nam<\/span><\/td>\n<\/tr>\n<tr>\n<td><span data-path-to-node=\"3,3,0,0\"><b data-path-to-node=\"3,3,0,0\" data-index-in-node=\"0\">Th\u00e0nh ph\u1ea7n<\/b><\/span><\/td>\n<td>N\u01b0\u1edbc, mu\u1ed1i, chi\u1ebft xu\u1ea5t \u0111\u1eadu n\u00e0nh l\u00ean men t\u1ef1 nhi\u00ean (\u0111\u1eadu n\u00e0nh, n\u01b0\u1edbc, mu\u1ed1i), \u0111\u01b0\u1eddng, ch\u1ea5t \u0111i\u1ec1u v\u1ecb, m\u00e0u th\u1ef1c ph\u1ea9m t\u1ef1 nhi\u00ean, ch\u1ea5t \u0111i\u1ec1u ch\u1ec9nh \u0111\u1ed9 acid, h\u01b0\u01a1ng n\u01b0\u1edbc t\u01b0\u01a1ng t\u1ed5ng h\u1ee3p, ch\u1ea5t b\u1ea3o qu\u1ea3n.<\/td>\n<\/tr>\n<tr>\n<td><span data-path-to-node=\"3,4,0,0\"><b data-path-to-node=\"3,4,0,0\" data-index-in-node=\"0\">H\u1ea1n s\u1eed d\u1ee5ng<\/b><\/span><\/td>\n<td><span data-path-to-node=\"3,4,1,0\">12 th\u00e1ng k\u1ec3 t\u1eeb ng\u00e0y s\u1ea3n xu\u1ea5t<\/span><\/td>\n<\/tr>\n<tr>\n<td><span data-path-to-node=\"3,5,0,0\"><b data-path-to-node=\"3,5,0,0\" data-index-in-node=\"0\">B\u1ea3o qu\u1ea3n<\/b><\/span><\/td>\n<td><span data-path-to-node=\"3,5,1,0\">N\u01a1i kh\u00f4 r\u00e1o, tho\u00e1ng m\u00e1t, tr\u00e1nh \u00e1nh n\u1eafng tr\u1ef1c ti\u1ebfp. \u0110\u1eady k\u00edn mi\u1ec7ng t\u00fai sau khi s\u1eed d\u1ee5ng ho\u1eb7c cho v\u00e0o h\u0169 k\u00edn<\/span><\/td>\n<\/tr>\n<tr>\n<td><span data-path-to-node=\"3,6,0,0\"><b data-path-to-node=\"3,6,0,0\" data-index-in-node=\"0\">Kh\u1ed1i l\u01b0\u1ee3ng<\/b><\/span><\/td>\n<td>500ml<\/td>\n<\/tr>\n<\/tbody>\n<\/table>\n<p>T\u1ea1i Vi\u1ec7t Nam, th\u01b0\u01a1ng hi\u1ec7u Vedan \u0111\u00e3 ti\u1ebfp n\u1ed1i d\u00f2ng ch\u1ea3y\u00a0ngh\u1ec7 thu\u1eadt l\u00ean men \u0111\u1eadu n\u00e0nh b\u1eb1ng vi\u1ec7c x\u00e2y d\u1ef1ng m\u1ed9t quy tr\u00ecnh s\u1ea3n xu\u1ea5t hi\u1ec7n \u0111\u1ea1i nh\u01b0ng v\u1eabn gi\u1eef tr\u1ecdn v\u1eb9n tinh t\u00fay truy\u1ec1n th\u1ed1ng, mang \u0111\u1ebfn d\u00f2ng n\u01b0\u1edbc t\u01b0\u01a1ng l\u00ean men t\u1ef1 nhi\u00ean v\u1edbi h\u01b0\u01a1ng v\u1ecb thanh d\u1ecbu, g\u1ea7n g\u0169i v\u1edbi kh\u1ea9u v\u1ecb ng\u01b0\u1eddi Vi\u1ec7t.<\/p>\n<p><img decoding=\"async\" src=\"https:\/\/havamall.vn\/wp-content\/uploads\/2026\/05\/nuoc-tuong-len-men-tu-nhien-vedan-500ml-natural-fermented-soy-sauce.webp\" alt=\"N\u01b0\u1edbc T\u01b0\u01a1ng L\u00ean Men T\u1ef1 Nhi\u00ean Vedan 500ml \u2013 Natural Fermented Soy Sauce\"><\/p>\n<p>Kh\u00f4ng gi\u1ed1ng nh\u01b0 c\u00e1c lo\u1ea1i n\u01b0\u1edbc t\u01b0\u01a1ng s\u1ea3n xu\u1ea5t b\u1eb1ng ph\u01b0\u01a1ng ph\u00e1p th\u1ee7y ph\u00e2n axit ng\u1eafn ng\u00e0y, vi\u1ec7c l\u00ean men t\u1ef1 nhi\u00ean cho ph\u00e9p c\u00e1c protein trong h\u1ea1t \u0111\u1eadu n\u00e0nh ph\u00e2n gi\u1ea3i m\u1ed9t c\u00e1ch t\u1eeb t\u1ed1n, t\u1ea1o ra h\u01a1n 18 lo\u1ea1i axit amin thi\u1ebft y\u1ebfu v\u00e0 m\u00f9i th\u01a1m \u0111\u1eb7c tr\u01b0ng kh\u00f4ng th\u1ec3 tr\u1ed9n l\u1eabn. T\u1eebng gi\u1ecdt n\u01b0\u1edbc t\u01b0\u01a1ng mang m\u00e0u n\u00e2u \u0111\u1ecf c\u00e1nh gi\u00e1n h\u1ed5 ph\u00e1ch, c\u00f3 \u0111\u1ed9 s\u00e1nh nh\u1eb9 v\u00e0 t\u1ecfa ra h\u01b0\u01a1ng th\u01a1m n\u1ed3ng n\u00e0n c\u1ee7a \u0111\u1eadu n\u00e0nh ch\u00edn t\u1edbi. Khi n\u1ebfm th\u1eed, \u0111\u1ea7u l\u01b0\u1ee1i s\u1ebd c\u1ea3m nh\u1eadn \u0111\u01b0\u1ee3c v\u1ecb ng\u1ecdt thanh \u0111\u1eb7c tr\u01b0ng t\u1eeb \u0111\u1ea1m \u0111\u1eadu n\u00e0nh, h\u1eadu v\u1ecb h\u00e0i h\u00f2a ch\u1ee9 kh\u00f4ng ch\u00e1t g\u1eaft, t\u1ea1o n\u00ean m\u1ed9t s\u1ef1 c\u00e2n b\u1eb1ng tuy\u1ec7t \u0111\u1ed1i.<\/p>\n<p>Vi\u1ec7c l\u00ean men gi\u00fap c\u01a1 th\u1ec3 d\u1ec5 d\u00e0ng h\u1ea5p th\u1ee5 c\u00e1c d\u01b0\u1ee1ng ch\u1ea5t t\u1eeb \u0111\u1eadu n\u00e0nh h\u01a1n, \u0111\u1ed3ng th\u1eddi cung c\u1ea5p m\u1ed9t l\u01b0\u1ee3ng nh\u1ecf kho\u00e1ng ch\u1ea5t c\u1ea7n thi\u1ebft, l\u00e0 l\u1ef1a ch\u1ecdn l\u00fd t\u01b0\u1edfng cho c\u1ea3 nh\u1eefng ng\u01b0\u1eddi \u0103n chay l\u1eabn \u0103n m\u1eb7n, l\u1ef1a ch\u1ecdn s\u1ea3n ph\u1ea9m l\u00ean men t\u1ef1 nhi\u00ean c\u00f2n ph\u1ea3n \u00e1nh xu h\u01b0\u1edbng \u1ea9m th\u1ef1c b\u1ec1n v\u1eefng v\u00e0 quan t\u00e2m \u0111\u1ebfn s\u1ee9c kh\u1ecfe l\u00e2u d\u00e0i, khi c\u00e1c th\u00e0nh ph\u1ea7n \u0111\u01b0\u1ee3c chuy\u1ec3n h\u00f3a m\u1ed9t c\u00e1ch t\u1ef1 nhi\u00ean nh\u1ea5t th\u00f4ng qua s\u1ef1 t\u00e1c \u0111\u1ed9ng c\u1ee7a vi sinh v\u1eadt c\u00f3 l\u1ee3i.<\/p>\n<p><img decoding=\"async\" src=\"https:\/\/havamall.vn\/wp-content\/uploads\/2026\/05\/nuoc-tuong-len-men-tu-nhien-vedan-500ml-natural-fermented-soy-sauce-1.webp\" alt=\"N\u01b0\u1edbc T\u01b0\u01a1ng L\u00ean Men T\u1ef1 Nhi\u00ean Vedan 500ml \u2013 Natural Fermented Soy Sauce\"><\/p>\n<p data-path-to-node=\"10\">\u0110\u1ed1i v\u1edbi\u00a0<strong>c\u00e1c m\u00f3n kho<\/strong>, n\u01b0\u1edbc t\u01b0\u01a1ng \u0111\u00f3ng vai tr\u00f2 t\u1ea1o m\u00e0u s\u1eafc b\u1eaft m\u1eaft v\u00e0 h\u01b0\u01a1ng th\u01a1m th\u1ea5m \u0111\u1eabm v\u00e0o t\u1eebng th\u1edb th\u1ecbt, mi\u1ebfng c\u00e1. \u0110\u1ed1i v\u1edbi\u00a0<strong>c\u00e1c m\u00f3n x\u00e0o<\/strong>, ch\u1ec9 c\u1ea7n m\u1ed9t v\u00e0i mu\u1ed7ng nh\u1ecf c\u0169ng \u0111\u1ee7 \u0111\u1ec3 d\u1eady m\u00f9i th\u01a1m n\u1ed3ng n\u00e0n v\u00e0 gi\u1eef \u0111\u01b0\u1ee3c \u0111\u1ed9 b\u00f3ng m\u01b0\u1ee3t cho rau c\u1ee7. \u0110\u1eb7c bi\u1ec7t, xu h\u01b0\u1edbng th\u01b0\u1edfng th\u1ee9c c\u00e1c m\u00f3n \u0103n &#8220;hot trend&#8221; hi\u1ec7n nay nh\u01b0\u00a0<strong>tr\u1ee9ng ng\u00e2m t\u01b0\u01a1ng (Mayak Gyeran)<\/strong>\u00a0c\u1ee7a H\u00e0n Qu\u1ed1c c\u0169ng v\u00f4 c\u00f9ng ph\u00f9 h\u1ee3p khi s\u1eed d\u1ee5ng lo\u1ea1i n\u01b0\u1edbc t\u01b0\u01a1ng n\u00e0y. Tr\u1ee9ng l\u00f2ng \u0111\u00e0o m\u1ec1m m\u1ea1i \u0111\u01b0\u1ee3c ng\u00e2m trong h\u1ed7n h\u1ee3p n\u01b0\u1edbc t\u01b0\u01a1ng pha c\u00f9ng h\u00e0nh l\u00e1, \u1edbt, m\u00e8 rang v\u00e0 m\u1ed9t ch\u00fat siro \u0111\u01b0\u1eddng s\u1ebd t\u1ea1o n\u00ean m\u00f3n \u0103n \u0111\u01b0a c\u01a1m v\u00f4 c\u00f9ng h\u1ea5p d\u1eabn.<\/p>\n<blockquote>\n<p data-path-to-node=\"11\"><em>C\u00e1ch th\u1ef1c hi\u1ec7n m\u00f3n tr\u1ee9ng ng\u00e2m t\u01b0\u01a1ng t\u1ea1i nh\u00e0 kh\u00e1 \u0111\u01a1n gi\u1ea3n:<\/em><\/p>\n<\/blockquote>\n<p data-path-to-node=\"11\">\u2013 Tr\u1ee9ng g\u00e0 sau khi lu\u1ed9c l\u00f2ng \u0111\u00e0o kho\u1ea3ng 6 ph\u00fat s\u1ebd \u0111\u01b0\u1ee3c b\u00f3c v\u1ecf c\u1ea9n th\u1eadn.<\/p>\n<p data-path-to-node=\"11\">\u2013 Ph\u1ea7n n\u01b0\u1edbc ng\u00e2m \u0111\u01b0\u1ee3c pha theo t\u1ec9 l\u1ec7 c\u00e2n b\u1eb1ng gi\u1eefa n\u01b0\u1edbc t\u01b0\u01a1ng, n\u01b0\u1edbc l\u1ecdc v\u00e0 \u0111\u01b0\u1eddng, \u0111un s\u00f4i r\u1ed3i \u0111\u1ec3 ngu\u1ed9i.<\/p>\n<p data-path-to-node=\"11\">\u2013 Th\u00eam t\u1ecfi b\u0103m, h\u00e0nh t\u00e2y th\u00e1i l\u1ef1u, h\u00e0nh l\u00e1 v\u00e0 \u1edbt xanh \u0111\u1ecf \u0111\u1ec3 t\u0103ng h\u01b0\u01a1ng v\u1ecb.<\/p>\n<p data-path-to-node=\"11\">\u2013 Ng\u00e2m tr\u1ee9ng t\u1ed1i thi\u1ec3u 6 ti\u1ebfng trong ng\u0103n m\u00e1t t\u1ee7 l\u1ea1nh \u0111\u1ec3 gia v\u1ecb th\u1ea9m th\u1ea5u s\u00e2u v\u00e0o l\u00f2ng \u0111\u1ecf, t\u1ea1o n\u00ean \u0111\u1ed9 d\u1ebbo v\u00e0 b\u00e9o ng\u1eady \u0111\u1eb7c tr\u01b0ng.<\/p>\n<p data-path-to-node=\"11\"><img decoding=\"async\" src=\"https:\/\/havamall.vn\/wp-content\/uploads\/2026\/05\/nuoc-tuong-len-men-tu-nhien-vedan-500ml-natural-fermented-soy-sauce-2.webp\" alt=\"N\u01b0\u1edbc T\u01b0\u01a1ng L\u00ean Men T\u1ef1 Nhi\u00ean Vedan 500ml \u2013 Natural Fermented Soy Sauce\"><\/p>\n<p data-path-to-node=\"12\">B\u00ean c\u1ea1nh \u0111\u00f3, vi\u1ec7c s\u1eed d\u1ee5ng l\u00e0m n\u01b0\u1edbc ch\u1ea5m tr\u1ef1c ti\u1ebfp cho c\u00e1c m\u00f3n lu\u1ed9c hay sushi, sashimi c\u0169ng l\u00e0 c\u00e1ch \u0111\u1ec3 t\u1eadn h\u01b0\u1edfng tr\u1ecdn v\u1eb9n v\u1ecb thanh khi\u1ebft nh\u1ea5t. M\u1ed9t ch\u00fat m\u00f9 t\u1ea1t cay n\u1ed3ng quy\u1ec7n c\u00f9ng v\u1ecb m\u1eb7n ng\u1ecdt h\u00e0i h\u00f2a c\u1ee7a n\u01b0\u1edbc t\u01b0\u01a1ng l\u00ean men s\u1ebd n\u00e2ng t\u1ea7m gi\u00e1 tr\u1ecb cho nh\u1eefng l\u00e1t c\u00e1 t\u01b0\u01a1i s\u1ed1ng ho\u1eb7c c\u00e1c lo\u1ea1i rau c\u1ee7 thanh \u0111\u1ea1m.<\/p>\n<p data-path-to-node=\"14\">Hi\u1ec7n nay, d\u00f2ng n\u01b0\u1edbc t\u01b0\u01a1ng l\u00ean men t\u1ef1 nhi\u00ean n\u00e0y \u0111ang \u0111\u01b0\u1ee3c b\u00e1n ch\u00ednh th\u1ee9c t\u1ea1i Havamall, lu\u00f4n cam k\u1ebft mang \u0111\u1ebfn nh\u1eefng m\u1eb7t h\u00e0ng ch\u00ednh h\u00e3ng, \u0111\u1ea3m b\u1ea3o ngu\u1ed3n g\u1ed1c xu\u1ea5t x\u1ee9 r\u00f5 r\u00e0ng \u0111\u1ec3 m\u1ed7i b\u1eefa c\u01a1m gia \u0111\u00ecnh kh\u00f4ng ch\u1ec9 ngon mi\u1ec7ng m\u00e0 c\u00f2n tr\u1ecdn v\u1eb9n ni\u1ec1m tin v\u1ec1 an to\u00e0n s\u1ee9c kh\u1ecfe.<\/p>","protected":false},"excerpt":{"rendered":"<p>TH\u00d4NG TIN S\u1ea2N PH\u1ea8M Th\u01b0\u01a1ng hi\u1ec7u Vedan Xu\u1ea5t x\u1ee9 Vi\u1ec7t Nam Th\u00e0nh ph\u1ea7n N\u01b0\u1edbc, mu\u1ed1i, chi\u1ebft xu\u1ea5t \u0111\u1eadu n\u00e0nh l\u00ean<\/p>","protected":false},"featured_media":45344,"comment_status":"open","ping_status":"closed","template":"","meta":[],"product_brand":[],"product_cat":[677,595,154],"product_tag":[],"class_list":{"0":"post-45343","1":"product","2":"type-product","3":"status-publish","4":"has-post-thumbnail","6":"product_cat-cac-nuoc-khac","7":"product_cat-gia-vi-va-che-bien","8":"product_cat-gia-vi","10":"first","11":"instock","12":"sale","13":"shipping-taxable","14":"purchasable","15":"product-type-simple"},"_links":{"self":[{"href":"https:\/\/havamall.vn\/en\/wp-json\/wp\/v2\/product\/45343"}],"collection":[{"href":"https:\/\/havamall.vn\/en\/wp-json\/wp\/v2\/product"}],"about":[{"href":"https:\/\/havamall.vn\/en\/wp-json\/wp\/v2\/types\/product"}],"replies":[{"embeddable":true,"href":"https:\/\/havamall.vn\/en\/wp-json\/wp\/v2\/comments?post=45343"}],"version-history":[{"count":2,"href":"https:\/\/havamall.vn\/en\/wp-json\/wp\/v2\/product\/45343\/revisions"}],"predecessor-version":[{"id":45349,"href":"https:\/\/havamall.vn\/en\/wp-json\/wp\/v2\/product\/45343\/revisions\/45349"}],"wp:featuredmedia":[{"embeddable":true,"href":"https:\/\/havamall.vn\/en\/wp-json\/wp\/v2\/media\/45344"}],"wp:attachment":[{"href":"https:\/\/havamall.vn\/en\/wp-json\/wp\/v2\/media?parent=45343"}],"wp:term":[{"taxonomy":"product_brand","embeddable":true,"href":"https:\/\/havamall.vn\/en\/wp-json\/wp\/v2\/product_brand?post=45343"},{"taxonomy":"product_cat","embeddable":true,"href":"https:\/\/havamall.vn\/en\/wp-json\/wp\/v2\/product_cat?post=45343"},{"taxonomy":"product_tag","embeddable":true,"href":"https:\/\/havamall.vn\/en\/wp-json\/wp\/v2\/product_tag?post=45343"}],"curies":[{"name":"wp","href":"https:\/\/api.w.org\/{rel}","templated":true}]}}