{"id":45327,"date":"2026-05-14T10:55:31","date_gmt":"2026-05-14T03:55:31","guid":{"rendered":"https:\/\/havamall.vn\/?post_type=product&#038;p=45327"},"modified":"2026-05-14T10:55:32","modified_gmt":"2026-05-14T03:55:32","slug":"hat-nem-nam-huong-rau-cu-vedan-cooking-400g-vedan-cooking-mushroom-vegetable-flavor-seasoning","status":"publish","type":"product","link":"https:\/\/havamall.vn\/en\/shop\/hat-nem-nam-huong-rau-cu-vedan-cooking-400g-vedan-cooking-mushroom-vegetable-flavor-seasoning\/","title":{"rendered":"H\u1ea1t N\u00eam N\u1ea5m H\u01b0\u01a1ng Rau C\u1ee7 Vedan Cooking 400g \u2013 Vedan Cooking Mushroom &amp; Vegetable Flavor Seasoning"},"content":{"rendered":"<p><strong>TH\u00d4NG TIN S\u1ea2N PH\u1ea8M<\/strong><\/p>\n<table data-path-to-node=\"3\">\n<tbody>\n<tr>\n<td><span data-path-to-node=\"3,1,0,0\"><b data-path-to-node=\"3,1,0,0\" data-index-in-node=\"0\">Th\u01b0\u01a1ng hi\u1ec7u<\/b><\/span><\/td>\n<td><span data-path-to-node=\"3,1,1,0\">Vedan<\/span><\/td>\n<\/tr>\n<tr>\n<td><span data-path-to-node=\"3,2,0,0\"><b data-path-to-node=\"3,2,0,0\" data-index-in-node=\"0\">Xu\u1ea5t x\u1ee9<\/b><\/span><\/td>\n<td><span data-path-to-node=\"3,2,1,0\">Vi\u1ec7t Nam<\/span><\/td>\n<\/tr>\n<tr>\n<td><span data-path-to-node=\"3,3,0,0\"><b data-path-to-node=\"3,3,0,0\" data-index-in-node=\"0\">Th\u00e0nh ph\u1ea7n<\/b><\/span><\/td>\n<td>Mu\u1ed1i, \u0111\u01b0\u1eddng, tinh b\u1ed9t s\u1eafn, b\u1ed9t n\u1ea5m h\u01b0\u01a1ng, chi\u1ebft xu\u1ea5t rau c\u1ee7 t\u1ef1 nhi\u00ean (c\u00e0 r\u1ed1t, s\u00fap l\u01a1, c\u1ee7 c\u1ea3i tr\u1eafng), ch\u1ea5t \u0111i\u1ec1u v\u1ecb, h\u01b0\u01a1ng n\u1ea5m h\u01b0\u01a1ng t\u1ed5ng h\u1ee3p<\/td>\n<\/tr>\n<tr>\n<td><span data-path-to-node=\"3,4,0,0\"><b data-path-to-node=\"3,4,0,0\" data-index-in-node=\"0\">H\u1ea1n s\u1eed d\u1ee5ng<\/b><\/span><\/td>\n<td><span data-path-to-node=\"3,4,1,0\">12 th\u00e1ng k\u1ec3 t\u1eeb ng\u00e0y s\u1ea3n xu\u1ea5t<\/span><\/td>\n<\/tr>\n<tr>\n<td><span data-path-to-node=\"3,5,0,0\"><b data-path-to-node=\"3,5,0,0\" data-index-in-node=\"0\">B\u1ea3o qu\u1ea3n<\/b><\/span><\/td>\n<td><span data-path-to-node=\"3,5,1,0\">N\u01a1i kh\u00f4 r\u00e1o, tho\u00e1ng m\u00e1t, tr\u00e1nh \u00e1nh n\u1eafng tr\u1ef1c ti\u1ebfp. \u0110\u1eady k\u00edn mi\u1ec7ng t\u00fai sau khi s\u1eed d\u1ee5ng ho\u1eb7c cho v\u00e0o h\u0169 k\u00edn<\/span><\/td>\n<\/tr>\n<tr>\n<td><span data-path-to-node=\"3,6,0,0\"><b data-path-to-node=\"3,6,0,0\" data-index-in-node=\"0\">Kh\u1ed1i l\u01b0\u1ee3ng<\/b><\/span><\/td>\n<td><span data-path-to-node=\"3,6,1,0\">400g<\/span><\/td>\n<\/tr>\n<\/tbody>\n<\/table>\n<p><strong>Vedan<\/strong>\u00a0\u2013 th\u01b0\u01a1ng hi\u1ec7u v\u1edbi b\u1ec1 d\u00e0y l\u1ecbch s\u1eed trong vi\u1ec7c ki\u1ebfn t\u1ea1o gia v\u1ecb t\u1ea1i Vi\u1ec7t Nam \u2013 \u0111\u00e3 ph\u00e1t tri\u1ec3n d\u00f2ng h\u1ea1t n\u00eam Vedan Cooking n\u1ea5m h\u01b0\u01a1ng rau c\u1ee7 l\u00e0 th\u00e0nh qu\u1ea3 c\u1ee7a h\u00e0nh tr\u00ecnh ch\u1eaft l\u1ecdc nh\u1eefng tinh t\u00fay t\u1eeb n\u00f4ng s\u1ea3n t\u1ef1 nhi\u00ean, mang kh\u00e1t v\u1ecdng bi\u1ebfn m\u1ed7i m\u00f3n \u0103n gi\u1ea3n \u0111\u01a1n tr\u1edf th\u00e0nh m\u1ed9t tr\u1ea3i nghi\u1ec7m v\u1ecb gi\u00e1c \u0111\u1ea7y chi\u1ec1u s\u00e2u, n\u01a1i v\u1ecb ng\u1ecdt kh\u00f4ng \u0111\u1ebfn t\u1eeb s\u1ef1 c\u1ea7u k\u1ef3 m\u00e0 \u0111\u1ebfn t\u1eeb s\u1ef1 nguy\u00ean b\u1ea3n.<\/p>\n<p data-path-to-node=\"6\">\u0110i\u1ec3m c\u1ed1t l\u00f5i t\u1ea1o n\u00ean s\u1ef1 h\u1ea5p d\u1eabn c\u1ee7a d\u00f2ng h\u1ea1t n\u00eam n\u00e0y ch\u00ednh l\u00e0 s\u1ef1 k\u1ebft h\u1ee3p nh\u1ecbp nh\u00e0ng gi\u1eefa h\u01b0\u01a1ng th\u01a1m n\u1ed3ng n\u00e0n c\u1ee7a n\u1ea5m h\u01b0\u01a1ng v\u00e0 v\u1ecb ng\u1ecdt d\u1ecbu c\u1ee7a c\u00e1c lo\u1ea1i rau c\u1ee7 nh\u01b0 c\u00e0 r\u1ed1t, s\u00fap l\u01a1 v\u00e0 c\u1ee7 c\u1ea3i. N\u1ea5m h\u01b0\u01a1ng khi \u0111\u01b0\u1ee3c k\u1ebft h\u1ee3p c\u00f9ng chi\u1ebft xu\u1ea5t rau c\u1ee7 t\u01b0\u01a1i, h\u1ea1t n\u00eam t\u1ea1o n\u00ean m\u1ed9t t\u1ea7ng v\u1ecb ng\u1ecdt thanh, nh\u1eb9 nh\u00e0ng nh\u01b0ng v\u1eabn \u0111\u1ee7 s\u1ee9c kh\u01a1i d\u1eady h\u01b0\u01a1ng th\u01a1m t\u1ef1 nhi\u00ean c\u1ee7a c\u00e1c nguy\u00ean li\u1ec7u n\u1ea5u k\u00e8m. Quy tr\u00ecnh s\u1ea3n xu\u1ea5t kh\u00e9p k\u00edn \u0111\u1ea3m b\u1ea3o l\u01b0u gi\u1eef t\u1ed1i \u0111a c\u00e1c vi ch\u1ea5t c\u00f3 trong n\u1ea5m v\u00e0 rau c\u1ee7, gi\u00fap m\u00f3n \u0103n kh\u00f4ng ch\u1ec9 ngon mi\u1ec7ng m\u00e0 c\u00f2n gi\u00e0u d\u01b0\u1ee1ng ch\u1ea5t thi\u1ebft y\u1ebfu cho s\u1ee9c kh\u1ecfe.<\/p>\n<p data-path-to-node=\"6\"><img decoding=\"async\" src=\"https:\/\/havamall.vn\/wp-content\/uploads\/2026\/05\/hat-nem-nam-huong-rau-cu-vedan-cooking-400g-vedan-cooking-mushroom-vegetable-flavor-seasoning.webp\" alt=\"H\u1ea1t N\u00eam N\u1ea5m H\u01b0\u01a1ng Rau C\u1ee7 Vedan Cooking 400g \u2013 Vedan Cooking Mushroom &amp;amp; Vegetable Flavor Seasoning\"><\/p>\n<p data-path-to-node=\"7\"><strong>\u0110\u1eb6C \u0110I\u1ec2M N\u1ed4I B\u1eacT V\u00c0 \u1ee8NG D\u1ee4NG \u0110A N\u0102NG TRONG \u1ea8M TH\u1ef0C<\/strong><\/p>\n<p data-path-to-node=\"7\">\u2013 Nh\u1eefng h\u1ea1t n\u00eam c\u00f3 k\u00edch th\u01b0\u1edbc \u0111\u1ed3ng nh\u1ea5t, t\u01a1i x\u1ed1p v\u00e0 s\u1edf h\u1eefu m\u00e0u s\u1eafc t\u1ef1 nhi\u00ean c\u1ee7a rau c\u1ee7 s\u1ea5y kh\u00f4. Kh\u1ea3 n\u0103ng h\u00f2a tan nhanh trong c\u1ea3 n\u01b0\u1edbc n\u00f3ng l\u1eabn n\u01b0\u1edbc l\u1ea1nh gi\u00fap gia v\u1ecb th\u1ea9m th\u1ea5u nhanh ch\u00f3ng v\u00e0o th\u1ef1c ph\u1ea9m, gi\u00fap m\u00f3n \u0103n \u0111\u1eadm \u0111\u00e0 t\u1eeb b\u00ean trong m\u00e0 kh\u00f4ng l\u00e0m m\u1ea5t \u0111i \u0111\u1ed9 t\u01b0\u01a1i gi\u00f2n c\u1ee7a rau c\u1ee7.<\/p>\n<p data-path-to-node=\"7\">\u2013 V\u1edbi c\u00f4ng th\u1ee9c thu\u1ea7n th\u1ef1c v\u1eadt, \u0111\u00e2y l\u00e0 gi\u1ea3i ph\u00e1p t\u1ed1i \u01b0u cho c\u00e1c b\u1eefa \u0103n chay thanh t\u1ecbnh, gi\u00fap m\u00f3n \u0103n th\u00eam ph\u1ea7n \u0111\u1eb7c s\u1eafc m\u00e0 v\u1eabn gi\u1eef \u0111\u00fang t\u00f4n ch\u1ec9 an l\u00e0nh. \u0110\u1ed3ng th\u1eddi, \u0111\u1ed1i v\u1edbi c\u00e1c m\u00f3n m\u1eb7n, h\u1ea1t n\u00eam n\u1ea5m h\u01b0\u01a1ng \u0111\u00f3ng vai tr\u00f2 l\u00e0 ch\u1ea5t x\u00fac t\u00e1c tinh t\u1ebf, gi\u00fap c\u00e2n b\u1eb1ng h\u01b0\u01a1ng v\u1ecb v\u00e0 gi\u1ea3m b\u1edbt s\u1ef1 b\u00e9o ng\u1eady c\u1ee7a th\u1ecbt c\u00e1.<\/p>\n<p data-path-to-node=\"7\">\u2013 H\u01b0\u01a1ng th\u01a1m \u0111\u1eb7c tr\u01b0ng: Khi n\u00eam n\u1ebfm, h\u01b0\u01a1ng n\u1ea5m h\u01b0\u01a1ng lan t\u1ecfa d\u1ecbu nh\u1eb9, t\u1ea1o n\u00ean m\u1ed9t kh\u00f4ng gian b\u1ebfp \u1ea5m c\u00fang v\u00e0 k\u00edch th\u00edch v\u1ecb gi\u00e1c c\u1ee7a m\u1ecdi th\u00e0nh vi\u00ean trong gia \u0111\u00ecnh ngay t\u1eeb nh\u1eefng gi\u00e2y ph\u00fat \u0111\u1ea7u ti\u00ean.<\/p>\n<p data-path-to-node=\"7\"><img decoding=\"async\" src=\"https:\/\/havamall.vn\/wp-content\/uploads\/2026\/05\/hat-nem-nam-huong-rau-cu-vedan-cooking-400g-vedan-cooking-mushroom-vegetable-flavor-seasoning-1.webp\" alt=\"H\u1ea1t N\u00eam N\u1ea5m H\u01b0\u01a1ng Rau C\u1ee7 Vedan Cooking 400g \u2013 Vedan Cooking Mushroom &amp;amp; Vegetable Flavor Seasoning\"><\/p>\n<p data-path-to-node=\"8\"><strong>C\u00c1CH CH\u1ebe BI\u1ebeN V\u00c0 C\u00c1C M\u00d3N \u0102N G\u1ee2I \u00dd \u0110\u1eb6C S\u1eaeC<\/strong><\/p>\n<p data-path-to-node=\"8\">\u2013 C\u00e1c m\u00f3n canh v\u00e0 s\u00fap: Ch\u1ec9 c\u1ea7n n\u00eam m\u1ed9t mu\u1ed7ng h\u1ea1t n\u00eam v\u00e0o n\u1ed3i canh rau c\u1ee7 th\u1eadp c\u1ea9m ho\u1eb7c s\u00fap n\u1ea5m, n\u01b0\u1edbc d\u00f9ng s\u1ebd tr\u1edf n\u00ean trong v\u1eaft, mang v\u1ecb ng\u1ecdt thanh tao \u0111\u1eb7c tr\u01b0ng.<\/p>\n<p data-path-to-node=\"8\">\u2013 M\u00f3n x\u00e0o v\u00e0 kho: D\u00f9ng h\u1ea1t n\u00eam \u0111\u1ec3 t\u1ea9m \u01b0\u1edbp \u0111\u1eadu ph\u1ee5, n\u1ea5m t\u01b0\u01a1i ho\u1eb7c c\u00e1c lo\u1ea1i rau xanh tr\u01b0\u1edbc khi ch\u1ebf bi\u1ebfn gi\u00fap m\u00f3n \u0103n c\u00f3 m\u00e0u s\u1eafc b\u00f3ng m\u01b0\u1ee3t v\u00e0 h\u01b0\u01a1ng v\u1ecb \u0111\u1eadm \u0111\u00e0 kh\u00f3 c\u01b0\u1ee1ng.<\/p>\n<p data-path-to-node=\"8\">\u2013 C\u00e1c m\u00f3n l\u1ea9u chay: M\u1ed9t n\u1ed3i l\u1ea9u n\u1ea5m v\u1edbi n\u01b0\u1edbc d\u00f9ng \u0111\u01b0\u1ee3c n\u00eam t\u1eeb Vedan Cooking n\u1ea5m h\u01b0\u01a1ng rau c\u1ee7 s\u1ebd mang \u0111\u1ebfn c\u1ea3m gi\u00e1c s\u1ea3ng kho\u00e1i, nh\u1eb9 b\u1ee5ng nh\u01b0ng v\u1eabn \u0111\u1ea7y \u0111\u1ee7 d\u01b0 v\u1ecb cho nh\u1eefng bu\u1ed5i \u0111o\u00e0n vi\u00ean.<\/p>\n<p data-path-to-node=\"8\"><img decoding=\"async\" src=\"https:\/\/havamall.vn\/wp-content\/uploads\/2026\/05\/hat-nem-nam-huong-rau-cu-vedan-cooking-400g-vedan-cooking-mushroom-vegetable-flavor-seasoning-2.webp\" alt=\"H\u1ea1t N\u00eam N\u1ea5m H\u01b0\u01a1ng Rau C\u1ee7 Vedan Cooking 400g \u2013 Vedan Cooking Mushroom &amp;amp; Vegetable Flavor Seasoning\"><\/p>\n<p data-path-to-node=\"9\">L\u1ef1a ch\u1ecdn h\u1ea1t n\u00eam n\u1ea5m h\u01b0\u01a1ng rau c\u1ee7 l\u00e0 c\u00e1ch \u0111\u01a1n gi\u1ea3n nh\u1ea5t \u0111\u1ec3 mang c\u1ea3 c\u00e1nh \u0111\u1ed3ng t\u01b0\u01a1i m\u00e1t v\u00e0o gian b\u1ebfp nh\u1ecf. V\u1ecb ng\u1ecdt l\u00e0nh t\u1eeb thi\u00ean nhi\u00ean kh\u00f4ng ch\u1ec9 nu\u00f4i d\u01b0\u1ee1ng th\u1ec3 ch\u1ea5t m\u00e0 c\u00f2n mang l\u1ea1i s\u1ef1 b\u00ecnh y\u00ean trong t\u00e2m h\u1ed3n qua m\u1ed7i b\u1eefa \u0103n ngon. H\u1ea1t N\u00eam N\u1ea5m H\u01b0\u01a1ng Rau C\u1ee7 Vedan Cooking hi\u1ec7n \u0111ang \u0111\u01b0\u1ee3c b\u00e1n t\u1ea1i Havamall, cam k\u1ebft mang \u0111\u1ebfn nh\u1eefng s\u1ea3n ph\u1ea9m ch\u1ea5t l\u01b0\u1ee3ng nh\u1ea5t, g\u00f3p ph\u1ea7n c\u00f9ng ng\u01b0\u1eddi n\u1ed9i tr\u1ee3 Vi\u1ec7t t\u1ea1o n\u00ean nh\u1eefng b\u1eefa c\u01a1m gia \u0111\u00ecnh tr\u00f2n v\u1ecb v\u00e0 tr\u00e0n \u0111\u1ea7y s\u1ee9c kh\u1ecfe.<\/p>","protected":false},"excerpt":{"rendered":"<p>TH\u00d4NG TIN S\u1ea2N PH\u1ea8M Th\u01b0\u01a1ng hi\u1ec7u Vedan Xu\u1ea5t x\u1ee9 Vi\u1ec7t Nam Th\u00e0nh ph\u1ea7n Mu\u1ed1i, \u0111\u01b0\u1eddng, tinh b\u1ed9t s\u1eafn, b\u1ed9t n\u1ea5m<\/p>","protected":false},"featured_media":45328,"comment_status":"open","ping_status":"closed","template":"","meta":[],"product_brand":[],"product_cat":[677,595,154],"product_tag":[],"class_list":{"0":"post-45327","1":"product","2":"type-product","3":"status-publish","4":"has-post-thumbnail","6":"product_cat-cac-nuoc-khac","7":"product_cat-gia-vi-va-che-bien","8":"product_cat-gia-vi","10":"first","11":"instock","12":"sale","13":"shipping-taxable","14":"purchasable","15":"product-type-simple"},"_links":{"self":[{"href":"https:\/\/havamall.vn\/en\/wp-json\/wp\/v2\/product\/45327"}],"collection":[{"href":"https:\/\/havamall.vn\/en\/wp-json\/wp\/v2\/product"}],"about":[{"href":"https:\/\/havamall.vn\/en\/wp-json\/wp\/v2\/types\/product"}],"replies":[{"embeddable":true,"href":"https:\/\/havamall.vn\/en\/wp-json\/wp\/v2\/comments?post=45327"}],"version-history":[{"count":1,"href":"https:\/\/havamall.vn\/en\/wp-json\/wp\/v2\/product\/45327\/revisions"}],"predecessor-version":[{"id":45333,"href":"https:\/\/havamall.vn\/en\/wp-json\/wp\/v2\/product\/45327\/revisions\/45333"}],"wp:featuredmedia":[{"embeddable":true,"href":"https:\/\/havamall.vn\/en\/wp-json\/wp\/v2\/media\/45328"}],"wp:attachment":[{"href":"https:\/\/havamall.vn\/en\/wp-json\/wp\/v2\/media?parent=45327"}],"wp:term":[{"taxonomy":"product_brand","embeddable":true,"href":"https:\/\/havamall.vn\/en\/wp-json\/wp\/v2\/product_brand?post=45327"},{"taxonomy":"product_cat","embeddable":true,"href":"https:\/\/havamall.vn\/en\/wp-json\/wp\/v2\/product_cat?post=45327"},{"taxonomy":"product_tag","embeddable":true,"href":"https:\/\/havamall.vn\/en\/wp-json\/wp\/v2\/product_tag?post=45327"}],"curies":[{"name":"wp","href":"https:\/\/api.w.org\/{rel}","templated":true}]}}