{"id":45319,"date":"2026-05-13T09:39:57","date_gmt":"2026-05-13T02:39:57","guid":{"rendered":"https:\/\/havamall.vn\/?post_type=product&#038;p=45319"},"modified":"2026-05-13T09:39:58","modified_gmt":"2026-05-13T02:39:58","slug":"hat-nem-tom-thit-vedan-mommy-400g-vedan-mommy-shrimp-meat-seasoning","status":"publish","type":"product","link":"https:\/\/havamall.vn\/en\/shop\/hat-nem-tom-thit-vedan-mommy-400g-vedan-mommy-shrimp-meat-seasoning\/","title":{"rendered":"H\u1ea1t N\u00eam T\u00f4m Th\u1ecbt Vedan Mommy 400g \u2013 Vedan Mommy Shrimp &amp; Meat Seasoning"},"content":{"rendered":"<p><strong><span style=\"font-size: 20px\">TH\u00d4NG TIN S\u1ea2N PH\u1ea8M<\/span><\/strong><\/p>\n<table data-path-to-node=\"3\">\n<tbody>\n<tr>\n<td><span data-path-to-node=\"3,1,0,0\"><b data-path-to-node=\"3,1,0,0\" data-index-in-node=\"0\">Th\u01b0\u01a1ng hi\u1ec7u<\/b><\/span><\/td>\n<td><span data-path-to-node=\"3,1,1,0\">Vedan<\/span><\/td>\n<\/tr>\n<tr>\n<td><span data-path-to-node=\"3,2,0,0\"><b data-path-to-node=\"3,2,0,0\" data-index-in-node=\"0\">Xu\u1ea5t x\u1ee9<\/b><\/span><\/td>\n<td><span data-path-to-node=\"3,2,1,0\">Vi\u1ec7t Nam<\/span><\/td>\n<\/tr>\n<tr>\n<td><span data-path-to-node=\"3,3,0,0\"><b data-path-to-node=\"3,3,0,0\" data-index-in-node=\"0\">Th\u00e0nh ph\u1ea7n<\/b><\/span><\/td>\n<td><span data-path-to-node=\"3,3,1,0\">Mu\u1ed1i, \u0111\u01b0\u1eddng, ch\u1ea5t \u0111i\u1ec1u v\u1ecb, b\u1ed9t t\u00f4m, b\u1ed9t th\u1ecbt (chi\u1ebft xu\u1ea5t t\u1eeb x\u01b0\u01a1ng \u1ed1ng v\u00e0 th\u1ecbt th\u0103n), h\u01b0\u01a1ng li\u1ec7u th\u1ef1c ph\u1ea9m t\u1ed5ng h\u1ee3p, tinh b\u1ed9t s\u1eafn, b\u1ed9t ti\u00eau, b\u1ed9t t\u1ecfi<\/span><\/td>\n<\/tr>\n<tr>\n<td><span data-path-to-node=\"3,4,0,0\"><b data-path-to-node=\"3,4,0,0\" data-index-in-node=\"0\">H\u1ea1n s\u1eed d\u1ee5ng<\/b><\/span><\/td>\n<td><span data-path-to-node=\"3,4,1,0\">12 th\u00e1ng k\u1ec3 t\u1eeb ng\u00e0y s\u1ea3n xu\u1ea5t<\/span><\/td>\n<\/tr>\n<tr>\n<td><span data-path-to-node=\"3,5,0,0\"><b data-path-to-node=\"3,5,0,0\" data-index-in-node=\"0\">B\u1ea3o qu\u1ea3n<\/b><\/span><\/td>\n<td><span data-path-to-node=\"3,5,1,0\">N\u01a1i kh\u00f4 r\u00e1o, tho\u00e1ng m\u00e1t, tr\u00e1nh \u00e1nh n\u1eafng tr\u1ef1c ti\u1ebfp. \u0110\u1eady k\u00edn mi\u1ec7ng t\u00fai sau khi s\u1eed d\u1ee5ng ho\u1eb7c cho v\u00e0o h\u0169 k\u00edn<\/span><\/td>\n<\/tr>\n<tr>\n<td><span data-path-to-node=\"3,6,0,0\"><b data-path-to-node=\"3,6,0,0\" data-index-in-node=\"0\">Kh\u1ed1i l\u01b0\u1ee3ng<\/b><\/span><\/td>\n<td><span data-path-to-node=\"3,6,1,0\">400g<\/span><\/td>\n<\/tr>\n<\/tbody>\n<\/table>\n<p>Th\u01b0\u01a1ng hi\u1ec7u Vedan \u2013 v\u1edbi h\u00e0nh tr\u00ecnh h\u01a1n 30 n\u0103m \u0111\u1ed3ng h\u00e0nh c\u00f9ng \u1ea9m th\u1ef1c Vi\u1ec7t \u2013 \u0111\u00e3 cho ra \u0111\u1eddi d\u00f2ng s\u1ea3n ph\u1ea9m Vedan Mommy, l\u00e0 m\u1ed9t lo\u1ea1i gia v\u1ecb, k\u1ebft qu\u1ea3 c\u1ee7a qu\u00e1 tr\u00ecnh nghi\u00ean c\u1ee9u s\u00e2u s\u1eafc v\u1ec1 kh\u1ea9u v\u1ecb v\u00f9ng mi\u1ec1n, \u0111\u1ec1u c\u00f3 th\u1ec3 n\u00eam n\u1ebfm n\u00ean nh\u1eefng m\u00f3n \u0103n ngon \u0111\u00fang \u0111i\u1ec7u m\u1ed9t c\u00e1ch d\u1ec5 d\u00e0ng v\u00e0 nhanh ch\u00f3ng nh\u1ea5t.<\/p>\n<p><img decoding=\"async\" src=\"https:\/\/havamall.vn\/wp-content\/uploads\/2026\/05\/hat-nem-tom-thit-vedan-mommy-400g-vedan-mommy-shrimp-meat-seasoning.webp\" alt=\"H\u1ea1t N\u00eam T\u00f4m Th\u1ecbt Vedan Mommy 400g \u2013 Vedan Mommy Shrimp &amp;amp; Meat Seasoning\"><\/p>\n<p>Thay v\u00ec ch\u1ec9 s\u1eed d\u1ee5ng m\u1ed9t lo\u1ea1i h\u01b0\u01a1ng v\u1ecb \u0111\u01a1n nh\u1ea5t, Vedan Mommy \u0111\u00e3 kh\u00e9o l\u00e9o l\u1ed3ng gh\u00e9p hai ngu\u1ed3n protein qu\u00fd gi\u00e1, t\u1ea1o n\u00ean m\u1ed9t t\u1ea7ng h\u01b0\u01a1ng v\u1ecb \u0111a di\u1ec7n: v\u1eeba c\u00f3 \u0111\u1ed9 s\u00e2u c\u1ee7a th\u1ecbt, v\u1eeba c\u00f3 s\u1ef1 t\u01b0\u01a1i m\u00e1t c\u1ee7a h\u1ea3i s\u1ea3n. Quy tr\u00ecnh s\u1ea3n xu\u1ea5t \u0111\u01b0\u1ee3c ki\u1ec3m so\u00e1t nghi\u00eam ng\u1eb7t t\u1eeb kh\u00e2u l\u1ef1a ch\u1ecdn nguy\u00ean li\u1ec7u \u0111\u1ea7u v\u00e0o cho \u0111\u1ebfn c\u00f4ng ngh\u1ec7 s\u1ea5y phun hi\u1ec7n \u0111\u1ea1i, gi\u00fap gi\u1eef tr\u1ecdn v\u1eb9n h\u00e0m l\u01b0\u1ee3ng dinh d\u01b0\u1ee1ng v\u00e0 m\u00e0u s\u1eafc t\u1ef1 nhi\u00ean c\u1ee7a t\u00f4m th\u1ecbt.<\/p>\n<p><strong><img decoding=\"async\" src=\"https:\/\/havamall.vn\/wp-content\/uploads\/2026\/05\/hat-nem-tom-thit-vedan-mommy-400g-vedan-mommy-shrimp-meat-seasoning-1.webp\" alt=\"H\u1ea1t N\u00eam T\u00f4m Th\u1ecbt Vedan Mommy 400g \u2013 Vedan Mommy Shrimp &amp;amp; Meat Seasoning\"><\/strong><\/p>\n<p><span style=\"font-size: 16px\"><strong>\u0110\u1eb6C \u0110I\u1ec2M N\u1ed4I B\u1eacT V\u00c0 C\u00d4NG D\u1ee4NG TRONG GIAN B\u1ebeP HI\u1ec6N \u0110\u1ea0I<\/strong><\/span><\/p>\n<p data-path-to-node=\"7\">\u2013 H\u1ea1t n\u00eam c\u00f3 k\u00edch th\u01b0\u1edbc \u0111\u1ed3ng \u0111\u1ec1u, m\u00e0u v\u00e0ng nh\u1ea1t \u0111\u1eb7c tr\u01b0ng v\u00e0 \u0111\u1ed9 t\u01a1i x\u1ed1p ho\u00e0n h\u1ea3o. Khi ti\u1ebfp x\u00fac v\u1edbi n\u01b0\u1edbc n\u00f3ng, h\u1ea1t n\u00eam tan nhanh ch\u00f3ng, kh\u00f4ng g\u00e2y hi\u1ec7n t\u01b0\u1ee3ng \u0111\u00f3ng c\u1eb7n hay l\u00e0m \u0111\u1ee5c n\u01b0\u1edbc d\u00f9ng, gi\u00fap m\u00f3n \u0103n lu\u00f4n gi\u1eef \u0111\u01b0\u1ee3c v\u1ebb th\u1ea9m m\u1ef9 cao nh\u1ea5t.<\/p>\n<p data-path-to-node=\"7\">\u2013 V\u1edbi s\u1ef1 k\u1ebft h\u1ee3p t\u00f4m th\u1ecbt, s\u1ea3n ph\u1ea9m n\u00e0y tr\u1edf th\u00e0nh &#8220;tr\u1ee3 th\u1ee7&#8221; \u0111\u1eafc l\u1ef1c cho \u0111a d\u1ea1ng c\u00e1c ph\u01b0\u01a1ng th\u1ee9c ch\u1ebf bi\u1ebfn. \u0110\u1ed1i v\u1edbi c\u00e1c m\u00f3n canh, h\u1ea1t n\u00eam mang l\u1ea1i v\u1ecb ng\u1ecdt thanh tho\u00e1t; v\u1edbi m\u00f3n kho ho\u1eb7c x\u00e0o, n\u00f3 gi\u00fap nguy\u00ean li\u1ec7u th\u1ea5m gia v\u1ecb s\u00e2u h\u01a1n, t\u1ea1o \u0111\u1ed9 b\u00f3ng m\u01b0\u1ee3t v\u00e0 m\u00f9i th\u01a1m quy\u1ebfn r\u0169.<\/p>\n<p data-path-to-node=\"7\">\u2013 Trong nh\u1ecbp s\u1ed1ng h\u1ed1i h\u1ea3, vi\u1ec7c ninh x\u01b0\u01a1ng hay ch\u1ebf bi\u1ebfn t\u00f4m t\u01b0\u01a1i m\u1ea5t kh\u00e1 nhi\u1ec1u th\u1eddi gian. Ch\u1ec9 v\u1edbi m\u1ed9t l\u01b0\u1ee3ng h\u1ea1t n\u00eam v\u1eeba \u0111\u1ee7, ng\u01b0\u1eddi n\u1ed9i tr\u1ee3 \u0111\u00e3 c\u00f3 th\u1ec3 t\u00e1i hi\u1ec7n l\u1ea1i h\u01b0\u01a1ng v\u1ecb ng\u1ecdt s\u00fap truy\u1ec1n th\u1ed1ng m\u00e0 kh\u00f4ng c\u1ea7n t\u1ed1n qu\u00e1 nhi\u1ec1u c\u00f4ng s\u1ee9c chu\u1ea9n b\u1ecb.<\/p>\n<p data-path-to-node=\"7\"><img decoding=\"async\" src=\"https:\/\/havamall.vn\/wp-content\/uploads\/2026\/05\/hat-nem-tom-thit-vedan-mommy-400g-vedan-mommy-shrimp-meat-seasoning-2.webp\" alt=\"H\u1ea1t N\u00eam T\u00f4m Th\u1ecbt Vedan Mommy 400g \u2013 Vedan Mommy Shrimp &amp;amp; Meat Seasoning\"><\/p>\n<p data-path-to-node=\"8\"><strong>H\u01af\u1edaNG D\u1eaaN \u1ee8NG D\u1ee4NG V\u00c0 C\u00c1C M\u00d3N \u0102N G\u1ee2I \u00dd<\/strong><\/p>\n<p data-path-to-node=\"8\">\u2013 M\u00f3n canh: Cho kho\u1ea3ng 3 mu\u1ed7ng c\u00e0 ph\u00ea h\u1ea1t n\u00eam v\u00e0o 1 l\u00edt n\u01b0\u1edbc d\u00f9ng. \u0110\u1eb7c bi\u1ec7t ph\u00f9 h\u1ee3p cho c\u00e1c m\u00f3n canh rau c\u1ee7, canh b\u1ea7u n\u1ea5u t\u00f4m hay canh kh\u1ed5 qua th\u1ecbt b\u1eb1m.<\/p>\n<p data-path-to-node=\"8\">\u2013 M\u00f3n x\u00e0o: D\u00f9ng 1 mu\u1ed7ng c\u00e0 ph\u00ea h\u1ea1t n\u00eam cho kho\u1ea3ng 500g rau c\u1ee7 ho\u1eb7c th\u1ecbt. V\u1ecb t\u00f4m trong h\u1ea1t n\u00eam s\u1ebd l\u00e0m n\u1ed5i b\u1eadt \u0111\u1ed9 t\u01b0\u01a1i c\u1ee7a rau xanh v\u00e0 t\u0103ng th\u00eam ph\u1ea7n \u0111\u1eadm \u0111\u00e0 cho c\u00e1c lo\u1ea1i th\u1ecbt.<\/p>\n<p data-path-to-node=\"8\">\u2013 M\u00f3n \u01b0\u1edbp: S\u1eed d\u1ee5ng h\u1ea1t n\u00eam \u0111\u1ec3 \u01b0\u1edbp th\u1ef1c ph\u1ea9m tr\u01b0\u1edbc khi ch\u1ebf bi\u1ebfn kho\u1ea3ng 15\u201320 ph\u00fat gi\u00fap gia v\u1ecb th\u1ea5m s\u00e2u v\u00e0o t\u1eebng th\u1edb th\u1ecbt, cho m\u00f3n kho ho\u1eb7c chi\u00ean c\u00f3 h\u01b0\u01a1ng v\u1ecb th\u01a1m ngon kh\u00f3 c\u01b0\u1ee1ng.<\/p>\n<p data-path-to-node=\"9\">L\u1ef1a ch\u1ecdn gia v\u1ecb an to\u00e0n v\u00e0 ch\u1ea5t l\u01b0\u1ee3ng ch\u00ednh l\u00e0 c\u00e1ch th\u1ec3 hi\u1ec7n t\u00ecnh y\u00eau th\u01b0\u01a1ng ch\u00e2n th\u00e0nh nh\u1ea5t \u0111\u1ed1i v\u1edbi c\u00e1c th\u00e0nh vi\u00ean trong gia \u0111\u00ecnh. M\u1ed9t b\u00e1t canh n\u00f3ng h\u1ed5i hay m\u1ed9t \u0111\u0129a x\u00e0o \u0111\u1eadm v\u1ecb kh\u00f4ng ch\u1ec9 nu\u00f4i d\u01b0\u1ee1ng th\u1ec3 ch\u1ea5t m\u00e0 c\u00f2n vun \u0111\u1eafp h\u1ea1nh ph\u00fac t\u1eeb nh\u1eefng \u0111i\u1ec1u gi\u1ea3n \u0111\u01a1n nh\u1ea5t. H\u1ea1t N\u00eam T\u00f4m Th\u1ecbt Vedan Mommy hi\u1ec7n \u0111ang \u0111\u01b0\u1ee3c b\u00e1n t\u1ea1i Havamall, cam k\u1ebft h\u00e0ng ch\u00ednh h\u00e3ng, mang \u0111\u1ebfn gi\u1ea3i ph\u00e1p \u1ea9m th\u1ef1c ti\u1ec7n l\u1ee3i v\u00e0 an to\u00e0n, \u0111\u1ed3ng h\u00e0nh c\u00f9ng m\u1ed7i gian b\u1ebfp Vi\u1ec7t trong vi\u1ec7c ki\u1ebfn t\u1ea1o nh\u1eefng b\u1eefa c\u01a1m \u1ea5m c\u00fang.<\/p>","protected":false},"excerpt":{"rendered":"<p>TH\u00d4NG TIN S\u1ea2N PH\u1ea8M Th\u01b0\u01a1ng hi\u1ec7u Vedan Xu\u1ea5t x\u1ee9 Vi\u1ec7t Nam Th\u00e0nh ph\u1ea7n Mu\u1ed1i, \u0111\u01b0\u1eddng, ch\u1ea5t \u0111i\u1ec1u v\u1ecb, b\u1ed9t t\u00f4m,<\/p>","protected":false},"featured_media":45320,"comment_status":"open","ping_status":"closed","template":"","meta":[],"product_brand":[],"product_cat":[677,595,154],"product_tag":[],"class_list":{"0":"post-45319","1":"product","2":"type-product","3":"status-publish","4":"has-post-thumbnail","6":"product_cat-cac-nuoc-khac","7":"product_cat-gia-vi-va-che-bien","8":"product_cat-gia-vi","10":"first","11":"instock","12":"shipping-taxable","13":"product-type-simple"},"_links":{"self":[{"href":"https:\/\/havamall.vn\/en\/wp-json\/wp\/v2\/product\/45319"}],"collection":[{"href":"https:\/\/havamall.vn\/en\/wp-json\/wp\/v2\/product"}],"about":[{"href":"https:\/\/havamall.vn\/en\/wp-json\/wp\/v2\/types\/product"}],"replies":[{"embeddable":true,"href":"https:\/\/havamall.vn\/en\/wp-json\/wp\/v2\/comments?post=45319"}],"version-history":[{"count":2,"href":"https:\/\/havamall.vn\/en\/wp-json\/wp\/v2\/product\/45319\/revisions"}],"predecessor-version":[{"id":45326,"href":"https:\/\/havamall.vn\/en\/wp-json\/wp\/v2\/product\/45319\/revisions\/45326"}],"wp:featuredmedia":[{"embeddable":true,"href":"https:\/\/havamall.vn\/en\/wp-json\/wp\/v2\/media\/45320"}],"wp:attachment":[{"href":"https:\/\/havamall.vn\/en\/wp-json\/wp\/v2\/media?parent=45319"}],"wp:term":[{"taxonomy":"product_brand","embeddable":true,"href":"https:\/\/havamall.vn\/en\/wp-json\/wp\/v2\/product_brand?post=45319"},{"taxonomy":"product_cat","embeddable":true,"href":"https:\/\/havamall.vn\/en\/wp-json\/wp\/v2\/product_cat?post=45319"},{"taxonomy":"product_tag","embeddable":true,"href":"https:\/\/havamall.vn\/en\/wp-json\/wp\/v2\/product_tag?post=45319"}],"curies":[{"name":"wp","href":"https:\/\/api.w.org\/{rel}","templated":true}]}}